{"id":10314,"date":"2016-10-16T22:12:01","date_gmt":"2016-10-17T01:12:01","guid":{"rendered":"http:\/\/www.fhycs.unam.edu.ar\/portada\/?page_id=10314"},"modified":"2025-06-26T10:07:17","modified_gmt":"2025-06-26T13:07:17","slug":"departamento-de-tise","status":"publish","type":"page","link":"https:\/\/www.fhycs.unam.edu.ar\/portada\/departamento-de-tise\/","title":{"rendered":"Departamento de TISE \/ LITADIS"},"content":{"rendered":"<table id=\"blanco\" class=\" alignright\" style=\"margin: 10px; height: 524px;\" width=\"300px\">\n<tbody>\n<tr style=\"background-color: #f7931e;\">\n<td style=\"height: 344px; width: 290px;\"><img loading=\"lazy\" class=\"alignnone wp-image-552 size-full\" src=\"http:\/\/www.fhycs.unam.edu.ar\/carreras\/wp-content\/uploads\/2015\/11\/tise.png\" alt=\"tise\" width=\"300\" height=\"350\" \/><\/td>\n<\/tr>\n<tr style=\"height: 60px;\">\n<td style=\"background-color: #f7931e; color: white; height: 60px; width: 290px;\"><span style=\"color: #ffffff;\"><strong><a style=\"color: #ffffff;\" href=\"http:\/\/www.fhycs.unam.edu.ar\/carreras\/tecnico-en-investigacion-socioeconomica\/\" target=\"_blank\" rel=\"noopener noreferrer\">T\u00e9cnico en Investigaci\u00f3n Socioecon\u00f3mica<\/a><\/strong><\/span><\/td>\n<\/tr>\n<tr style=\"height: 72px;\">\n<td style=\"background-color: #f7931e; color: white; text-align: left; height: 72px; width: 290px;\"><strong><span style=\"color: #ffffff;\"><a style=\"color: #ffffff;\" href=\"http:\/\/www.fhycs.unam.edu.ar\/carreras\/licenciatura-en-el-tratamiento-y-analisis-de-datos-para-la-investigacion-socioeconomica-litadis\/\" target=\"_blank\" rel=\"noopener noreferrer\">Licenciatura en el Tratamiento y An\u00e1lisis de Datos para la Investigaci\u00f3n Socioecon\u00f3mica<\/a><\/span><\/strong><\/td>\n<\/tr>\n<\/tbody>\n<\/table>\n<p><!-- inicio contenido --><\/p>\n<table style=\"margin: 10px; text-align: center; width: 61.4371%;\" align=\"left\">\n<tbody>\n<tr>\n<td style=\"width: 100%;\">\n<h3 style=\"text-align: center;\">Consejo Departamental<\/h3>\n<\/td>\n<\/tr>\n<tr>\n<td style=\"width: 100%;\">\n<h3 style=\"text-align: center;\">Director:<\/h3>\n<p><img loading=\"lazy\" class=\"alignnone  wp-image-40212\" src=\"https:\/\/www.fhycs.unam.edu.ar\/portada\/wp-content\/uploads\/2025\/06\/pedro-gauna-quintero-290x300.jpeg\" alt=\"\" width=\"191\" height=\"198\" srcset=\"https:\/\/www.fhycs.unam.edu.ar\/portada\/wp-content\/uploads\/2025\/06\/pedro-gauna-quintero-290x300.jpeg 290w, https:\/\/www.fhycs.unam.edu.ar\/portada\/wp-content\/uploads\/2025\/06\/pedro-gauna-quintero-768x794.jpeg 768w, https:\/\/www.fhycs.unam.edu.ar\/portada\/wp-content\/uploads\/2025\/06\/pedro-gauna-quintero.jpeg 982w\" sizes=\"(max-width: 191px) 100vw, 191px\" \/><\/p>\n<h4 style=\"text-align: center;\"><strong>MEd. Pedro Gauna Quintero<\/strong><\/h4>\n<p><a href=\"mailto:litadis.tise@gmail.com\" target=\"_blank\" rel=\"noopener noreferrer\">litadis.tise@gmail.com<\/a><\/td>\n<\/tr>\n<tr>\n<td style=\"width: 100%;\">\n<h4 style=\"text-align: center;\">Consejeros Docentes:<\/h4>\n<p><strong>1\u00b0 Consejero Titular<\/strong>: Rios Gottschalk, Gabriela<\/p>\n<p><strong>2\u00b0 Consejero Titular<\/strong>: Ruff, Tania Elizabet<\/p>\n<p><strong>3\u00b0 Consejero Titular<\/strong>: Bulloni, Mar\u00eda Carolina<\/p>\n<p><strong>1\u00b0 Consejero Suplente<\/strong>: Wrobel, Claudia Fabiana<\/p>\n<p><strong>2\u00b0 Consejero Suplente<\/strong>: Marc, Gamael<\/p>\n<p><strong>3\u00b0 Consejero Suplente<\/strong>: Kostlin, Laura Andrea<\/td>\n<\/tr>\n<tr>\n<td style=\"width: 100%;\">\n<h4 style=\"text-align: center;\">Consejeros Estudiantiles:<\/h4>\n<p><strong>1\u00b0 Consejero Titular<\/strong>: Aguilar, Rocio Noelia<\/p>\n<p><strong>2\u00b0 Consejero Titular<\/strong>: Cuenca, Pablo Ezequiel<\/p>\n<p><strong>1\u00b0 Consejero Suplente<\/strong>: Cortez, Maria Agustina<\/p>\n<p><strong>2\u00b0 Consejero Suplente<\/strong>: Irala, C\u00e9sar Catalino<\/td>\n<\/tr>\n<tr>\n<td style=\"width: 100%;\">\n<h4 style=\"text-align: center;\">Consejeros Graduados:<\/h4>\n<p><strong>1\u00b0 Consejero Titular<\/strong>: Barrientos, Juan Jos\u00e9<\/p>\n<p><strong>1\u00b0 Consejero Suplente<\/strong>: Parra, Hugo Ariel<\/td>\n<\/tr>\n<tr>\n<td style=\"width: 100%;\">\n<h3 style=\"text-align: center;\"><span style=\"color: #008080;\">Tel\u00e9fono:<\/span><\/h3>\n<h3 style=\"text-align: center;\"><span style=\"color: #008080;\">376-<strong>4434344<\/strong> Int. <strong>12<\/strong><\/span><\/h3>\n<\/td>\n<\/tr>\n<\/tbody>\n<\/table>\n<p>&nbsp;<\/p>\n<p>&nbsp;<\/p>\n<p>&nbsp;<\/p>\n<p>&nbsp;<\/p>\n<p>&nbsp;<\/p>\n<p>&nbsp;<\/p>\n<p>&nbsp;<\/p>\n<p>&nbsp;<\/p>\n<p>&nbsp;<\/p>\n<p>&nbsp;<\/p>\n<p>&nbsp;<\/p>\n<p>&nbsp;<\/p>\n<p>&nbsp;<\/p>\n<p>&nbsp;<\/p>\n<p>&nbsp;<\/p>\n<p>&nbsp;<\/p>\n<p>&nbsp;<\/p>\n<p>&nbsp;<\/p>\n<p>&nbsp;<\/p>\n<p>&nbsp;<\/p>\n<p>&nbsp;<\/p>\n<p>&nbsp;<\/p>\n<p>&nbsp;<\/p>\n<p>&nbsp;<\/p>\n<p>&nbsp;<\/p>\n<p>&nbsp;<\/p>\n<p>&nbsp;<\/p>\n<h4 style=\"text-align: center;\">LII COLOQUIO ARGENTINO DE ESTAD\u00cdSTICA<\/h4>\n<p><!-- fin del contenido --><\/p>\n","protected":false},"excerpt":{"rendered":"<p>T\u00e9cnico en Investigaci\u00f3n Socioecon\u00f3mica Licenciatura en el Tratamiento y An\u00e1lisis de Datos para la Investigaci\u00f3n Socioecon\u00f3mica Consejo Departamental Director: MEd. Pedro Gauna Quintero litadis.tise@gmail.com Consejeros Docentes: 1\u00b0 Consejero Titular: Rios Gottschalk, Gabriela 2\u00b0 Consejero Titular: Ruff, Tania Elizabet 3\u00b0 Consejero Titular: Bulloni, Mar\u00eda Carolina 1\u00b0 Consejero Suplente: Wrobel, Claudia Fabiana 2\u00b0 Consejero Suplente: Marc, Gamael [&hellip;]<\/p>\n","protected":false},"author":10,"featured_media":0,"parent":0,"menu_order":0,"comment_status":"closed","ping_status":"closed","template":"cattise.php","meta":{"extendify_custom_stylesheet":""},"_links":{"self":[{"href":"https:\/\/www.fhycs.unam.edu.ar\/portada\/wp-json\/wp\/v2\/pages\/10314"}],"collection":[{"href":"https:\/\/www.fhycs.unam.edu.ar\/portada\/wp-json\/wp\/v2\/pages"}],"about":[{"href":"https:\/\/www.fhycs.unam.edu.ar\/portada\/wp-json\/wp\/v2\/types\/page"}],"author":[{"embeddable":true,"href":"https:\/\/www.fhycs.unam.edu.ar\/portada\/wp-json\/wp\/v2\/users\/10"}],"replies":[{"embeddable":true,"href":"https:\/\/www.fhycs.unam.edu.ar\/portada\/wp-json\/wp\/v2\/comments?post=10314"}],"version-history":[{"count":31,"href":"https:\/\/www.fhycs.unam.edu.ar\/portada\/wp-json\/wp\/v2\/pages\/10314\/revisions"}],"predecessor-version":[{"id":40213,"href":"https:\/\/www.fhycs.unam.edu.ar\/portada\/wp-json\/wp\/v2\/pages\/10314\/revisions\/40213"}],"wp:attachment":[{"href":"https:\/\/www.fhycs.unam.edu.ar\/portada\/wp-json\/wp\/v2\/media?parent=10314"}],"curies":[{"name":"wp","href":"https:\/\/api.w.org\/{rel}","templated":true}]}}