{"id":10317,"date":"2016-10-16T22:19:10","date_gmt":"2016-10-17T01:19:10","guid":{"rendered":"http:\/\/www.fhycs.unam.edu.ar\/portada\/?page_id=10317"},"modified":"2025-06-18T10:28:24","modified_gmt":"2025-06-18T13:28:24","slug":"departamento-de-trabajo-social","status":"publish","type":"page","link":"https:\/\/www.fhycs.unam.edu.ar\/portada\/departamento-de-trabajo-social\/","title":{"rendered":"Departamento de Trabajo Social"},"content":{"rendered":"<table id=\"blanco\" class=\" alignright\" style=\"margin: 10px;\" width=\"300px\">\n<tbody>\n<tr style=\"background-color: #2a2d92;\">\n<td><img loading=\"lazy\" class=\"alignnone wp-image-591 size-full\" src=\"http:\/\/www.fhycs.unam.edu.ar\/carreras\/wp-content\/uploads\/2015\/11\/trabajo.png\" alt=\"\" width=\"300\" height=\"350\" \/><\/td>\n<\/tr>\n<tr>\n<td style=\"background-color: #2a2d92; color: white;\"><a style=\"color: white; font-weight: bold; font-size: 20px;\" href=\"http:\/\/www.fhycs.unam.edu.ar\/carreras\/tecnicatura-en-promocion-socio-cultural\/\" target=\"_blank\" rel=\"noopener noreferrer\">Tecnicatura en Promoci\u00f3n Socio Cultural<\/a><\/td>\n<\/tr>\n<tr>\n<td style=\"background-color: #2a2d92; color: white;\"><a style=\"color: white; font-weight: bold; font-size: 20px;\" href=\"http:\/\/www.fhycs.unam.edu.ar\/carreras\/licenciatura-en-trabajo-social\/\" target=\"_blank\" rel=\"noopener noreferrer\">Licenciatura en Trabajo Social<\/a><\/td>\n<\/tr>\n<\/tbody>\n<\/table>\n<p style=\"text-align: justify;\">La Licenciatura en Trabajo Social dispone\u00a0de una formaci\u00f3n\u00a0cr\u00edtica\u00a0y \u00e9tica que da\u00a0\u00a0respuestas a las nuevas exigencias sociales.\u00a0\u00a0La formaci\u00f3n proveer\u00e1 conocimientos para que el\/la\u00a0\u00a0Trabajador\/a\u00a0Social\u00a0\u00a0sea capaz de\u00a0\u00a0investigar y buscar alternativas para los m\u00faltiples problemas sociales del contexto donde desarrolle su ejercicio profesional, con el abordaje del objeto desde una perspectiva interdisciplinaria e integral. La acci\u00f3n del profesional vincula procesos y actores, elaborando estrategias de acci\u00f3n con sentido y con intencionalidad sistem\u00e1ticamente definidas.<!-- inicio contenido --><\/p>\n<table style=\"margin: 10px; text-align: center; width: 62.8777%;\" align=\"left\">\n<tbody>\n<tr>\n<td style=\"width: 100%;\">\n<h3 style=\"text-align: center;\">Consejo Departamental<\/h3>\n<\/td>\n<\/tr>\n<tr>\n<td style=\"width: 100%;\">\n<h4 style=\"text-align: center;\">Directora:<\/h4>\n<h3 style=\"text-align: center;\">Mgter. Luisa Alicia Vera<\/h3>\n<p style=\"text-align: center;\"><a href=\"dptotrabajosocialfhycs@gmail.com\" target=\"_blank\" rel=\"noopener\">dptotrabajosocialfhycs@gmail.com<\/a><\/p>\n<\/td>\n<\/tr>\n<tr>\n<td style=\"width: 100%;\">\n<h4 style=\"text-align: center;\">Consejeros Docentes:<\/h4>\n<p><strong>1\u00b0 Consejero Titular<\/strong>: Gonz\u00e1lez, Ramona Beatriz<\/p>\n<p><strong>2\u00b0 Consejero Titular<\/strong>: Dutra, Silvia Viviana<\/p>\n<p><strong>3\u00b0 Consejero Titular<\/strong>: Fuentes, Guillermo Javier<\/p>\n<p><strong>1\u00b0 Consejero Suplente<\/strong>: Gil Navarro, Maria Emilia<\/p>\n<p><strong>2\u00b0 Consejero Suplente<\/strong>: Barrios, Maria Adela<\/p>\n<p><strong>3\u00b0 Consejero Suplente<\/strong>: Cuevas, Zulma Graciela<\/td>\n<\/tr>\n<tr>\n<td style=\"width: 100%;\">\n<h4 style=\"text-align: center;\">Consejeros Estudiantiles:<\/h4>\n<p><strong>1\u00b0 Consejero Titular<\/strong>: Perez, Diego Anibal<\/p>\n<p><strong>2\u00b0 Consejero Titular<\/strong>: AntunezScher, Carolina<\/p>\n<p><strong>1\u00b0 Consejero Suplente<\/strong>: Rezzano, Victoria Beatriz Milagros<\/p>\n<p><strong>2\u00b0 Consejero Suplente<\/strong>: Rotta, Sof\u00eda Ayl\u00e9n<\/td>\n<\/tr>\n<tr>\n<td style=\"width: 100%;\">\n<h4 style=\"text-align: center;\">Graduado:<\/h4>\n<p><strong>1\u00b0 Consejero Titular<\/strong>: Prestes, David<\/p>\n<p><strong>1\u00b0 Consejero Suplente<\/strong>: Rojas, Silvia Liliana<\/td>\n<\/tr>\n<tr>\n<td style=\"width: 100%;\">\n<blockquote>\n<h6 style=\"text-align: center;\">Tel\u00e9fono: 376-<strong>4434344<\/strong> Interno <strong>120<\/strong><\/h6>\n<h6 style=\"text-align: center;\">Correo electr\u00f3nico:<\/h6>\n<h6 style=\"text-align: center;\"><a href=\"dptotrabajosocialfhycs@gmail.com\" target=\"_blank\" rel=\"noopener\">dptotrabajosocialfhycs@gmail.com<\/a><\/h6>\n<\/blockquote>\n<\/td>\n<\/tr>\n<\/tbody>\n<\/table>\n<p><!-- fin del contenido --><\/p>\n","protected":false},"excerpt":{"rendered":"<p>Tecnicatura en Promoci\u00f3n Socio Cultural Licenciatura en Trabajo Social La Licenciatura en Trabajo Social dispone\u00a0de una formaci\u00f3n\u00a0cr\u00edtica\u00a0y \u00e9tica que da\u00a0\u00a0respuestas a las nuevas exigencias sociales.\u00a0\u00a0La formaci\u00f3n proveer\u00e1 conocimientos para que el\/la\u00a0\u00a0Trabajador\/a\u00a0Social\u00a0\u00a0sea capaz de\u00a0\u00a0investigar y buscar alternativas para los m\u00faltiples problemas sociales del contexto donde desarrolle su ejercicio profesional, con el abordaje del objeto desde una [&hellip;]<\/p>\n","protected":false},"author":10,"featured_media":13095,"parent":0,"menu_order":0,"comment_status":"closed","ping_status":"closed","template":"cattrabajosocial.php","meta":{"extendify_custom_stylesheet":""},"_links":{"self":[{"href":"https:\/\/www.fhycs.unam.edu.ar\/portada\/wp-json\/wp\/v2\/pages\/10317"}],"collection":[{"href":"https:\/\/www.fhycs.unam.edu.ar\/portada\/wp-json\/wp\/v2\/pages"}],"about":[{"href":"https:\/\/www.fhycs.unam.edu.ar\/portada\/wp-json\/wp\/v2\/types\/page"}],"author":[{"embeddable":true,"href":"https:\/\/www.fhycs.unam.edu.ar\/portada\/wp-json\/wp\/v2\/users\/10"}],"replies":[{"embeddable":true,"href":"https:\/\/www.fhycs.unam.edu.ar\/portada\/wp-json\/wp\/v2\/comments?post=10317"}],"version-history":[{"count":23,"href":"https:\/\/www.fhycs.unam.edu.ar\/portada\/wp-json\/wp\/v2\/pages\/10317\/revisions"}],"predecessor-version":[{"id":40176,"href":"https:\/\/www.fhycs.unam.edu.ar\/portada\/wp-json\/wp\/v2\/pages\/10317\/revisions\/40176"}],"wp:featuredmedia":[{"embeddable":true,"href":"https:\/\/www.fhycs.unam.edu.ar\/portada\/wp-json\/wp\/v2\/media\/13095"}],"wp:attachment":[{"href":"https:\/\/www.fhycs.unam.edu.ar\/portada\/wp-json\/wp\/v2\/media?parent=10317"}],"curies":[{"name":"wp","href":"https:\/\/api.w.org\/{rel}","templated":true}]}}