{"id":1032,"date":"2015-06-13T17:06:33","date_gmt":"2015-06-13T17:06:33","guid":{"rendered":"http:\/\/www.fhycs.unam.edu.ar\/portada\/?page_id=1032"},"modified":"2026-03-13T11:33:02","modified_gmt":"2026-03-13T14:33:02","slug":"secretaria-de-investigacion","status":"publish","type":"page","link":"https:\/\/www.fhycs.unam.edu.ar\/portada\/secretaria-de-investigacion\/","title":{"rendered":"Secretar\u00eda de Investigaci\u00f3n"},"content":{"rendered":"<table style=\"text-align: center;\" width=\"63%\" align=\"left\">\n<tbody>\n<tr>\n<td style=\"text-align: justify;\">\n<h5 style=\"text-align: center;\"><span style=\"font-weight: 400; color: #000080;\">La Secretar\u00eda de Investigaci\u00f3n de la Facultad de Humanidades y Ciencias Sociales es el organismo en el que desarrollan sus actividades de investigaci\u00f3n, desarrollo, innovaci\u00f3n y transferencia (I+D+i+t) las y los Docentes-Investigadores, Investigadores Iniciales, Estudiantes investigadores, Becarios y Personal de Apoyo T\u00e9cnico y Administrativo involucrados en los procesos de investigaci\u00f3n del campo disciplinar de la Ciencias Sociales y Humanas.<\/span><\/h5>\n<\/td>\n<\/tr>\n<tr>\n<td>\n<h3 style=\"text-align: center;\">Secretaria de Investigaci\u00f3n<\/h3>\n<h3 style=\"text-align: center;\"><strong>Dra. Beatriz Rivero<\/strong><\/h3>\n<h3 style=\"text-align: center;\">Secretaria Adjunta:<\/h3>\n<h3 style=\"text-align: center;\"><strong>Mgter. Natalia Otero Correa<\/strong><\/h3>\n<\/td>\n<\/tr>\n<tr>\n<td>\n<h4 style=\"text-align: center;\">Directora Administrativa:<\/h4>\n<h3 style=\"text-align: center;\">Marisa Ver\u00f3n<\/h3>\n<\/td>\n<\/tr>\n<tr>\n<td>\n<h4 style=\"text-align: center;\">Jefe Depto. Proyectos:<\/h4>\n<h3 style=\"text-align: center;\">Christian Gim\u00e9nez<\/h3>\n<\/td>\n<\/tr>\n<tr>\n<td>\n<h4 style=\"text-align: center;\">Supervisor Certificaciones:<\/h4>\n<h3 style=\"text-align: center;\">Federico Ram\u00edrez<\/h3>\n<\/td>\n<\/tr>\n<tr>\n<td>\n<h4 style=\"text-align: center;\">Auxiliar Administrativo:<\/h4>\n<h3 style=\"text-align: center;\">Marina Casales<\/h3>\n<\/td>\n<\/tr>\n<tr>\n<td>\n<h4 style=\"text-align: center;\">Contacto General:<\/h4>\n<p style=\"margin: 0cm; margin-bottom: .0001pt;\">Tel\u00e9fono: (0376) 4430140 | (0376) 4438865<br \/>\nDirecci\u00f3n: Tucum\u00e1n 1605. 1\u00b0 Piso | Tucum\u00e1n 1632<br \/>\nCorreo Institucional: <a href=\"mailto:%20investigacionfhycsunam@gmail.com\">investigacionfhycsunam@gmail.com<\/a><\/p>\n<p style=\"margin: 0cm 0cm 0.0001pt;\" align=\"center\"><a href=\"https:\/\/es-la.facebook.com\/Secretaria-de-Investigaci%C3%B3n-y-Posgrado-FHYCS-UNaM-678776418911698\/\">Facebook<\/a><\/p>\n<p style=\"margin: 0cm 0cm 0.0001pt;\" align=\"center\"><a href=\"https:\/\/www.instagram.com\/investigacion.fhycs.unam\/\">Instagram<\/a><br \/>\n<a href=\"https:\/\/www.youtube.com\/channel\/UC_LyaUgJPXDp8LjS0SlFjcQ\">Canal de Youtube<\/a><\/p>\n<p align=\"center\"><strong><a href=\"https:\/\/www.fhycs.unam.edu.ar\/portada\/wp-content\/uploads\/2021\/09\/21-RES-137-Misiones-y-Funciones-Secretaria-de-Investigacion.pdf\">Misiones y Funciones Secretar\u00eda de Investigaci\u00f3n<\/a><\/strong><\/p>\n<\/td>\n<\/tr>\n<\/tbody>\n<\/table>\n<p><!-- fin del contenido --><\/p>\n<p>&nbsp;<\/p>\n<table width=\"300px\" align=\"right\">\n<tbody>\n<tr>\n<td><a href=\"http:\/\/argos.fhycs.unam.edu.ar\/\" target=\"_blank\" rel=\"noopener noreferrer\"><img src=\"https:\/\/www.fhycs.unam.edu.ar\/portada\/wp-content\/uploads\/2015\/05\/argos_b-t.png\" \/><\/a><a href=\"http:\/\/www.larivada.com.ar\/\" target=\"_blank\" rel=\"noopener noreferrer\"><img src=\"https:\/\/www.fhycs.unam.edu.ar\/portada\/wp-content\/uploads\/2015\/05\/larivada_b-t.png\" alt=\"LA-RIVADA\" \/><\/a><a href=\"http:\/\/www.ava.unam.edu.ar\/\" target=\"_blank\" rel=\"noopener noreferrer\"><img src=\"https:\/\/www.fhycs.unam.edu.ar\/portada\/wp-content\/uploads\/2015\/08\/ava_-banner.png\" alt=\"AVA\" \/><\/a><a href=\"http:\/\/argos.fhycs.unam.edu.ar\/handle\/123456789\/395\" target=\"_blank\" rel=\"noopener noreferrer\"><img src=\"https:\/\/www.fhycs.unam.edu.ar\/portada\/wp-content\/uploads\/2015\/08\/perspectivas.png\" alt=\"perspectivas\" \/><\/a><br \/>\n<a href=\"http:\/\/www.fhycs.unam.edu.ar\/jinvestigadores\/\" target=\"_blank\" rel=\"noopener noreferrer\"><img loading=\"lazy\" class=\"alignnone\" src=\"https:\/\/www.fhycs.unam.edu.ar\/portada\/wp-content\/uploads\/2024\/09\/Jornadas-Investgacion-Banner.jpeg\" alt=\"\" width=\"300\" height=\"70\" \/><\/a><br \/>\n<a href=\"http:\/\/1jornadasjovinv.wixsite.com\/fhycsunam\" target=\"_blank\" rel=\"noopener noreferrer\"><img src=\"https:\/\/www.fhycs.unam.edu.ar\/portada\/wp-content\/uploads\/2016\/11\/banner_jornadasjovenesinvestigadores.png\" \/><\/a><a href=\"http:\/\/www.fhycs.unam.edu.ar\/antropologiailegal\/\" target=\"_blank\" rel=\"noopener noreferrer\"><img src=\"https:\/\/www.fhycs.unam.edu.ar\/portada\/wp-content\/uploads\/2016\/11\/antropoilegal.jpg\" \/><\/a><a href=\"http:\/\/www.autoresterritoriales.com\/\" target=\"_blank\" rel=\"noopener noreferrer\"><img src=\"https:\/\/www.fhycs.unam.edu.ar\/portada\/wp-content\/uploads\/2016\/06\/territorios.jpg\" \/><\/a><\/td>\n<\/tr>\n<\/tbody>\n<\/table>\n","protected":false},"excerpt":{"rendered":"<p>La Secretar\u00eda de Investigaci\u00f3n de la Facultad de Humanidades y Ciencias Sociales es el organismo en el que desarrollan sus actividades de investigaci\u00f3n, desarrollo, innovaci\u00f3n y transferencia (I+D+i+t) las y los Docentes-Investigadores, Investigadores Iniciales, Estudiantes investigadores, Becarios y Personal de Apoyo T\u00e9cnico y Administrativo involucrados en los procesos de investigaci\u00f3n del campo disciplinar de la [&hellip;]<\/p>\n","protected":false},"author":6,"featured_media":0,"parent":0,"menu_order":0,"comment_status":"open","ping_status":"open","template":"secretaria_investigacion.php","meta":{"extendify_custom_stylesheet":""},"_links":{"self":[{"href":"https:\/\/www.fhycs.unam.edu.ar\/portada\/wp-json\/wp\/v2\/pages\/1032"}],"collection":[{"href":"https:\/\/www.fhycs.unam.edu.ar\/portada\/wp-json\/wp\/v2\/pages"}],"about":[{"href":"https:\/\/www.fhycs.unam.edu.ar\/portada\/wp-json\/wp\/v2\/types\/page"}],"author":[{"embeddable":true,"href":"https:\/\/www.fhycs.unam.edu.ar\/portada\/wp-json\/wp\/v2\/users\/6"}],"replies":[{"embeddable":true,"href":"https:\/\/www.fhycs.unam.edu.ar\/portada\/wp-json\/wp\/v2\/comments?post=1032"}],"version-history":[{"count":105,"href":"https:\/\/www.fhycs.unam.edu.ar\/portada\/wp-json\/wp\/v2\/pages\/1032\/revisions"}],"predecessor-version":[{"id":41019,"href":"https:\/\/www.fhycs.unam.edu.ar\/portada\/wp-json\/wp\/v2\/pages\/1032\/revisions\/41019"}],"wp:attachment":[{"href":"https:\/\/www.fhycs.unam.edu.ar\/portada\/wp-json\/wp\/v2\/media?parent=1032"}],"curies":[{"name":"wp","href":"https:\/\/api.w.org\/{rel}","templated":true}]}}