{"id":10341,"date":"2016-10-16T23:19:34","date_gmt":"2016-10-17T02:19:34","guid":{"rendered":"http:\/\/www.fhycs.unam.edu.ar\/portada\/?page_id=10341"},"modified":"2025-06-26T20:15:49","modified_gmt":"2025-06-26T23:15:49","slug":"area-de-informatica","status":"publish","type":"page","link":"https:\/\/www.fhycs.unam.edu.ar\/portada\/area-de-informatica\/","title":{"rendered":"\u00c1rea de Inform\u00e1tica"},"content":{"rendered":"<p><!-- fin de la tabla del men\u00fa --><!-- inicio contenido --><\/p>\n<table style=\"text-align: center;\" width=\"65%\" align=\"center\">\n<tbody>\n<tr>\n<td>\n<h4 style=\"text-align: center;\">Coordinador<\/h4>\n<h3 style=\"text-align: center;\">Esp. Hugo Meza<\/h3>\n<\/td>\n<\/tr>\n<\/tbody>\n<\/table>\n<p><!-- fin del contenido --><\/p>\n","protected":false},"excerpt":{"rendered":"<p>Coordinador Esp. Hugo Meza<\/p>\n","protected":false},"author":10,"featured_media":0,"parent":0,"menu_order":0,"comment_status":"closed","ping_status":"closed","template":"areainformatica.php","meta":{"extendify_custom_stylesheet":""},"_links":{"self":[{"href":"https:\/\/www.fhycs.unam.edu.ar\/portada\/wp-json\/wp\/v2\/pages\/10341"}],"collection":[{"href":"https:\/\/www.fhycs.unam.edu.ar\/portada\/wp-json\/wp\/v2\/pages"}],"about":[{"href":"https:\/\/www.fhycs.unam.edu.ar\/portada\/wp-json\/wp\/v2\/types\/page"}],"author":[{"embeddable":true,"href":"https:\/\/www.fhycs.unam.edu.ar\/portada\/wp-json\/wp\/v2\/users\/10"}],"replies":[{"embeddable":true,"href":"https:\/\/www.fhycs.unam.edu.ar\/portada\/wp-json\/wp\/v2\/comments?post=10341"}],"version-history":[{"count":3,"href":"https:\/\/www.fhycs.unam.edu.ar\/portada\/wp-json\/wp\/v2\/pages\/10341\/revisions"}],"predecessor-version":[{"id":31132,"href":"https:\/\/www.fhycs.unam.edu.ar\/portada\/wp-json\/wp\/v2\/pages\/10341\/revisions\/31132"}],"wp:attachment":[{"href":"https:\/\/www.fhycs.unam.edu.ar\/portada\/wp-json\/wp\/v2\/media?parent=10341"}],"curies":[{"name":"wp","href":"https:\/\/api.w.org\/{rel}","templated":true}]}}