{"id":10347,"date":"2016-10-16T23:24:31","date_gmt":"2016-10-17T02:24:31","guid":{"rendered":"http:\/\/www.fhycs.unam.edu.ar\/portada\/?page_id=10347"},"modified":"2024-10-15T12:38:40","modified_gmt":"2024-10-15T15:38:40","slug":"area-de-formacion-docente","status":"publish","type":"page","link":"https:\/\/www.fhycs.unam.edu.ar\/portada\/area-de-formacion-docente\/","title":{"rendered":"\u00c1rea de Formaci\u00f3n Docente"},"content":{"rendered":"<p><!-- fin de la tabla del men\u00fa --><!-- inicio contenido --><\/p>\n<p>\u00a0<\/p>\n<table style=\"text-align: center; height: 250px;\" width=\"535\" align=\"center\">\n<tbody>\n<tr>\n<td style=\"width: 525px;\">\n<h5 style=\"text-align: center;\">Coordinadora Acad\u00e9mico<\/h5>\n<h3 style=\"text-align: center;\">Esp. Mar\u00eda Cristina Ben\u00edtez<\/h3>\n<\/td>\n<\/tr>\n<tr>\n<td style=\"width: 525px;\">\n<p><strong>Comit\u00e9 acad\u00e9mico titulares:<\/strong><br \/>Mgter Claudia Santiago <br \/>Lic. Carlos Clerici<br \/>Esp. Maria Silvia Regunega<\/p>\n<p><strong>Suplente<\/strong><br \/>Lic. Fernanda Ambrosig<\/p>\n<\/td>\n<\/tr>\n<tr>\n<td style=\"width: 525px;\">\n<h4 style=\"text-align: center;\">Correo: <a href=\"mailto:areapedagogicafhycs@gmail.com\" target=\"_blank\" rel=\"noopener noreferrer\">areapedagogicafhycs@gmail.com<\/a><\/h4>\n<\/td>\n<\/tr>\n<\/tbody>\n<\/table>\n<p><blockquote class=\"wp-embedded-content\" data-secret=\"O0ZlVgFO8Y\"><a href=\"https:\/\/www.fhycs.unam.edu.ar\/portada\/ciclo-de-charlas-complejidades-de-la-profesion-docente-en-la-escuela-secundaria-de-misiones\/\">Ciclo de Charlas: \u201cComplejidades de la profesi\u00f3n docente en la escuela secundaria de Misiones\u201d<\/a><\/blockquote><iframe class=\"wp-embedded-content\" sandbox=\"allow-scripts\" security=\"restricted\" style=\"position: absolute; clip: rect(1px, 1px, 1px, 1px);\" title=\"\u00abCiclo de Charlas: \u201cComplejidades de la profesi\u00f3n docente en la escuela secundaria de Misiones\u201d\u00bb \u2014 Facultad de Humanidades y Ciencias Sociales (FHYCS - UNaM)\" src=\"https:\/\/www.fhycs.unam.edu.ar\/portada\/ciclo-de-charlas-complejidades-de-la-profesion-docente-en-la-escuela-secundaria-de-misiones\/embed\/#?secret=15AoUf2nF4#?secret=O0ZlVgFO8Y\" data-secret=\"O0ZlVgFO8Y\" width=\"500\" height=\"282\" frameborder=\"0\" marginwidth=\"0\" marginheight=\"0\" scrolling=\"no\"><\/iframe><\/p>\n<p><blockquote class=\"wp-embedded-content\" data-secret=\"So1dMax7KW\"><a href=\"https:\/\/www.fhycs.unam.edu.ar\/portada\/capacitacion-del-area-de-formacion-docente-con-la-dra-carina-kaplan\/\">Capacitaci\u00f3n del \u00c1rea de Formaci\u00f3n Docente con la Dra. Carina Kaplan<\/a><\/blockquote><iframe class=\"wp-embedded-content\" sandbox=\"allow-scripts\" security=\"restricted\" style=\"position: absolute; clip: rect(1px, 1px, 1px, 1px);\" title=\"\u00abCapacitaci\u00f3n del \u00c1rea de Formaci\u00f3n Docente con la Dra. Carina Kaplan\u00bb \u2014 Facultad de Humanidades y Ciencias Sociales (FHYCS - UNaM)\" src=\"https:\/\/www.fhycs.unam.edu.ar\/portada\/capacitacion-del-area-de-formacion-docente-con-la-dra-carina-kaplan\/embed\/#?secret=CWgtHyGZGP#?secret=So1dMax7KW\" data-secret=\"So1dMax7KW\" width=\"500\" height=\"282\" frameborder=\"0\" marginwidth=\"0\" marginheight=\"0\" scrolling=\"no\"><\/iframe><\/p>\n<p><!-- fin del contenido --><\/p>\n\n\n<figure class=\"wp-block-embed is-type-wp-embed is-provider-facultad-de-humanidades-y-ciencias-sociales-fhycs-unam wp-block-embed-facultad-de-humanidades-y-ciencias-sociales-fhycs-unam\"><div class=\"wp-block-embed__wrapper\">\n<blockquote class=\"wp-embedded-content\" data-secret=\"z13JHnXXRY\"><a href=\"https:\/\/www.fhycs.unam.edu.ar\/portada\/practicas-sociocomunicativas-de-lectura-y-escritura-sobre-el-derecho-a-la-educacion\/\">Pr\u00e1cticas sociocomunicativas de lectura y escritura sobre el Derecho a la Educaci\u00f3n<\/a><\/blockquote><iframe class=\"wp-embedded-content\" sandbox=\"allow-scripts\" security=\"restricted\" style=\"position: absolute; clip: rect(1px, 1px, 1px, 1px);\" title=\"\u00abPr\u00e1cticas sociocomunicativas de lectura y escritura sobre el Derecho a la Educaci\u00f3n\u00bb \u2014 Facultad de Humanidades y Ciencias Sociales (FHYCS - UNaM)\" src=\"https:\/\/www.fhycs.unam.edu.ar\/portada\/practicas-sociocomunicativas-de-lectura-y-escritura-sobre-el-derecho-a-la-educacion\/embed\/#?secret=UBroA2aZf8#?secret=z13JHnXXRY\" data-secret=\"z13JHnXXRY\" width=\"500\" height=\"282\" frameborder=\"0\" marginwidth=\"0\" marginheight=\"0\" scrolling=\"no\"><\/iframe>\n<\/div><\/figure>\n","protected":false},"excerpt":{"rendered":"<p>\u00a0 Coordinadora Acad\u00e9mico Esp. Mar\u00eda Cristina Ben\u00edtez Comit\u00e9 acad\u00e9mico titulares:Mgter Claudia Santiago Lic. Carlos ClericiEsp. Maria Silvia Regunega SuplenteLic. Fernanda Ambrosig Correo: areapedagogicafhycs@gmail.com Ciclo de Charlas: \u201cComplejidades de la profesi\u00f3n docente en la escuela secundaria de Misiones\u201d Capacitaci\u00f3n del \u00c1rea de Formaci\u00f3n Docente con la Dra. Carina Kaplan<\/p>\n","protected":false},"author":10,"featured_media":0,"parent":0,"menu_order":0,"comment_status":"closed","ping_status":"closed","template":"areaformdocente.php","meta":{"extendify_custom_stylesheet":""},"_links":{"self":[{"href":"https:\/\/www.fhycs.unam.edu.ar\/portada\/wp-json\/wp\/v2\/pages\/10347"}],"collection":[{"href":"https:\/\/www.fhycs.unam.edu.ar\/portada\/wp-json\/wp\/v2\/pages"}],"about":[{"href":"https:\/\/www.fhycs.unam.edu.ar\/portada\/wp-json\/wp\/v2\/types\/page"}],"author":[{"embeddable":true,"href":"https:\/\/www.fhycs.unam.edu.ar\/portada\/wp-json\/wp\/v2\/users\/10"}],"replies":[{"embeddable":true,"href":"https:\/\/www.fhycs.unam.edu.ar\/portada\/wp-json\/wp\/v2\/comments?post=10347"}],"version-history":[{"count":15,"href":"https:\/\/www.fhycs.unam.edu.ar\/portada\/wp-json\/wp\/v2\/pages\/10347\/revisions"}],"predecessor-version":[{"id":38564,"href":"https:\/\/www.fhycs.unam.edu.ar\/portada\/wp-json\/wp\/v2\/pages\/10347\/revisions\/38564"}],"wp:attachment":[{"href":"https:\/\/www.fhycs.unam.edu.ar\/portada\/wp-json\/wp\/v2\/media?parent=10347"}],"curies":[{"name":"wp","href":"https:\/\/api.w.org\/{rel}","templated":true}]}}