{"id":1158,"date":"2015-06-14T01:15:09","date_gmt":"2015-06-14T01:15:09","guid":{"rendered":"http:\/\/www.fhycs.unam.edu.ar\/portada\/?page_id=1158"},"modified":"2019-10-21T17:24:10","modified_gmt":"2019-10-21T20:24:10","slug":"bibliografia-sobre-la-yerba-mate","status":"publish","type":"page","link":"https:\/\/www.fhycs.unam.edu.ar\/portada\/bibliografia-sobre-la-yerba-mate\/","title":{"rendered":"Bibliograf\u00eda sobre la Yerba Mate"},"content":{"rendered":"<h1 style=\"text-align: center;\" align=\"center\">Colecci\u00f3n Especializada Kaul Gr\u00fcnwald<\/h1>\n<h2 style=\"text-align: center;\">Bibliograf\u00eda sobre\u00a0la Yerba Mate<\/h2>\n<h6 style=\"text-align: center;\"><strong>Listado de fuentes directas<\/strong><\/h6>\n<p style=\"padding-left: 60px;\">1)\u00a0 Acu\u00f1a, Domingo O. An\u00e1lisis econ\u00f3mico preliminar de distintas densidades de plantaci\u00f3n en yerba mate \u2013 En: Notas t\u00e9cnicas \u2013 Cerro Azul (Misiones) : INTA, 1982 \u2013 N\u00b0 32 \u2013 INV.: 2020G.<\/p>\n<p style=\"padding-left: 60px;\">2) Antonini,\u00a0 Helvecio J. Problemas econ\u00f3micos de la yerba mate\u00a0 \u2013 INV.: 493G.<\/p>\n<p style=\"padding-left: 60px;\">3) Arata, Pedro N. Contribuci\u00f3n al estudio del tanino contenido en la yerba mate. Apuntes sobre la cera contenida en las hojas de la yerba mate \u2013 En: Anales de la Sociedad Cient\u00edfica Argentina, 1877 \u2013 INV.: 467G.<\/p>\n<p style=\"padding-left: 60px;\">4) Arrechea, Enrique C. de. Consideraciones sobre la demanda de yerba mate en la Rep\u00fablica Argentina : per\u00edodo 1951-1970 \u2013 Posadas : UNaM, 1974 \u2013 INV.: 2075G, 797G.<\/p>\n<p style=\"padding-left: 60px;\">5) Astrada, Ismael. Progresos de la industria de la yerba mate en la Rep\u00fablica Argentina \u2013 En: Revista Farmac\u00e9utica \u2013 Buenos Aires, enero de 1925 \u2013 A\u00f1o LXVII \u2013 T. LXVII \u2013 N\u00b0 1 \u2013 INV.: 1036G.<\/p>\n<p style=\"padding-left: 60px;\">6) Barret,\u00a0 Rafael. Lo que son los yerbales \/. \u2013 Montevideo : El Arte, 1910 \u2013 INV.: 400G.<\/p>\n<p style=\"padding-left: 60px;\">7) Bas, Carlos. La actividad yerbatera en la provincia de Misiones \u2013 Buenos Aires : CFI, 1990 \u2013 INV.: 2074G.<\/p>\n<p style=\"padding-left: 60px;\">8) Billard, Juan J. Econom\u00eda de la industria yerbatera argentina \u2013 En: Instituto de Econom\u00eda y Legislaci\u00f3n Rural \u2013 T. V \u2013 Fasc. 3 \u2013 Buenos Aires : Imprenta de la Universidad, 1944 \u2013 INV.: 248G.<\/p>\n<p style=\"padding-left: 60px;\">9) Blanchard, Everard E. Principales insectos y enfermedades : que perjudican el cultivo de la yerba mate \u2013 En: Secci\u00f3n Propaganda e Informes del Ministerio de Agricultura \u2013 Buenos Aires, 1928 \u2013 T. IX \u2013 INV.: 1958G.<\/p>\n<p style=\"padding-left: 60px;\">10) Blassiotto,\u00a0 Juan Carlos. La yerba mate : el uso del mate \/. \u2013 Posadas : Blassiotto, 1976 \u2013 INV.: 391G.<\/p>\n<p style=\"padding-left: 60px;\">11)\u00a0 Bolsi,\u00a0 Alfredo S. C. Misiones: una aproximaci\u00f3n geogr\u00e1fica al problema de la yerba mate\u00a0 y sus efectos en la ocupaci\u00f3n del espacio y el poblamiento \u2013 En: Folia Hist\u00f3rica del Nordeste \u2013 N\u00b0 7- Resistencia : IIGHI, 1986 \u2013 INV.: 979G, 1020G.<\/p>\n<p style=\"padding-left: 60px;\">12) Bugnion, Andr\u00e9. Actualidades en yerba mate \u2013 Posadas : Asociaci\u00f3n Rural Yerbatera Argentina, 1962 \u2013 INV.: 677G<\/p>\n<p style=\"padding-left: 60px;\">13) Bunge, A. E. La producci\u00f3n argentina de yerba mate . La cercana tragedia de la yerba mate. En: Revista de Econom\u00eda Argentina \u2013 Buenos Aires, 1936 \u2013 T. XXXV \u2013 N\u00b0 222 \u2013 INV.: 1947G.<\/p>\n<p style=\"padding-left: 60px;\">14) Cassagne Serres, Alberto. Yerbales argentinos : organizaci\u00f3n, explotaci\u00f3n, administraci\u00f3n \u2013 En: Revista de la Facultad de La Plata \u2013 La Plata, 1929 \u2013 Serie 3 \u2013 T. XVIII \u2013 INV.: 1938G.<\/p>\n<p style=\"padding-left: 60px;\">15) Colombo, U. A. Cambios cuantitativos sufridos por pigmentos en hojas de yerba mate sometidas a tratamientos diversos \/\u2013 Posadas : UnaM, 1978 \u2013 Informe N\u00b0 1 \u2013 INV.: 1291G, 2037G.<\/p>\n<p style=\"padding-left: 60px;\">16) Corrado,\u00a0 Alberto J. Contribuci\u00f3n al estudio de la yerba mate \u2013 En: Instituto de Bot\u00e1nica y Farmacolog\u00eda. \u2013 Buenos Aires : Peuser, 1915 \u2013 N| 20 \u2013 INV.: 142G.<\/p>\n<p style=\"padding-left: 60px;\">17) Daumas, Ernesto. El problema de la yerba mate \/\u2013 En: Revista de Econom\u00eda \u2013 Buenos Aires, 1930 \u2013 T. XXV \u2013 INV.: 479G, 2250G, 2251G (edici\u00f3n original y digital).<\/p>\n<p style=\"padding-left: 60px;\">18) Daireaux, Emile. \u201cLa yerba mat\u00e9\u201d. En: <em>La vie et les moeurs a la Plata. Tome II, Livre III, Chapitre II, p\u00e1gs. 373-407 \u2013 Par\u00eds, [1888]\u2013 INV.: 263G. (fotocopia). <\/em><\/p>\n<p style=\"padding-left: 60px;\">19) Diedrich, Rodolfo. Aspectos agroecon\u00f3micos del laboreo del suelo en yerbales \u2013 En: Informe t\u00e9cnico \u2013 N\u00b0 15 \u2013 Cerro Azul (Misiones) : INTA, 1971 \u2013 IN.: 2144G.<\/p>\n<p style=\"padding-left: 60px;\">20) Distintos tipos de cortes en yerba mate practicados en el sur de la provincia de Misiones \u2013 Ap\u00f3stoles : Centro Regional Demostrativo, 1980 \u2013 INV.: 681G.<\/p>\n<p style=\"padding-left: 60px;\">21)\u00a0 Dupuy, Hammerly. Yerbales de las leyendas guaran\u00edes \u2013 En: Revista Geogr\u00e1fica Americana \u2013 A\u00f1o XVI \u2013 Vol. XXX \u2013 N\u00b0 181 \u2013 Buenos Aires, oct. 1948 \u2013 INV.: 2058G.<\/p>\n<p style=\"padding-left: 60px;\">22) Errecaborde de Lasserre, Ethel N. \u00c9poca y cantidad de labranza en yerbales \u2013 En: Informe t\u00e9cnico \u2013 N\u00b0 15 \u2013 Cerro Azul (Misiones) : INTA, 1971 \u2013 IN.: 2144G.<\/p>\n<p style=\"padding-left: 60px;\">23) Franck de Soldi,\u00a0 Carmen Luz. Separaci\u00f3n de los alcaloides de la \u201cyerba mate\u201d (ilex paraguariensis) por cromatograf\u00eda y electroforesis \u2013 En: Revista de la Facultad de Agronom\u00eda\u00a0 &#8211; La Plata, junio de 1972 \u2013 T. XLVIII \u2013 Entrega 1 \u2013 INV.: 417G.<\/p>\n<p style=\"padding-left: 60px;\">24)\u00a0 Furnus, Adolfo C. La yerba mate en Misiones : el medio ambiente \u2013 s.l., 1930 \u2013 INV.: 462G.<\/p>\n<p style=\"padding-left: 60px;\">25)\u00a0 Galarza, Juan B. La yerba mate\u00a0 \u2013 En: Bolet\u00edn del Ministerio de Agricultura \u2013\u00a0 T. XVIII \u2013 N\u00b0 1 y 2 \u2013 Buenos Aires, 1914 \u2013 INV.: 490G.<\/p>\n<p style=\"padding-left: 60px;\">26)\u00a0 Gar\u00edn, V\u00edctor. Contribuci\u00f3n al estudio del cultivo e industria de la yerba mate \u2013 En : Ministerio de Agricultura de la Naci\u00f3n \u2013 Buenos Aires, 1916 \u2013 N\u00b0 52 \u2013 INV.: 143G.<\/p>\n<p style=\"padding-left: 60px;\">27)\u00a0 Gelodi, Alfredo. Misiones : sus cultivos de yerba mate y tabaco \u2013 En : Anales de la Sociedad Cient\u00edfica Argentina \u2013 T. CI \u2013 Entregas IV-VI \u2013 Buenos Aires, 1926 \u2013 INV.: 460G.<\/p>\n<p style=\"padding-left: 60px;\">28)\u00a0 Girola, Carlos D. Cultivo de la yerba mate. Consumo de la yerba mate \u2013 En: Museo de la Sociedad Rural Argentina \u2013 N\u00b0 34 \u2013 Buenos Aires, 1923 \u2013 INV.: 555G.<\/p>\n<p style=\"padding-left: 60px;\">29)\u00a0 Girola, Carlos D. El cultivo de la yerba mate \u2013 Buenos Aires: Imprenta Gadola, 1919\/ 1923 \u2013 En: Publicaci\u00f3n del Museo Agr\u00edcola de la Rep\u00fablica Argentina \u2013 N\u00b0 37 y 14 \u2013 INV.: 464G.<\/p>\n<p style=\"padding-left: 60px;\">30)\u00a0 Guglialmelli,\u00a0 Luis. La riqueza en cafe\u00edna de la yerba mate \u2013 En: Anales de la Asociaci\u00f3n Qu\u00edmica Argentina \u2013 Buenos Aires, 1915 \u2013 T. III \u2013 INV.: 678G.<\/p>\n<p style=\"padding-left: 60px;\">31)\u00a0\u00a0 Guglialmelli, Luis. La reacci\u00f3n formol-clorhidrica de S\u00e1nchez para investigar la congonilla en la yerba mate \u2013 En: Anales de la Asociaci\u00f3n Qu\u00edmica Argentina \u2013 Buenos Aires, 1915 \u2013 T. III \u2013 INV.: 1956G.<\/p>\n<p style=\"padding-left: 60px;\">32)\u00a0 Guglialmelli, Luis. La riqueza de la cafe\u00edna de la yerba mate. \u2013 En: Anales de la Sociedad Cient\u00edfica Argentina \u2013 Buenos Aires, 1915 \u2013 T. LXXX \u2013 INV.: 1957G.<\/p>\n<p style=\"padding-left: 60px;\">33)\u00a0 Instituto do mate \u2013 Florianopolis : Imprenta official, 1928 \u2013 INV.: 465G.<\/p>\n<p style=\"padding-left: 60px;\">34)\u00a0 Jornadas tecnol\u00f3gicas \/ s.l.: INTA\/ CRYM, 1980 \u2013 INV.: 1936G.<\/p>\n<p style=\"padding-left: 60px;\">35)\u00a0 K\u00e4nzig, Rodolfo G. Investigaci\u00f3n tecnol\u00f3gica del procesamiento de la yerba mate elaborada \u2013 En : Revista de la Secretar\u00eda General de Ciencia y Tecnolog\u00eda \u2013 A\u00f1o 2 \u2013 N\u00b0 4 \u2013 Posadas : UnaM, 1986 \u2013 INV.: 1329G, 1330G.<\/p>\n<p style=\"padding-left: 60px;\">36)\u00a0 Lavalle, Francisco P. La yerba paraguaya \u2013 En: Revista de la Universidad \u2013 Buenos Aires, 1913 \u2013 INV.: 1939G.<\/p>\n<p style=\"padding-left: 60px;\">37)\u00a0 Leguizam\u00f3n, Honorio. Yerba mate \u2013 La Plata : Tip. Diario de la Plata, 1889 \u2013 INV.: 1635G.<\/p>\n<p style=\"padding-left: 60px;\">38)\u00a0 Lizer y Trilles,\u00a0 Carlos A. Nuevos ensayos para combatir la chicharra de la yerba mate : fidicina mannifera \/\u2013 En: Anales de la Sociedad Cient\u00edfica Argentina \u2013 T. CLXIV \u2013 Buenos Aires, set.-oct. De 1957 \u2013 INV.: 680G.<\/p>\n<p style=\"padding-left: 60px;\">39)\u00a0 Lizer y Trilles, Carlos A. Ensayos para la destrucci\u00f3n de la \u201cfidicina mannifera\u201d Chicharra de la yerba mate \u2013 En: Separata de la Revista Ingenieria Agron\u00f3mica \u2013 A\u00f1o XIII \u2013 Set.\/ Oct. 1955 \u2013 N\u00b0 5 \u2013 INV.: 2001G.<\/p>\n<p style=\"padding-left: 60px;\">40)\u00a0 Marolda, C. I. Acci\u00f3n de la yerba mate sobre el intestino \u2013 En: Revista de la Asociaci\u00f3n M\u00e9dica Argentina \u2013 T. XLIX \u2013 N\u00b0 363 \u2013 Buenos Aires, 1936 \u2013 INV.: 1038G.<\/p>\n<p style=\"padding-left: 60px;\">41)\u00a0\u00a0 Mackinnon &amp; Coelho. Memorial presentado al Ministerio de Relaciones Exteriores : Yerba mate \u2013 Buenos Aires, 1932 \u2013 INV.: 1465G. Molina, Ra\u00fal A. El mate. Nuevas aportaciones sobre el uso de la bombilla y del apartador \u2013 En: Revista Historia \u2013 N\u00b0 2 \u2013 Buenos Aires, 1955 \u2013 INV.: 1035G.<\/p>\n<p style=\"padding-left: 60px;\">42) Montes, Adolfo Leandro. Aceite esencial de yerba mate elaborada \u2013 En: Anales de la Sociedad Cient\u00edfica Argentina \u2013 Buenos Aires, 1964 \u2013 T. CLXXVIII \u2013 INV.: 342G.<\/p>\n<p style=\"padding-left: 60px;\">43) Muello, Alberto Carlos. Apuntes sobre el cultivo de la yerba mate en la Rep\u00fablica Argentina \u2013 En: Revista del Centro Estudiantes de Agronom\u00eda y Veterinaria Universidad de Buenos Aires \u2013 N\u00b0 138 \u2013 Buenos Aires: Imprenta de la Universidad, 1929 \u2013 INV.: 327G.<\/p>\n<p style=\"padding-left: 60px;\">44) Ogloblin, Alejandro A. Un oedem\u00e9rido perjudicial a la \u201cyerba mate\u201d \u2013 En: Physis \u2013 T. 17 \u2013 La Plata, 1939 \u2013 INV.: 679G.<\/p>\n<p style=\"padding-left: 60px;\">45) Pastore, Dagnino. El oro verde \u2013 En: Revista de Econom\u00eda Argentina \u2013 Buenos Aires, 1936 \u2013 T. XXV \u2013 N\u00b0 146 \u2013 INV.: 192G.<\/p>\n<p style=\"padding-left: 60px;\">46) Poenitz, Erich L. W. La ruta oriental de la yerba. Navegaci\u00f3n y comercio en el Alto r\u00edo Uruguay \u2013 En: Cuadernos de Estudios Regionales \u2013 N\u00b0 1 \u2013 Concordia (Entre R\u00edos) : Instituto Regional de Investigaciones Cient\u00edfico-Culturales, 1981 \u2013 INV.: 1215G.<\/p>\n<p style=\"padding-left: 60px;\">47) El problema de la yerba mate : exposici\u00f3n de la C\u00e1mara de Comercio Argentino- Brasile\u00f1a \u2013 Buenos Aires : Veggia, 1928 \u2013 INV.: 331G.<\/p>\n<p style=\"padding-left: 60px;\">48) Roth, Alberto. Yerba mate : sus problemas en el a\u00f1o 1966 \u2013 Posadas, 1966 \u2013 INV.: 463G.<\/p>\n<p style=\"padding-left: 60px;\">49) Roth, Alberto. Todo mate : el arte de vivir mejor, un l\u00e9xico matero \u2013 Santo Pip\u00f3, 1983 \u2013 INV.: 144G.<\/p>\n<p style=\"padding-left: 60px;\">50) S\u00e1nchez, Juan A. Reacci\u00f3n fluorescente diferencial entre la yerba mate y las congonillas y caonas \u2013 En: Anales de la Asociaci\u00f3n Qu\u00edmica Argentina \u2013 Buenos Aires, 1915 \u2013 T. III \u2013 INV.: 2173G.<\/p>\n<p style=\"padding-left: 60px;\">51)\u00a0 Saura, Fulgencio. Los cromosomas de la yerba \u2013 Posadas : Asociaci\u00f3n Rural Yerbatera Argentina, 1944 \u2013 INV.: 328G, 456G.<\/p>\n<p style=\"padding-left: 60px;\">52) Sparn, Enrique. Bibliograf\u00eda de la yerba mate \u2013 En: Academia Argentina de Ciencias : Miscel\u00e1neas \u2013 N\u00b0 22 \u2013 C\u00f3rdoba, 1937 \u2013 INV.: 418G.<\/p>\n<p style=\"padding-left: 60px;\">53) Scala, Augusto C. Contribuci\u00f3n al conocimiento histol\u00f3gico de la yerba mate y sus falsificaciones \u2013 En: Revista del Museo de La Plata \u2013 T. XXVI \u2013 A\u00f1o: 1922 \u2013 INV.: 1946G.<\/p>\n<p style=\"padding-left: 60px;\">54) Serial, Efi O. G. de. Medio siglo de producci\u00f3n yerbatera \u2013 En: Facultad de Ciencias Econ\u00f3micas \u2013 Buenos Aires, 1957 \u2013 INV.: 2039G.<\/p>\n<p style=\"padding-left: 60px;\">55) Swier, Roberto. Pulverizadora para el control del psilido de la yerba : especificaciones t\u00e9cnicas \u2013 Cerro Azul (Misiones) : INTA, marzo de 1981 \u2013 En: Notas T\u00e9cnicas, N\u00b0 27 \u2013 INV.: 2017G.<\/p>\n<p style=\"padding-left: 60px;\">56) \u00bfYerba mate? \u2013 INV.: 2077G.<\/p>\n<p>&nbsp;<\/p>\n","protected":false},"excerpt":{"rendered":"<p>Colecci\u00f3n Especializada Kaul Gr\u00fcnwald Bibliograf\u00eda sobre\u00a0la Yerba Mate Listado de fuentes directas 1)\u00a0 Acu\u00f1a, Domingo O. An\u00e1lisis econ\u00f3mico preliminar de distintas densidades de plantaci\u00f3n en yerba mate \u2013 En: Notas t\u00e9cnicas \u2013 Cerro Azul (Misiones) : INTA, 1982 \u2013 N\u00b0 32 \u2013 INV.: 2020G. 2) Antonini,\u00a0 Helvecio J. Problemas econ\u00f3micos de la yerba mate\u00a0 \u2013 [&hellip;]<\/p>\n","protected":false},"author":1,"featured_media":0,"parent":0,"menu_order":0,"comment_status":"open","ping_status":"open","template":"Biblioteca.php","meta":{"extendify_custom_stylesheet":""},"_links":{"self":[{"href":"https:\/\/www.fhycs.unam.edu.ar\/portada\/wp-json\/wp\/v2\/pages\/1158"}],"collection":[{"href":"https:\/\/www.fhycs.unam.edu.ar\/portada\/wp-json\/wp\/v2\/pages"}],"about":[{"href":"https:\/\/www.fhycs.unam.edu.ar\/portada\/wp-json\/wp\/v2\/types\/page"}],"author":[{"embeddable":true,"href":"https:\/\/www.fhycs.unam.edu.ar\/portada\/wp-json\/wp\/v2\/users\/1"}],"replies":[{"embeddable":true,"href":"https:\/\/www.fhycs.unam.edu.ar\/portada\/wp-json\/wp\/v2\/comments?post=1158"}],"version-history":[{"count":15,"href":"https:\/\/www.fhycs.unam.edu.ar\/portada\/wp-json\/wp\/v2\/pages\/1158\/revisions"}],"predecessor-version":[{"id":27636,"href":"https:\/\/www.fhycs.unam.edu.ar\/portada\/wp-json\/wp\/v2\/pages\/1158\/revisions\/27636"}],"wp:attachment":[{"href":"https:\/\/www.fhycs.unam.edu.ar\/portada\/wp-json\/wp\/v2\/media?parent=1158"}],"curies":[{"name":"wp","href":"https:\/\/api.w.org\/{rel}","templated":true}]}}