{"id":11825,"date":"2016-12-19T16:07:56","date_gmt":"2016-12-19T19:07:56","guid":{"rendered":"http:\/\/www.fhycs.unam.edu.ar\/portada\/?page_id=11825"},"modified":"2023-09-22T15:47:56","modified_gmt":"2023-09-22T18:47:56","slug":"iesyh-historia","status":"publish","type":"page","link":"https:\/\/www.fhycs.unam.edu.ar\/portada\/iesyh-historia\/","title":{"rendered":"IESyH Historia"},"content":{"rendered":"<table id=\"blanco\" style=\"width: 65%;\">\n<tbody>\n<tr>\n<td style=\"width: 100%;\">\n<h2 style=\"text-align: center;\"><strong>Historia<\/strong><\/h2>\n<p style=\"text-align: justify;\">El<strong> Instituto de Estudios Sociales y Humanos<\/strong> -IESyH- fue creado a partir de la gesti\u00f3n de un grupo de investigadores del <strong>Consejo Nacional de Investigaciones Cient\u00edficas y T\u00e9cnicas (CONICET)<\/strong> y docentes de la Facultad de Humanidades y Ciencias Sociales (FHyCS), que realizaron las gestiones ante dicho organismo nacional.<\/p>\n<p style=\"text-align: justify;\">El IESyH funciona en Posadas desde 2014, en oficinas alquiladas por la UNaM. Actualmente la Dra. Br\u00edgida Renoldi, ejerce como Directora en funciones.<\/p>\n<p>Con una l\u00f3gica de trabajo interdisciplinario, el Instituto permite ampliar las perspectivas de la investigaci\u00f3n local y brindar nuevos impulsos en la formaci\u00f3n de una masa cr\u00edtica de investigadorxs y becaries.<\/td>\n<\/tr>\n<\/tbody>\n<\/table>\n<p><b>OBJETIVOS:<\/b><\/p>\n<p><b>Fortalecimiento de nuevas l\u00edneas de trabajo: <\/b>migraciones, historia ambiental, desigualdades, ilegalismos, lengua, gentrificaci\u00f3n, religi\u00f3n, educaci\u00f3n, derecho a la comunicaci\u00f3n, salud, arqueolog\u00eda.<\/p>\n<p><b>Constituci\u00f3n de un centro de referencia <\/b>en problem\u00e1ticas sociales, culturales y humanas, con capacidad de dar respuesta a las necesidades de la poblaci\u00f3n y a las de la gesti\u00f3n de pol\u00edticas p\u00fablicas a nivel regional<\/p>\n<h2>L\u00edneas de Investigaci\u00f3n<\/h2>\n<p style=\"text-align: justify;\">. Desigualdades y violencias sociales. Salud-enfermedad<\/p>\n<p>. Fronteras, territorios y construcci\u00f3n social de h\u00e1bitat<\/p>\n<p>. Historia reciente. Historia ambiental. Migraciones. Arqueolog\u00eda<\/p>\n<p>. Problem\u00e1ticas y pr\u00e1cticas educativas. Interculturalidad<\/p>\n<p>. Semi\u00f3tica. Ling\u00fc\u00edstica. Comunicaci\u00f3n Social<\/p>\n<p>&nbsp;<\/p>\n","protected":false},"excerpt":{"rendered":"<p>Historia El Instituto de Estudios Sociales y Humanos -IESyH- fue creado a partir de la gesti\u00f3n de un grupo de investigadores del Consejo Nacional de Investigaciones Cient\u00edficas y T\u00e9cnicas (CONICET) y docentes de la Facultad de Humanidades y Ciencias Sociales (FHyCS), que realizaron las gestiones ante dicho organismo nacional. El IESyH funciona en Posadas desde [&hellip;]<\/p>\n","protected":false},"author":36,"featured_media":0,"parent":0,"menu_order":0,"comment_status":"closed","ping_status":"closed","template":"iesyh.php","meta":{"extendify_custom_stylesheet":""},"_links":{"self":[{"href":"https:\/\/www.fhycs.unam.edu.ar\/portada\/wp-json\/wp\/v2\/pages\/11825"}],"collection":[{"href":"https:\/\/www.fhycs.unam.edu.ar\/portada\/wp-json\/wp\/v2\/pages"}],"about":[{"href":"https:\/\/www.fhycs.unam.edu.ar\/portada\/wp-json\/wp\/v2\/types\/page"}],"author":[{"embeddable":true,"href":"https:\/\/www.fhycs.unam.edu.ar\/portada\/wp-json\/wp\/v2\/users\/36"}],"replies":[{"embeddable":true,"href":"https:\/\/www.fhycs.unam.edu.ar\/portada\/wp-json\/wp\/v2\/comments?post=11825"}],"version-history":[{"count":10,"href":"https:\/\/www.fhycs.unam.edu.ar\/portada\/wp-json\/wp\/v2\/pages\/11825\/revisions"}],"predecessor-version":[{"id":36631,"href":"https:\/\/www.fhycs.unam.edu.ar\/portada\/wp-json\/wp\/v2\/pages\/11825\/revisions\/36631"}],"wp:attachment":[{"href":"https:\/\/www.fhycs.unam.edu.ar\/portada\/wp-json\/wp\/v2\/media?parent=11825"}],"curies":[{"name":"wp","href":"https:\/\/api.w.org\/{rel}","templated":true}]}}