{"id":11827,"date":"2016-12-19T16:09:17","date_gmt":"2016-12-19T19:09:17","guid":{"rendered":"http:\/\/www.fhycs.unam.edu.ar\/portada\/?page_id=11827"},"modified":"2023-09-22T16:03:12","modified_gmt":"2023-09-22T19:03:12","slug":"iesyh-actividades","status":"publish","type":"page","link":"https:\/\/www.fhycs.unam.edu.ar\/portada\/iesyh-actividades\/","title":{"rendered":"IESyH Actividades"},"content":{"rendered":"<h2 style=\"text-align: center;\"><\/h2>\n<h2 style=\"text-align: center;\"><strong>Actividades 2023<\/strong><\/h2>\n<p>&nbsp;<\/p>\n<ul>\n<li>\n<h4>Conferencia inaugural <a href=\"https:\/\/iesyh.conicet.gov.ar\/religion-y-sociedad-en-el-paraguay-de-entreguerras\/\">&#8220;Religi\u00f3n y sociedad en el Paraguay de entreguerras<\/a>&#8220;, a cargo del Dr. Ignacio Telesca (CONICET-Universidad Nacional de Formosa)<\/h4>\n<\/li>\n<li>\n<h4>Conferencia:<a href=\"https:\/\/iesyh.conicet.gov.ar\/conferencia-teoria-y-practica-del-contacto-de-lenguas-con-aplicacion-al-caso-guarani-castellano\/\"> &#8220;Teor\u00eda y pr\u00e1ctica del contacto de lenguas con aplicaci\u00f3n al caso guaran\u00ed-castellano<\/a>&#8220;, a cargo del Dr. Bruno Estigarribia, Universidad de Carolina del Norte (EEUU)<\/h4>\n<\/li>\n<li>\n<h4>Haciendo cosas raras. Ciclo de Cine y Rock, Secretar\u00eda de Extensi\u00f3n y Equipo de Trabajo Audiovisual (ETA-IESyH).Primer cuatrimestre, en conmemoraci\u00f3n a los 40 a\u00f1os de democracia en Argentina:\u00a0<a href=\"https:\/\/iesyh.conicet.gov.ar\/la-crisis-causo-2-nuevas-muertes\/\"><em> La crisis caus\u00f3 dos nuevas muertes<\/em><\/a>.\u00a0 <em><a href=\"https:\/\/iesyh.conicet.gov.ar\/proyeccion-del-documental-en-el-nombre-del-litio\/\">En el nombre del Litio<\/a><\/em>\u00a0 <a href=\"https:\/\/iesyh.conicet.gov.ar\/un-lugar-en-el-mundo-de-adolfo-aristarain\/\"><em>Un lugar en el mundo<\/em><\/a> . Segundo cuatrimestre, cine de terror y suspenso:<a href=\"https:\/\/iesyh.conicet.gov.ar\/haciendo-cosas-raras-ciclo-de-cinerock\/\">\u00a0<em>Psicosis<\/em><\/a> . El Beb\u00e9 de Rosemary. El Exorcista. El proyecto Blair Witch.<\/h4>\n<\/li>\n<li>\n<h4>Visita del Dr. Rodolfo &#8220;Willy&#8221; Pregliasco, f\u00edsico forense (CONICET-CONEA). Proyecci\u00f3n del documental\u00a0<a href=\"https:\/\/iesyh.conicet.gov.ar\/visita-del-dr-rodolfo-pregliasco\/\"><em>Maelstr\u00f6m 2001<\/em>, charla sobre\u00a0<em>La Masacre de Trelew<\/em>. Panel:\u00a0<em>Tareferos y Territorios<\/em><\/a><\/h4>\n<\/li>\n<li>\n<h4><em><a href=\"https:\/\/iesyh.conicet.gov.ar\/ajaka-de-revista\/\">Ajaka de revista<\/a>. <\/em>Conversatorio sobre revistas especializadas en discapacidad y educaci\u00f3n<\/h4>\n<\/li>\n<li>\n<h4>Ciclo de charlas Mate con-Ciencia II: Arqueolog\u00eda. Historia y Antropolog\u00eda. <a href=\"https:\/\/iesyh.conicet.gov.ar\/mate-con-ciencia\/\">Primer encuentro<\/a> . <a href=\"https:\/\/iesyh.conicet.gov.ar\/arqueologia-subacuatica-y-de-rescate\/\">Segundo Encuentro<\/a><\/h4>\n<\/li>\n<li>\n<h4>Charlatorio . <a href=\"https:\/\/iesyh.conicet.gov.ar\/clave-de-hoy-movimiento-politico-y-cultural-en-la-posadas-de-los-70-80-relatos-y-analisis-de-sus-protagonistas\/\"><em>Clave de Hoy: movimiento pol\u00edtico y cultural en la Posadas de los 70-80. Relatos y an\u00e1lisis de sus protagonistas<\/em><\/a>. En el marco del ciclo de Cine y Rock<\/h4>\n<\/li>\n<li>\n<h4><strong><a href=\"https:\/\/linktr.ee\/xjeymc\">X Jornadas sobre Etnograf\u00eda y M\u00e9todos Cualitativos<\/a> (27, 28 y 29 de septiembre)<\/strong><\/h4>\n<\/li>\n<li>\n<h4><a href=\"https:\/\/iesyh.conicet.gov.ar\/i-simposio-de-estudios-sobre-clases-sociales-y-lucha-de-clases\/\">Primer Simposio de Estudios sobre clases sociales y lucha de clases<\/a>, organizado por becaries del IESyH y el Departamento de Historia (FHyCS-UNaM)<\/h4>\n<\/li>\n<\/ul>\n<p>&nbsp;<\/p>\n<p>&nbsp;<\/p>\n<p>&nbsp;<\/p>\n<p style=\"padding-left: 60px;\">\n","protected":false},"excerpt":{"rendered":"<p>Actividades 2023 &nbsp; Conferencia inaugural &#8220;Religi\u00f3n y sociedad en el Paraguay de entreguerras&#8220;, a cargo del Dr. Ignacio Telesca (CONICET-Universidad Nacional de Formosa) Conferencia: &#8220;Teor\u00eda y pr\u00e1ctica del contacto de lenguas con aplicaci\u00f3n al caso guaran\u00ed-castellano&#8220;, a cargo del Dr. Bruno Estigarribia, Universidad de Carolina del Norte (EEUU) Haciendo cosas raras. Ciclo de Cine y [&hellip;]<\/p>\n","protected":false},"author":36,"featured_media":0,"parent":0,"menu_order":0,"comment_status":"closed","ping_status":"closed","template":"iesyh.php","meta":{"extendify_custom_stylesheet":""},"_links":{"self":[{"href":"https:\/\/www.fhycs.unam.edu.ar\/portada\/wp-json\/wp\/v2\/pages\/11827"}],"collection":[{"href":"https:\/\/www.fhycs.unam.edu.ar\/portada\/wp-json\/wp\/v2\/pages"}],"about":[{"href":"https:\/\/www.fhycs.unam.edu.ar\/portada\/wp-json\/wp\/v2\/types\/page"}],"author":[{"embeddable":true,"href":"https:\/\/www.fhycs.unam.edu.ar\/portada\/wp-json\/wp\/v2\/users\/36"}],"replies":[{"embeddable":true,"href":"https:\/\/www.fhycs.unam.edu.ar\/portada\/wp-json\/wp\/v2\/comments?post=11827"}],"version-history":[{"count":19,"href":"https:\/\/www.fhycs.unam.edu.ar\/portada\/wp-json\/wp\/v2\/pages\/11827\/revisions"}],"predecessor-version":[{"id":36637,"href":"https:\/\/www.fhycs.unam.edu.ar\/portada\/wp-json\/wp\/v2\/pages\/11827\/revisions\/36637"}],"wp:attachment":[{"href":"https:\/\/www.fhycs.unam.edu.ar\/portada\/wp-json\/wp\/v2\/media?parent=11827"}],"curies":[{"name":"wp","href":"https:\/\/api.w.org\/{rel}","templated":true}]}}