{"id":14505,"date":"2017-05-20T12:06:03","date_gmt":"2017-05-20T15:06:03","guid":{"rendered":"http:\/\/www.fhycs.unam.edu.ar\/portada\/?page_id=14505"},"modified":"2024-03-13T18:41:09","modified_gmt":"2024-03-13T21:41:09","slug":"patfes","status":"publish","type":"page","link":"https:\/\/www.fhycs.unam.edu.ar\/portada\/patfes\/","title":{"rendered":"Programa de Acompa\u00f1amiento a las Trayectorias Formativas de los Estudiantes PATFEs"},"content":{"rendered":"<h2><\/h2>\n<h2>Programa de Acompa\u00f1amiento a las Trayectorias Formativas de los Estudiantes<\/h2>\n<p>Nace en el a\u00f1o 2015 y se propone generar estrategias para dar respuestas articuladas y colaborativas a los problemas de retenci\u00f3n, permanencia y egreso de los estudiantes a trav\u00e9s de la Resol. HCD 169\/15. El mismo articula sus acciones con la Secretar\u00eda de Bienestar Estudiantil, con todas las carreras, las organizaciones estudiantiles y las diversas oficinas de la Facultad de Humanidades y Ciencias Sociales de la UNaM.<\/p>\n<h2>L\u00edneas de Acci\u00f3n<\/h2>\n<p>Este programa se sustenta en cinco l\u00edneas de acci\u00f3n que proporcionan andamiajes necesarios para atravesar el trayecto formativo del estudiante en la universidad. Las l\u00edneas de acci\u00f3n son:<\/p>\n<p>1. Ingreso y permanencia<br \/>\n2. Taller de lectura, escritura y oralidad<br \/>\n3. Tutores pares<br \/>\n4. Articulaci\u00f3n escuela secundaria y universidad<br \/>\n5. Acompa\u00f1amiento en Entornos Virtuales<\/p>\n<p>&nbsp;<\/p>\n<p><strong>Para contactar con<\/strong> PATFEs<\/p>\n<p>Correo: patfes@fhycs.unam.edu.ar \u2013 patfesesttudiantes@gmail.com<\/p>\n<p>Whatsapp: 3764837146<\/p>\n<p><a href=\"https:\/\/www.instagram.com\/patfes.humanidades\">Instagram<\/a><\/p>\n<p><a href=\"https:\/\/www.facebook.com\/profile.php?id=100068563728385\">Facebook<\/a><\/p>\n<p><a href=\"https:\/\/www.linkedin.com\/in\/patfes-fhycs-unam-332457292\/\">Linkedin<\/a><\/p>\n<p><!-- fin del contenido --><\/p>\n","protected":false},"excerpt":{"rendered":"<p>Programa de Acompa\u00f1amiento a las Trayectorias Formativas de los Estudiantes Nace en el a\u00f1o 2015 y se propone generar estrategias para dar respuestas articuladas y colaborativas a los problemas de retenci\u00f3n, permanencia y egreso de los estudiantes a trav\u00e9s de la Resol. HCD 169\/15. El mismo articula sus acciones con la Secretar\u00eda de Bienestar Estudiantil, [&hellip;]<\/p>\n","protected":false},"author":28,"featured_media":35140,"parent":0,"menu_order":0,"comment_status":"closed","ping_status":"closed","template":"tutorespares.php","meta":{"extendify_custom_stylesheet":""},"_links":{"self":[{"href":"https:\/\/www.fhycs.unam.edu.ar\/portada\/wp-json\/wp\/v2\/pages\/14505"}],"collection":[{"href":"https:\/\/www.fhycs.unam.edu.ar\/portada\/wp-json\/wp\/v2\/pages"}],"about":[{"href":"https:\/\/www.fhycs.unam.edu.ar\/portada\/wp-json\/wp\/v2\/types\/page"}],"author":[{"embeddable":true,"href":"https:\/\/www.fhycs.unam.edu.ar\/portada\/wp-json\/wp\/v2\/users\/28"}],"replies":[{"embeddable":true,"href":"https:\/\/www.fhycs.unam.edu.ar\/portada\/wp-json\/wp\/v2\/comments?post=14505"}],"version-history":[{"count":49,"href":"https:\/\/www.fhycs.unam.edu.ar\/portada\/wp-json\/wp\/v2\/pages\/14505\/revisions"}],"predecessor-version":[{"id":35230,"href":"https:\/\/www.fhycs.unam.edu.ar\/portada\/wp-json\/wp\/v2\/pages\/14505\/revisions\/35230"}],"wp:featuredmedia":[{"embeddable":true,"href":"https:\/\/www.fhycs.unam.edu.ar\/portada\/wp-json\/wp\/v2\/media\/35140"}],"wp:attachment":[{"href":"https:\/\/www.fhycs.unam.edu.ar\/portada\/wp-json\/wp\/v2\/media?parent=14505"}],"curies":[{"name":"wp","href":"https:\/\/api.w.org\/{rel}","templated":true}]}}