{"id":1849,"date":"2015-07-30T12:00:53","date_gmt":"2015-07-30T12:00:53","guid":{"rendered":"http:\/\/www.fhycs.unam.edu.ar\/portada\/?page_id=1849"},"modified":"2019-08-21T13:44:37","modified_gmt":"2019-08-21T16:44:37","slug":"becas","status":"publish","type":"page","link":"https:\/\/www.fhycs.unam.edu.ar\/portada\/becas\/","title":{"rendered":"Becas"},"content":{"rendered":"<p>Se recomienda a los estudiantes solicitar las becas a principio de a\u00f1o. Pueden pedirse varias becas en un s\u00f3lo formulario. Es importante tener en cuenta que la beca de albergue est\u00e1 sujeta al cupo en los edificios por lo que es fundamental anticiparse a dicha solicitud durante el mes de marzo aproximadamente.<\/p>\n<p>El formulario de solicitud de becas deber\u00e1 pedirse <strong>personalmente en la Direcci\u00f3n de Bienestar Estudiantil.<\/strong><\/p>\n<h2>Servicios que brinda esta Direcci\u00f3n<\/h2>\n<p>*En planta baja del edificio central de la Facultad de Humanidades y Ciencias Sociales, se encuentran a disposici\u00f3n de\u00a0 los alumnos de esta facultad, la <strong>Dra. Gladys Wagner y el Dr. Oscar Amarilla,\u00a0<\/strong>en los horarios que se detalla a continuaci\u00f3n:<\/p>\n<table style=\"height: 72px; width: 100%; border-collapse: collapse; border-color: #2b2b2b; border-style: solid; background-color: #ffffff;\">\n<tbody>\n<tr style=\"border-color: #ffffff; height: 24px;\">\n<td style=\"width: 16.6667%; border-color: #000000; border-style: solid; height: 24px; background-color: #ffffff; text-align: center;\"><span style=\"color: #000000;\"><strong>HORARIOS<\/strong><\/span><\/td>\n<td style=\"width: 16.6667%; border-color: #000000; border-style: solid; height: 24px; background-color: #ffffff; text-align: center;\"><span style=\"color: #000000;\"><strong>LUNES<\/strong><\/span><\/td>\n<td style=\"width: 16.6667%; border-color: #000000; border-style: solid; height: 24px; background-color: #ffffff; text-align: center;\"><span style=\"color: #000000;\"><strong>MARTES<\/strong><\/span><\/td>\n<td style=\"width: 16.6667%; border-color: #000000; border-style: solid; height: 24px; background-color: #ffffff; text-align: center;\"><span style=\"color: #000000;\"><strong>MIERCOLES<\/strong><\/span><\/td>\n<td style=\"width: 16.6667%; border-color: #000000; border-style: solid; height: 24px; background-color: #ffffff; text-align: center;\"><span style=\"color: #000000;\"><strong>JUEVES<\/strong><\/span><\/td>\n<td style=\"width: 16.6667%; border-color: #000000; border-style: solid; height: 24px; background-color: #ffffff; text-align: center;\"><span style=\"color: #000000;\"><strong>VIERNES<\/strong><\/span><\/td>\n<\/tr>\n<tr style=\"border-color: #000000;\">\n<td style=\"width: 16.6667%; border-color: #000000; border-style: solid; height: 24px; text-align: center;\"><span style=\"color: #000000;\"><strong>10 a 12 Hs.<\/strong><\/span><\/td>\n<td style=\"width: 16.6667%; border-color: #000000; border-style: solid; height: 24px; text-align: center;\"><\/td>\n<td style=\"width: 16.6667%; border-color: #000000; border-style: solid; height: 24px; text-align: center;\"><span style=\"color: #000000;\"><strong>Dr. Oscar Amarilla<\/strong><\/span><\/td>\n<td style=\"width: 16.6667%; border-color: #000000; border-style: solid; height: 24px;\"><\/td>\n<td style=\"width: 16.6667%; border-color: #000000; border-style: solid; height: 24px;\">\n<p style=\"text-align: center;\"><span style=\"color: #000000;\"><strong>Dr. Oscar Amarilla<\/strong><\/span><\/p>\n<\/td>\n<td style=\"width: 16.6667%; border-color: #000000; border-style: solid; height: 24px;\"><\/td>\n<\/tr>\n<tr style=\"border-color: #000000;\">\n<td style=\"width: 16.6667%; border-color: #000000; border-style: solid; height: 24px;\">\n<p style=\"text-align: center;\"><span style=\"color: #000000;\"><strong>15 a 17 Hs.<\/strong><\/span><\/p>\n<\/td>\n<td style=\"width: 16.6667%; border-color: #000000; border-style: solid; height: 24px; text-align: center;\"><span style=\"color: #000000;\"><strong>Dra. Norma Wagner<\/strong><\/span><\/td>\n<td style=\"width: 16.6667%; border-color: #000000; border-style: solid; height: 24px; text-align: center;\"><\/td>\n<td style=\"width: 16.6667%; border-color: #000000; border-style: solid; height: 24px; text-align: center;\"><span style=\"color: #000000;\"><strong>Dra. Norma Wagner<\/strong><\/span><\/td>\n<td style=\"width: 16.6667%; border-color: #000000; border-style: solid; height: 24px;\"><\/td>\n<td style=\"width: 16.6667%; border-color: #000000; border-style: solid; height: 24px;\"><\/td>\n<\/tr>\n<\/tbody>\n<\/table>\n<p>Requisito para ser atendido: Presentar carnet de alumno.<\/p>\n<h2>Becas de la Facultad:<\/h2>\n<h2>Beca de Salud<\/h2>\n<p>Esta beca est\u00e1 destinada a los alumnos que la soliciten y no tengan obra social.<\/p>\n<p>Requisitos:<\/p>\n<ul>\n<li>Certificado de Alumno Regular.<\/li>\n<li>Nota de incorporaci\u00f3n o solicitud de la beca.<\/li>\n<li>&#8220;Negativa&#8221; del ANSES.\u00a0<a href=\"http:\/\/www.anses.gob.ar\/prestacion\/certificacion-negativa-127\" target=\"_blank\" rel=\"noopener noreferrer\">Solicitar aqu\u00ed<\/a><\/li>\n<li>&#8220;Negativa&#8221; del IPS.<\/li>\n<\/ul>\n<h2>Beca de Albergue:<\/h2>\n<p>Requisitos: Presentar nota y solicitud de albergue con la documentaci\u00f3n necesaria para evaluar la misma.<\/p>\n<h2>Apuntes:<\/h2>\n<p>Se otorga a los alumnos que la soliciten y que re\u00fanan los requisitos que se requieren para ser evaluados . (La solicitud puede ser presentada solo a principios de a\u00f1o, generalmente durante el mes de Marzo)<\/p>\n<p>Requisito: Presentar nota de solicitud.<\/p>\n<h2>Guarder\u00eda:<\/h2>\n<p>Destinada s\u00f3lo a alumnas regulares de la facultad con hijos de hasta 5 a\u00f1os. Las solicitudes de beca Guarder\u00eda son analizadas por la Comisi\u00f3n de Becas.<\/p>\n<p>Requisitos:<\/p>\n<ul>\n<li>Certificado de alumno regular.<\/li>\n<li>Certificado de materias aprobadas.<\/li>\n<li>Nota de solicitud de la beca.<\/li>\n<li>Fotocopia de DNI de la madre autenticado por la polic\u00eda o juzgado.<\/li>\n<li>Fotocopia de DNI del ni\u00f1o o de la ni\u00f1a autenticado por la polic\u00eda o juzgado.<\/li>\n<li>Que el menor tenga hasta 5 a\u00f1os de edad inclusive.<\/li>\n<\/ul>\n<h2>Comedor:<\/h2>\n<p>El comedor est\u00e1 destinado a todos los estudiantes regulares de la Facultad de Humanidades y Ciencias Sociales, se encuentra en F\u00e9lix Bogado 2160.<\/p>\n<p>Requisito: Presentar carnet universitario.<\/p>\n<blockquote><p>Todas las becas deben ser solicitadas \u00fanicamente mediante el formulario en la Direcci\u00f3n de Bienestar Estudiantil una vez que los alumnos ingresantes hayan realizado el tr\u00e1mite de inscripci\u00f3n definitiva.<\/p>\n<p>En todos los casos se tendr\u00e1 en cuenta la situaci\u00f3n econ\u00f3mica del alumno y el lugar de donde provienen, as\u00ed como el rendimiento acad\u00e9mico en los alumnos avanzados.<\/p><\/blockquote>\n<p>&nbsp;<\/p>\n","protected":false},"excerpt":{"rendered":"<p>Se recomienda a los estudiantes solicitar las becas a principio de a\u00f1o. Pueden pedirse varias becas en un s\u00f3lo formulario. Es importante tener en cuenta que la beca de albergue est\u00e1 sujeta al cupo en los edificios por lo que es fundamental anticiparse a dicha solicitud durante el mes de marzo aproximadamente. El formulario de [&hellip;]<\/p>\n","protected":false},"author":1,"featured_media":0,"parent":0,"menu_order":0,"comment_status":"open","ping_status":"open","template":"bienestarestudiantil.php","meta":{"extendify_custom_stylesheet":""},"_links":{"self":[{"href":"https:\/\/www.fhycs.unam.edu.ar\/portada\/wp-json\/wp\/v2\/pages\/1849"}],"collection":[{"href":"https:\/\/www.fhycs.unam.edu.ar\/portada\/wp-json\/wp\/v2\/pages"}],"about":[{"href":"https:\/\/www.fhycs.unam.edu.ar\/portada\/wp-json\/wp\/v2\/types\/page"}],"author":[{"embeddable":true,"href":"https:\/\/www.fhycs.unam.edu.ar\/portada\/wp-json\/wp\/v2\/users\/1"}],"replies":[{"embeddable":true,"href":"https:\/\/www.fhycs.unam.edu.ar\/portada\/wp-json\/wp\/v2\/comments?post=1849"}],"version-history":[{"count":19,"href":"https:\/\/www.fhycs.unam.edu.ar\/portada\/wp-json\/wp\/v2\/pages\/1849\/revisions"}],"predecessor-version":[{"id":26872,"href":"https:\/\/www.fhycs.unam.edu.ar\/portada\/wp-json\/wp\/v2\/pages\/1849\/revisions\/26872"}],"wp:attachment":[{"href":"https:\/\/www.fhycs.unam.edu.ar\/portada\/wp-json\/wp\/v2\/media?parent=1849"}],"curies":[{"name":"wp","href":"https:\/\/api.w.org\/{rel}","templated":true}]}}