{"id":2285,"date":"2015-08-10T13:54:40","date_gmt":"2015-08-10T13:54:40","guid":{"rendered":"http:\/\/www.fhycs.unam.edu.ar\/portada\/?page_id=2285"},"modified":"2015-08-10T14:01:47","modified_gmt":"2015-08-10T14:01:47","slug":"circuito-para-la-aprobacion-de-proyectos-de-extension","status":"publish","type":"page","link":"https:\/\/www.fhycs.unam.edu.ar\/portada\/circuito-para-la-aprobacion-de-proyectos-de-extension\/","title":{"rendered":"Circuito para la aprobaci\u00f3n de Proyectos de Extensi\u00f3n"},"content":{"rendered":"<p><img class=\"alignleft wp-image-1266 size-full\" src=\"https:\/\/www.fhycs.unam.edu.ar\/portada\/wp-content\/uploads\/2015\/06\/secretaria_vinculacion.jpg\" alt=\"\" width=\"100%\" srcset=\"https:\/\/www.fhycs.unam.edu.ar\/portada\/wp-content\/uploads\/2015\/06\/secretaria_vinculacion.jpg 800w, https:\/\/www.fhycs.unam.edu.ar\/portada\/wp-content\/uploads\/2015\/06\/secretaria_vinculacion-300x38.jpg 300w\" sizes=\"(max-width: 800px) 100vw, 800px\" \/><\/p>\n<table id=\"tmenu\" width=\"230px\" align=\"right\">\n<tbody>\n<tr>\n<td><strong>Otras Descargas<\/strong><\/td>\n<\/tr>\n<tr>\n<td><a href=\"https:\/\/www.fhycs.unam.edu.ar\/portada\/index.php\/formularios-carrera-docente\/\" target=\"_blank\">\u00bb Formularios <\/a><\/td>\n<\/tr>\n<tr>\n<td><a href=\"https:\/\/www.fhycs.unam.edu.ar\/portada\/index.php\/reglamentos\/\">\u00bb Reglamentos<\/a><\/td>\n<\/tr>\n<tr>\n<td><a href=\"https:\/\/www.fhycs.unam.edu.ar\/portada\/index.php\/direccion-de-postitulos-docentes\/\" target=\"_blank\">\u00bb Post\u00edtulos<\/a><\/td>\n<\/tr>\n<tr>\n<td>\u00a0<a href=\"https:\/\/www.fhycs.unam.edu.ar\/portada\/index.php\/reglamentos\/\">&lt;- Volver<\/a><\/td>\n<\/tr>\n<\/tbody>\n<\/table>\n<table id=\"blanco\">\n<tbody>\n<tr>\n<td>\n<h6 class=\"page-title\" style=\"text-align: left;\"><strong>Circuito para la aprobaci\u00f3n de Proyectos de Extensi\u00f3n<\/strong><\/h6>\n<ul>\n<li style=\"text-align: justify;\">El proyecto debe contar con el aval del Departamento o \u00c1rea.<\/li>\n<li style=\"text-align: justify;\">Presentar una copia impresa a la Secretaria de Extensi\u00f3n y Vinculaci\u00f3n Tecnol\u00f3gica \u00a0por Mesa de Entrada. A su vez se requiere enviar una copia v\u00eda correo electr\u00f3nico o su versi\u00f3n digital, a la Secretaria.<\/li>\n<li style=\"text-align: justify;\">La Direcci\u00f3n Administrativa de la Secretaria de Extensi\u00f3n y Vinculaci\u00f3n Tecnol\u00f3gica \u00a0verifica si re\u00fane los requisitos, ajust\u00e1ndose a la reglamentaci\u00f3n vigente (Resoluci\u00f3n C.S N\u00ba 056\/03), elevando al Sr. Secretario de Extensi\u00f3n (Ver requisitos B\u00e1sicos de Proyecto).<\/li>\n<li style=\"text-align: justify;\">La comisi\u00f3n de Extensi\u00f3n del Consejo Directivo, considera el Proyecto, eval\u00faa y presenta al Consejo Directivo para su aprobaci\u00f3n.<\/li>\n<li style=\"text-align: justify;\">Aprobado el Proyecto por el Consejo Directivo, la Secretaria de Extensi\u00f3n y Vinculaci\u00f3n Tecnol\u00f3gica \u00a0implementa-registra y notifica su Resoluci\u00f3n de Aprobaci\u00f3n al Director del Proyecto.<\/li>\n<li style=\"text-align: justify;\">El Director del Proyecto asume la responsabilidad o se encarga de la ejecuci\u00f3n del Proyecto, atendi\u00e9ndose a lo establecido, por la reglamentaci\u00f3n correspondiente (Resoluci\u00f3n C.S N\u00ba 056\/03).-(implementaci\u00f3n-informe, avance, informe final, certificaciones).<\/li>\n<li style=\"text-align: justify;\">La Secretaria de Extensi\u00f3n y Vinculaci\u00f3n Tecnol\u00f3gica \u00a0efect\u00faa el seguimiento del desarrollo y ejecuci\u00f3n del Proyecto hasta su conclusi\u00f3n final.<\/li>\n<\/ul>\n<\/td>\n<\/tr>\n<\/tbody>\n<\/table>\n","protected":false},"excerpt":{"rendered":"<p>Otras Descargas \u00bb Formularios \u00bb Reglamentos \u00bb Post\u00edtulos \u00a0&lt;- Volver Circuito para la aprobaci\u00f3n de Proyectos de Extensi\u00f3n El proyecto debe contar con el aval del Departamento o \u00c1rea. Presentar una copia impresa a la Secretaria de Extensi\u00f3n y Vinculaci\u00f3n Tecnol\u00f3gica \u00a0por Mesa de Entrada. A su vez se requiere enviar una copia v\u00eda correo [&hellip;]<\/p>\n","protected":false},"author":1,"featured_media":0,"parent":0,"menu_order":0,"comment_status":"open","ping_status":"open","template":"page-sintitular.php","meta":{"extendify_custom_stylesheet":""},"_links":{"self":[{"href":"https:\/\/www.fhycs.unam.edu.ar\/portada\/wp-json\/wp\/v2\/pages\/2285"}],"collection":[{"href":"https:\/\/www.fhycs.unam.edu.ar\/portada\/wp-json\/wp\/v2\/pages"}],"about":[{"href":"https:\/\/www.fhycs.unam.edu.ar\/portada\/wp-json\/wp\/v2\/types\/page"}],"author":[{"embeddable":true,"href":"https:\/\/www.fhycs.unam.edu.ar\/portada\/wp-json\/wp\/v2\/users\/1"}],"replies":[{"embeddable":true,"href":"https:\/\/www.fhycs.unam.edu.ar\/portada\/wp-json\/wp\/v2\/comments?post=2285"}],"version-history":[{"count":11,"href":"https:\/\/www.fhycs.unam.edu.ar\/portada\/wp-json\/wp\/v2\/pages\/2285\/revisions"}],"predecessor-version":[{"id":2297,"href":"https:\/\/www.fhycs.unam.edu.ar\/portada\/wp-json\/wp\/v2\/pages\/2285\/revisions\/2297"}],"wp:attachment":[{"href":"https:\/\/www.fhycs.unam.edu.ar\/portada\/wp-json\/wp\/v2\/media?parent=2285"}],"curies":[{"name":"wp","href":"https:\/\/api.w.org\/{rel}","templated":true}]}}