{"id":2490,"date":"2015-08-19T14:49:39","date_gmt":"2015-08-19T14:49:39","guid":{"rendered":"http:\/\/www.fhycs.unam.edu.ar\/portada\/?page_id=2490"},"modified":"2015-08-19T14:53:50","modified_gmt":"2015-08-19T14:53:50","slug":"maestria-en-desarrollo-rural","status":"publish","type":"page","link":"https:\/\/www.fhycs.unam.edu.ar\/portada\/maestria-en-desarrollo-rural\/","title":{"rendered":"Maestr\u00eda en Desarrollo Rural"},"content":{"rendered":"<p>Se trata de una Maestr\u00eda pluridisciplinar, de car\u00e1cter permanente y modalidad presencial acreditada por la CONEAU.<\/p>\n<p>El t\u00edtulo de <strong>Mag\u00edster en Desarrollo Rural <\/strong>es otorgado por la <strong>Universidad Nacional de Misiones <\/strong>(Res CS 067\/10).<\/p>\n<p>El an\u00e1lisis del desarrollo y de la problem\u00e1tica agraria regional ocupa un lugar destacado en las actividades que desempe\u00f1an los centros cient\u00edficos y acad\u00e9micos de la regi\u00f3n NEA (Universidades Nacionales, INTA y CONICET).<\/p>\n<p>La problematizaci\u00f3n general del concepto de desarrollo, la discusi\u00f3n de los efectos sociales y ambientales de los modelos productivos, y la b\u00fasqueda de alternativas tecnol\u00f3gicas adaptadas a las caracter\u00edsticas de los agricultores familiares, conducen a la necesidad de considerar cr\u00edticamente el desarrollo como una construcci\u00f3n hist\u00f3rico-social.<\/p>\n<p>La Maestr\u00eda en Desarrollo Rural propone constituir un espacio para abordar la problem\u00e1tica de la agricultura conociendo la perspectiva de los sujetos sociales, as\u00ed como la construcci\u00f3n de estrategias de intervenci\u00f3n y de conocimiento del complejo entramado institucional y productivo de los territorios en los que se materializa el desarrollo, en especial de la regi\u00f3n NEA, poniendo en juego al mismo tiempo herramientas y marcos conceptuales de alcance m\u00e1s general.<\/p>\n<blockquote><p><strong>Objetivos:<\/strong><\/p><\/blockquote>\n<ol>\n<li>\n<blockquote><p>formar a nivel de posgrado a profesionales vinculados al \u00e1mbito agropecuario<\/p><\/blockquote>\n<\/li>\n<li>\n<blockquote><p>integrar el aporte de las distintas disciplinas que confluyen en la problem\u00e1tica del desarrollo rural desde una perspectiva de investigaci\u00f3n y desarrollo,<\/p><\/blockquote>\n<\/li>\n<li>\n<blockquote><p>estimular la reflexi\u00f3n sobre y el dise\u00f1o de instrumentos de planificaci\u00f3n, monitoreo y evaluaci\u00f3n orientados a mejorar las condiciones de reproducci\u00f3n social de la agricultura familiar.<\/p><\/blockquote>\n<\/li>\n<\/ol>\n<p>Con una organizaci\u00f3n <strong>semi estructurada<\/strong>, para dar cabida a diversas perspectivas vinculadas con el desarrollo rural, se trabajar\u00e1 en 14 m\u00f3dulos, agrupados en 5 ejes tem\u00e1ticos.<\/p>\n<p>La secuencia de dictado de los m\u00f3dulos se iniciar\u00e1 con el m\u00f3dulo <strong>Metodolog\u00edas de la Investigaci\u00f3n Social<\/strong>; de este modo, los alumnos contar\u00e1n con conocimientos fundamentales de metodolog\u00eda de la investigaci\u00f3n para iniciar posteriormente el cursado del <strong>Taller de Tesis<\/strong><\/p>\n<p>Los m\u00f3dulos son secuenciales y no tienen correlatividades, excepto el <strong>Seminario de Integraci\u00f3n <\/strong>para cuyo cursado es necesario haber aprobado al menos 5 m\u00f3dulos.<\/p>\n<p><strong>M\u00f3dulos:<\/strong><\/p>\n<ul>\n<li>Los m\u00f3dulos comprenden cursos intensivos presenciales (4 d\u00edas, ma\u00f1ana y tarde) una vez por mes, con asistencia de 75 %, lecturas previas, y evaluaci\u00f3n posterior (que ser\u00e1 indicada en cada m\u00f3dulo).<\/li>\n<li>El <strong>taller de tesis <\/strong>se dictar\u00e1 los d\u00edas s\u00e1bados de la semana en la que se dictan otros m\u00f3dulos. Se centrar\u00e1 en la elecci\u00f3n de un tema de investigaci\u00f3n, la problematizaci\u00f3n del mismo, la construcci\u00f3n del objeto y la formulaci\u00f3n del proyecto de tesis<\/li>\n<li>El <strong>Seminario Integrador <\/strong>ser\u00e1 un espacio de vinculaci\u00f3n de las distintas perspectivas disciplinarias y de los contenidos desarrollados en los diferentes m\u00f3dulos, con \u00e9nfasis en la aplicaci\u00f3n al an\u00e1lisis de problem\u00e1ticas regionales.<\/li>\n<li>La elaboraci\u00f3n de Tesis <strong>incluye horas de tutor\u00eda y de investigaci\u00f3n.<\/strong><\/li>\n<li>La <strong>Tesis de Maestr\u00eda <\/strong>consiste en un trabajo original e individual, que contribuya a la producci\u00f3n de conocimientos sobre el desarrollo rural y deber\u00e1 desarrollarse paralelamente al cursado de los m\u00f3dulos.<\/li>\n<\/ul>\n<table width=\"100%\">\n<tbody>\n<tr>\n<td width=\"479\">M\u00f3dulo<\/td>\n<td width=\"83\">Horas<\/td>\n<\/tr>\n<tr>\n<td><strong>1. Ciencias Agropecuarias y Extensi\u00f3n.<\/strong><\/td>\n<td><strong>120hs<\/strong><\/td>\n<\/tr>\n<tr>\n<td>I. Sociedad y Ambiente.<\/td>\n<td>30hs<\/td>\n<\/tr>\n<tr>\n<td>II. Sistemas de Producci\u00f3n.<\/td>\n<td>30hs<\/td>\n<\/tr>\n<tr>\n<td>III. Tecnolog\u00eda y Sustentabilidad<\/td>\n<td>30hs<\/td>\n<\/tr>\n<tr>\n<td>IV. Asistencia, transferencia y extensi\u00f3n rural.<\/td>\n<td>30hs<\/td>\n<\/tr>\n<tr>\n<td><strong>2. Metodolog\u00edas de la Investigaci\u00f3n y Gesti\u00f3n de procesos de Desarrollo Rural<\/strong><\/td>\n<td><strong>120hs<\/strong><\/td>\n<\/tr>\n<tr>\n<td>V. Metodolog\u00edas de la Investigaci\u00f3n Social.<\/td>\n<td>60hs<\/td>\n<\/tr>\n<tr>\n<td>VI. M\u00e9todos Participativos de Diagn\u00f3stico, Monitoreo y Evaluaci\u00f3n.<\/td>\n<td>60hs<\/td>\n<\/tr>\n<tr>\n<td><strong>3. Sociolog\u00eda y antropolog\u00eda rurales, teor\u00edas del desarrollo e historia agraria<\/strong><\/td>\n<td><strong>120hs<\/strong><\/td>\n<\/tr>\n<tr>\n<td>VII. Sociolog\u00eda y Antropolog\u00eda rurales<\/td>\n<td>60hs<\/td>\n<\/tr>\n<tr>\n<td>VIII. Teor\u00edas del Desarrollo Rural<\/td>\n<td>30hs<\/td>\n<\/tr>\n<tr>\n<td>IX. Historia Agraria y Econ\u00f3mica Regional (NEA)<\/td>\n<td>30hs<\/td>\n<\/tr>\n<tr>\n<td><strong>4. Econom\u00eda Rural<\/strong><\/td>\n<td><strong>120hs<\/strong><\/td>\n<\/tr>\n<tr>\n<td>X. Econom\u00eda Pol\u00edtica<\/td>\n<td>60hs<\/td>\n<\/tr>\n<tr>\n<td>XI. Econom\u00eda Agropecuaria<\/td>\n<td>30hs<\/td>\n<\/tr>\n<tr>\n<td>XII. Planificaci\u00f3n y Gesti\u00f3n<\/td>\n<td>30hs<\/td>\n<\/tr>\n<tr>\n<td><strong>5. Integraci\u00f3n Transversal<\/strong><\/td>\n<td><strong>60hs<\/strong><\/td>\n<\/tr>\n<tr>\n<td>XIII. Taller de Tesis<\/td>\n<td>30hs<\/td>\n<\/tr>\n<tr>\n<td>XIV. Seminario de Integraci\u00f3n<\/td>\n<td>30hs<\/td>\n<\/tr>\n<tr>\n<td><strong>Elaboraci\u00f3n de Tesis<\/strong><\/td>\n<td><strong>200hs<\/strong><\/td>\n<\/tr>\n<tr>\n<td><strong><em>Total<\/em><\/strong><\/td>\n<td><strong><em>740hs<\/em><\/strong><\/td>\n<\/tr>\n<\/tbody>\n<\/table>\n<p><strong>Alumnos<\/strong><\/p>\n<p>La postulaci\u00f3n est\u00e1 abierta a egresados de carreras de grado, con prioridad en <strong>Ciencias Sociales <\/strong>y en <strong>Ciencias Agropecuarias<\/strong>.<\/p>\n<p>El Comit\u00e9 Acad\u00e9mico evaluar\u00e1 las solicitudes y los antecedentes de los postulantes a ingresar y ofrecer\u00e1 Encuentros Preparatorios en Problem\u00e1ticas Sociales y\/o Agropecuarias a quienes tengan carencias en estos campos y deban realizar la Evaluaci\u00f3n de Conocimientos B\u00e1sicos.<\/p>\n<p><strong>\u00a0<\/strong><\/p>\n<p><strong>Alumnos Regulares: <\/strong>inscriptos, que manifiesten la intenci\u00f3n de cursar el plan de estudios previsto. Los alumnos regulares pagar\u00e1n una matr\u00edcula anual, y aranceles <strong>mensuales.<\/strong><\/p>\n<p><strong>\u00a0<\/strong><\/p>\n<p><strong>Alumnos Independientes: <\/strong>Recibir\u00e1n un certificado de aprobaci\u00f3n del curso de posgrado correspondiente. No pagan matr\u00edcula, s\u00f3lo el arancel de cada curso.<\/p>\n<p>&nbsp;<\/p>\n<p><strong>Para Informes e Inscripciones:<\/strong><\/p>\n<p>Maestr\u00eda en Desarrollo Rural. Anexo de la<a href=\"https:\/\/www.fhycs.unam.edu.ar\/portada\/index.php\/secretaria-de-investigacion-y-postgrado\/\"> Secretar\u00eda de Investigaci\u00f3n y Posgrado<\/a>.<\/p>\n<p>Correos electr\u00f3nicos: <a href=\"mailto:drural@invs.unam.edu.ar\">drural@invs.unam.edu.ar<\/a> \/ <a href=\"mailto:maestria.rural.unam@gmail.com\">maestria.rural.unam@gmail.com<\/a><\/p>\n","protected":false},"excerpt":{"rendered":"<p>Se trata de una Maestr\u00eda pluridisciplinar, de car\u00e1cter permanente y modalidad presencial acreditada por la CONEAU. El t\u00edtulo de Mag\u00edster en Desarrollo Rural es otorgado por la Universidad Nacional de Misiones (Res CS 067\/10). El an\u00e1lisis del desarrollo y de la problem\u00e1tica agraria regional ocupa un lugar destacado en las actividades que desempe\u00f1an los centros [&hellip;]<\/p>\n","protected":false},"author":1,"featured_media":0,"parent":0,"menu_order":0,"comment_status":"open","ping_status":"open","template":"","meta":{"extendify_custom_stylesheet":""},"_links":{"self":[{"href":"https:\/\/www.fhycs.unam.edu.ar\/portada\/wp-json\/wp\/v2\/pages\/2490"}],"collection":[{"href":"https:\/\/www.fhycs.unam.edu.ar\/portada\/wp-json\/wp\/v2\/pages"}],"about":[{"href":"https:\/\/www.fhycs.unam.edu.ar\/portada\/wp-json\/wp\/v2\/types\/page"}],"author":[{"embeddable":true,"href":"https:\/\/www.fhycs.unam.edu.ar\/portada\/wp-json\/wp\/v2\/users\/1"}],"replies":[{"embeddable":true,"href":"https:\/\/www.fhycs.unam.edu.ar\/portada\/wp-json\/wp\/v2\/comments?post=2490"}],"version-history":[{"count":4,"href":"https:\/\/www.fhycs.unam.edu.ar\/portada\/wp-json\/wp\/v2\/pages\/2490\/revisions"}],"predecessor-version":[{"id":2498,"href":"https:\/\/www.fhycs.unam.edu.ar\/portada\/wp-json\/wp\/v2\/pages\/2490\/revisions\/2498"}],"wp:attachment":[{"href":"https:\/\/www.fhycs.unam.edu.ar\/portada\/wp-json\/wp\/v2\/media?parent=2490"}],"curies":[{"name":"wp","href":"https:\/\/api.w.org\/{rel}","templated":true}]}}