{"id":2508,"date":"2015-08-19T15:22:53","date_gmt":"2015-08-19T15:22:53","guid":{"rendered":"http:\/\/www.fhycs.unam.edu.ar\/portada\/?page_id=2508"},"modified":"2016-03-04T10:20:23","modified_gmt":"2016-03-04T10:20:23","slug":"especializacion-en-abordaje-familiar-integral","status":"publish","type":"page","link":"https:\/\/www.fhycs.unam.edu.ar\/portada\/especializacion-en-abordaje-familiar-integral\/","title":{"rendered":"Especializaci\u00f3n en Abordaje Familiar Integral"},"content":{"rendered":"<table>\n<tbody>\n<tr>\n<td width=\"50%\">\n<table width=\"100%\">\n<tbody>\n<tr>\n<td><strong>Tipo de Postgrado:<\/strong><\/td>\n<td>Especializaci\u00f3n en Abordaje Familiar Integral<\/td>\n<\/tr>\n<tr>\n<td><strong>Certificado que otorga: <\/strong><\/td>\n<td><b><\/b><span lang=\"ES-AR\">Especialista en Abordaje Familiar Integral<\/span><\/td>\n<\/tr>\n<tr>\n<td><strong>Director\/a: <\/strong><\/td>\n<td>Mgter. Zulma Cabrera<\/td>\n<\/tr>\n<tr>\n<td><strong>Correo electr\u00f3nico: <\/strong><\/td>\n<td><a href=\"mailto:fliageneroyddhh@hotmail.com\">fliageneroyddhh@hotmail.com<\/a><\/td>\n<\/tr>\n<tr>\n<td><strong>Requisitos de Admisi\u00f3n: <\/strong><\/td>\n<td>\n<ul>\n<li>Nota de solicitud de inscripci\u00f3n dirigida al comit\u00e9 acad\u00e9mico de la carrera.<\/li>\n<li>3 fotos carnet, fondo celeste 3&#215;3.<\/li>\n<li>Fotocopia de DNI (1y2 hoja)<\/li>\n<li>Fotocopia del t\u00edtulo de grado.<\/li>\n<li>Abono de inscripci\u00f3n.<\/li>\n<\/ul>\n<\/td>\n<\/tr>\n<tr>\n<td><strong>Carga horaria total:<\/strong><\/td>\n<td><b>\u00a0 <\/b><span style=\"color: #000000;\">18<\/span><span style=\"color: #000000;\"> meses. 450hs &#8211; 45 Cr\u00e9ditos<br \/>\n<\/span><\/td>\n<\/tr>\n<\/tbody>\n<\/table>\n<\/td>\n<td><img loading=\"lazy\" class=\"alignleft wp-image-2516 size-full\" src=\"https:\/\/www.fhycs.unam.edu.ar\/portada\/wp-content\/uploads\/2015\/08\/abordaje_familiar_integral.jpg\" alt=\"\" width=\"400\" height=\"550\" srcset=\"https:\/\/www.fhycs.unam.edu.ar\/portada\/wp-content\/uploads\/2015\/08\/abordaje_familiar_integral.jpg 400w, https:\/\/www.fhycs.unam.edu.ar\/portada\/wp-content\/uploads\/2015\/08\/abordaje_familiar_integral-218x300.jpg 218w\" sizes=\"(max-width: 400px) 100vw, 400px\" \/><\/td>\n<\/tr>\n<\/tbody>\n<\/table>\n<h6>\u00a0Objetivos:<\/h6>\n<ol>\n<li>Contribuir a la construcci\u00f3n de perspectivas integrales y complejas, en torno a los procesos sociales contempor\u00e1neos y su incidencia en la vida cotidiana de las familias.<\/li>\n<li>Promover la comprensi\u00f3n de las organizaciones familiares, en clave de g\u00e9nero y derechos humanos.<\/li>\n<li>Fortalecer conocimientos y habilidades para el trabajo con familias en el marco de los nuevos escenarios del ejercicio profesional.<\/li>\n<\/ol>\n<h6><span lang=\"ES-AR\">Actividades curriculares y docentes a cargo<\/span><\/h6>\n<table width=\"100%\">\n<tbody>\n<tr>\n<td><\/td>\n<td>Nombre de la actividad Curricular<\/td>\n<td>Car\u00e1cter<\/td>\n<td>Carga Horaria<\/td>\n<td>Cr\u00e9ditos<\/td>\n<\/tr>\n<tr>\n<td>1<\/td>\n<td>M\u00f3dulo 1: Transformaciones contempor\u00e1neas, tramas sociales y actores<\/td>\n<td>Obligatoria<\/td>\n<td>50hs<\/td>\n<td>5<\/td>\n<\/tr>\n<tr>\n<td>2<\/td>\n<td>M\u00f3dulo 2: Estado, Sociedad y Vida Cotidiana<\/td>\n<td>Obligatoria<\/td>\n<td>50hs<\/td>\n<td>5<\/td>\n<\/tr>\n<tr>\n<td>3<\/td>\n<td>M\u00f3dulo 3: Perspectivas sociol\u00f3gicas, antropol\u00f3gicas, psicol\u00f3gicas, y jur\u00eddica e intervenci\u00f3n con familias.<\/td>\n<td>Obligatoria<\/td>\n<td>50hs<\/td>\n<td>5<\/td>\n<\/tr>\n<tr>\n<td>4<\/td>\n<td>M\u00f3dulo 4: Intervenci\u00f3n con familias en diversos \u00e1mbitos y espacios<\/td>\n<td>Obligatoria<\/td>\n<td>50hs<\/td>\n<td>5<\/td>\n<\/tr>\n<tr>\n<td>5<\/td>\n<td>Seminario: Familias y Educaci\u00f3n: relaciones en contextos socioculturales<\/td>\n<td>Optativo<\/td>\n<td>30hs<\/td>\n<td>3<\/td>\n<\/tr>\n<tr>\n<td>6<\/td>\n<td>Seminario: Familias y Violencias<\/td>\n<td>Optativo<\/td>\n<td>30hs<\/td>\n<td>3<\/td>\n<\/tr>\n<tr>\n<td>7<\/td>\n<td>Seminario: Derechos sexuales y reproductivos<\/td>\n<td>Optativo<\/td>\n<td>30hs<\/td>\n<td>3<\/td>\n<\/tr>\n<tr>\n<td>8<\/td>\n<td>Seminario: Familias, Justicia y Derechos Humanos<\/td>\n<td>Optativo<\/td>\n<td>30hs<\/td>\n<td>3<\/td>\n<\/tr>\n<tr>\n<td>9<\/td>\n<td>Seminario: Familias y Comunicaci\u00f3n: entre Medios y Mediaciones<\/td>\n<td>Optativo<\/td>\n<td>30hs<\/td>\n<td>3<\/td>\n<\/tr>\n<tr>\n<td>10<\/td>\n<td>Seminario: Trayectorias Familiares: infancia, adolescencia, juventud, adultez, vejez<\/td>\n<td>Optativo<\/td>\n<td>30hs<\/td>\n<td>3<\/td>\n<\/tr>\n<tr>\n<td>11<\/td>\n<td>Taller de Integraci\u00f3n<\/td>\n<td>Obligatorio<\/td>\n<td>30hs<\/td>\n<td>3<\/td>\n<\/tr>\n<tr>\n<td>12<\/td>\n<td>Pr\u00e1ctica de Formaci\u00f3n profesional<\/td>\n<td>Obligatorio<\/td>\n<td>80hs<\/td>\n<td>8<\/td>\n<\/tr>\n<tr>\n<td>13<\/td>\n<td>Trabajo Final Integrador<\/td>\n<td>Obligatorio<\/td>\n<td>80hs<\/td>\n<td>8<\/td>\n<\/tr>\n<tr>\n<td><\/td>\n<td>Total<\/td>\n<td><\/td>\n<td>450hs<\/td>\n<td>45<\/td>\n<\/tr>\n<\/tbody>\n<\/table>\n<p>&nbsp;<\/p>\n<ul>\n<li><strong><u>Comit\u00e9 acad\u00e9mico<\/u><\/strong><\/li>\n<\/ul>\n<p>Sus integrantes son:<\/p>\n<ul>\n<li>Magister Griselda Ferrero<\/li>\n<li>Magister Nelly Balmaceda<\/li>\n<li>Magister Manuela Gonzalez<\/li>\n<li>Magister Alicia Genolet<\/li>\n<\/ul>\n<p>&nbsp;<\/p>\n<ul>\n<li><strong><u>Comit\u00e9 Asesor<\/u><\/strong><\/li>\n<\/ul>\n<p>Sus integrantes son:<\/p>\n<ul>\n<li>Magister Elo\u00edsa de Jong<\/li>\n<li>Doctora Graciela Di Marco<\/li>\n<li>Doctora M\u00f3nica Tarducci<\/li>\n<\/ul>\n<p>&nbsp;<\/p>\n<p><strong>Condiciones de ingreso:<\/strong><\/p>\n<ul>\n<li>Nota de solicitud de inscripci\u00f3n dirigida al Comit\u00e9 Acad\u00e9mico de la carrera<\/li>\n<li>Fotos carnet (3)<\/li>\n<li>Copia del T\u00edtulo Universitario debidamente legalizado. Los alumnos egresados de Universidades extranjeras deber\u00e1n legalizar el t\u00edtulo en el Ministerio de Relaciones Exteriores y en el Consulado Argentino de su pa\u00eds de origen. Asimismo podr\u00e1n solicitar su admisi\u00f3n, aquellos que posean t\u00edtulos de estudios superiores no universitarios cuyas carreras sean de un m\u00ednimo de cuatro a\u00f1os, en el marco de normado en la Ley N\u00ba 754.<\/li>\n<\/ul>\n<p><strong>INFORMES E INSCRIPCIONES<\/strong><\/p>\n<p>En el Edificio Anexo de la FHyCS-UNaM, por calle San Lorenzo 2551 -casi Mitre- de Posadas, Mnes (Planta baja, primera oficina a la izquierda).<\/p>\n<p>Tel\u00e9fono. 0376-4431120<\/p>\n","protected":false},"excerpt":{"rendered":"<p>Tipo de Postgrado: Especializaci\u00f3n en Abordaje Familiar Integral Certificado que otorga: Especialista en Abordaje Familiar Integral Director\/a: Mgter. Zulma Cabrera Correo electr\u00f3nico: fliageneroyddhh@hotmail.com Requisitos de Admisi\u00f3n: Nota de solicitud de inscripci\u00f3n dirigida al comit\u00e9 acad\u00e9mico de la carrera. 3 fotos carnet, fondo celeste 3&#215;3. Fotocopia de DNI (1y2 hoja) Fotocopia del t\u00edtulo de grado. Abono [&hellip;]<\/p>\n","protected":false},"author":1,"featured_media":0,"parent":0,"menu_order":0,"comment_status":"open","ping_status":"open","template":"","meta":{"extendify_custom_stylesheet":""},"_links":{"self":[{"href":"https:\/\/www.fhycs.unam.edu.ar\/portada\/wp-json\/wp\/v2\/pages\/2508"}],"collection":[{"href":"https:\/\/www.fhycs.unam.edu.ar\/portada\/wp-json\/wp\/v2\/pages"}],"about":[{"href":"https:\/\/www.fhycs.unam.edu.ar\/portada\/wp-json\/wp\/v2\/types\/page"}],"author":[{"embeddable":true,"href":"https:\/\/www.fhycs.unam.edu.ar\/portada\/wp-json\/wp\/v2\/users\/1"}],"replies":[{"embeddable":true,"href":"https:\/\/www.fhycs.unam.edu.ar\/portada\/wp-json\/wp\/v2\/comments?post=2508"}],"version-history":[{"count":9,"href":"https:\/\/www.fhycs.unam.edu.ar\/portada\/wp-json\/wp\/v2\/pages\/2508\/revisions"}],"predecessor-version":[{"id":4792,"href":"https:\/\/www.fhycs.unam.edu.ar\/portada\/wp-json\/wp\/v2\/pages\/2508\/revisions\/4792"}],"wp:attachment":[{"href":"https:\/\/www.fhycs.unam.edu.ar\/portada\/wp-json\/wp\/v2\/media?parent=2508"}],"curies":[{"name":"wp","href":"https:\/\/api.w.org\/{rel}","templated":true}]}}