{"id":25578,"date":"2019-05-03T16:29:08","date_gmt":"2019-05-03T19:29:08","guid":{"rendered":"http:\/\/www.fhycs.unam.edu.ar\/portada\/?page_id=25578"},"modified":"2019-11-27T08:50:42","modified_gmt":"2019-11-27T11:50:42","slug":"programa-de-postitulo-docente-en-educacion-sexual-integral-debates-y-actualizaciones-pedagogicas","status":"publish","type":"page","link":"https:\/\/www.fhycs.unam.edu.ar\/portada\/programa-de-postitulo-docente-en-educacion-sexual-integral-debates-y-actualizaciones-pedagogicas\/","title":{"rendered":"Programa de Post\u00edtulo Docente en educaci\u00f3n sexual integral: debates y actualizaciones pedag\u00f3gicas"},"content":{"rendered":"<table style=\"width: 107.888%; height: 456px;\">\n<tbody>\n<tr style=\"height: 79px;\">\n<td style=\"width: 19.2276%; height: 79px;\"><strong>Tipo de Post\u00edtulo<\/strong><\/td>\n<td style=\"width: 34.3072%; height: 79px;\"><span style=\"font-weight: 400;\">Programa de Post\u00edtulo<\/span><\/td>\n<td style=\"height: 79px; width: 114.623%;\" rowspan=\"7\"><img loading=\"lazy\" class=\"alignnone  wp-image-27953\" src=\"https:\/\/www.fhycs.unam.edu.ar\/portada\/wp-content\/uploads\/2019\/11\/DESTACADA_POS_ESI-212x300.png\" alt=\"\" width=\"481\" height=\"681\" srcset=\"https:\/\/www.fhycs.unam.edu.ar\/portada\/wp-content\/uploads\/2019\/11\/DESTACADA_POS_ESI-212x300.png 212w, https:\/\/www.fhycs.unam.edu.ar\/portada\/wp-content\/uploads\/2019\/11\/DESTACADA_POS_ESI.png 595w\" sizes=\"(max-width: 481px) 100vw, 481px\" \/><\/td>\n<\/tr>\n<tr style=\"height: 71px;\">\n<td style=\"width: 19.2276%; height: 71px;\"><strong>Certificado que otorga<\/strong><\/td>\n<td style=\"width: 34.3072%; height: 71px;\"><span style=\"font-weight: 400;\">Diplomatura Superior 660 Hs. Reloj<\/span><\/p>\n<p><span style=\"font-weight: 400;\">Especializaci\u00f3n Superior 400 Hs. Reloj<\/span><\/p>\n<p><span style=\"font-weight: 400;\">Actualizaci\u00f3n Acad\u00e9mica 200 hs. Reloj<\/span><\/td>\n<\/tr>\n<tr style=\"height: 54px;\">\n<td style=\"width: 19.2276%; height: 54px;\"><strong>Coordinador Responsable <\/strong><\/td>\n<td style=\"width: 34.3072%; height: 54px;\" width=\"216\"><span style=\"font-weight: 400;\">Directora Mgter. Zulma Fabiana Cabrera<\/span><\/td>\n<\/tr>\n<tr style=\"height: 63px;\">\n<td style=\"width: 19.2276%; height: 63px;\"><strong>Requisitos de Admisi\u00f3n<\/strong><\/td>\n<td style=\"width: 34.3072%; height: 63px;\"><span style=\"font-weight: 400;\">Poseer t\u00edtulo docente universitario o terciario no universitario habilitado para ejercer la docencia.<\/span><\/p>\n<p><span style=\"font-weight: 400;\">Pertenecer o haber ejercido en establecimientos educativos p\u00fablicos o privados, en los cargos de director, regente, docente, preceptor, o como integrantes de gabinetes psicopedag\u00f3gicos, presentando constancia emitida por la autoridad superior del establecimiento respectivo (no excluyente).<\/span><\/p>\n<p>&nbsp;<\/p>\n<p><span style=\"font-weight: 400;\">Cumplimiento de los requisitos en la Ordenanza CS N\u00b0 062\/10.<\/span><\/td>\n<\/tr>\n<tr style=\"height: 76px;\">\n<td style=\"width: 19.2276%; height: 76px;\"><strong>Carga horaria total<\/strong><\/td>\n<td style=\"width: 34.3072%; height: 76px;\">\n<ul style=\"list-style-type: square;\">\n<li><span style=\"font-weight: 400;\">60 hs reloj total<\/span><\/li>\n<li>El curso se plantea para un a\u00f1o lectivo a partir del desarrollo de instancias presenciales y semi-presenciales.<\/li>\n<li>Las primeras ser\u00e1n de 12 clases de 3 hs. para el abordaje de los contenidos previstos en los diferentes tramos curriculares.<\/li>\n<li>As\u00ed como tutor\u00edas grupales para los trabajos finales por tramo.<\/li>\n<li>Las instancias semi-presenciales consistir\u00e1n en foros virtuales de discusi\u00f3n, aportes, acompa\u00f1amiento en el proceso formativo y elaboraci\u00f3n de trabajos por tramos, as\u00ed como a trav\u00e9s de tutor\u00edas v\u00eda aula virtual.<\/li>\n<\/ul>\n<\/td>\n<\/tr>\n<tr style=\"height: 63px;\">\n<td style=\"width: 19.2276%; height: 63px;\"><strong>Destinado<\/strong><\/td>\n<td style=\"width: 34.3072%; height: 63px;\"><span style=\"font-weight: 400;\">Docentes, profesores\/as del sistema provincial de ense\u00f1anza en sus diferentes niveles, preceptores, profesionales que trabajan en proyectos de abordaje de educaci\u00f3n, sexualidad, g\u00e9nero y generaciones, en equipos interdisciplinarios escolares.<\/span><\/td>\n<\/tr>\n<tr style=\"height: 50px;\">\n<td style=\"width: 19.2276%; height: 50px;\"><b>Inicio<\/b><\/td>\n<td style=\"width: 34.3072%; height: 50px;\"><span style=\"font-weight: 400;\">Inicio<\/span> <span style=\"font-weight: 400;\">Inicio 09 de mayo Obera<\/span><\/p>\n<p><span style=\"font-weight: 400;\">Inicio 10 de\u00a0 mayo Posadas<\/span><\/p>\n<p><span style=\"font-weight: 400;\">Inicio 14 de mayo A. del Valle<\/span><\/p>\n<p>&nbsp;<\/td>\n<\/tr>\n<\/tbody>\n<\/table>\n<p style=\"text-align: justify;\"><strong>Fundamentaci\u00f3n<\/strong><\/p>\n<p style=\"text-align: justify;\">Esta propuesta acad\u00e9mica plantea un esquema abierto para desarrollar la educaci\u00f3n para la sexualidad, pues proporciona herramientas para elaborar una estrategia de abordaje de la sexualidad en diferentes contextos de interacci\u00f3n (escuelas, centros de salud, jardines de infantes, centros comunitarios, clubes entre otros).<\/p>\n<p style=\"text-align: justify;\">Ante la prioridad que esta tem\u00e1tica representa, la Facultad de Humanidades y Ciencias Sociales como espacio universitario viene asumiendo la responsabilidad de trabajar de modo sostenido, desde diversas experiencias (de capacitaci\u00f3n, extensi\u00f3n e investigaci\u00f3n, como tambi\u00e9n de voluntariado universitario) en este desaf\u00edo. Esta propuesta de capacitaci\u00f3n surge tomando como referencia las experiencias anteriores y los recursos humanos con experticias particulares que se han venido formando en este campo. De ese modo el equipo de trabajo se presenta con car\u00e1cter multidisciplinario, incorporando docentes, graduados y otros profesionales del medio convocados a tal fin. La legislaci\u00f3n imperante instituye un marco central y orientativo sobre la direccionalidad que este proceso debe tener. Y por ello creemos central e importante contribuir a la instrumentaci\u00f3n de las pol\u00edticas p\u00fablicas en su amplio potencial. Esta propuesta es una l\u00ednea m\u00e1s, entre otras ya ejecutadas desde la Facultad de Humanidades y Ciencias Sociales, en la regi\u00f3n del NEA.<\/p>\n<p style=\"text-align: justify;\"><strong>\u00a0<\/strong><\/p>\n<p style=\"text-align: justify;\"><strong>Objetivos <\/strong><\/p>\n<ul>\n<li style=\"text-align: justify;\">Analizar y reflexionar acerca de los elementos constitutivos de la sexualidad en el campo educativo.<\/li>\n<li style=\"text-align: justify;\">Revisar las disposiciones individuales y contextuales para el abordaje de los temas de sexualidad.<\/li>\n<li style=\"text-align: justify;\">Incentivar la elaboraci\u00f3n de estrategias formativas para el desarrollo de la sexualidad en diversos contextos educativos.<\/li>\n<li style=\"text-align: justify;\">Promover la conformaci\u00f3n de grupos de trabajo interdisciplinarios para garantizar un abordaje integral de la sexualidad desde una perspectiva de g\u00e9nero y derechos humanos en los establecimientos educativos de los diferentes niveles (inicial, primaria y secundaria).<\/li>\n<\/ul>\n<blockquote>\n<blockquote>\n<h4><span style=\"color: #008080;\"><strong>INFORMES E INSCRIPCIONES: <\/strong><\/span><\/h4>\n<p>Correo: <strong>dirpostitulosfhycs@gmail.com<\/strong><\/p>\n<p>Secretar\u00eda de Extensi\u00f3n y Vinculaci\u00f3n Tecnol\u00f3gica de la FHyCS.<br \/>\nCalle Col\u00f3n 2368 \u00a0&#8211;\u00a0Tel: 054-376-4434344 Interno: 138<\/p><\/blockquote>\n<\/blockquote>\n<table style=\"width: 1139px; height: 83px;\">\n<tbody>\n<tr style=\"height: 80px;\">\n<td style=\"width: 1129px; text-align: center; height: 80px;\">\n<h3 style=\"text-align: left;\"><a href=\"https:\/\/docs.google.com\/forms\/d\/e\/1FAIpQLSctlkRMI2atUcn-2Qk6ZMqlW0qdK9V_caRHxssGXPy4THxyGg\/viewform?usp=sf_link\" target=\"_blank\" rel=\"noopener noreferrer\"><strong><span style=\"color: #008080;\">\u00a0 \u00a0 \u00a0 \u00a0 \u00a0 \u00a0 \u00a0 \u00a0 \u00a0 \u00a0 \u00a0 \u00a0 \u00a0 \u00a0 \u00a0 \u00a0 \u00a0 \u00a0 \u00a0 \u00a0 \u00a0 \u00a0 \u00a0 \u00a0 \u00a0 \u00a0 \u00a0 \u00a0 \u00a0 \u00a0 \u00a0 \u00a0 \u00a0 \u00a0 \u00a0 \u00a0 \u00a0 \u00a0 \u00a0 Pre inscripci\u00f3n<\/span><\/strong><\/a><\/h3>\n<\/td>\n<\/tr>\n<\/tbody>\n<\/table>\n<blockquote>\n<h5><\/h5>\n<h5 style=\"text-align: center;\"><span style=\"color: #333333;\"><strong>Para poder hacer la inscripci\u00f3n definitiva deben descargar los siguientes formularios<\/strong><\/span><\/h5>\n<table style=\"height: 23px;\" width=\"816\">\n<tbody>\n<tr>\n<td style=\"width: 806.7999877929688px;\">\n<h3 style=\"text-align: center;\"><a href=\"https:\/\/www.fhycs.unam.edu.ar\/portada\/wp-content\/uploads\/2019\/05\/formulario-sur.pdf\" target=\"_blank\" rel=\"noopener noreferrer\"><span style=\"color: #008080;\">Descargar formulario Sur<\/span><\/a><\/h3>\n<\/td>\n<\/tr>\n<\/tbody>\n<\/table>\n<table style=\"height: 54px;\" width=\"814\">\n<tbody>\n<tr style=\"height: 54px;\">\n<td style=\"width: 804.7999877929688px; height: 54px; text-align: justify;\">\n<h3 style=\"text-align: center;\"><a href=\"https:\/\/www.fhycs.unam.edu.ar\/portada\/wp-content\/uploads\/2019\/05\/constancia-postitulo.pdf\" target=\"_blank\" rel=\"noopener noreferrer\"><span style=\"color: #008080;\">Descargar constancia de inscripci\u00f3n<\/span><\/a><\/h3>\n<\/td>\n<\/tr>\n<\/tbody>\n<\/table>\n<p>&nbsp;<\/p><\/blockquote>\n","protected":false},"excerpt":{"rendered":"<p>Tipo de Post\u00edtulo Programa de Post\u00edtulo Certificado que otorga Diplomatura Superior 660 Hs. Reloj Especializaci\u00f3n Superior 400 Hs. Reloj Actualizaci\u00f3n Acad\u00e9mica 200 hs. Reloj Coordinador Responsable Directora Mgter. Zulma Fabiana Cabrera Requisitos de Admisi\u00f3n Poseer t\u00edtulo docente universitario o terciario no universitario habilitado para ejercer la docencia. Pertenecer o haber ejercido en establecimientos educativos p\u00fablicos [&hellip;]<\/p>\n","protected":false},"author":25,"featured_media":25700,"parent":0,"menu_order":0,"comment_status":"closed","ping_status":"closed","template":"","meta":{"extendify_custom_stylesheet":""},"_links":{"self":[{"href":"https:\/\/www.fhycs.unam.edu.ar\/portada\/wp-json\/wp\/v2\/pages\/25578"}],"collection":[{"href":"https:\/\/www.fhycs.unam.edu.ar\/portada\/wp-json\/wp\/v2\/pages"}],"about":[{"href":"https:\/\/www.fhycs.unam.edu.ar\/portada\/wp-json\/wp\/v2\/types\/page"}],"author":[{"embeddable":true,"href":"https:\/\/www.fhycs.unam.edu.ar\/portada\/wp-json\/wp\/v2\/users\/25"}],"replies":[{"embeddable":true,"href":"https:\/\/www.fhycs.unam.edu.ar\/portada\/wp-json\/wp\/v2\/comments?post=25578"}],"version-history":[{"count":13,"href":"https:\/\/www.fhycs.unam.edu.ar\/portada\/wp-json\/wp\/v2\/pages\/25578\/revisions"}],"predecessor-version":[{"id":27954,"href":"https:\/\/www.fhycs.unam.edu.ar\/portada\/wp-json\/wp\/v2\/pages\/25578\/revisions\/27954"}],"wp:featuredmedia":[{"embeddable":true,"href":"https:\/\/www.fhycs.unam.edu.ar\/portada\/wp-json\/wp\/v2\/media\/25700"}],"wp:attachment":[{"href":"https:\/\/www.fhycs.unam.edu.ar\/portada\/wp-json\/wp\/v2\/media?parent=25578"}],"curies":[{"name":"wp","href":"https:\/\/api.w.org\/{rel}","templated":true}]}}