{"id":2565,"date":"2015-08-22T02:21:13","date_gmt":"2015-08-22T02:21:13","guid":{"rendered":"http:\/\/www.fhycs.unam.edu.ar\/portada\/?page_id=2565"},"modified":"2016-06-19T15:12:27","modified_gmt":"2016-06-19T15:12:27","slug":"programa-graduados","status":"publish","type":"page","link":"https:\/\/www.fhycs.unam.edu.ar\/portada\/programa-graduados\/","title":{"rendered":"Programa Graduados"},"content":{"rendered":"<h3>Programa Graduados<\/h3>\n<p>El Programa de Graduados a trav\u00e9s de su Oficina hom\u00f3nima, nace de la demanda declarada por egresados de las diversas carreras de la Facultad de Humanidades y Ciencias Sociales. Es un espacio de integraci\u00f3n, nexo, articulaci\u00f3n, promoci\u00f3n entre esta casa de altos estudios y sus graduados.<\/p>\n<p>En lo Institucional persigue promover la participaci\u00f3n activa de los graduados con el fin de aportar al desarrollo de las actividades de docencia, investigaci\u00f3n y extensi\u00f3n como parte del compromiso social, cultural, educativo y profesional de los <strong><em>graduados de la Facultad de Humanidades <\/em><\/strong><em>y<\/em> <strong><em>Ciencias Sociales.\u00a0<\/em><\/strong><\/p>\n<p>Es por ello que este espacio de permanente construcci\u00f3n entre la Facultad de Humanidades y sus graduados tiene como premisas:<\/p>\n<p><em>\u00a0 \u00a0 \u00a0 \u00a0 \u00a0 \u00a0 Objetivos Generales\u00a0<\/em><\/p>\n<ul>\n<li>Promover la vinculaci\u00f3n y la participaci\u00f3n de los graduados en la vida Institucional de la Facultad de Humanidades y Ciencias Sociales, a trav\u00e9s de diferentes herramientas y estrategias como Foros de Discusi\u00f3n, Jornadas de encuentros con diferentes problem\u00e1ticas, Seminarios, Talleres de reflexi\u00f3n, sobre temas de inter\u00e9s de para la disciplina a los que pertenezcan los graduados o que resultan de inter\u00e9s a la comunidad.<\/li>\n<li>Afianzar el sentido de pertenencia y mantener los lazos de uni\u00f3n con los graduados y con las diversas de carreras y demandas de cada grupo de profesionales que egresa.<\/li>\n<\/ul>\n<p><em>Objetivos Espec\u00edficos<\/em><\/p>\n<ul>\n<li>Canalizar las diferentes propuestas del claustro.<\/li>\n<li>Coordinar y articular proyectos con las diferentes secretarias dependientes de esta Facultad y Universidad.<\/li>\n<li>Desarrollar propuestas que faciliten la inserci\u00f3n profesional de graduados en su campo laboral.<\/li>\n<li>Establecer relaciones con organismos e instituciones donde se inserta la din\u00e1mica profesional del Graduado.<\/li>\n<li>Articular y concretar acciones con los diferentes organismos que aglutinan a los profesionales graduados.<\/li>\n<li>Conformar un \u00f3rgano de difusi\u00f3n y convocatoria a los graduados de las diferentes actividades, propuestas, iniciativas de la Facultad de Humanidades y Ciencias Sociales.<\/li>\n<li>Participar activamente en todas las actividades, propuestas, iniciativas\u00a0 con otras a\u00e9reas de la Universidad en lo referido a los graduados y sus demandas.<\/li>\n<\/ul>\n","protected":false},"excerpt":{"rendered":"<p>Programa Graduados El Programa de Graduados a trav\u00e9s de su Oficina hom\u00f3nima, nace de la demanda declarada por egresados de las diversas carreras de la Facultad de Humanidades y Ciencias Sociales. Es un espacio de integraci\u00f3n, nexo, articulaci\u00f3n, promoci\u00f3n entre esta casa de altos estudios y sus graduados. En lo Institucional persigue promover la participaci\u00f3n [&hellip;]<\/p>\n","protected":false},"author":1,"featured_media":0,"parent":0,"menu_order":0,"comment_status":"closed","ping_status":"closed","template":"graduados.php","meta":{"extendify_custom_stylesheet":""},"_links":{"self":[{"href":"https:\/\/www.fhycs.unam.edu.ar\/portada\/wp-json\/wp\/v2\/pages\/2565"}],"collection":[{"href":"https:\/\/www.fhycs.unam.edu.ar\/portada\/wp-json\/wp\/v2\/pages"}],"about":[{"href":"https:\/\/www.fhycs.unam.edu.ar\/portada\/wp-json\/wp\/v2\/types\/page"}],"author":[{"embeddable":true,"href":"https:\/\/www.fhycs.unam.edu.ar\/portada\/wp-json\/wp\/v2\/users\/1"}],"replies":[{"embeddable":true,"href":"https:\/\/www.fhycs.unam.edu.ar\/portada\/wp-json\/wp\/v2\/comments?post=2565"}],"version-history":[{"count":4,"href":"https:\/\/www.fhycs.unam.edu.ar\/portada\/wp-json\/wp\/v2\/pages\/2565\/revisions"}],"predecessor-version":[{"id":7074,"href":"https:\/\/www.fhycs.unam.edu.ar\/portada\/wp-json\/wp\/v2\/pages\/2565\/revisions\/7074"}],"wp:attachment":[{"href":"https:\/\/www.fhycs.unam.edu.ar\/portada\/wp-json\/wp\/v2\/media?parent=2565"}],"curies":[{"name":"wp","href":"https:\/\/api.w.org\/{rel}","templated":true}]}}