{"id":27267,"date":"2019-09-17T10:59:13","date_gmt":"2019-09-17T13:59:13","guid":{"rendered":"https:\/\/www.fhycs.unam.edu.ar\/portada\/?page_id=27267"},"modified":"2020-11-06T09:04:47","modified_gmt":"2020-11-06T12:04:47","slug":"oficina-de-inclusion-educativa","status":"publish","type":"page","link":"https:\/\/www.fhycs.unam.edu.ar\/portada\/oficina-de-inclusion-educativa\/","title":{"rendered":""},"content":{"rendered":"<p><img loading=\"lazy\" class=\"wp-image-27307 aligncenter\" src=\"https:\/\/www.fhycs.unam.edu.ar\/portada\/wp-content\/uploads\/2019\/09\/oficina-de-inclusi\u00f3n-educativa23-300x38.jpg\" alt=\"\" width=\"813\" height=\"103\" srcset=\"https:\/\/www.fhycs.unam.edu.ar\/portada\/wp-content\/uploads\/2019\/09\/oficina-de-inclusi\u00f3n-educativa23-300x38.jpg 300w, https:\/\/www.fhycs.unam.edu.ar\/portada\/wp-content\/uploads\/2019\/09\/oficina-de-inclusi\u00f3n-educativa23-768x96.jpg 768w, https:\/\/www.fhycs.unam.edu.ar\/portada\/wp-content\/uploads\/2019\/09\/oficina-de-inclusi\u00f3n-educativa23.jpg 800w\" sizes=\"(max-width: 813px) 100vw, 813px\" \/><\/p>\n<table style=\"border-collapse: collapse; width: 100%;\">\n<tbody>\n<tr>\n<td style=\"width: 100%;\">\n<p style=\"text-align: center;\"><strong>Directora:<\/strong><\/p>\n<p style=\"text-align: center;\">Prof. Esp. y Psicop. Lis M. Zamudio<\/p>\n<p style=\"text-align: center;\"><strong> Co-Directora:<\/strong><\/p>\n<p style=\"text-align: center;\">Prof. Esp. Liliana Garayo<\/p>\n<p style=\"text-align: center;\"><strong>Equipo Docente:<\/strong><\/p>\n<p style=\"text-align: center;\">Prof. Esp. Mar\u00eda Laura Denti, Prof. Mirta Piriz, Prof. Alejandra Baigorria, Prof. y Fonoaudi\u00f3loga Evelyn Eichler y Profesores del Departamento de Educaci\u00f3n Especial.<\/p>\n<\/td>\n<\/tr>\n<tr>\n<td style=\"width: 100%; text-align: center;\">\n<ul>\n<li><strong>Taller:<\/strong> Aprender a Aprender, para todos los estudiantes (t\u00e9cnicas de estudio y organizaci\u00f3n)<\/li>\n<li>Apoyo pedag\u00f3gico para estudiantes con discapacidad.<\/li>\n<li>Intercambios de experiencias<\/li>\n<li>Orientaci\u00f3n a equipos de c\u00e1tedras en apoyo para la inclusi\u00f3n de los estudiantes a la vida universitaria.<\/li>\n<li>Preparaci\u00f3n a ex\u00e1menes.<\/li>\n<\/ul>\n<\/td>\n<\/tr>\n<tr>\n<td style=\"width: 100%; text-align: center;\"><strong>Horarios de atenci\u00f3n:<\/strong><\/p>\n<p>Lunes, martes, mi\u00e9rcoles y jueves: 9 a 12 hs.<\/p>\n<p>Mi\u00e9rcoles 18 hs<\/td>\n<\/tr>\n<tr>\n<td style=\"width: 100%; text-align: center;\"><strong>Lugar:<\/strong><\/p>\n<p>3er piso del edificio Juan Figueredo (Col\u00f3n 2368, Posadas).<\/td>\n<\/tr>\n<tr>\n<td style=\"width: 100%; text-align: center;\"><strong>Consultas:<\/strong><\/p>\n<p><a href=\"mailto:oficinadeinclusionfhycs@gmail.com\">oficinadeinclusionfhycs@gmail.com<\/a><\/td>\n<\/tr>\n<\/tbody>\n<\/table>\n","protected":false},"excerpt":{"rendered":"<p>Directora: Prof. Esp. y Psicop. Lis M. Zamudio Co-Directora: Prof. Esp. Liliana Garayo Equipo Docente: Prof. Esp. Mar\u00eda Laura Denti, Prof. Mirta Piriz, Prof. Alejandra Baigorria, Prof. y Fonoaudi\u00f3loga Evelyn Eichler y Profesores del Departamento de Educaci\u00f3n Especial. Taller: Aprender a Aprender, para todos los estudiantes (t\u00e9cnicas de estudio y organizaci\u00f3n) Apoyo pedag\u00f3gico para estudiantes [&hellip;]<\/p>\n","protected":false},"author":10,"featured_media":27268,"parent":0,"menu_order":0,"comment_status":"closed","ping_status":"closed","template":"","meta":{"extendify_custom_stylesheet":""},"_links":{"self":[{"href":"https:\/\/www.fhycs.unam.edu.ar\/portada\/wp-json\/wp\/v2\/pages\/27267"}],"collection":[{"href":"https:\/\/www.fhycs.unam.edu.ar\/portada\/wp-json\/wp\/v2\/pages"}],"about":[{"href":"https:\/\/www.fhycs.unam.edu.ar\/portada\/wp-json\/wp\/v2\/types\/page"}],"author":[{"embeddable":true,"href":"https:\/\/www.fhycs.unam.edu.ar\/portada\/wp-json\/wp\/v2\/users\/10"}],"replies":[{"embeddable":true,"href":"https:\/\/www.fhycs.unam.edu.ar\/portada\/wp-json\/wp\/v2\/comments?post=27267"}],"version-history":[{"count":6,"href":"https:\/\/www.fhycs.unam.edu.ar\/portada\/wp-json\/wp\/v2\/pages\/27267\/revisions"}],"predecessor-version":[{"id":35582,"href":"https:\/\/www.fhycs.unam.edu.ar\/portada\/wp-json\/wp\/v2\/pages\/27267\/revisions\/35582"}],"wp:featuredmedia":[{"embeddable":true,"href":"https:\/\/www.fhycs.unam.edu.ar\/portada\/wp-json\/wp\/v2\/media\/27268"}],"wp:attachment":[{"href":"https:\/\/www.fhycs.unam.edu.ar\/portada\/wp-json\/wp\/v2\/media?parent=27267"}],"curies":[{"name":"wp","href":"https:\/\/api.w.org\/{rel}","templated":true}]}}