{"id":30092,"date":"2020-11-25T08:35:54","date_gmt":"2020-11-25T11:35:54","guid":{"rendered":"https:\/\/www.fhycs.unam.edu.ar\/portada\/?page_id=30092"},"modified":"2022-11-15T13:54:16","modified_gmt":"2022-11-15T16:54:16","slug":"inscripcion-2022","status":"publish","type":"page","link":"https:\/\/www.fhycs.unam.edu.ar\/portada\/inscripcion-2022\/","title":{"rendered":"INGRESO 2022"},"content":{"rendered":"<table id=\"blanco\" style=\"border-color: #f7f2f2; width: 100%;\" width=\"100%\">\n<tbody>\n<tr style=\"height: 1143px;\">\n<td style=\"vertical-align: top; border-right: 1px solid grey; width: 50%; height: 1143px;\">\n<h2 style=\"color: #11c18f; font-weight: bold;\">Inscripci\u00f3n 2022<\/h2>\n<p>Inscripciones desde el <strong>18 de octubre <\/strong>al <strong>22 de diciembre <\/strong>de<strong> 2021 <\/strong>y se reanudar\u00e1<strong> el 31 de enero de 2022 al 25 de febrero de 2022.<\/strong><\/p>\n<p>Para cursar una carrera en la Facultad de Humanidades y Ciencias Sociales, el tr\u00e1mite de inscripci\u00f3n \u2013<strong>a\u00f1o 2022<\/strong>\u2013 tiene <strong>dos etapas de cumplimiento obligatorio<\/strong>:<strong>\u00a0<\/strong><\/p>\n<p><strong>PRIMERA ETAPA<\/strong><strong>: Inscripci\u00f3n <em>on line, <\/em><\/strong>link:<\/p>\n<p><a href=\"http:\/\/inscripcion.fhycs.unam.edu.ar\/inscripcion\/\" target=\"_blank\" rel=\"noopener noreferrer\">http:\/\/inscripcion.fhycs.unam.edu.ar\/inscripcion\/<\/a><\/p>\n<p>-Para poder completar los datos requeridos, el postulante debe tener habilitada una <strong>direcci\u00f3n de correo electr\u00f3nico<\/strong>.<\/p>\n<p>-Una vez completados los datos que se solicitan, es necesario <strong>imprimir el formulario<\/strong>.<\/p>\n<p>-Para acceder a la segunda etapa es <strong>requisito imprescindible<\/strong> haber realizado previamente la inscripci\u00f3n <em>on line<\/em>.<\/p>\n<p><strong>SEGUNDA ETAPA:<\/strong><\/p>\n<p><strong>Presentaci\u00f3n de documentaci\u00f3n (2022)<\/strong><\/p>\n<p><span style=\"color: #0071bc;\"><strong>La presentaci\u00f3n de la documentaci\u00f3n requerida para completar la inscripci\u00f3n se informar\u00e1 en el mes de febrero, respetando el final del a\u00f1o lectivo que establezca el Consejo General de Educaci\u00f3n de Misiones para el nivel medio, y conforme la situaci\u00f3n sanitaria y epidemiol\u00f3gica de ese momento.<\/strong><\/span><\/p>\n<p><strong>La documentaci\u00f3n que ser\u00e1 requerida es la siguiente:<\/strong><\/p>\n<p>-Formulario impreso de inscripci\u00f3n on-line.<\/p>\n<p>-Constancia de finalizaci\u00f3n del Polimodal y\/o secundaria sin adeudar materias-, o<\/p>\n<p>-T\u00edtulo Secundario (Original y Copia autenticada por: Colegio, Juzgado de Paz, Escribano o Autoridad Policial)<\/p>\n<p>-Fotocopia Partida de Nacimiento y DNI 1\u00aa y 2\u00aa hoja o anverso y reverso del nuevo DNI<\/p>\n<p>-Dos fotos 3\u00d73 . -Numero de Cuil-.<\/p>\n<p><strong>\u00a0Ante cualquier consulta dirigirse a la siguiente direcci\u00f3n de correo consultasobreingreso2021@gmail.com o al celular Cel. 3764 12-1335<br \/>\n<\/strong><\/p>\n<h3>Mayores de 25 a\u00f1os sin t\u00edtulo secundario y\/o polimodal (Ley 24.521 art.7)<\/h3>\n<p><strong><span style=\"color: #0071bc;\">Solicitud de Admisi\u00f3n se realizar\u00e1 en la Direcci\u00f3n Gral. de Ense\u00f1anza \u2013Alumnado y se informar\u00e1 oportunamente en el mes de febrero, conforme a las medidas sanitarias y la situaci\u00f3n epidemiol\u00f3gica de la provincia.<\/span><\/strong><\/p>\n<p><strong>Requisitos de Inscripci\u00f3n:<\/strong><\/p>\n<p>-T\u00edtulo S\u00e9ptimo Grado de Escuela Primaria, o constancia de finalizaci\u00f3n EGB3. (Original y Copia)<\/p>\n<p>-Fotocopia Partida de Nacimiento y DNI 1\u00b0 y 2\u00b0 hoja<\/p>\n<p>-Dos fotos 3\u00d73\u2014N\u00b0 de Cuil<\/p>\n<p><span style=\"color: #3366ff;\"><strong><span style=\"text-decoration: underline;\">REUNI\u00d3N INFORMATIVA PARA MAYORES DE 25 A\u00d1OS<\/span><\/strong><\/span><span style=\"font-family: inherit; font-size: inherit;\"> sin t\u00edtulo secundario. (El enlace se enviar\u00e1 v\u00eda mail) -FECHA A CONFIRMAR<br \/>\n<\/span><\/p>\n<p><strong>Ante cualquier consulta dirigirse a la siguiente direcci\u00f3n de correo patfestudiantes.fhycs@gmail.com o al celular Cel. 3764 12-1335<br \/>\n<\/strong><\/td>\n<td style=\"width: 1.14524%; height: 1143px; text-align: center;\"><\/td>\n<td style=\"width: 48.8548%; vertical-align: top; height: 1143px;\">\n<h2 style=\"color: #0071bc; font-weight: bold;\">Carreras<\/h2>\n<ul style=\"list-style-type: square;\">\n<li><a href=\"https:\/\/www.fhycs.unam.edu.ar\/portada\/departamento-de-educacion-especial\/\" target=\"_blank\" rel=\"noopener noreferrer\">Profesorado en Educaci\u00f3n Especial<\/a><\/li>\n<li style=\"text-align: justify;\"><a href=\"http:\/\/www.fhycs.unam.edu.ar\/carreras\/bibliotecologia\/\" target=\"_blank\" rel=\"noopener noreferrer\">Bibliotecolog\u00eda<\/a><\/li>\n<li style=\"text-align: justify;\"><a href=\"http:\/\/www.fhycs.unam.edu.ar\/carreras\/licenciatura-en-bibliotecologia\/\" target=\"_blank\" rel=\"noopener noreferrer\">Licenciatura en Bibliotecolog\u00eda<\/a><\/li>\n<li style=\"text-align: justify;\"><a href=\"http:\/\/www.fhycs.unam.edu.ar\/carreras\/licenciatura-en-comunicacion-social\/\" target=\"_blank\" rel=\"noopener noreferrer\">Licenciatura en Comunicaci\u00f3n Social<\/a><\/li>\n<li style=\"text-align: justify;\"><a href=\"http:\/\/www.fhycs.unam.edu.ar\/carreras\/tecnicatura-en-comunicacion-social\/\" target=\"_blank\" rel=\"noopener noreferrer\">Tecnicatura en Comunicaci\u00f3n Social<\/a><\/li>\n<li style=\"text-align: justify;\"><a href=\"http:\/\/www.fhycs.unam.edu.ar\/carreras\/profesorado-en-historia-con-orientacion-en-ciencias-sociales\/\" target=\"_blank\" rel=\"noopener noreferrer\">Profesorado en Historia con orientaci\u00f3n en Ciencias Sociales<\/a><\/li>\n<li style=\"text-align: justify;\"><a href=\"http:\/\/www.fhycs.unam.edu.ar\/carreras\/licenciatura-en-historia\/\" target=\"_blank\" rel=\"noopener noreferrer\">Licenciatura en Historia<\/a><\/li>\n<li style=\"text-align: justify;\"><a href=\"http:\/\/www.fhycs.unam.edu.ar\/carreras\/profesorado-en-portugues\/\" target=\"_blank\" rel=\"noopener noreferrer\">Profesorado en Portugu\u00e9s<\/a><\/li>\n<li style=\"text-align: justify;\"><a href=\"http:\/\/www.fhycs.unam.edu.ar\/carreras\/profesorado-en-ciencias-economicas\/\" target=\"_blank\" rel=\"noopener noreferrer\">Profesorado en Ciencias Econ\u00f3micas<\/a><\/li>\n<li style=\"text-align: justify;\"><a href=\"http:\/\/www.fhycs.unam.edu.ar\/carreras\/licenciatura-en-antropologia-social\/\" target=\"_blank\" rel=\"noopener noreferrer\">Licenciatura en Antropolog\u00eda Social<\/a><\/li>\n<li style=\"text-align: justify;\"><a href=\"http:\/\/www.fhycs.unam.edu.ar\/carreras\/licenciatura-en-letras\/\" target=\"_blank\" rel=\"noopener noreferrer\">Licenciatura en Letras<\/a><\/li>\n<li style=\"text-align: justify;\"><a href=\"http:\/\/www.fhycs.unam.edu.ar\/carreras\/profesorado-en-letras\/\" target=\"_blank\" rel=\"noopener noreferrer\">Profesorado en Letras<\/a><\/li>\n<li style=\"text-align: justify;\"><a href=\"http:\/\/www.fhycs.unam.edu.ar\/carreras\/licenciatura-en-trabajo-social\/\" target=\"_blank\" rel=\"noopener noreferrer\">Licenciatura en Trabajo Social<\/a><\/li>\n<li style=\"text-align: justify;\"><a href=\"http:\/\/www.fhycs.unam.edu.ar\/carreras\/licenciatura-en-turismo\/\" target=\"_blank\" rel=\"noopener noreferrer\">Licenciatura en Turismo<\/a><\/li>\n<li style=\"text-align: justify;\"><a href=\"http:\/\/www.fhycs.unam.edu.ar\/carreras\/guia-de-turismo\/\" target=\"_blank\" rel=\"noopener noreferrer\">Gu\u00eda de Turismo<\/a><\/li>\n<li style=\"text-align: justify;\"><a href=\"http:\/\/www.fhycs.unam.edu.ar\/carreras\/licenciatura-en-el-tratamiento-y-analisis-de-datos-para-la-investigacion-socioeconomica-litadis\/\" target=\"_blank\" rel=\"noopener noreferrer\">Licenciatura en Tratamiento y An\u00e1lisis de Datos para la Investigaci\u00f3n Socioecon\u00f3mica (LITADIS)<\/a><\/li>\n<li style=\"text-align: justify;\"><a href=\"http:\/\/www.fhycs.unam.edu.ar\/carreras\/tecnico-en-investigacion-socioeconomica\/\" target=\"_blank\" rel=\"noopener noreferrer\">T\u00e9cnico en Investigaci\u00f3n Socioecon\u00f3mica (TISE)<\/a><\/li>\n<\/ul>\n<h2><\/h2>\n<h3 style=\"color: #0071bc; font-weight: bold;\"><span style=\"color: #0000ff;\"><a style=\"color: #0000ff;\" href=\"https:\/\/drive.google.com\/file\/d\/1Trv-8yAY-vmO2eNajmtgVRBzBeXv-I3m\/view?usp=sharing\"><span style=\"color: #ff0000;\">Descarg\u00e1<\/span> el Libro Ingreso JIVU 2022 AQU\u00cd<\/a><\/span><\/h3>\n<h4><strong>Horarios de clases por carreras en Autogesti\u00f3n alumnos. Ingresar al Link con usuario y contrase\u00f1a:<\/strong><\/h4>\n<p><a href=\"https:\/\/autogestion.fhycs.unam.edu.ar\/fhycs\/\">https:\/\/autogestion.fhycs.unam.edu.ar\/fhycs\/<\/a><\/td>\n<\/tr>\n<\/tbody>\n<\/table>\n","protected":false},"excerpt":{"rendered":"<p>Inscripci\u00f3n 2022 Inscripciones desde el 18 de octubre al 22 de diciembre de 2021 y se reanudar\u00e1 el 31 de enero de 2022 al 25 de febrero de 2022. Para cursar una carrera en la Facultad de Humanidades y Ciencias Sociales, el tr\u00e1mite de inscripci\u00f3n \u2013a\u00f1o 2022\u2013 tiene dos etapas de cumplimiento obligatorio:\u00a0 PRIMERA ETAPA: [&hellip;]<\/p>\n","protected":false},"author":10,"featured_media":0,"parent":0,"menu_order":0,"comment_status":"closed","ping_status":"closed","template":"","meta":{"extendify_custom_stylesheet":""},"_links":{"self":[{"href":"https:\/\/www.fhycs.unam.edu.ar\/portada\/wp-json\/wp\/v2\/pages\/30092"}],"collection":[{"href":"https:\/\/www.fhycs.unam.edu.ar\/portada\/wp-json\/wp\/v2\/pages"}],"about":[{"href":"https:\/\/www.fhycs.unam.edu.ar\/portada\/wp-json\/wp\/v2\/types\/page"}],"author":[{"embeddable":true,"href":"https:\/\/www.fhycs.unam.edu.ar\/portada\/wp-json\/wp\/v2\/users\/10"}],"replies":[{"embeddable":true,"href":"https:\/\/www.fhycs.unam.edu.ar\/portada\/wp-json\/wp\/v2\/comments?post=30092"}],"version-history":[{"count":53,"href":"https:\/\/www.fhycs.unam.edu.ar\/portada\/wp-json\/wp\/v2\/pages\/30092\/revisions"}],"predecessor-version":[{"id":33235,"href":"https:\/\/www.fhycs.unam.edu.ar\/portada\/wp-json\/wp\/v2\/pages\/30092\/revisions\/33235"}],"wp:attachment":[{"href":"https:\/\/www.fhycs.unam.edu.ar\/portada\/wp-json\/wp\/v2\/media?parent=30092"}],"curies":[{"name":"wp","href":"https:\/\/api.w.org\/{rel}","templated":true}]}}