{"id":31522,"date":"2021-08-09T11:05:45","date_gmt":"2021-08-09T14:05:45","guid":{"rendered":"https:\/\/www.fhycs.unam.edu.ar\/portada\/?page_id=31522"},"modified":"2023-09-19T18:18:18","modified_gmt":"2023-09-19T21:18:18","slug":"maestria-en-desarrollo-rural-2","status":"publish","type":"page","link":"https:\/\/www.fhycs.unam.edu.ar\/portada\/secretaria-de-posgrado\/postgrado\/maestria-en-desarrollo-rural-2\/","title":{"rendered":"Maestr\u00eda en Desarrollo Rural"},"content":{"rendered":"<p>&nbsp;<\/p>\r\n\r\n<h1 class=\"has-vivid-cyan-blue-color has-text-color has-large-font-size\" style=\"text-align: center;\">Inscripciones abiertas<\/h1>\r\n<h1 class=\"has-vivid-cyan-blue-color has-text-color has-large-font-size\" style=\"text-align: center;\">para Inciar en 2023<\/h1>\r\n\r\n\r\n\r\n<h1 class=\"has-medium-font-size\"><a href=\"https:\/\/www.fhycs.unam.edu.ar\/portada\/secretaria-de-posgrado\/postgrado\/maestria-en-desarrollo-rural-2\/info-mdr-2023-2\/\" rel=\"attachment wp-att-34874\"><img loading=\"lazy\" class=\"alignnone size-medium wp-image-34874\" src=\"https:\/\/www.fhycs.unam.edu.ar\/portada\/wp-content\/uploads\/2022\/11\/23-logo-inscripcione-300x289.jpg\" alt=\"\" width=\"300\" height=\"289\" srcset=\"https:\/\/www.fhycs.unam.edu.ar\/portada\/wp-content\/uploads\/2022\/11\/23-logo-inscripcione-300x289.jpg 300w, https:\/\/www.fhycs.unam.edu.ar\/portada\/wp-content\/uploads\/2022\/11\/23-logo-inscripcione.jpg 580w\" sizes=\"(max-width: 300px) 100vw, 300px\" \/><\/a><a href=\"https:\/\/www.fhycs.unam.edu.ar\/portada\/secretaria-de-posgrado\/postgrado\/maestria-en-desarrollo-rural-2\/info-mdr-2023-2\/\">Mas Informaci\u00f3n<\/a><\/h1>\r\n\r\n\r\n\r\n<h3 class=\"has-text-align-right has-large-font-size\" style=\"text-align: right;\"><a href=\"https:\/\/forms.gle\/sHfqh4n55DywrYtcA\">Formulario para Completar Preinscripci\u00f3n<\/a><\/h3>\r\n\r\n\r\n\r\n<p class=\"has-text-align-left\"><em>Reconocimiento Oficial y Validez <\/em><em>del Ministerio de Educaci\u00f3n de la Naci\u00f3n<\/em><\/p>\r\n\r\n\r\n\r\n<p class=\"has-text-align-left\">Resol-2021-<strong>578<\/strong>-APN-ME<\/p>\r\n\r\n\r\n\r\n<h3><a href=\"https:\/\/maestriaruralunam.wixsite.com\/inta\"><img loading=\"lazy\" class=\"aligncenter wp-image-31552\" src=\"https:\/\/www.fhycs.unam.edu.ar\/portada\/wp-content\/uploads\/2021\/08\/MDR-Logo-y-fotos.jpg\" alt=\"\" width=\"800\" height=\"413\" srcset=\"https:\/\/www.fhycs.unam.edu.ar\/portada\/wp-content\/uploads\/2021\/08\/MDR-Logo-y-fotos.jpg 556w, https:\/\/www.fhycs.unam.edu.ar\/portada\/wp-content\/uploads\/2021\/08\/MDR-Logo-y-fotos-300x155.jpg 300w\" sizes=\"(max-width: 800px) 100vw, 800px\" \/><\/a><\/h3>\r\n\r\n\r\n\r\n<h3><span style=\"color: #008000;\"><strong><span class=\"color_35\">Plan de Estudio<\/span><\/strong><\/span><\/h3>\r\n\r\n\r\n\r\n<h5>4 semestres &#8211; 14 cursos<\/h5>\r\n\r\n\r\n\r\n<p><strong><span class=\"color_35\">1. Ciencias Agropecuarias y Extensi\u00f3n<\/span><\/strong><br \/><span class=\"color_35\">I. Sociedad y Ambiente 30 hs<\/span><br \/><span class=\"color_35\">II. Sistemas de Producci\u00f3n 30 hs<\/span><br \/><span class=\"color_35\">III. Tecnolog\u00eda y Sustentabilidad 30 hs<\/span><br \/><span class=\"color_35\">IV. Asistencia, transferencia y extensi\u00f3n rural. 30 hs<\/span><\/p>\r\n\r\n\r\n\r\n<p><span class=\"color_35\"><strong>2. Metodolog\u00edas de la Investigaci\u00f3n y Gesti\u00f3n de procesos de Desarrollo Rural<\/strong><\/span><br \/><span class=\"color_35\">V. Metodolog\u00edas de la investigaci\u00f3n social 60 hs<\/span><br \/><span class=\"color_35\">VI. M\u00e9todos Participativos de Diagn\u00f3stico, Monitoreo y Evaluaci\u00f3n 60 hs<\/span><\/p>\r\n\r\n\r\n\r\n<p><span class=\"color_35\"><strong>3. Sociolog\u00eda y antropolog\u00eda rurales, teor\u00edas del desarrollo e historia agraria<\/strong><\/span><br \/><span class=\"color_35\">VII. Sociolog\u00eda y Antropolog\u00eda rurales 60 hs<\/span><br \/><span class=\"color_35\">VIII. Teor\u00edas del Desarrollo rural 30 hs<\/span><br \/><span class=\"color_35\">IX. Historia Agraria y Econom\u00eda Regional (NEA) 30 hs<\/span><\/p>\r\n\r\n\r\n\r\n<p><span class=\"color_35\"><strong>4. Econom\u00eda Rural<\/strong> <\/span><br \/><span class=\"color_35\">X. Econom\u00eda Pol\u00edtica 60 hs<\/span><br \/><span class=\"color_35\">XI. Econom\u00eda Agropecuaria 30 hs<\/span><br \/><span class=\"color_35\">XII. Planificaci\u00f3n y Gesti\u00f3n 30 hs<\/span><\/p>\r\n\r\n\r\n\r\n<p><span class=\"color_35\"><strong>5. Integraci\u00f3n transversal<\/strong> <\/span><br \/><span class=\"color_35\">XIII. Taller Tesis 30 hs<\/span><br \/><span class=\"color_35\">XIV. Seminario de Integraci\u00f3n 30 hs<\/span><br \/><span class=\"color_35\">Elaboraci\u00f3n de Tesis 200 hs<\/span><\/p>\r\n\r\n\r\n<hr class=\"wp-block-separator\" \/>\r\n\r\n\r\n<p><!--more--><\/p>\r\n\r\n\r\n\r\n<p>El t\u00edtulo de <strong>Mag\u00edster en Desarrollo Rural <\/strong>es otorgado por la <strong>Universidad Nacional de Misiones <\/strong>(Res CS 067\/10).<\/p>\r\n\r\n\r\n\r\n<p>Se trata de una Maestr\u00eda pluridisciplinar, de car\u00e1cter permanente y modalidad presencial acreditada por la CONEAU.<\/p>\r\n\r\n\r\n\r\n<p>El an\u00e1lisis del desarrollo y de la problem\u00e1tica agraria regional ocupa un lugar destacado en las actividades que desempe\u00f1an los centros cient\u00edficos y acad\u00e9micos de la regi\u00f3n NEA (Universidades Nacionales, INTA y CONICET).<\/p>\r\n\r\n\r\n\r\n<p>La problematizaci\u00f3n general del concepto de desarrollo, la discusi\u00f3n de los efectos sociales y ambientales de los modelos productivos, y la b\u00fasqueda de alternativas tecnol\u00f3gicas adaptadas a las caracter\u00edsticas de los agricultores familiares, conducen a la necesidad de considerar cr\u00edticamente el desarrollo como una construcci\u00f3n hist\u00f3rico-social.<\/p>\r\n\r\n\r\n\r\n<p>La Maestr\u00eda en Desarrollo Rural propone constituir un espacio para abordar la problem\u00e1tica de la agricultura conociendo la perspectiva de los sujetos sociales, as\u00ed como la construcci\u00f3n de estrategias de intervenci\u00f3n y de conocimiento del complejo entramado institucional y productivo de los territorios en los que se materializa el desarrollo, en especial de la regi\u00f3n NEA, poniendo en juego al mismo tiempo herramientas y marcos conceptuales de alcance m\u00e1s general.<\/p>\r\n\r\n\r\n\r\n<blockquote class=\"wp-block-quote\">\r\n<p><strong>Objetivos:<\/strong><\/p>\r\n<\/blockquote>\r\n\r\n\r\n\r\n<ol>\r\n<li>\r\n<blockquote>\r\n<p>formar a nivel de posgrado a profesionales vinculados al \u00e1mbito agropecuario,<\/p>\r\n<\/blockquote>\r\n<\/li>\r\n<li>\r\n<blockquote>\r\n<p>integrar el aporte de las distintas disciplinas que confluyen en la problem\u00e1tica del desarrollo rural desde una perspectiva de investigaci\u00f3n y desarrollo,<\/p>\r\n<\/blockquote>\r\n<\/li>\r\n<li>\r\n<blockquote>\r\n<p>estimular la reflexi\u00f3n sobre y el dise\u00f1o de instrumentos de planificaci\u00f3n, monitoreo y evaluaci\u00f3n orientados a mejorar las condiciones de reproducci\u00f3n social de la agricultura familiar.<\/p>\r\n<\/blockquote>\r\n<\/li>\r\n<\/ol>\r\n\r\n\r\n\r\n<p>Con una organizaci\u00f3n <strong>semi estructurada<\/strong>, da cabida a diversas perspectivas vinculadas con el desarrollo rural, se trabajar\u00e1 en 14 m\u00f3dulos, agrupados en 5 ejes tem\u00e1ticos.<\/p>\r\n\r\n\r\n\r\n<p>La secuencia\u00a0 se iniciar\u00e1 con <strong>Metodolog\u00edas de la Investigaci\u00f3n Social<\/strong>; de este modo, los alumnos contar\u00e1n con conocimientos metodologicos fundamentales\u00a0 para iniciar el proyecto de investigaci\u00f3n que desarrollaran con apoyo del <strong>Taller de Tesis<\/strong><\/p>\r\n\r\n\r\n\r\n<ul>\r\n<li>La elaboraci\u00f3n de Tesis <strong>incluye horas de tutor\u00eda y de investigaci\u00f3n.<\/strong><\/li>\r\n<li>La <strong>Tesis de Maestr\u00eda <\/strong>consiste en un trabajo original e individual, que contribuya a la producci\u00f3n de conocimientos sobre el desarrollo rural y deber\u00e1 desarrollarse paralelamente al cursado de los m\u00f3dulos.<\/li>\r\n<\/ul>\r\n\r\n\r\n\r\n<p><span style=\"color: #008000;\"><span style=\"color: #000000;\"><strong>Director<\/strong>:<\/span> <span style=\"color: #000000;\">Mgter. Francisco Ra\u00fal RODRIGUEZ <\/span><\/span><\/p>\r\n\r\n\r\n\r\n<p><strong><span style=\"color: #000000;\">Integrantes Comit\u00e9 Acad\u00e9mico: <\/span><\/strong><\/p>\r\n\r\n\r\n\r\n<p><span style=\"color: #000000;\">Mgter. Rosana BOGADO\u00a0 &#8211; Mgter. Natalia OTERO CORREA &#8211; Mgter. V\u00edctor ROSENFELD &#8211; Dr. Javier GORTARI &#8211; Dr. Alejandro Daniel OVIEDO<\/span><\/p>\r\n\r\n\r\n\r\n<p><span style=\"color: #000000;\"><strong>Secretar\u00eda<\/strong>: Carolina PALUCITO<\/span><\/p>\r\n\r\n\r\n\r\n<p>Mas informaci\u00f3n:<\/p>\r\n\r\n\r\n\r\n<ul>\r\n<li aria-level=\"1\">Correo Electr\u00f3nico: <a href=\"mailto:maestria.rural.unam@gmail.com\">maestria.rural.unam@gmail.com<\/a><\/li>\r\n<\/ul>\r\n\r\n\r\n\r\n<figure class=\"wp-block-embed\">\r\n<div class=\"wp-block-embed__wrapper\">https:\/\/maestriaruralunam.wixsite.com\/inta<\/div>\r\n<\/figure>\r\n\r\n\r\n<hr class=\"wp-block-separator\" \/>\r\n\r\n\r\n<h2>Cursos de Posgrado<\/h2>\r\n\r\n\r\n\r\n<figure class=\"wp-block-image is-resized\"><img loading=\"lazy\" class=\"wp-image-33653\" src=\"https:\/\/www.fhycs.unam.edu.ar\/portada\/wp-content\/uploads\/2022\/06\/CURSO-30-HORAS-1-1024x1024.png\" alt=\"\" width=\"635\" height=\"635\" srcset=\"https:\/\/www.fhycs.unam.edu.ar\/portada\/wp-content\/uploads\/2022\/06\/CURSO-30-HORAS-1-1024x1024.png 1024w, https:\/\/www.fhycs.unam.edu.ar\/portada\/wp-content\/uploads\/2022\/06\/CURSO-30-HORAS-1-300x300.png 300w, https:\/\/www.fhycs.unam.edu.ar\/portada\/wp-content\/uploads\/2022\/06\/CURSO-30-HORAS-1-150x150.png 150w, https:\/\/www.fhycs.unam.edu.ar\/portada\/wp-content\/uploads\/2022\/06\/CURSO-30-HORAS-1-768x768.png 768w, https:\/\/www.fhycs.unam.edu.ar\/portada\/wp-content\/uploads\/2022\/06\/CURSO-30-HORAS-1.png 1080w\" sizes=\"(max-width: 635px) 100vw, 635px\" \/><\/figure>\r\n\r\n\r\n\r\n<figure class=\"wp-block-image size-large is-resized\"><img loading=\"lazy\" class=\"wp-image-33294\" src=\"https:\/\/www.fhycs.unam.edu.ar\/portada\/wp-content\/uploads\/2022\/04\/22-LAMAS-Veronica-Asistencia-y-Extension-flyer-1024x1024.jpg\" alt=\"\" width=\"653\" height=\"653\" srcset=\"https:\/\/www.fhycs.unam.edu.ar\/portada\/wp-content\/uploads\/2022\/04\/22-LAMAS-Veronica-Asistencia-y-Extension-flyer-1024x1024.jpg 1024w, https:\/\/www.fhycs.unam.edu.ar\/portada\/wp-content\/uploads\/2022\/04\/22-LAMAS-Veronica-Asistencia-y-Extension-flyer-300x300.jpg 300w, https:\/\/www.fhycs.unam.edu.ar\/portada\/wp-content\/uploads\/2022\/04\/22-LAMAS-Veronica-Asistencia-y-Extension-flyer-150x150.jpg 150w, https:\/\/www.fhycs.unam.edu.ar\/portada\/wp-content\/uploads\/2022\/04\/22-LAMAS-Veronica-Asistencia-y-Extension-flyer-768x768.jpg 768w, https:\/\/www.fhycs.unam.edu.ar\/portada\/wp-content\/uploads\/2022\/04\/22-LAMAS-Veronica-Asistencia-y-Extension-flyer.jpg 1080w\" sizes=\"(max-width: 653px) 100vw, 653px\" \/>\r\n<figcaption><br \/>Abierta la Incripci\u00f3n al Seminario<\/figcaption>\r\n<\/figure>\r\n\r\n\r\n\r\n<figure class=\"wp-block-image size-large is-resized\"><img loading=\"lazy\" class=\"wp-image-33295\" src=\"https:\/\/www.fhycs.unam.edu.ar\/portada\/wp-content\/uploads\/2022\/04\/22-VEGA-Damian-Sistemas-de-Produccion-flyer-1024x1024.jpg\" alt=\"\" width=\"651\" height=\"651\" srcset=\"https:\/\/www.fhycs.unam.edu.ar\/portada\/wp-content\/uploads\/2022\/04\/22-VEGA-Damian-Sistemas-de-Produccion-flyer-1024x1024.jpg 1024w, https:\/\/www.fhycs.unam.edu.ar\/portada\/wp-content\/uploads\/2022\/04\/22-VEGA-Damian-Sistemas-de-Produccion-flyer-300x300.jpg 300w, https:\/\/www.fhycs.unam.edu.ar\/portada\/wp-content\/uploads\/2022\/04\/22-VEGA-Damian-Sistemas-de-Produccion-flyer-150x150.jpg 150w, https:\/\/www.fhycs.unam.edu.ar\/portada\/wp-content\/uploads\/2022\/04\/22-VEGA-Damian-Sistemas-de-Produccion-flyer-768x768.jpg 768w, https:\/\/www.fhycs.unam.edu.ar\/portada\/wp-content\/uploads\/2022\/04\/22-VEGA-Damian-Sistemas-de-Produccion-flyer.jpg 1080w\" sizes=\"(max-width: 651px) 100vw, 651px\" \/><\/figure>\r\n\r\n\r\n\r\n<p>Para inscribirte escribinos a: <a href=\"mailto:maestria.rural.unam@gmail.com\"><strong>maestria.rural.unam@gmail.com<\/strong><\/a><\/p>\r\n\r\n\r\n\r\n<h3 class=\"has-x-large-font-size\"><img loading=\"lazy\" class=\"alignnone wp-image-32569\" src=\"https:\/\/www.fhycs.unam.edu.ar\/portada\/wp-content\/uploads\/2021\/11\/21-12-MDR-Curso-BOGADO-KOSTLIN-Met-Participativas-300x300.jpg\" alt=\"\" width=\"666\" height=\"666\" srcset=\"https:\/\/www.fhycs.unam.edu.ar\/portada\/wp-content\/uploads\/2021\/11\/21-12-MDR-Curso-BOGADO-KOSTLIN-Met-Participativas-300x300.jpg 300w, https:\/\/www.fhycs.unam.edu.ar\/portada\/wp-content\/uploads\/2021\/11\/21-12-MDR-Curso-BOGADO-KOSTLIN-Met-Participativas-150x150.jpg 150w, https:\/\/www.fhycs.unam.edu.ar\/portada\/wp-content\/uploads\/2021\/11\/21-12-MDR-Curso-BOGADO-KOSTLIN-Met-Participativas-768x768.jpg 768w, https:\/\/www.fhycs.unam.edu.ar\/portada\/wp-content\/uploads\/2021\/11\/21-12-MDR-Curso-BOGADO-KOSTLIN-Met-Participativas-1024x1024.jpg 1024w, https:\/\/www.fhycs.unam.edu.ar\/portada\/wp-content\/uploads\/2021\/11\/21-12-MDR-Curso-BOGADO-KOSTLIN-Met-Participativas.jpg 1080w\" sizes=\"(max-width: 666px) 100vw, 666px\" \/><\/h3>\r\n\r\n\r\n\r\n<h3><img loading=\"lazy\" class=\"alignnone  wp-image-32324\" src=\"https:\/\/www.fhycs.unam.edu.ar\/portada\/wp-content\/uploads\/2021\/10\/21-11-MDR-GMD-Economia-Politica-300x300.png\" alt=\"\" width=\"666\" height=\"666\" srcset=\"https:\/\/www.fhycs.unam.edu.ar\/portada\/wp-content\/uploads\/2021\/10\/21-11-MDR-GMD-Economia-Politica-300x300.png 300w, https:\/\/www.fhycs.unam.edu.ar\/portada\/wp-content\/uploads\/2021\/10\/21-11-MDR-GMD-Economia-Politica-150x150.png 150w, https:\/\/www.fhycs.unam.edu.ar\/portada\/wp-content\/uploads\/2021\/10\/21-11-MDR-GMD-Economia-Politica-768x768.png 768w, https:\/\/www.fhycs.unam.edu.ar\/portada\/wp-content\/uploads\/2021\/10\/21-11-MDR-GMD-Economia-Politica-1024x1024.png 1024w, https:\/\/www.fhycs.unam.edu.ar\/portada\/wp-content\/uploads\/2021\/10\/21-11-MDR-GMD-Economia-Politica.png 1080w\" sizes=\"(max-width: 666px) 100vw, 666px\" \/><\/h3>\r\n\r\n\r\n\r\n<h3><img loading=\"lazy\" class=\"alignnone wp-image-31620\" src=\"https:\/\/www.fhycs.unam.edu.ar\/portada\/wp-content\/uploads\/2021\/08\/21-09-MDR-Curso-Diego-FERNANDEZ-Economia-Agraria-300x300.jpg\" alt=\"\" width=\"666\" height=\"666\" srcset=\"https:\/\/www.fhycs.unam.edu.ar\/portada\/wp-content\/uploads\/2021\/08\/21-09-MDR-Curso-Diego-FERNANDEZ-Economia-Agraria-300x300.jpg 300w, https:\/\/www.fhycs.unam.edu.ar\/portada\/wp-content\/uploads\/2021\/08\/21-09-MDR-Curso-Diego-FERNANDEZ-Economia-Agraria-150x150.jpg 150w, https:\/\/www.fhycs.unam.edu.ar\/portada\/wp-content\/uploads\/2021\/08\/21-09-MDR-Curso-Diego-FERNANDEZ-Economia-Agraria-768x768.jpg 768w, https:\/\/www.fhycs.unam.edu.ar\/portada\/wp-content\/uploads\/2021\/08\/21-09-MDR-Curso-Diego-FERNANDEZ-Economia-Agraria-1024x1024.jpg 1024w, https:\/\/www.fhycs.unam.edu.ar\/portada\/wp-content\/uploads\/2021\/08\/21-09-MDR-Curso-Diego-FERNANDEZ-Economia-Agraria.jpg 1080w\" sizes=\"(max-width: 666px) 100vw, 666px\" \/><\/h3>\r\n\r\n\r\n\r\n<figure class=\"wp-block-image is-resized\"><img loading=\"lazy\" class=\"wp-image-32571\" src=\"https:\/\/www.fhycs.unam.edu.ar\/portada\/wp-content\/uploads\/2021\/11\/21-CASTIGLIONI-SyA-II-flyer-2-300x300.jpg\" alt=\"\" width=\"664\" height=\"664\" srcset=\"https:\/\/www.fhycs.unam.edu.ar\/portada\/wp-content\/uploads\/2021\/11\/21-CASTIGLIONI-SyA-II-flyer-2-300x300.jpg 300w, https:\/\/www.fhycs.unam.edu.ar\/portada\/wp-content\/uploads\/2021\/11\/21-CASTIGLIONI-SyA-II-flyer-2-150x150.jpg 150w, https:\/\/www.fhycs.unam.edu.ar\/portada\/wp-content\/uploads\/2021\/11\/21-CASTIGLIONI-SyA-II-flyer-2.jpg 487w\" sizes=\"(max-width: 664px) 100vw, 664px\" \/><\/figure>\r\n\r\n\r\n\r\n<figure class=\"wp-block-image is-resized\"><img loading=\"lazy\" class=\"wp-image-32572\" src=\"https:\/\/www.fhycs.unam.edu.ar\/portada\/wp-content\/uploads\/2021\/11\/21-GORTARI-ROSENFELD-OVIEDO-Flyer-Economia-Politica-Regional-300x300.jpeg\" alt=\"\" width=\"661\" height=\"661\" srcset=\"https:\/\/www.fhycs.unam.edu.ar\/portada\/wp-content\/uploads\/2021\/11\/21-GORTARI-ROSENFELD-OVIEDO-Flyer-Economia-Politica-Regional-300x300.jpeg 300w, https:\/\/www.fhycs.unam.edu.ar\/portada\/wp-content\/uploads\/2021\/11\/21-GORTARI-ROSENFELD-OVIEDO-Flyer-Economia-Politica-Regional-150x150.jpeg 150w\" sizes=\"(max-width: 661px) 100vw, 661px\" \/><\/figure>\r\n\r\n\r\n\r\n<figure class=\"wp-block-image is-resized\"><img loading=\"lazy\" class=\"wp-image-32573\" src=\"https:\/\/www.fhycs.unam.edu.ar\/portada\/wp-content\/uploads\/2021\/11\/NIEDERLE-2020-Flyer-SyAR-I-AF-y-Mercados-300x300.jpeg\" alt=\"\" width=\"661\" height=\"661\" srcset=\"https:\/\/www.fhycs.unam.edu.ar\/portada\/wp-content\/uploads\/2021\/11\/NIEDERLE-2020-Flyer-SyAR-I-AF-y-Mercados-300x300.jpeg 300w, https:\/\/www.fhycs.unam.edu.ar\/portada\/wp-content\/uploads\/2021\/11\/NIEDERLE-2020-Flyer-SyAR-I-AF-y-Mercados-150x150.jpeg 150w\" sizes=\"(max-width: 661px) 100vw, 661px\" \/><\/figure>\r\n\r\n\r\n\r\n<figure class=\"wp-block-image is-resized\"><img loading=\"lazy\" class=\"wp-image-32574\" src=\"https:\/\/www.fhycs.unam.edu.ar\/portada\/wp-content\/uploads\/2021\/11\/20-08-06-ZUBERMAN-Ambiente-y-Sociedad-flyer-300x300.jpg\" alt=\"\" width=\"659\" height=\"659\" srcset=\"https:\/\/www.fhycs.unam.edu.ar\/portada\/wp-content\/uploads\/2021\/11\/20-08-06-ZUBERMAN-Ambiente-y-Sociedad-flyer-300x300.jpg 300w, https:\/\/www.fhycs.unam.edu.ar\/portada\/wp-content\/uploads\/2021\/11\/20-08-06-ZUBERMAN-Ambiente-y-Sociedad-flyer-150x150.jpg 150w\" sizes=\"(max-width: 659px) 100vw, 659px\" \/><\/figure>\r\n\r\n\r\n\r\n<figure class=\"wp-block-image is-resized\"><img loading=\"lazy\" class=\"wp-image-32575\" src=\"https:\/\/www.fhycs.unam.edu.ar\/portada\/wp-content\/uploads\/2021\/11\/Flyer-Metodolog\u00eda--300x300.png\" alt=\"\" width=\"661\" height=\"661\" srcset=\"https:\/\/www.fhycs.unam.edu.ar\/portada\/wp-content\/uploads\/2021\/11\/Flyer-Metodolog\u00eda--300x300.png 300w, https:\/\/www.fhycs.unam.edu.ar\/portada\/wp-content\/uploads\/2021\/11\/Flyer-Metodolog\u00eda--150x150.png 150w, https:\/\/www.fhycs.unam.edu.ar\/portada\/wp-content\/uploads\/2021\/11\/Flyer-Metodolog\u00eda-.png 714w\" sizes=\"(max-width: 661px) 100vw, 661px\" \/><\/figure>\r\n\r\n\r\n<hr class=\"wp-block-separator\" \/>","protected":false},"excerpt":{"rendered":"<p>&nbsp; Inscripciones abiertas para Inciar en 2023 Mas Informaci\u00f3n Formulario para Completar Preinscripci\u00f3n Reconocimiento Oficial y Validez del Ministerio de Educaci\u00f3n de la Naci\u00f3n Resol-2021-578-APN-ME Plan de Estudio 4 semestres &#8211; 14 cursos 1. Ciencias Agropecuarias y Extensi\u00f3nI. Sociedad y Ambiente 30 hsII. Sistemas de Producci\u00f3n 30 hsIII. Tecnolog\u00eda y Sustentabilidad 30 hsIV. Asistencia, transferencia [&hellip;]<\/p>\n","protected":false},"author":35,"featured_media":0,"parent":255,"menu_order":0,"comment_status":"closed","ping_status":"closed","template":"page-sintitular.php","meta":{"extendify_custom_stylesheet":""},"_links":{"self":[{"href":"https:\/\/www.fhycs.unam.edu.ar\/portada\/wp-json\/wp\/v2\/pages\/31522"}],"collection":[{"href":"https:\/\/www.fhycs.unam.edu.ar\/portada\/wp-json\/wp\/v2\/pages"}],"about":[{"href":"https:\/\/www.fhycs.unam.edu.ar\/portada\/wp-json\/wp\/v2\/types\/page"}],"author":[{"embeddable":true,"href":"https:\/\/www.fhycs.unam.edu.ar\/portada\/wp-json\/wp\/v2\/users\/35"}],"replies":[{"embeddable":true,"href":"https:\/\/www.fhycs.unam.edu.ar\/portada\/wp-json\/wp\/v2\/comments?post=31522"}],"version-history":[{"count":48,"href":"https:\/\/www.fhycs.unam.edu.ar\/portada\/wp-json\/wp\/v2\/pages\/31522\/revisions"}],"predecessor-version":[{"id":34875,"href":"https:\/\/www.fhycs.unam.edu.ar\/portada\/wp-json\/wp\/v2\/pages\/31522\/revisions\/34875"}],"up":[{"embeddable":true,"href":"https:\/\/www.fhycs.unam.edu.ar\/portada\/wp-json\/wp\/v2\/pages\/255"}],"wp:attachment":[{"href":"https:\/\/www.fhycs.unam.edu.ar\/portada\/wp-json\/wp\/v2\/media?parent=31522"}],"curies":[{"name":"wp","href":"https:\/\/api.w.org\/{rel}","templated":true}]}}