{"id":35180,"date":"2025-02-12T14:41:34","date_gmt":"2025-02-12T17:41:34","guid":{"rendered":"https:\/\/www.fhycs.unam.edu.ar\/portada\/?page_id=35180"},"modified":"2025-02-12T19:31:41","modified_gmt":"2025-02-12T22:31:41","slug":"cuadernillo_2025","status":"publish","type":"page","link":"https:\/\/www.fhycs.unam.edu.ar\/portada\/cuadernillo_2025\/","title":{"rendered":"Cuadernillo de las JIVU 2025"},"content":{"rendered":"<p>Desde el PATFEs les presentamos el cuadernillo que nos acompa\u00f1ar\u00e1 durante las JIVU (Jornadas de Inclusi\u00f3n a la Vida Universitaria) en este 2025.<\/p>\n<p>Esta es la versi\u00f3n para leer en soporte digital. M\u00e1s abajo, enlazamos a una versi\u00f3n apta para imprimir.<\/p>\n<p><iframe loading=\"lazy\" src=\"https:\/\/drive.google.com\/file\/d\/10sxpugP735ZT8d6zf_0DzzkoZiF2Zvmw\/preview\" width=\"520\" height=\"720\"><span data-mce-type=\"bookmark\" style=\"display: inline-block; width: 0px; overflow: hidden; line-height: 0;\" class=\"mce_SELRES_start\">\ufeff<\/span><\/iframe><\/p>\n<p>&nbsp;<\/p>\n<p><a href=\"https:\/\/drive.google.com\/file\/d\/1gCM0WIjlLHLXetAn65VSHvXdG4YkSgBa\/view?usp=drive_link\">CUADERNILLO versi\u00f3n para IMPRIMIR<\/a><\/p>\n","protected":false},"excerpt":{"rendered":"<p>Desde el PATFEs les presentamos el cuadernillo que nos acompa\u00f1ar\u00e1 durante las JIVU (Jornadas de Inclusi\u00f3n a la Vida Universitaria) en este 2025. Esta es la versi\u00f3n para leer en soporte digital. M\u00e1s abajo, enlazamos a una versi\u00f3n apta para imprimir. \ufeff &nbsp; CUADERNILLO versi\u00f3n para IMPRIMIR<\/p>\n","protected":false},"author":28,"featured_media":39457,"parent":0,"menu_order":0,"comment_status":"closed","ping_status":"closed","template":"","meta":{"extendify_custom_stylesheet":""},"_links":{"self":[{"href":"https:\/\/www.fhycs.unam.edu.ar\/portada\/wp-json\/wp\/v2\/pages\/35180"}],"collection":[{"href":"https:\/\/www.fhycs.unam.edu.ar\/portada\/wp-json\/wp\/v2\/pages"}],"about":[{"href":"https:\/\/www.fhycs.unam.edu.ar\/portada\/wp-json\/wp\/v2\/types\/page"}],"author":[{"embeddable":true,"href":"https:\/\/www.fhycs.unam.edu.ar\/portada\/wp-json\/wp\/v2\/users\/28"}],"replies":[{"embeddable":true,"href":"https:\/\/www.fhycs.unam.edu.ar\/portada\/wp-json\/wp\/v2\/comments?post=35180"}],"version-history":[{"count":10,"href":"https:\/\/www.fhycs.unam.edu.ar\/portada\/wp-json\/wp\/v2\/pages\/35180\/revisions"}],"predecessor-version":[{"id":39463,"href":"https:\/\/www.fhycs.unam.edu.ar\/portada\/wp-json\/wp\/v2\/pages\/35180\/revisions\/39463"}],"wp:featuredmedia":[{"embeddable":true,"href":"https:\/\/www.fhycs.unam.edu.ar\/portada\/wp-json\/wp\/v2\/media\/39457"}],"wp:attachment":[{"href":"https:\/\/www.fhycs.unam.edu.ar\/portada\/wp-json\/wp\/v2\/media?parent=35180"}],"curies":[{"name":"wp","href":"https:\/\/api.w.org\/{rel}","templated":true}]}}