{"id":35995,"date":"2023-06-16T08:54:02","date_gmt":"2023-06-16T11:54:02","guid":{"rendered":"https:\/\/www.fhycs.unam.edu.ar\/portada\/?page_id=35995"},"modified":"2025-08-29T10:24:52","modified_gmt":"2025-08-29T13:24:52","slug":"programa-de-abordaje-interdisciplinario-e-intersectorial-de-la-salud-mental","status":"publish","type":"page","link":"https:\/\/www.fhycs.unam.edu.ar\/portada\/programa-de-abordaje-interdisciplinario-e-intersectorial-de-la-salud-mental\/","title":{"rendered":"Programa de Abordaje Interdisciplinario e Intersectorial de la Salud Mental"},"content":{"rendered":"<p><strong>Disposici\u00f3n N\u00ba 1918\/2022<\/strong><\/p>\n<p>El Programa de Abordaje Interdisciplinario e Intersectorial de la Salud Mental en el \u00e1mbito de la FHyCS es un espacio institucional que promueve la escucha activa y el acompa\u00f1amiento a personas que requieran atenci\u00f3n, contenci\u00f3n u orientaci\u00f3n inmediata.<br \/>\nNo se trata de un espacio terap\u00e9utico, es una propuesta para y con la comunidad universitaria, que permita visibilizar la salud mental como una dimensi\u00f3n fundamental para la vida en comunidad.<br \/>\nEl programa trabaja de manera articulada con otras oficinas y programas de la FHyCS, y con organismos encargados de la atenci\u00f3n de la salud mental, conformado una red interdisciplinaria e intersectorial desde la perspectiva de la protecci\u00f3n de los derechos.<\/p>\n<p><strong>Objetivos:<\/strong><\/p>\n<ul>\n<li>\u00a0Garantizar acciones de contenci\u00f3n inmediata y derivaci\u00f3n interinstitucional para integrantes de la comunidad universitaria de la FHyCS que requieran atenci\u00f3n.<\/li>\n<li>\u00a0Generar un circuito de contenci\u00f3n, abordaje y derivaci\u00f3n de personas que presenten episodios de padecimiento de salud mental y adicciones en el \u00e1mbito institucional de la FHyCS y sus Extensiones \u00c1ulicas<\/li>\n<li>Establecer redes de apoyo con instituciones y organizaciones para la derivaci\u00f3n, diagn\u00f3stico y tratamiento.<\/li>\n<li>Promover espacios de encuentro, reflexi\u00f3n, debate e intercambio sobre salud mental entre los distintos claustros.<\/li>\n<\/ul>\n<p><strong>Coordinador:<\/strong><\/p>\n<p>Mgter. Carlos L\u00f3pez<\/p>\n<p><strong>DATOS DE CONTACTO<\/strong><br \/>\nTel\u00e9fono de contacto: 3764-627048<br \/>\nRedes: programadesaludmentalfhycs<br \/>\nD\u00edas de atenci\u00f3n:<br \/>\nMi\u00e9rcoles de 15hs a 17hs<br \/>\nJueves de 16hs a 18hs<br \/>\nViernes de 15hs a 18hs<br \/>\nLugar: 2 piso del edificio Juan Figueredo.<\/p>\n","protected":false},"excerpt":{"rendered":"<p>Disposici\u00f3n N\u00ba 1918\/2022 El Programa de Abordaje Interdisciplinario e Intersectorial de la Salud Mental en el \u00e1mbito de la FHyCS es un espacio institucional que promueve la escucha activa y el acompa\u00f1amiento a personas que requieran atenci\u00f3n, contenci\u00f3n u orientaci\u00f3n inmediata. No se trata de un espacio terap\u00e9utico, es una propuesta para y con la [&hellip;]<\/p>\n","protected":false},"author":10,"featured_media":0,"parent":0,"menu_order":0,"comment_status":"closed","ping_status":"closed","template":"","meta":{"extendify_custom_stylesheet":""},"_links":{"self":[{"href":"https:\/\/www.fhycs.unam.edu.ar\/portada\/wp-json\/wp\/v2\/pages\/35995"}],"collection":[{"href":"https:\/\/www.fhycs.unam.edu.ar\/portada\/wp-json\/wp\/v2\/pages"}],"about":[{"href":"https:\/\/www.fhycs.unam.edu.ar\/portada\/wp-json\/wp\/v2\/types\/page"}],"author":[{"embeddable":true,"href":"https:\/\/www.fhycs.unam.edu.ar\/portada\/wp-json\/wp\/v2\/users\/10"}],"replies":[{"embeddable":true,"href":"https:\/\/www.fhycs.unam.edu.ar\/portada\/wp-json\/wp\/v2\/comments?post=35995"}],"version-history":[{"count":2,"href":"https:\/\/www.fhycs.unam.edu.ar\/portada\/wp-json\/wp\/v2\/pages\/35995\/revisions"}],"predecessor-version":[{"id":40426,"href":"https:\/\/www.fhycs.unam.edu.ar\/portada\/wp-json\/wp\/v2\/pages\/35995\/revisions\/40426"}],"wp:attachment":[{"href":"https:\/\/www.fhycs.unam.edu.ar\/portada\/wp-json\/wp\/v2\/media?parent=35995"}],"curies":[{"name":"wp","href":"https:\/\/api.w.org\/{rel}","templated":true}]}}