{"id":36986,"date":"2023-12-14T11:37:17","date_gmt":"2023-12-14T14:37:17","guid":{"rendered":"https:\/\/www.fhycs.unam.edu.ar\/portada\/?page_id=36986"},"modified":"2023-12-20T10:16:41","modified_gmt":"2023-12-20T13:16:41","slug":"guia-para-ingresantes-2024","status":"publish","type":"page","link":"https:\/\/www.fhycs.unam.edu.ar\/portada\/guia-para-ingresantes-2024\/","title":{"rendered":"Gu\u00eda para Ingresantes 2024"},"content":{"rendered":"<p><a href=\"http:\/\/\n&lt;div class=&quot;gde-error&quot;&gt;GDE Error: Tipo de fichero no soportado (pdf&quot;)&lt;\/div&gt;\" target=\"_blank\" rel=\"noopener\"><img loading=\"lazy\" class=\"alignnone wp-image-37005\" src=\"https:\/\/www.fhycs.unam.edu.ar\/portada\/wp-content\/uploads\/2023\/12\/JPGWEB800X200-300x82.jpg\" alt=\"\" width=\"805\" height=\"220\" srcset=\"https:\/\/www.fhycs.unam.edu.ar\/portada\/wp-content\/uploads\/2023\/12\/JPGWEB800X200-300x82.jpg 300w, https:\/\/www.fhycs.unam.edu.ar\/portada\/wp-content\/uploads\/2023\/12\/JPGWEB800X200-1024x278.jpg 1024w, https:\/\/www.fhycs.unam.edu.ar\/portada\/wp-content\/uploads\/2023\/12\/JPGWEB800X200-768x209.jpg 768w, https:\/\/www.fhycs.unam.edu.ar\/portada\/wp-content\/uploads\/2023\/12\/JPGWEB800X200-1536x418.jpg 1536w, https:\/\/www.fhycs.unam.edu.ar\/portada\/wp-content\/uploads\/2023\/12\/JPGWEB800X200.jpg 1920w\" sizes=\"(max-width: 805px) 100vw, 805px\" \/><\/a><\/p>\n<h3 style=\"text-align: center;\"><span style=\"color: #0000ff;\"><a style=\"color: #0000ff;\" href=\"https:\/\/www.fhycs.unam.edu.ar\/portada\/wp-content\/uploads\/2023\/12\/GUIA-PARA-INGRESANTES-2024.pdf\" target=\"_blank\" rel=\"noopener\">DESCARGA AQU\u00cd LA GU\u00cdA PARA INGRESANTES 2024<\/a><\/span><\/h3>\n<p>En esta gu\u00eda encontrar\u00e1s:<\/p>\n<ul>\n<li>Qu\u00e9 son las JIVU<\/li>\n<li>Qu\u00e9 es el PATFES<\/li>\n<li>C\u00f3mo llegar a la Facultad<\/li>\n<li>Calendario Acad\u00e9mico<\/li>\n<li>Oficinas y Programas<\/li>\n<li>Tutoriales<\/li>\n<li>Lo que necesitas saber para iniciar tu cursada<\/li>\n<li>Enlaces importantes<\/li>\n<li>Y muchas cosas m\u00e1s&#8230;<\/li>\n<\/ul>\n","protected":false},"excerpt":{"rendered":"<p>DESCARGA AQU\u00cd LA GU\u00cdA PARA INGRESANTES 2024 En esta gu\u00eda encontrar\u00e1s: Qu\u00e9 son las JIVU Qu\u00e9 es el PATFES C\u00f3mo llegar a la Facultad Calendario Acad\u00e9mico Oficinas y Programas Tutoriales Lo que necesitas saber para iniciar tu cursada Enlaces importantes Y muchas cosas m\u00e1s&#8230;<\/p>\n","protected":false},"author":10,"featured_media":0,"parent":0,"menu_order":0,"comment_status":"closed","ping_status":"closed","template":"","meta":{"extendify_custom_stylesheet":""},"_links":{"self":[{"href":"https:\/\/www.fhycs.unam.edu.ar\/portada\/wp-json\/wp\/v2\/pages\/36986"}],"collection":[{"href":"https:\/\/www.fhycs.unam.edu.ar\/portada\/wp-json\/wp\/v2\/pages"}],"about":[{"href":"https:\/\/www.fhycs.unam.edu.ar\/portada\/wp-json\/wp\/v2\/types\/page"}],"author":[{"embeddable":true,"href":"https:\/\/www.fhycs.unam.edu.ar\/portada\/wp-json\/wp\/v2\/users\/10"}],"replies":[{"embeddable":true,"href":"https:\/\/www.fhycs.unam.edu.ar\/portada\/wp-json\/wp\/v2\/comments?post=36986"}],"version-history":[{"count":6,"href":"https:\/\/www.fhycs.unam.edu.ar\/portada\/wp-json\/wp\/v2\/pages\/36986\/revisions"}],"predecessor-version":[{"id":37022,"href":"https:\/\/www.fhycs.unam.edu.ar\/portada\/wp-json\/wp\/v2\/pages\/36986\/revisions\/37022"}],"wp:attachment":[{"href":"https:\/\/www.fhycs.unam.edu.ar\/portada\/wp-json\/wp\/v2\/media?parent=36986"}],"curies":[{"name":"wp","href":"https:\/\/api.w.org\/{rel}","templated":true}]}}