{"id":37734,"date":"2024-05-20T17:21:28","date_gmt":"2024-05-20T20:21:28","guid":{"rendered":"https:\/\/www.fhycs.unam.edu.ar\/portada\/?page_id=37734"},"modified":"2024-05-20T17:21:42","modified_gmt":"2024-05-20T20:21:42","slug":"becas-2","status":"publish","type":"page","link":"https:\/\/www.fhycs.unam.edu.ar\/portada\/becas-2\/","title":{"rendered":"Becas"},"content":{"rendered":"<p>El formulario de solicitud de becas deber\u00e1 pedirse <strong>personalmente en la Direcci\u00f3n de Bienestar Estudiantil.<\/strong><\/p>\n<h2>Beca de Salud<\/h2>\n<p>Esta beca est\u00e1 destinada a los alumnos que la soliciten y no tengan obra social.<\/p>\n<p>Requisitos:<\/p>\n<ul>\n<li>Certificado de Alumno Regular.<\/li>\n<li>Nota de incorporaci\u00f3n o solicitud de la beca.<\/li>\n<li>&#8220;Negativa&#8221; del ANSES.\u00a0<a href=\"http:\/\/www.anses.gob.ar\/prestacion\/certificacion-negativa-127\" target=\"_blank\" rel=\"noopener\">Solicitar aqu\u00ed<\/a><\/li>\n<li>&#8220;Negativa&#8221; del IPS. <a href=\"http:\/\/www.ips.misiones.gov.ar\/index.php?option=com_wrapper&amp;view=wrapper&amp;Itemid=176\" target=\"_blank\" rel=\"noopener\">Solicitar aqu\u00ed<\/a><\/li>\n<\/ul>\n<h2>PNBU<\/h2>\n<p>El Programa Nacional de Becas Universitarias (PNBU) est\u00e1 dirigido a promover la igualdad de oportunidades en el \u00e1mbito de la educaci\u00f3n superior, a trav\u00e9s de la implementaci\u00f3n de un sistema de becas que facilite el acceso y\/o la permanencia de alumnos de escasos recursos econ\u00f3micos y buen desempe\u00f1o acad\u00e9mico en los estudios de grado en Universidades Nacionales o Institutos Universitarios. Est\u00e1 destinado a <em>Alumnos Ingresantes:<\/em> que hayan finalizado sus estudios de educaci\u00f3n media, sin adeudar materias, que aspiren a cursar una carrera de grado en una Universidad Nacional o Instituto Universitario Nacional, en el a\u00f1o de la Convocatoria y<em>\u00a0 Nuevos Avanzados<\/em>: Alumnos que est\u00e9n cursando, de manera presencial, una carrera de grado en una Universidad Nacional o Instituto Universitario Nacional.<\/p>\n<p>Sitio web oficial: <a href=\"http:\/\/www.becasbicentenario.gov.ar\/aplicacion.php?ah=st55ba128ddc2f4&amp;ai=contenidos||19000030&amp;id_idioma=1&amp;id_menu=2\" target=\"_blank\" rel=\"noopener\">www.becasbicentenario.gob.ar<\/a><\/p>\n<p>Requisitos:<\/p>\n<ul>\n<li>Ser Argentino nativo o por opci\u00f3n.<\/li>\n<li>No superar los ingresos dispuestos para la Convocatoria:<br \/>\nLos montos m\u00e1ximos estipulados quedan conformados de la siguiente manera, considerando a manera de ejemplo hasta seis integrantes (+$800 por cada nuevo integrante). <a href=\"https:\/\/www.fhycs.unam.edu.ar\/portada\/wp-content\/uploads\/2015\/07\/ingresos-estipulados.png\">Ver tabla<\/a><\/li>\n<li>Ingresantes:\n<ul>\n<li>Edad hasta 35 a\u00f1os.<\/li>\n<li>Ser ingresante a una carrera en una Universidad Nacional o Instituto Universitario Nacional incluida en este Programa <a href=\"http:\/\/www.becasbicentenario.gov.ar\/aplicacion.php?ah=st54d4f1eb1e577&amp;ai=contenidos||19000030&amp;id_idioma=1&amp;id_menu=12&amp;mapa_grande=&amp;contacto=&amp;mapa_del_sitio=&amp;declaracion_legal=&amp;id_submenu=12\" target=\"_self\" rel=\"noopener\">(ver Lista de Carreras)<\/a><\/li>\n<li>Haber finalizado los estudios de nivel medio sin adeudar materias.<\/li>\n<\/ul>\n<\/li>\n<li>Alumnos renovantes y nuevos avanzados:\n<ul>\n<li>Sin l\u00edmite de edad.<\/li>\n<li>\u00a0Ser alumno regular de la misma carrera por la cual obtuvo el beneficio previamente, dictada bajo modalidad presencial en una Universidad Nacional o Instituto Universitario Nacional.<\/li>\n<li>Los postulantes deber\u00e1n acreditar, adem\u00e1s de los requisitos dispuestos anteriormente, la cantidad de materias aprobadas que exige el Reglamento<span style=\"font-family: Arial;\">.<\/span><\/li>\n<\/ul>\n<\/li>\n<\/ul>\n<h2>Beca de Albergue:<\/h2>\n<p>Se otorga a los estudiantes regulares de la Facultad.<\/p>\n<p>Requisitos: Presentar nota de solicitud.<\/p>\n<h2>Apuntes y Pasajes:<\/h2>\n<p>Esta beca otorga dinero a los estudiantes para apuntes y pasajes, las solicitudes son evaluadas por la comisi\u00f3n de becas y no se pueden otorgar las dos a un mismo alumno. (La solicitud puede ser presentada solo a principios de a\u00f1o, generalmente durante el mes de Marzo)<\/p>\n<p>Requisito: Presentar nota de solicitud.<\/p>\n<h2>Guarder\u00eda:<\/h2>\n<p>Destinada s\u00f3lo a alumnas regulares de la facultad con hijos de hasta 5 a\u00f1os. Las solicitudes de beca Guarder\u00eda son analizadas por la Comisi\u00f3n de Becas. Actualmente la guarder\u00eda se encuentra en Salta 2167 Jard\u00edn Materno Infantil &#8220;Mita\u00ed&#8221;<\/p>\n<p>Requisitos:<\/p>\n<ul>\n<li>Certificado de alumno regular.<\/li>\n<li>Certificado de materias aprobadas.<\/li>\n<li>Nota de solicitud de la beca.<\/li>\n<li>Fotocopia de DNI autenticado por la polic\u00eda o juzgado de la madre.<\/li>\n<li>Fotocopia de DNI autenticado por la polic\u00eda o juzgado del ni\u00f1o o ni\u00f1a.<\/li>\n<li>Que el menor tenga hasta 5 a\u00f1os de edad inclusive.<\/li>\n<\/ul>\n<h2>Comedor:<\/h2>\n<p>El <a href=\"http:\/\/www.fhycs.unam.edu.ar\/carreras\/comedor-universitario\/\" target=\"_blank\" rel=\"noopener\">comedor <\/a>est\u00e1 destinado a todos los estudiantes regulares de la Facultad de Humanidades y Ciencias Sociales, se encuentra en F\u00e9lix Bogado 2160.<\/p>\n<p>Requisito: Presentar carnet universitario.<\/p>\n<p>&nbsp;<\/p>\n<p>&nbsp;<\/p>\n","protected":false},"excerpt":{"rendered":"<p>El formulario de solicitud de becas deber\u00e1 pedirse personalmente en la Direcci\u00f3n de Bienestar Estudiantil. Beca de Salud Esta beca est\u00e1 destinada a los alumnos que la soliciten y no tengan obra social. Requisitos: Certificado de Alumno Regular. Nota de incorporaci\u00f3n o solicitud de la beca. &#8220;Negativa&#8221; del ANSES.\u00a0Solicitar aqu\u00ed &#8220;Negativa&#8221; del IPS. Solicitar aqu\u00ed [&hellip;]<\/p>\n","protected":false},"author":10,"featured_media":0,"parent":0,"menu_order":0,"comment_status":"closed","ping_status":"closed","template":"","meta":{"extendify_custom_stylesheet":""},"_links":{"self":[{"href":"https:\/\/www.fhycs.unam.edu.ar\/portada\/wp-json\/wp\/v2\/pages\/37734"}],"collection":[{"href":"https:\/\/www.fhycs.unam.edu.ar\/portada\/wp-json\/wp\/v2\/pages"}],"about":[{"href":"https:\/\/www.fhycs.unam.edu.ar\/portada\/wp-json\/wp\/v2\/types\/page"}],"author":[{"embeddable":true,"href":"https:\/\/www.fhycs.unam.edu.ar\/portada\/wp-json\/wp\/v2\/users\/10"}],"replies":[{"embeddable":true,"href":"https:\/\/www.fhycs.unam.edu.ar\/portada\/wp-json\/wp\/v2\/comments?post=37734"}],"version-history":[{"count":1,"href":"https:\/\/www.fhycs.unam.edu.ar\/portada\/wp-json\/wp\/v2\/pages\/37734\/revisions"}],"predecessor-version":[{"id":37735,"href":"https:\/\/www.fhycs.unam.edu.ar\/portada\/wp-json\/wp\/v2\/pages\/37734\/revisions\/37735"}],"wp:attachment":[{"href":"https:\/\/www.fhycs.unam.edu.ar\/portada\/wp-json\/wp\/v2\/media?parent=37734"}],"curies":[{"name":"wp","href":"https:\/\/api.w.org\/{rel}","templated":true}]}}