{"id":38040,"date":"2024-07-30T08:20:48","date_gmt":"2024-07-30T11:20:48","guid":{"rendered":"https:\/\/www.fhycs.unam.edu.ar\/portada\/?page_id=38040"},"modified":"2024-08-14T12:47:23","modified_gmt":"2024-08-14T15:47:23","slug":"observatorio-economico-y-social-del-deporte-y-la-actividad-fisica","status":"publish","type":"page","link":"https:\/\/www.fhycs.unam.edu.ar\/portada\/observatorio-economico-y-social-del-deporte-y-la-actividad-fisica\/","title":{"rendered":"Observatorio Econ\u00f3mico y Social del Deporte y la Actividad F\u00edsica"},"content":{"rendered":"<p><span class=\"fontstyle0\">Es un proyecto permanente de la Secretar\u00eda General de Extensi\u00f3n de la UNaM, aprobado por Resoluci\u00f3n CS 1182\/19 y forma parte del Programa de innovaci\u00f3n aplicada a datos socioecon\u00f3micos, aprobado por Resoluci\u00f3n CD 071\/24.<\/span><\/p>\n<p><span class=\"fontstyle0\">Esta conformado por docentes de la Facultad de Humanidades y Ciencias Sociales de las carreras de T\u00e9cnico en Investigaci\u00f3n Socioecon\u00f3mica y de la Licenciatura en tratamiento y an\u00e1lisis de datos para la investigaci\u00f3n socioecon\u00f3mica.<\/span><\/p>\n<p><span class=\"fontstyle0\">La coordinaci\u00f3n est\u00e1 a cargo de la Esp. Eva Muguerza, en la co-coordinaci\u00f3n el Mg Mauricio Rosenfeld y como parte del equipo, el Lic. Gamael Marc, la Lic. Tania Ruff y el Dr Fernando Gonz\u00e1lez.<\/span><\/p>\n<p><strong><span class=\"fontstyle0\">Visi\u00f3n<\/span><\/strong><\/p>\n<p><span class=\"fontstyle1\">Queremos ser l\u00edderes en la integraci\u00f3n de datos para abordar los desaf\u00edos de personas y organizaciones, estimulando la sinergia entre academia y sociedad en el campo socioecon\u00f3mico del deporte y la actividad f\u00edsica<\/span><\/p>\n<p><strong><span class=\"fontstyle0\">Misi\u00f3n<\/span><\/strong><\/p>\n<p><span class=\"fontstyle1\">Queremos facilitar un di\u00e1logo din\u00e1mico y colaborativo entre la academia y la sociedad mediante soluciones innovadoras en generaci\u00f3n, tratamiento y an\u00e1lisis de datos. Nuestro programa se enfoca en brindar herramientas y conocimientos especializados para enfrentar los desaf\u00edos de personas y organizaciones en el campo socioecon\u00f3mico del deporte y la actividad f\u00edsica.<\/span><\/p>\n<p><strong><span class=\"fontstyle0\">Valores<\/span><\/strong><\/p>\n<p><span class=\"fontstyle1\">Excelencia . Colaboraci\u00f3n . Innovaci\u00f3n . Integridad . Compromiso . Impacto positivo\u00a0<\/span><\/p>\n<p><strong><span class=\"fontstyle0\">Servicios que ofrecemos<\/span><\/strong><\/p>\n<p><span class=\"fontstyle3\">ECON\u00d3MICO Y SOCIAL DEL DEPORTE Y LA ACTIVIDAD F\u00cdSICA <\/span><span class=\"fontstyle3\">OBSERVATORIO<\/span><\/p>\n<p><span class=\"fontstyle1\">Asesoramiento t\u00e9cnico permanente y continuo Consultor\u00eda en proyectos<\/span><\/p>\n<p><span class=\"fontstyle1\">Exploraci\u00f3n, explotaci\u00f3n, tratamiento y an\u00e1lisis de datos Capacitaciones y eventos de divulgaci\u00f3n<\/span><\/p>\n<p>&nbsp;<\/p>\n<p><strong>Resultados:\u00a0<\/strong><\/p>\n<p>(agregar gr\u00e1ficos o lo que consideren pertinente)<\/p>\n<p>&nbsp;<\/p>\n<p><strong><span class=\"fontstyle0\">Redes sociales de inter\u00e9s<\/span><\/strong><\/p>\n<p><a href=\"https:\/\/www.instagram.com\/innovacion_en_datos?igsh=MXgxOTFzYnJuaGNqdw==\"><span class=\"fontstyle4\">https:\/\/www.instagram.com\/innovacion_en_datos?igsh=MXgxOTFzYnJuaGNqdw==<\/span><\/a><\/p>\n<p><a href=\"https:\/\/www.instagram.com\/observatorio.eco.deporte.unam?igsh=cmEzbnl6NXgxbTBy\"><span class=\"fontstyle4\">https:\/\/www.instagram.com\/observatorio.eco.deporte.unam?igsh=cmEzbnl6NXgxbTBy<\/span><\/a><\/p>\n<p><a href=\"https:\/\/www.instagram.com\/derechoaldeporteunam?igsh=bGVlczI0ZHFyZzZy\"><span class=\"fontstyle1\">https:\/\/www.instagram.com\/derechoaldeporteunam?igsh=bGVlczI0ZHFyZzZy<\/span> <\/a><\/p>\n<p><strong><span class=\"fontstyle0\">Contacto<\/span><\/strong><\/p>\n<p><span class=\"fontstyle1\">Eva Muguerza <\/span><span class=\"fontstyle2\">\ud83d\udcf2 <\/span><span class=\"fontstyle1\">3764 635334<\/span><\/p>\n","protected":false},"excerpt":{"rendered":"<p>Es un proyecto permanente de la Secretar\u00eda General de Extensi\u00f3n de la UNaM, aprobado por Resoluci\u00f3n CS 1182\/19 y forma parte del Programa de innovaci\u00f3n aplicada a datos socioecon\u00f3micos, aprobado por Resoluci\u00f3n CD 071\/24. Esta conformado por docentes de la Facultad de Humanidades y Ciencias Sociales de las carreras de T\u00e9cnico en Investigaci\u00f3n Socioecon\u00f3mica y [&hellip;]<\/p>\n","protected":false},"author":10,"featured_media":0,"parent":0,"menu_order":0,"comment_status":"closed","ping_status":"closed","template":"","meta":{"extendify_custom_stylesheet":""},"_links":{"self":[{"href":"https:\/\/www.fhycs.unam.edu.ar\/portada\/wp-json\/wp\/v2\/pages\/38040"}],"collection":[{"href":"https:\/\/www.fhycs.unam.edu.ar\/portada\/wp-json\/wp\/v2\/pages"}],"about":[{"href":"https:\/\/www.fhycs.unam.edu.ar\/portada\/wp-json\/wp\/v2\/types\/page"}],"author":[{"embeddable":true,"href":"https:\/\/www.fhycs.unam.edu.ar\/portada\/wp-json\/wp\/v2\/users\/10"}],"replies":[{"embeddable":true,"href":"https:\/\/www.fhycs.unam.edu.ar\/portada\/wp-json\/wp\/v2\/comments?post=38040"}],"version-history":[{"count":3,"href":"https:\/\/www.fhycs.unam.edu.ar\/portada\/wp-json\/wp\/v2\/pages\/38040\/revisions"}],"predecessor-version":[{"id":38123,"href":"https:\/\/www.fhycs.unam.edu.ar\/portada\/wp-json\/wp\/v2\/pages\/38040\/revisions\/38123"}],"wp:attachment":[{"href":"https:\/\/www.fhycs.unam.edu.ar\/portada\/wp-json\/wp\/v2\/media?parent=38040"}],"curies":[{"name":"wp","href":"https:\/\/api.w.org\/{rel}","templated":true}]}}