{"id":38046,"date":"2024-07-30T08:26:38","date_gmt":"2024-07-30T11:26:38","guid":{"rendered":"https:\/\/www.fhycs.unam.edu.ar\/portada\/?page_id=38046"},"modified":"2024-10-09T11:47:09","modified_gmt":"2024-10-09T14:47:09","slug":"observatorio-de-economia-de-la-innovacion-aplicada-a-la-educacion","status":"publish","type":"page","link":"https:\/\/www.fhycs.unam.edu.ar\/portada\/observatorio-de-economia-de-la-innovacion-aplicada-a-la-educacion\/","title":{"rendered":"Observatorio de Econom\u00eda de la Innovaci\u00f3n aplicada a la Educaci\u00f3n"},"content":{"rendered":"<p><strong>Observatorio de econom\u00eda de la innovaci\u00f3n aplicada a la educaci\u00f3n<\/strong><\/p>\n<p>&nbsp;<\/p>\n<p>Es un proyecto permanente de la Secretar\u00eda de Extensi\u00f3n y Vinculaci\u00f3n Tecnol\u00f3gica de la Facultad de Humanidades y Ciencias Sociales (FHyCS) de la UNaM, aprobado por Resoluci\u00f3n 212\/24.<\/p>\n<p>Esta iniciativa busca generar conocimiento valioso sobre la interacci\u00f3n entre innovaci\u00f3n, educaci\u00f3n y econom\u00eda. A trav\u00e9s de la recopilaci\u00f3n, an\u00e1lisis y divulgaci\u00f3n de datos, ofrecemos herramientas que permiten mejorar la toma de decisiones en pol\u00edticas p\u00fablicas, ecosistemas educativos y sectores productivos. Nuestro compromiso es contribuir a la equidad y competitividad econ\u00f3mica, impulsando la innovaci\u00f3n desde la educaci\u00f3n.<\/p>\n<p><strong>Visi\u00f3n<\/strong><\/p>\n<p>Ser referentes en la producci\u00f3n de datos y conocimiento que impulsen la innovaci\u00f3n en los campos de la educaci\u00f3n y la econom\u00eda, promoviendo soluciones que respondan a los desaf\u00edos actuales y futuros de la sociedad.<\/p>\n<p><strong>Misi\u00f3n<\/strong><\/p>\n<p>Facilitar el acceso a informaci\u00f3n clara y relevante sobre la relaci\u00f3n entre educaci\u00f3n, innovaci\u00f3n y econom\u00eda, promoviendo el di\u00e1logo entre la academia, los actores sociales y los tomadores de decisiones.<\/p>\n<p>&nbsp;<\/p>\n<p><strong>Valores<\/strong><\/p>\n<ul>\n<li><strong>Innovaci\u00f3n<\/strong>: Promovemos soluciones creativas y disruptivas para transformar la educaci\u00f3n y la econom\u00eda.<\/li>\n<li><strong>Equidad<\/strong>: Trabajamos para crear un impacto positivo que favorezca a todos los sectores el acceso a la informaci\u00f3n<\/li>\n<li><strong>Colaboraci\u00f3n<\/strong>: Fomentamos el trabajo conjunto entre el sector p\u00fablico, privado y la academia.<\/li>\n<li><strong>Impacto Social<\/strong>: Todas nuestras acciones est\u00e1n dirigidas a generar un cambio significativo en la sociedad.<\/li>\n<\/ul>\n<p>Desde el observatorio llevamos adelante 3 ejes de trabajo:<\/p>\n<ol>\n<li><strong>Capacitaci\u00f3n:<\/strong> Dise\u00f1amos programas de formaci\u00f3n sobre el uso de datos y la innovaci\u00f3n educativa, adaptados a las necesidades de docentes, investigadores y l\u00edderes empresariales.<\/li>\n<li><strong>Consultor\u00edas y Asesoramiento:<\/strong> Ofrecemos servicios especializados para instituciones educativas, empresariales y gubernamentales, enfocados en la implementaci\u00f3n de estrategias innovadoras.<\/li>\n<li><strong>Investigaci\u00f3n: <\/strong>Realizamos estudios sobre la relaci\u00f3n entre innovaci\u00f3n, educaci\u00f3n y econom\u00eda, proporcionando informaci\u00f3n clave para la toma de decisiones informadas.<\/li>\n<\/ol>\n<p>Contacto: <a href=\"mailto:observatoriodedli@fhycs.unam.edu.ar\">observatoriodedli@fhycs.unam.edu.ar<\/a><\/p>\n<p>INSTAGRAM: <a href=\"https:\/\/www.instagram.com\/observatorioinnovacionfhycs\/\" target=\"_blank\" rel=\"noopener\">https:\/\/www.instagram.com\/observatorioinnovacionfhycs\/<\/a><\/p>\n","protected":false},"excerpt":{"rendered":"<p>Observatorio de econom\u00eda de la innovaci\u00f3n aplicada a la educaci\u00f3n &nbsp; Es un proyecto permanente de la Secretar\u00eda de Extensi\u00f3n y Vinculaci\u00f3n Tecnol\u00f3gica de la Facultad de Humanidades y Ciencias Sociales (FHyCS) de la UNaM, aprobado por Resoluci\u00f3n 212\/24. Esta iniciativa busca generar conocimiento valioso sobre la interacci\u00f3n entre innovaci\u00f3n, educaci\u00f3n y econom\u00eda. A trav\u00e9s [&hellip;]<\/p>\n","protected":false},"author":10,"featured_media":0,"parent":0,"menu_order":0,"comment_status":"closed","ping_status":"closed","template":"","meta":{"extendify_custom_stylesheet":""},"_links":{"self":[{"href":"https:\/\/www.fhycs.unam.edu.ar\/portada\/wp-json\/wp\/v2\/pages\/38046"}],"collection":[{"href":"https:\/\/www.fhycs.unam.edu.ar\/portada\/wp-json\/wp\/v2\/pages"}],"about":[{"href":"https:\/\/www.fhycs.unam.edu.ar\/portada\/wp-json\/wp\/v2\/types\/page"}],"author":[{"embeddable":true,"href":"https:\/\/www.fhycs.unam.edu.ar\/portada\/wp-json\/wp\/v2\/users\/10"}],"replies":[{"embeddable":true,"href":"https:\/\/www.fhycs.unam.edu.ar\/portada\/wp-json\/wp\/v2\/comments?post=38046"}],"version-history":[{"count":4,"href":"https:\/\/www.fhycs.unam.edu.ar\/portada\/wp-json\/wp\/v2\/pages\/38046\/revisions"}],"predecessor-version":[{"id":38542,"href":"https:\/\/www.fhycs.unam.edu.ar\/portada\/wp-json\/wp\/v2\/pages\/38046\/revisions\/38542"}],"wp:attachment":[{"href":"https:\/\/www.fhycs.unam.edu.ar\/portada\/wp-json\/wp\/v2\/media?parent=38046"}],"curies":[{"name":"wp","href":"https:\/\/api.w.org\/{rel}","templated":true}]}}