{"id":38050,"date":"2024-07-30T08:36:40","date_gmt":"2024-07-30T11:36:40","guid":{"rendered":"https:\/\/www.fhycs.unam.edu.ar\/portada\/?page_id=38050"},"modified":"2024-10-09T09:55:26","modified_gmt":"2024-10-09T12:55:26","slug":"flora-tristan","status":"publish","type":"page","link":"https:\/\/www.fhycs.unam.edu.ar\/portada\/flora-tristan\/","title":{"rendered":"Flora Trist\u00e1n"},"content":{"rendered":"<h4>Centro de Estudios y Promoci\u00f3n de la equidad de g\u00e9nero Flora Trist\u00e1n<\/h4>\n<p>El Centro de Estudios y Promoci\u00f3n de la Equidad de G\u00e9neros Flora Trist\u00e1n de la UNAM, desde el 2010 viene trabajando los DDHH en clave de g\u00e9neros<\/p>\n<p>Revista <a href=\"http:\/\/elgeneroenplural.blogspot.com\/\" target=\"_blank\" rel=\"noopener\">El G\u00e9nero en Plural<\/a><\/p>\n<p>INSTAGRAM: <a href=\"https:\/\/www.instagram.com\/floratristan_misiones\/\" target=\"_blank\" rel=\"noopener\">https:\/\/www.instagram.com\/floratristan_misiones\/<\/a><\/p>\n<p>Contacto:<\/p>\n<p>&nbsp;<\/p>\n","protected":false},"excerpt":{"rendered":"<p>Centro de Estudios y Promoci\u00f3n de la equidad de g\u00e9nero Flora Trist\u00e1n El Centro de Estudios y Promoci\u00f3n de la Equidad de G\u00e9neros Flora Trist\u00e1n de la UNAM, desde el 2010 viene trabajando los DDHH en clave de g\u00e9neros Revista El G\u00e9nero en Plural INSTAGRAM: https:\/\/www.instagram.com\/floratristan_misiones\/ Contacto: &nbsp;<\/p>\n","protected":false},"author":10,"featured_media":0,"parent":0,"menu_order":0,"comment_status":"closed","ping_status":"closed","template":"","meta":{"extendify_custom_stylesheet":""},"_links":{"self":[{"href":"https:\/\/www.fhycs.unam.edu.ar\/portada\/wp-json\/wp\/v2\/pages\/38050"}],"collection":[{"href":"https:\/\/www.fhycs.unam.edu.ar\/portada\/wp-json\/wp\/v2\/pages"}],"about":[{"href":"https:\/\/www.fhycs.unam.edu.ar\/portada\/wp-json\/wp\/v2\/types\/page"}],"author":[{"embeddable":true,"href":"https:\/\/www.fhycs.unam.edu.ar\/portada\/wp-json\/wp\/v2\/users\/10"}],"replies":[{"embeddable":true,"href":"https:\/\/www.fhycs.unam.edu.ar\/portada\/wp-json\/wp\/v2\/comments?post=38050"}],"version-history":[{"count":4,"href":"https:\/\/www.fhycs.unam.edu.ar\/portada\/wp-json\/wp\/v2\/pages\/38050\/revisions"}],"predecessor-version":[{"id":38543,"href":"https:\/\/www.fhycs.unam.edu.ar\/portada\/wp-json\/wp\/v2\/pages\/38050\/revisions\/38543"}],"wp:attachment":[{"href":"https:\/\/www.fhycs.unam.edu.ar\/portada\/wp-json\/wp\/v2\/media?parent=38050"}],"curies":[{"name":"wp","href":"https:\/\/api.w.org\/{rel}","templated":true}]}}