{"id":38248,"date":"2024-09-12T15:23:55","date_gmt":"2024-09-12T18:23:55","guid":{"rendered":"https:\/\/www.fhycs.unam.edu.ar\/portada\/?page_id=38248"},"modified":"2024-11-04T13:48:02","modified_gmt":"2024-11-04T16:48:02","slug":"jinvestigadores","status":"publish","type":"page","link":"https:\/\/www.fhycs.unam.edu.ar\/portada\/jinvestigadores\/","title":{"rendered":"Jornadas de Investigaci\u00f3n"},"content":{"rendered":"<h2><strong>Circulares<\/strong><\/h2>\n<ul>\n<li><a href=\"https:\/\/www.fhycs.unam.edu.ar\/portada\/circular-1\/\">Primer Circular<\/a><\/li>\n<li><a href=\"https:\/\/www.fhycs.unam.edu.ar\/portada\/segunda-circular-jornadas-de-investigacion-fhycs-unam-2024\/\">Segunda Circular<\/a><\/li>\n<\/ul>\n<p>El 24 y 25 de octubre del 2024, se reunieron 25 Grupos de Trabajo-GT, vinculados con los siguientes Ejes Tem\u00e1ticos:<\/p>\n<h2><strong>Eje 1. Derechos y pol\u00edticas p\u00fablicas:<\/strong><\/h2>\n<ul>\n<li><strong>GT-<em><a href=\"https:\/\/www.fhycs.unam.edu.ar\/portada\/gt-acciones-colectivas-en-salud-politicas-desigualdades-y-demandas\/\">Acciones colectivas en salud: pol\u00edticas, desigualdades y demandas<\/a>. <\/em><\/strong> Dra. Mariana Lorenzetti (IESyH-CONICET \/ FHyCS-UNaM), Esp. Luc\u00eda Genzone (IESyH-CONICET \/ FHyCS-UNaM), Dr. Miguel Avalos (IESyH-CONICET \/ FHyCS-UNaM)<\/li>\n<li><strong>GT-<a href=\"https:\/\/www.fhycs.unam.edu.ar\/portada\/gt-historia-y-antropologia-de-las-politicas-publicas-practicas-de-gerenciamiento-y-procesos-de-institucionalizacion-de-agencias-y-agentes-en-el-contexto-local-y-regional\/\"><em>Historia y antropolog\u00eda de las pol\u00edticas p\u00fablicas, pr\u00e1cticas de gerenciamiento y procesos de institucionalizaci\u00f3n de agencias y agentes en el contexto local y regional<\/em><\/a><\/strong>. Coord. Laura Ebenau (DAS, IESyH-CONICET\/UNaM) \u00a0\/ Lic. Diana Haugg (PPAS-UNaM)<\/li>\n<li><strong>GT-<a href=\"https:\/\/www.fhycs.unam.edu.ar\/portada\/gt-politicas-publicas-deporte-y-actividad-fisica-en-clave-de-derechos\/\"><em>Pol\u00edticas p\u00fablicas, deporte y actividad f\u00edsica en clave de derechos<\/em><\/a><\/strong>. Coord. Esp. Eva Muguerza (FHyCS-UNaM)<\/li>\n<li><strong>GT-<a href=\"https:\/\/www.fhycs.unam.edu.ar\/portada\/gt-experiencias-comunitarias-derechos-humanos-cuidados-colectivos-y-politicas-publicas\"><em>Experiencias comunitarias. Derechos humanos, cuidados colectivos y pol\u00edticas p\u00fablicas<\/em><\/a><\/strong><em>.<\/em> Mgter. Rosana Benitez (FHyCS-UNaM) \/ Lic. Anal\u00eda Oviedo (FHyCS-UNaM) \/ Est. Valentina Sol Gim\u00e9nez (FHyCS-UNaM)<\/li>\n<li><strong>GT-<a href=\"https:\/\/www.fhycs.unam.edu.ar\/portada\/gt-ciudades-intermedias-habitat-popular-y-derecho-a-la-ciudad\/\"><em>Ciudades intermedias, h\u00e1bitat popular y derecho a la ciudad <\/em><\/a><\/strong> Dra. Myriam Barone (IESyH-CONICET\/FHyCS-UNaM) \/ Dr. Walter Fernando Brites (IESyH-CONICET \/ FHyCS-UNaM)<\/li>\n<li><strong>GT-<em><a href=\"https:\/\/www.fhycs.unam.edu.ar\/portada\/gt-nineces-y-jovenes\/\">Ni\u00f1eces y j\u00f3venes<\/a>.<\/em><\/strong> Esp. Silvia Nudelman (FHyCS-UNaM) \/ Mgter. Silvana Cardozo (FHyCS-UNaM)<\/li>\n<\/ul>\n<p>&nbsp;<\/p>\n<h2><strong>Eje 2. Educaci\u00f3n, pr\u00e1cticas docentes y trayectorias educativas<\/strong><\/h2>\n<ul>\n<li><strong>GT-<a href=\"https:\/\/www.fhycs.unam.edu.ar\/portada\/gt-ciencias-nea-grupo-de-investigadores-interdisciplinarios-e-interinstitucionales\/\"><em>Ciencias NEA. Grupo de investigadores interdisciplinarios e interinstitucionales<\/em><\/a>.<\/strong> Dra. Belarmina Ben\u00edtez, \/ Mgter. Luis Le Gall (FHyCS-UNaM)<\/li>\n<li><strong>GT-<a href=\"https:\/\/www.fhycs.unam.edu.ar\/portada\/gt-practicas-docentes-y-trayectorias-en-la-universidad\/\"><em>Pr\u00e1cticas docentes y Trayectorias en la Universidad<\/em><\/a><\/strong><em>.<\/em> Lic. Franco Ciganda (FHyCS-UNaM) \/ Prof. Mariana Dimas (FHyCS-UNaM)<\/li>\n<\/ul>\n<p>&nbsp;<\/p>\n<h2><strong>Eje 3. Semi\u00f3tica<\/strong><\/h2>\n<ul>\n<li><strong>GT-<em><a href=\"https:\/\/www.fhycs.unam.edu.ar\/portada\/gt-semiotica-de-la-comunicacion\/\">Semi\u00f3tica de la comunicaci\u00f3n<\/a>.<\/em><\/strong> Dr. Marcelino Garc\u00eda (Lab. de Semi\u00f3tica-FHyCS-UNaM) \/ Mgter. Ernestina Morales (Lab. de Semi\u00f3tica-FHyCS-UNaM)<\/li>\n<li><strong>GT-<a href=\"https:\/\/www.fhycs.unam.edu.ar\/portada\/gt-semiotica-y-literatura\/\"><em>Semi\u00f3tica y literatura<\/em><\/a>.<\/strong> Dra. Carla Andruskevicz (Lab. de Semi\u00f3tica-FHyCS-UNaM) \/ Lic. Jorge Servian (Lab. de Semi\u00f3tica-FHyCS-UNaM)<\/li>\n<li><strong>GT-<a href=\"https:\/\/www.fhycs.unam.edu.ar\/portada\/gt-investigacion-en-sociolinguistico-dialogo-sobre-lenguaje-y-sociedad\/\"><em>Investigaci\u00f3n en socioling\u00fc\u00edstica: di\u00e1logo sobre lenguaje y sociedad<\/em><\/a><\/strong>. Coord. Ivene Carissini da Maia (FHyCS-UNaM) \/ Patricia Stephanie Lorena Nu\u00f1ez (FHyCS-UNaM)<\/li>\n<li><strong>GT-<\/strong><a href=\"https:\/\/www.fhycs.unam.edu.ar\/portada\/gt-semiotica-educacion-y-estudios-del-lenguaje\/\"><strong><em>Semi\u00f3tica, educaci\u00f3n y estudios del lenguaje<\/em><\/strong><\/a><em>.<\/em> Dr. Froil\u00e1n Fern\u00e1ndez (Lab. de Semi\u00f3tica-FHyCS-UNaM) \/ Lic. Dip. Romina Tor (Lab. de Semi\u00f3tica-FHyCS-UNaM).<\/li>\n<\/ul>\n<p>&nbsp;<\/p>\n<h2><strong>Eje 4. Perspectiva de g\u00e9nero y derechos<\/strong><\/h2>\n<ul>\n<li><strong>GT-<a href=\"https:\/\/www.fhycs.unam.edu.ar\/portada\/gt-repensar-lo-publico-de-las-politicas-publicas-en-clave-de-genero-en-un-contexto-de-disputa-de-sentidos-y-garantia-de-derechos\/\"><em>Repensar lo p\u00fablico de las pol\u00edticas p\u00fablicas en clave de g\u00e9nero en un contexto de disputa de sentidos y garant\u00eda de derechos<\/em><\/a><\/strong>. Coord. Mgter. Gladys Esther Alvez (FHyCS-UNaM) \/ Esp. Mar\u00eda Emilia Gil Navarro (FHyCS-UNaM)<\/li>\n<li><strong>GT-<a href=\"https:\/\/www.fhycs.unam.edu.ar\/portada\/gt-problematicas-de-genero-en-los-medios-de-comunicacion\/\"><em>Problem\u00e1ticas de g\u00e9nero en los medios de comunicaci\u00f3n<\/em><\/a><\/strong>. Coord. Lic. Tania Piris Da Motta (FHyCS-UNaM) \/ Lic. Sandra Cubilla (FHyCS-UNaM)<\/li>\n<\/ul>\n<p>&nbsp;<\/p>\n<h2><strong>Eje 5. Perspectiva de g\u00e9nero y derechos<\/strong><\/h2>\n<ul>\n<li><strong>GT-<a href=\"https:\/\/www.fhycs.unam.edu.ar\/portada\/gt-de-anclajes-en-la-historia-regional\/\"><em>De anclajes en la historia regional<\/em><\/a>. <\/strong> Mgter. Carlos Da Rosa (FHyCS-UNaM) \/ Dra. Nora Delgado (FHyCS-UNaM)<\/li>\n<li><strong>GT-<a href=\"https:\/\/www.fhycs.unam.edu.ar\/portada\/gt-estudios-en-comunicacion-y-cultura\/\"><em>Estudios en Comunicaci\u00f3n y Cultura<\/em><\/a><\/strong><em>.<\/em> Mgter. Sonia Alfaya (FHyCS-UNaM) \/ Dra. Mar\u00eda del Rosario Mill\u00e1n (IESyH-CONICET\/FHyCS-UNaM) \/ Dr. Alexis\u00a0 Rasft\u00f3polo (FHyCS-UNaM)\u00a0 \/ Dra. Rosaura Barrios\u00a0 (IESyH-CONICET\/FHyCS-UNaM)<\/li>\n<\/ul>\n<p>&nbsp;<\/p>\n<h2><strong>Eje 6. Ruralidad, migraciones, Regi\u00f3n y frontera<\/strong><\/h2>\n<ul>\n<li><strong>GT-<a href=\"https:\/\/www.fhycs.unam.edu.ar\/portada\/gt-la-agroecologia-multiple-versiones-del-fenomeno-en-misiones\/\"><em>La Agroecolog\u00eda: m\u00faltiple versiones del fen\u00f3meno en Misiones<\/em><\/a><\/strong>. Coord. Dra. Gabriela Schiavoni (CONICET\/FHyCS-UNaM) \/ Dr. Lisandro Rodr\u00edguez (CONICET\/FHyCS-UNaM)<\/li>\n<li><strong>GT-<a href=\"https:\/\/www.fhycs.unam.edu.ar\/portada\/gt-poblamiento-e-historia-ambiental-de-misiones\/\"><em>Poblamiento e historia ambiental de Misiones<\/em><\/a><\/strong><em>. Aproximaciones te\u00f3rico-metodol\u00f3gicas.<\/em> Dra. Cecilia Gallero (IESyH-CONICET\/FHyCS-UNaM) \/ Dra. Marilyn Cebolla Badie (IESyH-CONICET\/FHyCS-UNaM)<\/li>\n<li><strong>GT-<a href=\"https:\/\/www.fhycs.unam.edu.ar\/portada\/gt-revisitando-problematicas-sociales-y-culturales-desde-una-mirada-transdisciplinaria\/\"><em>Revisitando problem\u00e1ticas sociales y culturales desde una mirada transdisciplinaria<\/em><\/a>.<\/strong> Dra. Norma Oviedo (FHyCS-UNaM) \/ Mgter. Karen Baukloh (FHyCS-UNaM) \/ Lic. Jer\u00f3nimo Cabassi (FHyCS-UNaM)<\/li>\n<\/ul>\n<p>&nbsp;<\/p>\n<h2><strong>Eje 7. Bibliotecolog\u00eda y Ciencias de la Informaci\u00f3n<\/strong><\/h2>\n<ul>\n<li><strong>GT-<em><a href=\"https:\/\/www.fhycs.unam.edu.ar\/portada\/gt-la-bibliotecologia-como-generadora-de-conocimiento-local\/\">La bibliotecolog\u00eda como generadora de conocimiento local<\/a>.<\/em><\/strong> Esp. Julio Carrizo (FHyCS-UNaM) \/ Esp. D\u00e9bora Solange Saldivar (FHyCS-UNaM) \/ Esp. N\u00e9lida Garc\u00eda (FHyCS-UNaM)\/ Esp. Mirta Juana Miranda (FHyCS-UNaM)<\/li>\n<\/ul>\n<p><strong>\u00a0<\/strong><\/p>\n<h2><strong>\u00a0<\/strong><strong>Eje 8. Historia y patrimonio<\/strong><\/h2>\n<ul>\n<li><strong>GT-<em><a href=\"https:\/\/www.fhycs.unam.edu.ar\/portada\/gt-patrimonio-cultural-regional-desafios-y-oportunidades-en-contextos-adversos\/\">Patrimonio cultural regional: desaf\u00edos y oportunidades en contextos adversos<\/a><\/em><\/strong>. Coord. Dra. Victoria Roca(IESyH-CONICET\/FHyCS-UNaM)\/ Dr. Eduardo Apolinaire. CONICET\/FCNyM-UNLP)<\/li>\n<li><strong>GT-<\/strong><em><a href=\"https:\/\/www.fhycs.unam.edu.ar\/portada\/gt-estado-politica-y-sociedad-conflictos-negociaciones-y-consensos-desde-el-siglo-xix-hasta-la-actualidad\/\"><strong>Estado, pol\u00edtica y sociedad: conflictos, negociaciones y consensos desde el siglo XIX hasta la actualidad<\/strong><\/a>.<\/em> Dra. Luz Pyke (IESyH-CONICET\/FHyCS-UNaM) \/ Mgter. Jorge Alcar\u00e1z (FHyCS-UNaM)<\/li>\n<\/ul>\n<p>&nbsp;<\/p>\n<h2><strong>Eje 9. Derechos humanos y movimientos sociales<\/strong><\/h2>\n<ul>\n<li><strong>GT-<em><a href=\"https:\/\/www.fhycs.unam.edu.ar\/portada\/gt-genocidio-responsabilidad-empresarial-y-transformaciones-economicas-en-circuitos-productivos-y-la-agricultura-familiar-del-norte-argentino\/\">Genocidio, responsabilidad empresarial y transformaciones econ\u00f3micas en circuitos productivos y la agricultura familiar del Norte argentino<\/a>.<\/em><\/strong> Dr. Javier Gortari (FHyCS\/UNaM) \/ Dr. Daniel Re (FHyCS\/UNaM)<\/li>\n<li><strong>GT-<a href=\"https:\/\/www.fhycs.unam.edu.ar\/portada\/gt-la-conflictividad-social-como-objeto-de-investigacion-experiencias-de-lucha-debates-teoricos-y-problemas-metodologicos\/\"><em>La conflictividad social como objeto de investigaci\u00f3n. Experiencias de lucha, debates te\u00f3ricos y problemas metodol\u00f3gicos<\/em><\/a><\/strong>. Coord. Lic. Sebasti\u00e1n Ram\u00edrez (FHyCS\/UNaM) \/ Lic. Javier Ferragut (FHyCS\/UNaM)<\/li>\n<\/ul>\n<p>&nbsp;<\/p>\n","protected":false},"excerpt":{"rendered":"<p>Circulares Primer Circular Segunda Circular El 24 y 25 de octubre del 2024, se reunieron 25 Grupos de Trabajo-GT, vinculados con los siguientes Ejes Tem\u00e1ticos: Eje 1. Derechos y pol\u00edticas p\u00fablicas: GT-Acciones colectivas en salud: pol\u00edticas, desigualdades y demandas. Dra. Mariana Lorenzetti (IESyH-CONICET \/ FHyCS-UNaM), Esp. Luc\u00eda Genzone (IESyH-CONICET \/ FHyCS-UNaM), Dr. Miguel Avalos (IESyH-CONICET [&hellip;]<\/p>\n","protected":false},"author":6,"featured_media":0,"parent":0,"menu_order":0,"comment_status":"closed","ping_status":"closed","template":"jinvestigadores.php","meta":{"extendify_custom_stylesheet":""},"_links":{"self":[{"href":"https:\/\/www.fhycs.unam.edu.ar\/portada\/wp-json\/wp\/v2\/pages\/38248"}],"collection":[{"href":"https:\/\/www.fhycs.unam.edu.ar\/portada\/wp-json\/wp\/v2\/pages"}],"about":[{"href":"https:\/\/www.fhycs.unam.edu.ar\/portada\/wp-json\/wp\/v2\/types\/page"}],"author":[{"embeddable":true,"href":"https:\/\/www.fhycs.unam.edu.ar\/portada\/wp-json\/wp\/v2\/users\/6"}],"replies":[{"embeddable":true,"href":"https:\/\/www.fhycs.unam.edu.ar\/portada\/wp-json\/wp\/v2\/comments?post=38248"}],"version-history":[{"count":23,"href":"https:\/\/www.fhycs.unam.edu.ar\/portada\/wp-json\/wp\/v2\/pages\/38248\/revisions"}],"predecessor-version":[{"id":38809,"href":"https:\/\/www.fhycs.unam.edu.ar\/portada\/wp-json\/wp\/v2\/pages\/38248\/revisions\/38809"}],"wp:attachment":[{"href":"https:\/\/www.fhycs.unam.edu.ar\/portada\/wp-json\/wp\/v2\/media?parent=38248"}],"curies":[{"name":"wp","href":"https:\/\/api.w.org\/{rel}","templated":true}]}}