{"id":38642,"date":"2024-10-31T14:14:39","date_gmt":"2024-10-31T17:14:39","guid":{"rendered":"https:\/\/www.fhycs.unam.edu.ar\/portada\/?page_id=38642"},"modified":"2024-11-04T13:46:35","modified_gmt":"2024-11-04T16:46:35","slug":"gt-experiencias-comunitarias-derechos-humanos-cuidados-colectivos-y-politicas-publicas","status":"publish","type":"page","link":"https:\/\/www.fhycs.unam.edu.ar\/portada\/gt-experiencias-comunitarias-derechos-humanos-cuidados-colectivos-y-politicas-publicas\/","title":{"rendered":"GT-Experiencias comunitarias. Derechos humanos, cuidados colectivos y pol\u00edticas p\u00fablicas"},"content":{"rendered":"<ul>\n<li><strong><em>El Liderazgo Femenino en el fortalecimiento de Lazos Sociales y Resiliencia Comunitaria: una perspectiva desde el Barrio 508 viviendas, Sector 8 de Itaemb\u00e9 Guaz\u00fa<\/em><\/strong>. Camila Ailen Aftarczuk \/ Candela Alejandra Brycki \/ Josefina Itat\u00ed\u00a0 Gonz\u00e1lez<\/li>\n<\/ul>\n<p>&nbsp;<\/p>\n<ul>\n<li><strong><em>Trabajo Social, G\u00e9nero y Cultura: Desafiando Normas y L\u00edmites en los Espacios P\u00fablicos. <\/em><\/strong>Anna Cabrera \/ Cecilia Marquez \/ Aldana Ramirez<\/li>\n<\/ul>\n<p>&nbsp;<\/p>\n<ul>\n<li><strong><em>Aplicaci\u00f3n de T\u00e9cnicas de Machine Learning para el Estudio de la Violencia Familiar y de G\u00e9nero en Misiones: Aportes para la Prevenci\u00f3n y el Dise\u00f1o de Pol\u00edticas P\u00fablicas<\/em><\/strong>. Dar\u00edo Ezequiel D\u00edaz<\/li>\n<\/ul>\n<p>&nbsp;<\/p>\n<ul>\n<li><strong><em>El trabajo social comunitario en la asociaci\u00f3n civil forjando lazos.<\/em><\/strong> Aranda Gabriela Noem\u00ed\/ Mor\u00ednigo Roc\u00edo Bel\u00e9n<\/li>\n<\/ul>\n<p>&nbsp;<\/p>\n<ul>\n<li><strong><em>\u00bfQui\u00e9nes son las promotoras? Una caracterizaci\u00f3n de las promotoras y promotores de la provincia de Misiones<\/em><\/strong>. Valentina Gim\u00e9nez<\/li>\n<\/ul>\n<p>&nbsp;<\/p>\n<ul>\n<li><strong><em>Las experiencias del fortalecimiento de los lazos sociales a trav\u00e9s de la creaci\u00f3n de huertas comunitarias en el Barrio San Jorge de la Ciudad de Posadas en el a\u00f1o 2024. <\/em><\/strong>Nicole Aguilera \/ Tamara Soledad Leiva \/ Agustina Medina \/ Maria Florencia Silva<\/li>\n<\/ul>\n<p>&nbsp;<\/p>\n<ul>\n<li><strong><em>La importancia de la participaci\u00f3n de los referentes comunitarios en la implementaci\u00f3n de pol\u00edticas p\u00fablicas en la comunidad del Barrio Sol de Misiones. <\/em><\/strong>Analuz C\u00e1ceres \/ Melania Kuyuk<\/li>\n<\/ul>\n<p>&nbsp;<\/p>\n<ul>\n<li><strong><em>An\u00e1lisis del cuidado de la infancia: la participaci\u00f3n de la comunidad en barrios populares de Buenos Aires (Municipio Esteban Echeverr\u00eda), entre el a\u00f1o 2015 y 2019<\/em><\/strong>. Yamila Ivana Ayala \/ Federico Ezequiel Barboza \/ Evelyn Enger \/ Agustina Jimena L\u00f3pez.<\/li>\n<\/ul>\n<p>&nbsp;<\/p>\n<ul>\n<li><strong><em>Migraci\u00f3n: comunidad, derechos y trabajo social<\/em><\/strong>. Ana Luc\u00eda Guti\u00e9rrez Ardila<\/li>\n<\/ul>\n<p>&nbsp;<\/p>\n<ul>\n<li><strong><em>Democracia Comunitaria Organizada: Propuestas para el quehacer profesional del Trabajo Social en la era del individualismo.<\/em><\/strong> Rodrigo Petryla<\/li>\n<\/ul>\n<p>&nbsp;<\/p>\n<ul>\n<li><strong><em>Vencedores Vencidos<\/em><\/strong>. Magali Mi\u00f1o \/ Elias Decima<\/li>\n<\/ul>\n<p>&nbsp;<\/p>\n<ul>\n<li><strong><em>La Construcci\u00f3n de Pol\u00edticas P\u00fablicas desde Abajo: El Rol de las Experiencias<\/em><\/strong>.Lucila Magali Gauna \/ Nahuel Enrique Robledo<\/li>\n<\/ul>\n<p>&nbsp;<\/p>\n<ul>\n<li><strong>La transformaci\u00f3n urbana en la ciudad de Posadas, en la provincia de Misiones, Argentina.<\/strong> Antonella Cabral \/ Yesica De Sosa \/ Estefania Encina \/ Mariana Gonzalvez<\/li>\n<\/ul>\n<p>&nbsp;<\/p>\n<ul>\n<li><strong><em>Estigmatizaci\u00f3n en los territorios: experiencias de familias relocalizadas de un asentamiento al sector 8 de Itaembe Guazu, barrio 508 viviendas.<\/em><\/strong> Bianca Giselle Ca\u00f1ete \/ Sof\u00eda Ayl\u00e9n Rotta \/ Maria Eugenia Salinas<\/li>\n<\/ul>\n<p>&nbsp;<\/p>\n<ul>\n<li><strong><em>Investigar sobre el impacto que genera el Programa de Abordaje Inte Interdisciplinario e Intersectorial de la Salud Mental en la Comunidad Universitaria de la FHyCS.<\/em><\/strong> Santiago David Da Silva \/ Maribel Lombi<\/li>\n<\/ul>\n<p>&nbsp;<\/p>\n<ul>\n<li><strong><em>Participaci\u00f3n comunitaria, cuidados e interseccionalidad en salud Yamila Frowein<\/em><\/strong> (FHyCS \u2013 UNaM) \/ Sybil Mac Lean (FHyCS \u2013 UNaM)<\/li>\n<\/ul>\n<p>&nbsp;<\/p>\n<ul>\n<li><strong><em>Salud e interseccionalidad: La patologizaci\u00f3n de corporalidades diversas en el \u00e1mbito educativo. <\/em><\/strong>Bel\u00e9n Gim\u00e9nez R. (IESyH\/UNaM\/CONICET\/UNLP)<\/li>\n<\/ul>\n<p>&nbsp;<\/p>\n<ul>\n<li><strong><em>Colectivo Memoria y Salud Mental. Experiencias de los trabajadores de la Salud en la construcci\u00f3n de la memoria colectiva de la Salud Mental en Misiones RISaM<\/em><\/strong><\/li>\n<\/ul>\n<p>&nbsp;<\/p>\n<ul>\n<li><strong><em>Intervenciones comunitarias en la educaci\u00f3n rural para la inclusi\u00f3n y la salud mental: <\/em><\/strong><strong><em>El Proyecto REDFI en Misiones, Argentina. <\/em><\/strong>Milagros Aylen Kolmaier<\/li>\n<\/ul>\n<p>&nbsp;<\/p>\n<ul>\n<li><strong><em>Nadie se salva solx. Educaci\u00f3n en tiempos de pandemia<\/em><\/strong>. Maria Rios<\/li>\n<\/ul>\n<p>&nbsp;<\/p>\n<ul>\n<li><strong><em>Experiencias comunitarias de un grupo de estudiantes de Trabajo social en el marco de la c\u00e1tedra Taller IV: \u201cActuaci\u00f3n Profesional en \u00c1mbitos Locales\/Comunitarios Trabajo Social. FHyCS, UNaM<\/em><\/strong>. Zalazar Baier \/ Da Rosa<\/li>\n<\/ul>\n<p>&nbsp;<\/p>\n<ul>\n<li><strong><em>Reflexionar acerca del Bullying y su relaci\u00f3n con las diferentes violencias que se manifiestan en el espacio escolar: El caso de la Escuela Primaria 967 del barrio 508 viviendas de Itaembe Guazu en la Ciudad de Posadas Misiones 2024\u201d.<\/em><\/strong> El\u00edn Anah\u00ed Balbuena \/ Diego An\u00edbal Perez<\/li>\n<\/ul>\n<p>&nbsp;<\/p>\n","protected":false},"excerpt":{"rendered":"<p>El Liderazgo Femenino en el fortalecimiento de Lazos Sociales y Resiliencia Comunitaria: una perspectiva desde el Barrio 508 viviendas, Sector 8 de Itaemb\u00e9 Guaz\u00fa. Camila Ailen Aftarczuk \/ Candela Alejandra Brycki \/ Josefina Itat\u00ed\u00a0 Gonz\u00e1lez &nbsp; Trabajo Social, G\u00e9nero y Cultura: Desafiando Normas y L\u00edmites en los Espacios P\u00fablicos. Anna Cabrera \/ Cecilia Marquez \/ [&hellip;]<\/p>\n","protected":false},"author":6,"featured_media":0,"parent":0,"menu_order":0,"comment_status":"closed","ping_status":"closed","template":"jinvestigadores.php","meta":{"extendify_custom_stylesheet":""},"_links":{"self":[{"href":"https:\/\/www.fhycs.unam.edu.ar\/portada\/wp-json\/wp\/v2\/pages\/38642"}],"collection":[{"href":"https:\/\/www.fhycs.unam.edu.ar\/portada\/wp-json\/wp\/v2\/pages"}],"about":[{"href":"https:\/\/www.fhycs.unam.edu.ar\/portada\/wp-json\/wp\/v2\/types\/page"}],"author":[{"embeddable":true,"href":"https:\/\/www.fhycs.unam.edu.ar\/portada\/wp-json\/wp\/v2\/users\/6"}],"replies":[{"embeddable":true,"href":"https:\/\/www.fhycs.unam.edu.ar\/portada\/wp-json\/wp\/v2\/comments?post=38642"}],"version-history":[{"count":7,"href":"https:\/\/www.fhycs.unam.edu.ar\/portada\/wp-json\/wp\/v2\/pages\/38642\/revisions"}],"predecessor-version":[{"id":38808,"href":"https:\/\/www.fhycs.unam.edu.ar\/portada\/wp-json\/wp\/v2\/pages\/38642\/revisions\/38808"}],"wp:attachment":[{"href":"https:\/\/www.fhycs.unam.edu.ar\/portada\/wp-json\/wp\/v2\/media?parent=38642"}],"curies":[{"name":"wp","href":"https:\/\/api.w.org\/{rel}","templated":true}]}}