{"id":38687,"date":"2024-11-01T14:03:48","date_gmt":"2024-11-01T17:03:48","guid":{"rendered":"https:\/\/www.fhycs.unam.edu.ar\/portada\/?page_id=38687"},"modified":"2024-11-04T09:26:01","modified_gmt":"2024-11-04T12:26:01","slug":"gt-historia-y-antropologia-de-las-politicas-publicas-practicas-de-gerenciamiento-y-procesos-de-institucionalizacion-de-agencias-y-agentes-en-el-contexto-local-y-regional","status":"publish","type":"page","link":"https:\/\/www.fhycs.unam.edu.ar\/portada\/gt-historia-y-antropologia-de-las-politicas-publicas-practicas-de-gerenciamiento-y-procesos-de-institucionalizacion-de-agencias-y-agentes-en-el-contexto-local-y-regional\/","title":{"rendered":"GT-Historia y antropolog\u00eda de las pol\u00edticas p\u00fablicas, pr\u00e1cticas de gerenciamiento y procesos de institucionalizaci\u00f3n de agencias y agentes en el contexto local y regional"},"content":{"rendered":"<ul>\n<li><strong>Pol\u00edticas Sociales y Trabajo Social: las pol\u00edticas de asistencia y su relaci\u00f3n con el quehacer profesional de los trabajadores sociales en el territorio de Misiones durante el periodo 2019-2023.<\/strong> Susana Moniec \/ Claudia Rosana Bogado \/ \u00c1ngela F\u00e1tima \/ Luciana Cabrera \/ Rita Ayala (UNaM-FHyCS)<\/li>\n<\/ul>\n<p>&nbsp;<\/p>\n<ul>\n<li><strong><em>\u201cIndios\/as\u201d, \u201ccriollos\/as\u201d, \u201cmestizos\/as\u201d: Conocerlos\/as para intervenirlos\/as. El Departamento Nacional del Trabajo y el Informe Niklison.<\/em><\/strong> Haugg, Diana (UNaM-FHyCS)<\/li>\n<\/ul>\n<p>&nbsp;<\/p>\n<ul>\n<li><strong><em>Mujeres, Catolicismo y Estado en la provincia de Misiones: historia de los feminismos y sus representaciones (2006 a 2020). <\/em><\/strong>Sof\u00eda Villalba (UNaM-FHyCS)<\/li>\n<\/ul>\n<p>&nbsp;<\/p>\n<ul>\n<li><strong><em>Proleg\u00f3menos a una arqueolog\u00eda de las ciencias sociales en Misiones (1973-1978)<\/em><\/strong>. \u00c1ngel Vivanco (UNaM-FHyCS-IESHY)<\/li>\n<\/ul>\n<p>&nbsp;<\/p>\n<ul>\n<li><strong><em>Cuerpos atrapados por el discurso: la Trata de Personas en la Provincia de Misiones. Una lectura desde el psicoan\u00e1lisis. <\/em><\/strong>Julia Pern\u00eda (UNaM-FHyCS-IESHY)<\/li>\n<\/ul>\n<p>&nbsp;<\/p>\n<ul>\n<li><strong><em>Luchar contra el trabajo infantil en tiempos de ajuste: entre la precariedad y la resistencia. <\/em><\/strong>Ezequiel Flores Perez (UNaM-FHyCS-IESHY)<\/li>\n<\/ul>\n<p>&nbsp;<\/p>\n<ul>\n<li><strong><em>Modernizaci\u00f3n, higiene y disciplinamiento social. Rol del sanitarismo en el ejercicio de la gobernabilidad en Posadas a finales del siglo XIX y principios del XX.<\/em><\/strong> Santiago Junes (UNaM-FHyCS)<\/li>\n<\/ul>\n<p>&nbsp;<\/p>\n<ul>\n<li><strong><em>Evoluci\u00f3n, expansi\u00f3n y concentraci\u00f3n en el sistema de transporte urbano de Posadas. Un caso de relaci\u00f3n entre Estado- empresas en la Historia reciente.1995-2007.<\/em><\/strong> Melina Arg\u00fcello (UNaM-FHyCS)<\/li>\n<\/ul>\n<p>&nbsp;<\/p>\n<ul>\n<li><strong><em>Territorialidad ind\u00edgena y pol\u00edtica p\u00fablica. Implementaci\u00f3n del Programa de Relevamiento Territorial de Comunidades Ind\u00edgenas en la provincia de Misiones (2011-2023).<\/em><\/strong> Franco Scholles (UNaM-FHyCS)<\/li>\n<\/ul>\n","protected":false},"excerpt":{"rendered":"<p>Pol\u00edticas Sociales y Trabajo Social: las pol\u00edticas de asistencia y su relaci\u00f3n con el quehacer profesional de los trabajadores sociales en el territorio de Misiones durante el periodo 2019-2023. Susana Moniec \/ Claudia Rosana Bogado \/ \u00c1ngela F\u00e1tima \/ Luciana Cabrera \/ Rita Ayala (UNaM-FHyCS) &nbsp; \u201cIndios\/as\u201d, \u201ccriollos\/as\u201d, \u201cmestizos\/as\u201d: Conocerlos\/as para intervenirlos\/as. El Departamento Nacional [&hellip;]<\/p>\n","protected":false},"author":6,"featured_media":0,"parent":0,"menu_order":0,"comment_status":"closed","ping_status":"closed","template":"jinvestigadores.php","meta":{"extendify_custom_stylesheet":""},"_links":{"self":[{"href":"https:\/\/www.fhycs.unam.edu.ar\/portada\/wp-json\/wp\/v2\/pages\/38687"}],"collection":[{"href":"https:\/\/www.fhycs.unam.edu.ar\/portada\/wp-json\/wp\/v2\/pages"}],"about":[{"href":"https:\/\/www.fhycs.unam.edu.ar\/portada\/wp-json\/wp\/v2\/types\/page"}],"author":[{"embeddable":true,"href":"https:\/\/www.fhycs.unam.edu.ar\/portada\/wp-json\/wp\/v2\/users\/6"}],"replies":[{"embeddable":true,"href":"https:\/\/www.fhycs.unam.edu.ar\/portada\/wp-json\/wp\/v2\/comments?post=38687"}],"version-history":[{"count":4,"href":"https:\/\/www.fhycs.unam.edu.ar\/portada\/wp-json\/wp\/v2\/pages\/38687\/revisions"}],"predecessor-version":[{"id":38738,"href":"https:\/\/www.fhycs.unam.edu.ar\/portada\/wp-json\/wp\/v2\/pages\/38687\/revisions\/38738"}],"wp:attachment":[{"href":"https:\/\/www.fhycs.unam.edu.ar\/portada\/wp-json\/wp\/v2\/media?parent=38687"}],"curies":[{"name":"wp","href":"https:\/\/api.w.org\/{rel}","templated":true}]}}