{"id":38690,"date":"2024-11-01T14:08:16","date_gmt":"2024-11-01T17:08:16","guid":{"rendered":"https:\/\/www.fhycs.unam.edu.ar\/portada\/?page_id=38690"},"modified":"2024-11-04T10:01:14","modified_gmt":"2024-11-04T13:01:14","slug":"gt-ciudades-intermedias-habitat-popular-y-derecho-a-la-ciudad","status":"publish","type":"page","link":"https:\/\/www.fhycs.unam.edu.ar\/portada\/gt-ciudades-intermedias-habitat-popular-y-derecho-a-la-ciudad\/","title":{"rendered":"GT-Ciudades intermedias, h\u00e1bitat popular y derecho a la ciudad"},"content":{"rendered":"<ul>\n<li><strong><em>Las ciudades no pueden escapar de la tragedia <\/em><\/strong>Lino Armando Lopez Torres. (UNaM \u2013 UGD)<\/li>\n<\/ul>\n<p>&nbsp;<\/p>\n<ul>\n<li><strong><em>Pr\u00e1cticas de manejo de residuos s\u00f3lidos domiciliarios en las unidades dom\u00e9sticas del asentamiento Duc\u00f3n Olero de Posadas, Misiones. <\/em><\/strong>Gabriela Noem\u00ed Aranda \/ Daiana Elizabeth Da Rosa \/ Mailen Roc\u00edo G\u00f3mez \/ Ana Luc\u00eda Guti\u00e9rrez Ardila \/ Rodrigo Petryla (FHyCS-UNaM)<\/li>\n<\/ul>\n<p>&nbsp;<\/p>\n<ul>\n<li><strong><em>Pr\u00e1cticas que implementan las familias residentes del asentamiento Familias Unidas de la ciudad de Posadas, respecto al acceso irregular al agua.<\/em><\/strong> Bianca Giselle Ca\u00f1ete \/ Sof\u00eda Ayl\u00e9n Rotta \/ Maria Eugenia Salinas (FHyCS-UNaM)<\/li>\n<\/ul>\n<p>&nbsp;<\/p>\n<ul>\n<li><strong><em>Las pr\u00e1cticas de supervivencia que realizan las personas que habitan en asentamientos en cercan\u00edas a los Sitios de Disposici\u00f3n de Residuos de la ciudad de Posadas en la actualidad. <\/em><\/strong>Analuz C\u00e1ceres \/ Lucila Magal\u00ed Gauna \/ Melania Itat\u00ed Kuyuk \/ Nahuel Enrique Robledo<\/li>\n<\/ul>\n<p>&nbsp;<\/p>\n<ul>\n<li><strong><em>Desigualdades socio-sanitarias en tres barrios populares de la periferia posade\u00f1a. Una aproximaci\u00f3n interdisciplinaria. <\/em><\/strong>Ana Carolina Nu\u00f1ez (UNaM) \/ Jorge Antonio Godoy (Ministerio de Salud P\u00f9blica de la Provincia de Misiones \u2013 UNaM) \/ Florencia Denis Ortellado (UCAMI)<\/li>\n<\/ul>\n<p>&nbsp;<\/p>\n<ul>\n<li><strong><em>Pol\u00edticas Ambientales en gobiernos locales de Misiones. La experiencia de Posadas (2010-2024). <\/em><\/strong>Lourdes Ma. Alejandra Fern\u00e1ndez (CEMER-IMES) \/ Valeria Mariel Jacquemin (CEMER-IMES) \/ Mariano Ramiro Pianovi (CEMER-IMES) \/ Ana Alicia Pokolenko (CEMER-IMES)<\/li>\n<\/ul>\n<p>&nbsp;<\/p>\n<ul>\n<li><strong><em>Di\u00e1logos Na Fronteira Sul: o Fen\u00f4meno das Desigualdades Socioespaciais o em Chave Comparativa. <\/em><\/strong>Guilherme Jos\u00e9 Schons (Programa de P\u00f3s-Gradua\u00e7\u00e3o Interdisciplinar em Ci\u00eancias Humanas (PPGICH) da Universidade Federal da Fronteira Sul (UFFS)) \/ Ivete Pasquali Souza Da Luz (Programa de P\u00f3s-Gradua\u00e7\u00e3o em Geografia (PPGGeo) da Universidade Federal da\u00a0 Fronteira Sul (UFFS)) \/ Lic. Ana Carolina Nu\u00f1ez (UNaM)<\/li>\n<\/ul>\n<p>&nbsp;<\/p>\n<ul>\n<li><strong><em>\u201cLos cuerpos de la pobreza\u201d Un an\u00e1lisis de la continuidad de las pol\u00edticas alimentarias destinadas a merenderos y comedores de los asentamientos de Posadas, Misiones.<\/em><\/strong> Eliana Bel\u00e9n Wagner (FHyCS-UNaM, ISEPCi)<\/li>\n<\/ul>\n<p>&nbsp;<\/p>\n<ul>\n<li><strong><em>Proyectos de Integraci\u00f3n Social y Urbana: continuidades y rupturas en tiempos de pol\u00edticas de ajustes en la Argentina.<\/em><\/strong> Celia Draganchuk (FHyCS-UNaM)<\/li>\n<\/ul>\n","protected":false},"excerpt":{"rendered":"<p>Las ciudades no pueden escapar de la tragedia Lino Armando Lopez Torres. (UNaM \u2013 UGD) &nbsp; Pr\u00e1cticas de manejo de residuos s\u00f3lidos domiciliarios en las unidades dom\u00e9sticas del asentamiento Duc\u00f3n Olero de Posadas, Misiones. Gabriela Noem\u00ed Aranda \/ Daiana Elizabeth Da Rosa \/ Mailen Roc\u00edo G\u00f3mez \/ Ana Luc\u00eda Guti\u00e9rrez Ardila \/ Rodrigo Petryla (FHyCS-UNaM) [&hellip;]<\/p>\n","protected":false},"author":6,"featured_media":0,"parent":0,"menu_order":0,"comment_status":"closed","ping_status":"closed","template":"jinvestigadores.php","meta":{"extendify_custom_stylesheet":""},"_links":{"self":[{"href":"https:\/\/www.fhycs.unam.edu.ar\/portada\/wp-json\/wp\/v2\/pages\/38690"}],"collection":[{"href":"https:\/\/www.fhycs.unam.edu.ar\/portada\/wp-json\/wp\/v2\/pages"}],"about":[{"href":"https:\/\/www.fhycs.unam.edu.ar\/portada\/wp-json\/wp\/v2\/types\/page"}],"author":[{"embeddable":true,"href":"https:\/\/www.fhycs.unam.edu.ar\/portada\/wp-json\/wp\/v2\/users\/6"}],"replies":[{"embeddable":true,"href":"https:\/\/www.fhycs.unam.edu.ar\/portada\/wp-json\/wp\/v2\/comments?post=38690"}],"version-history":[{"count":3,"href":"https:\/\/www.fhycs.unam.edu.ar\/portada\/wp-json\/wp\/v2\/pages\/38690\/revisions"}],"predecessor-version":[{"id":38743,"href":"https:\/\/www.fhycs.unam.edu.ar\/portada\/wp-json\/wp\/v2\/pages\/38690\/revisions\/38743"}],"wp:attachment":[{"href":"https:\/\/www.fhycs.unam.edu.ar\/portada\/wp-json\/wp\/v2\/media?parent=38690"}],"curies":[{"name":"wp","href":"https:\/\/api.w.org\/{rel}","templated":true}]}}