{"id":38706,"date":"2024-11-01T14:14:38","date_gmt":"2024-11-01T17:14:38","guid":{"rendered":"https:\/\/www.fhycs.unam.edu.ar\/portada\/?page_id=38706"},"modified":"2024-11-04T13:42:02","modified_gmt":"2024-11-04T16:42:02","slug":"gt-de-anclajes-en-la-historia-regional","status":"publish","type":"page","link":"https:\/\/www.fhycs.unam.edu.ar\/portada\/gt-de-anclajes-en-la-historia-regional\/","title":{"rendered":"GT-De anclajes en la historia regional"},"content":{"rendered":"<ul>\n<li><strong><em>De marcas narrativas configurantes del campo comunicacional acad\u00e9mico de la UNaM: De un cauce que sigue activo. <\/em><\/strong> Nora Delgado (FHyCS-UNaM)<\/li>\n<\/ul>\n<p>&nbsp;<\/p>\n<ul>\n<li><strong><em>\u00bfEs posible investigar desde la oralidad? Experiencias de la investigaci\u00f3n period\u00edstica en radio<\/em><\/strong>. Gustavo Irala (FHyCS-UNaM)<\/li>\n<\/ul>\n<p>&nbsp;<\/p>\n<ul>\n<li><strong><em>O territ\u00f3rio imembuy e o resgate da identidade de Santa Mar\u00eda como potencializador do desenvolvimento do territorio.<\/em><\/strong> Elisa Leubek (Universidad Federal do Pampa Brasil)\u00a0 Filho Ferreira Lisboa (Universidad Federal de Santa Mar\u00eda Brasil) V\u00edctor C\u00e9sar Flavi Rodriguez Carvalho (Universidad Federal de Santa Mar\u00eda Brasil)<\/li>\n<\/ul>\n<p>&nbsp;<\/p>\n<ul>\n<li><strong><em>\u201cAbriendo picadas en el \u00e9ter misionero\u201d. Dichos y contradichos sobre el cierre de LT 13 Radio Ober\u00e1<\/em><\/strong>. Natalia Daiana B\u00e1rbaro (FHyCS-UNaM)<\/li>\n<\/ul>\n<p>&nbsp;<\/p>\n<ul>\n<li><strong><em>LT17 Radio Provincia de Misiones, una radio en la frontera para construir argentinidad<\/em><\/strong>. Andrea Centurion (FHyCS-UNaM)<\/li>\n<\/ul>\n<p>&nbsp;<\/p>\n<ul>\n<li><strong><em>Gloria, ocaso y renacimiento de LRA 19 Puerto Iguaz\u00fa.<\/em><\/strong> Mariana Ayala (FHyCS-UNaM)<\/li>\n<\/ul>\n<p>&nbsp;<\/p>\n<ul>\n<li><strong><em>&#8220;Al sur del r\u00edo bravo\u201d, evocaci\u00f3n de una experiencia de comunicaci\u00f3n radiof\u00f3nica<\/em><\/strong>. Dr. Alexis Rasftopolo (FHyCS-UNaM)<\/li>\n<\/ul>\n<p>&nbsp;<\/p>\n<ul>\n<li><strong><em>Radio Libertad: la primera FM de San Vicente en la mirada de Eduardo Oscar Radzion<\/em><\/strong>. Marisa Miranda (FHyCS-UNaM)<\/li>\n<\/ul>\n<p>&nbsp;<\/p>\n<ul>\n<li><strong><em>La primera radio de San Vicente<\/em><\/strong>. Marcelo Aguirre (FHyCS-UNaM)<\/li>\n<\/ul>\n<p>&nbsp;<\/p>\n<ul>\n<li><strong><em>Dos de Mayo y su radio pionera. Patria grande.<\/em><\/strong> Valeria Correa (FHyCS-UNaM)<\/li>\n<\/ul>\n<p>&nbsp;<\/p>\n<ul>\n<li><strong><em>\u201cExperiencia Radial\u201d, la radio pionera de San Pedro, Misiones<\/em><\/strong>. Lucas Barreto\/ Norma Elena Redka (FHyCS-UNaM) \/\u00a0 Gabriela Saff\u00a0 (FHyCS-UNaM) \/ Marcela Vel\u00e1zquez\u00a0 (FHyCS-UNaM)<\/li>\n<\/ul>\n<p>&nbsp;<\/p>\n<ul>\n<li><strong><em>Misiones y su f\u00fatbol: los emblemas de la comunidad. La historia \u201cDavalos-Mercado\u201d y otros casos<\/em><\/strong>. Anal\u00eda Winzeler (FHyCS-UNaM)<\/li>\n<\/ul>\n<p>&nbsp;<\/p>\n<ul>\n<li><strong><em>History incre\u00edble. Cr\u00edtica a la serie \u201cPersiguiendo a Hitler&#8221;. <\/em><\/strong>Dar\u00edo Sirotko (FHyCS-UNaM)<\/li>\n<\/ul>\n<p>&nbsp;<\/p>\n<ul>\n<li><strong><em>La Imprenta en las Misiones Jesu\u00edticas.<\/em><\/strong> Marcelo Le\u00f3n (FHyCS-UNaM)<\/li>\n<\/ul>\n<p>&nbsp;<\/p>\n<ul>\n<li><strong><em>La producci\u00f3n audiovisual comunitaria en la Rastrojera TV<\/em><\/strong>. Nicol\u00e1s Amadio (FHyCS-UNaM)<\/li>\n<\/ul>\n<p>&nbsp;<\/p>\n<ul>\n<li><strong><em>Una primera aproximaci\u00f3n a la historia de la instalaci\u00f3n de la repetidora de LT 85 TV en la localidad de Dos de Mayo. <\/em><\/strong>Aymara Danila Alvarez (FHyCS-UNaM) \/ Leonardo Kipper (FHyCS-UNaM) \/ Gabriela Elizabeth Zaneyk (FHyCS-UNaM)<\/li>\n<\/ul>\n<p>&nbsp;<\/p>\n<ul>\n<li><strong><em>Estrategias transmedia: la adaptaci\u00f3n de Multimedios S.A.P.E.M al entorno digital.<\/em><\/strong> Marianela Brys (FHyCS-UNaM) \/ Florencia Margarita Scromeda (FHyCS-UNaM)<\/li>\n<\/ul>\n<p>&nbsp;<\/p>\n<ul>\n<li><strong><em>Desarrollo hist\u00f3rico e impacto de pol\u00edticas de comunicaci\u00f3n en Jujuy (1983-2022). <\/em><\/strong>Marcelo Andr\u00e9s Brunet\u00a0 (UNJuUCSU-DASS)\u00a0 \/ Maximiliano Quinteros o (UNJuUCSU-DASS)\u00a0 \/ Laura Elbirt\u00a0 (UNJu-CISOR) \/ Rodrigo D\u00edaz (UNJu)<\/li>\n<\/ul>\n<p>&nbsp;<\/p>\n<ul>\n<li><strong><em>El nacimiento y uso de la radio en la frontera argentina, paraguaya y brasilera: el caso de la provincia de Misiones. <\/em><\/strong> Carlos Da Rosa (FHyCS-UNaM)<\/li>\n<\/ul>\n<p>&nbsp;<\/p>\n<ul>\n<li><strong><em>Los usos pol\u00edticos de la radio en una provincia de frontera: Misiones 1960 -1980.<\/em><\/strong> Carlos Da Rosa (FHyCS-UNaM) \/ Norma Alvarez (FHyCS-UNaM)<\/li>\n<\/ul>\n<p>&nbsp;<\/p>\n<ul>\n<li><strong><em>Transformaciones en el campo de la prensa en Chaco y Corrientes: profesionalizaci\u00f3n, actores, representaciones socio &#8211; culturales y convergencia (1976-2016). <\/em><\/strong>Adri\u00e1n Alejandro Almir\u00f3n (UNNE) \/ Mariana Noem\u00ed Blanco (UNNE) \/ Andrea Mar\u00eda Laura de los Reyes (UNNE) \/ Carlos Manuel Qui\u00f1onez (UNNE) \/ Fernando Dar\u00edo Rom\u00e1n (UNNE)<\/li>\n<\/ul>\n<p>&nbsp;<\/p>\n<ul>\n<li><strong><em>Las pr\u00e1cticas period\u00edsticas en los medios de comunicaci\u00f3n en la ciudad de Posadas (1983-1987).<\/em><\/strong> Leo Motta (FHyCS-UNaM)<\/li>\n<\/ul>\n<p>&nbsp;<\/p>\n<ul>\n<li><strong><em>Cuatro historias de vida de locutores y periodistas de oficio, pasi\u00f3n y vocaci\u00f3n.<\/em><\/strong> Rub\u00e9n Morel (FHyCS-UNaM) \/ Milton Terenzio (FHyCS-UNaM)<\/li>\n<\/ul>\n<p><strong><em>\u00a0<\/em><\/strong><\/p>\n<ul>\n<li><strong><em>Contar historias en los medios de comunicaci\u00f3n actuales<\/em><\/strong>. Sonia Benitez (FHyCS-UNaM)<\/li>\n<\/ul>\n<p>&nbsp;<\/p>\n<ul>\n<li><strong><em>Carlos Garc\u00eda Coni. Una vida dedicada al periodismo<\/em><\/strong>. Mat\u00edas Zouv\u00ed (FHyCS-UNaM)<\/li>\n<\/ul>\n","protected":false},"excerpt":{"rendered":"<p>De marcas narrativas configurantes del campo comunicacional acad\u00e9mico de la UNaM: De un cauce que sigue activo. Nora Delgado (FHyCS-UNaM) &nbsp; \u00bfEs posible investigar desde la oralidad? Experiencias de la investigaci\u00f3n period\u00edstica en radio. Gustavo Irala (FHyCS-UNaM) &nbsp; O territ\u00f3rio imembuy e o resgate da identidade de Santa Mar\u00eda como potencializador do desenvolvimento do territorio. [&hellip;]<\/p>\n","protected":false},"author":6,"featured_media":0,"parent":0,"menu_order":0,"comment_status":"closed","ping_status":"closed","template":"jinvestigadores.php","meta":{"extendify_custom_stylesheet":""},"_links":{"self":[{"href":"https:\/\/www.fhycs.unam.edu.ar\/portada\/wp-json\/wp\/v2\/pages\/38706"}],"collection":[{"href":"https:\/\/www.fhycs.unam.edu.ar\/portada\/wp-json\/wp\/v2\/pages"}],"about":[{"href":"https:\/\/www.fhycs.unam.edu.ar\/portada\/wp-json\/wp\/v2\/types\/page"}],"author":[{"embeddable":true,"href":"https:\/\/www.fhycs.unam.edu.ar\/portada\/wp-json\/wp\/v2\/users\/6"}],"replies":[{"embeddable":true,"href":"https:\/\/www.fhycs.unam.edu.ar\/portada\/wp-json\/wp\/v2\/comments?post=38706"}],"version-history":[{"count":4,"href":"https:\/\/www.fhycs.unam.edu.ar\/portada\/wp-json\/wp\/v2\/pages\/38706\/revisions"}],"predecessor-version":[{"id":38806,"href":"https:\/\/www.fhycs.unam.edu.ar\/portada\/wp-json\/wp\/v2\/pages\/38706\/revisions\/38806"}],"wp:attachment":[{"href":"https:\/\/www.fhycs.unam.edu.ar\/portada\/wp-json\/wp\/v2\/media?parent=38706"}],"curies":[{"name":"wp","href":"https:\/\/api.w.org\/{rel}","templated":true}]}}