{"id":38708,"date":"2024-11-01T14:15:22","date_gmt":"2024-11-01T17:15:22","guid":{"rendered":"https:\/\/www.fhycs.unam.edu.ar\/portada\/?page_id=38708"},"modified":"2024-11-04T11:28:57","modified_gmt":"2024-11-04T14:28:57","slug":"gt-estudios-en-comunicacion-y-cultura","status":"publish","type":"page","link":"https:\/\/www.fhycs.unam.edu.ar\/portada\/gt-estudios-en-comunicacion-y-cultura\/","title":{"rendered":"GT-Estudios en Comunicaci\u00f3n y Cultura"},"content":{"rendered":"<ul>\n<li><strong><em>\u201cAn\u00e1lisis de discurso de odio antifeminista de las editoriales de Viviana Canosa en contexto del D\u00eda Internacional de la Mujer\u201d<\/em><\/strong><strong>.<\/strong> Tatiana Messina (FHyCS-UNaM)<\/li>\n<\/ul>\n<p>&nbsp;<\/p>\n<ul>\n<li><strong><em>Venta de contenido porno-er\u00f3tico de mujeres j\u00f3venes a trav\u00e9s de aplicaciones en la ciudad de Posadas &#8211; Misiones. Presentaci\u00f3n del problema y un avance del estado de la cuesti\u00f3n. <\/em><\/strong>Sandra \u00c1valos (FHyCS-UNaM)<\/li>\n<\/ul>\n<ul>\n<li><strong><em>Algunas discusiones en el campo sobre los derechos y desigualdades digitales.<\/em><\/strong> Agustina Komjati (FHyCS-UNaM)<\/li>\n<\/ul>\n<p>&nbsp;<\/p>\n<ul>\n<li><strong><em>Tratamiento medi\u00e1tico sobre los femicidios cometidos en pandemia en la provincia de Misiones.<\/em><\/strong> Camila Bonetti (FHyCS-UNaM)<\/li>\n<\/ul>\n<p>&nbsp;<\/p>\n<ul>\n<li><strong><em>El noticiero de LT 85 TV canal 12 y la conflictividad social<\/em><\/strong>. Marina Casales (FHyCS-UNaM)<\/li>\n<\/ul>\n<p>&nbsp;<\/p>\n<ul>\n<li><strong><em>La construcci\u00f3n del territorio a partir del teatro: \u201cVenimos de muy lejos\u201d del Grupo Catalinas Sur.<\/em><\/strong> Juan Pablo Vitale (FHyCS-UNaM, CONICET- IESyH)<\/li>\n<\/ul>\n<p>&nbsp;<\/p>\n<ul>\n<li><strong><em>\u201cSe lo pudo haber llevado el Pomberito\u201d: sobre la vigencia del Pombero en Corrientes, Argentina.<\/em><\/strong> C\u00e9sar Iv\u00e1n Bondar (IESyH\/CONICET\/UNaM\/FHyCS) \/ Ram\u00f3n Gabriel Aguirre (PPAS\/FHyCS\/UNaM)<\/li>\n<\/ul>\n<p>&nbsp;<\/p>\n<ul>\n<li><strong><em>Origen y desarrollo de la televisi\u00f3n por cable en San Pedro de Jujuy.<\/em><\/strong> Maximiliano Quinteros (UNJU-UCSE)<\/li>\n<\/ul>\n<p>&nbsp;<\/p>\n<ul>\n<li><strong><em>Narrativas sobre intervenciones est\u00e9ticas de mujeres j\u00f3venes en redes sociales de la ciudad de Posadas, Misiones.<\/em><\/strong> Sabrina Clermont (FHyCS-UNaM)<\/li>\n<\/ul>\n<p>&nbsp;<\/p>\n<ul>\n<li><strong><em>&#8220;Comunicaci\u00f3n p\u00fablica de la ciencia y la tecnolog\u00eda en Universidades P\u00fablicas del NEA&#8221;<\/em><\/strong> Mar\u00eda Itat\u00ed Rodr\u00edguez\u00a0 (UNaM-CONICET)<\/li>\n<\/ul>\n<p>&nbsp;<\/p>\n<ul>\n<li><strong><em>Representaciones medi\u00e1ticas del autismo y TDAH en la prensa digital misionera\u201d<\/em><\/strong>. Sof\u00eda Villalba\u00a0 (FHyCS-UNaM)<\/li>\n<\/ul>\n<p>&nbsp;<\/p>\n","protected":false},"excerpt":{"rendered":"<p>\u201cAn\u00e1lisis de discurso de odio antifeminista de las editoriales de Viviana Canosa en contexto del D\u00eda Internacional de la Mujer\u201d. Tatiana Messina (FHyCS-UNaM) &nbsp; Venta de contenido porno-er\u00f3tico de mujeres j\u00f3venes a trav\u00e9s de aplicaciones en la ciudad de Posadas &#8211; Misiones. Presentaci\u00f3n del problema y un avance del estado de la cuesti\u00f3n. Sandra \u00c1valos [&hellip;]<\/p>\n","protected":false},"author":6,"featured_media":0,"parent":0,"menu_order":0,"comment_status":"closed","ping_status":"closed","template":"jinvestigadores.php","meta":{"extendify_custom_stylesheet":""},"_links":{"self":[{"href":"https:\/\/www.fhycs.unam.edu.ar\/portada\/wp-json\/wp\/v2\/pages\/38708"}],"collection":[{"href":"https:\/\/www.fhycs.unam.edu.ar\/portada\/wp-json\/wp\/v2\/pages"}],"about":[{"href":"https:\/\/www.fhycs.unam.edu.ar\/portada\/wp-json\/wp\/v2\/types\/page"}],"author":[{"embeddable":true,"href":"https:\/\/www.fhycs.unam.edu.ar\/portada\/wp-json\/wp\/v2\/users\/6"}],"replies":[{"embeddable":true,"href":"https:\/\/www.fhycs.unam.edu.ar\/portada\/wp-json\/wp\/v2\/comments?post=38708"}],"version-history":[{"count":3,"href":"https:\/\/www.fhycs.unam.edu.ar\/portada\/wp-json\/wp\/v2\/pages\/38708\/revisions"}],"predecessor-version":[{"id":38770,"href":"https:\/\/www.fhycs.unam.edu.ar\/portada\/wp-json\/wp\/v2\/pages\/38708\/revisions\/38770"}],"wp:attachment":[{"href":"https:\/\/www.fhycs.unam.edu.ar\/portada\/wp-json\/wp\/v2\/media?parent=38708"}],"curies":[{"name":"wp","href":"https:\/\/api.w.org\/{rel}","templated":true}]}}