{"id":38714,"date":"2024-11-01T14:17:24","date_gmt":"2024-11-01T17:17:24","guid":{"rendered":"https:\/\/www.fhycs.unam.edu.ar\/portada\/?page_id=38714"},"modified":"2024-11-04T11:40:23","modified_gmt":"2024-11-04T14:40:23","slug":"gt-revisitando-problematicas-sociales-y-culturales-desde-una-mirada-transdisciplinaria","status":"publish","type":"page","link":"https:\/\/www.fhycs.unam.edu.ar\/portada\/gt-revisitando-problematicas-sociales-y-culturales-desde-una-mirada-transdisciplinaria\/","title":{"rendered":"GT-Revisitando problem\u00e1ticas sociales y culturales desde una mirada transdisciplinaria"},"content":{"rendered":"<ul>\n<li><strong><em>Estudiantina y procesos de socializaci\u00f3n: construcci\u00f3n de identidades colectivas en Posadas \u2013 Misiones (1980 \u2013 2002). <\/em><\/strong>Lorenzo Nahuel Kos<\/li>\n<\/ul>\n<p><strong><em>\u00a0<\/em><\/strong><\/p>\n<ul>\n<li><strong><em>Experiencias estudiantiles entre la extensi\u00f3n, la investigaci\u00f3n y la docencia universitaria. <\/em><\/strong>Betiana J. Dos Santos \/ Candela V. Viera<\/li>\n<\/ul>\n<p><strong>Comenta<\/strong>: Walter Oviedo<\/p>\n<p>&nbsp;<\/p>\n<ul>\n<li><strong><em>Desfronterizando Posadas. Un an\u00e1lisis de los discursos de apertura de sesiones en Misiones (2012-2024). <\/em><\/strong>Jorge C. A. Posdeley<\/li>\n<\/ul>\n<p>&nbsp;<\/p>\n<ul>\n<li><strong><em>Hacia un ejercicio de reflexi\u00f3n antropol\u00f3gica sobre el \u201cmomento del archivo\u201d:\u00a0 El caso de un centro de estudios fronterizo. <\/em><\/strong>Ana B. Medina \/ Carla M. P\u00e1ez<\/li>\n<\/ul>\n<p><strong><em>\u00a0<\/em><\/strong><\/p>\n<ul>\n<li><strong><em>La Frontera como Espacio de Movilidad: Redes Sociales y Migraci\u00f3n Paraguaya en Garuhap\u00e9 (Misiones, Argentina). <\/em><\/strong>Gabriel H. Leal<\/li>\n<\/ul>\n<p><strong><em>Comentan:<\/em> <\/strong>Gabriel Leal \/ Romina Hillebrandt<\/p>\n<p>&nbsp;<\/p>\n<ul>\n<li><strong><em>Etnograf\u00edas de las dos mil hect\u00e1reas. Reflexiones de las condiciones sociales de investigaci\u00f3n en Puerto Iguaz\u00fa, Misiones, Argentina.<\/em><\/strong> Priscila G. De Lima<\/li>\n<\/ul>\n<p>&nbsp;<\/p>\n<ul>\n<li><strong><em>Conflu\u00eancias Kaingang na cidade de Clevel\u00e2ndia: S\u00e3o Jo\u00e3o Maria e os arroios Brinco e Cachoeirinha em Clevel\u00e2ndia. <\/em><\/strong>Carlos F. Branco<\/li>\n<\/ul>\n<p><strong>Comentan:<\/strong> Romina Hillebrandt<\/p>\n<p>&nbsp;<\/p>\n<ul>\n<li><strong><em>Impacto de las nuevas tecnolog\u00edas en la ense\u00f1anza del derecho en la facultad de derecho y ciencia pol\u00edtica de la\u202fUCSF- sede santos m\u00e1rtires, en alumnos, docentes y egresados a partir de marzo<\/em><\/strong> <strong><em>del2020 al 2024. <\/em><\/strong>Amanda E. Palacios \/ Marcela A. Chamorro \/ Pablo H. Pelozo \/ Francisco A. Knebel \/Jimena N. Schiro \/ Emanuel C\u00e1cerez<\/li>\n<\/ul>\n<p>&nbsp;<\/p>\n<ul>\n<li><strong><em>Implementaci\u00f3n de la Ley Provincial VI N\u00b0 209 de Educaci\u00f3n Emocional, en Escuelas\u00a0Secundarias de Misiones durante los a\u00f1os 2022 \u2013 2023. <\/em><\/strong>Gladis N. Franco \/ Walter A. Oviedo \/ Veronica L. Medina \/ Karen B. Baukloh \/Carlos M. Nietzsche \/ Tania Ca\u00f1ete \/ Franco S. Derlis \/Maria S. Regunega \/Cinthia Iba\u00f1ez<\/li>\n<\/ul>\n<p>&nbsp;<\/p>\n<ul>\n<li><strong><em>Preservaci\u00f3n de la Memoria de la Salud Mental: Organizaci\u00f3n, Recuperaci\u00f3n y Conservaci\u00f3n del Archivo Hist\u00f3rico del Hospital Nivel 1 de Asistencia y Rehabilitaci\u00f3n en Salud Mental &#8220;Dr. Ram\u00f3n Carrillo&#8221; (Posadas, Misiones, Argentina). Primera Etapa. <\/em><\/strong>Leandro G\u00f3mez \/ Melani Medina \/ JenhyZabel \/ OrianaGorosito \/ Lucas Suarez \/ Franco Ciganda<\/li>\n<\/ul>\n<p><strong>Comentan:<\/strong> Franco Ciganda y Gabriel Leal<\/p>\n","protected":false},"excerpt":{"rendered":"<p>Estudiantina y procesos de socializaci\u00f3n: construcci\u00f3n de identidades colectivas en Posadas \u2013 Misiones (1980 \u2013 2002). Lorenzo Nahuel Kos \u00a0 Experiencias estudiantiles entre la extensi\u00f3n, la investigaci\u00f3n y la docencia universitaria. Betiana J. Dos Santos \/ Candela V. Viera Comenta: Walter Oviedo &nbsp; Desfronterizando Posadas. Un an\u00e1lisis de los discursos de apertura de sesiones en [&hellip;]<\/p>\n","protected":false},"author":6,"featured_media":0,"parent":0,"menu_order":0,"comment_status":"closed","ping_status":"closed","template":"jinvestigadores.php","meta":{"extendify_custom_stylesheet":""},"_links":{"self":[{"href":"https:\/\/www.fhycs.unam.edu.ar\/portada\/wp-json\/wp\/v2\/pages\/38714"}],"collection":[{"href":"https:\/\/www.fhycs.unam.edu.ar\/portada\/wp-json\/wp\/v2\/pages"}],"about":[{"href":"https:\/\/www.fhycs.unam.edu.ar\/portada\/wp-json\/wp\/v2\/types\/page"}],"author":[{"embeddable":true,"href":"https:\/\/www.fhycs.unam.edu.ar\/portada\/wp-json\/wp\/v2\/users\/6"}],"replies":[{"embeddable":true,"href":"https:\/\/www.fhycs.unam.edu.ar\/portada\/wp-json\/wp\/v2\/comments?post=38714"}],"version-history":[{"count":3,"href":"https:\/\/www.fhycs.unam.edu.ar\/portada\/wp-json\/wp\/v2\/pages\/38714\/revisions"}],"predecessor-version":[{"id":38777,"href":"https:\/\/www.fhycs.unam.edu.ar\/portada\/wp-json\/wp\/v2\/pages\/38714\/revisions\/38777"}],"wp:attachment":[{"href":"https:\/\/www.fhycs.unam.edu.ar\/portada\/wp-json\/wp\/v2\/media?parent=38714"}],"curies":[{"name":"wp","href":"https:\/\/api.w.org\/{rel}","templated":true}]}}