{"id":38722,"date":"2024-11-01T14:24:06","date_gmt":"2024-11-01T17:24:06","guid":{"rendered":"https:\/\/www.fhycs.unam.edu.ar\/portada\/?page_id=38722"},"modified":"2024-11-05T07:46:30","modified_gmt":"2024-11-05T10:46:30","slug":"gt-genocidio-responsabilidad-empresarial-y-transformaciones-economicas-en-circuitos-productivos-y-la-agricultura-familiar-del-norte-argentino","status":"publish","type":"page","link":"https:\/\/www.fhycs.unam.edu.ar\/portada\/gt-genocidio-responsabilidad-empresarial-y-transformaciones-economicas-en-circuitos-productivos-y-la-agricultura-familiar-del-norte-argentino\/","title":{"rendered":"GT-Genocidio, responsabilidad empresarial  y transformaciones econ\u00f3micas en circuitos productivos y la agricultura familiar del Norte argentino"},"content":{"rendered":"<ul>\n<li><strong><em>Transformaciones econ\u00f3micas en el circuito del T\u00e9 e implicancias para agricultores y trabajadores. <\/em><\/strong>Alejandro Daniel Oviedo (FHyCS\/UNaM)<\/li>\n<\/ul>\n<p>&nbsp;<\/p>\n<ul>\n<li><strong><em>El genocidio de Las Mar\u00edas<\/em><\/strong>. Daniel Re (FHyCS\/UNaM)<\/li>\n<\/ul>\n<p>&nbsp;<\/p>\n<ul>\n<li><strong><em>La persecuci\u00f3n pol\u00edtica en la UNaM durante la dictadura c\u00edvico-militar 1976\/83 y un acto de reparaci\u00f3n hist\u00f3rica. <\/em><\/strong>Javier Gortari (FHyCS\/UNaM)<\/li>\n<\/ul>\n<p>&nbsp;<\/p>\n<ul>\n<li><strong><em>Finalidad del Proceso Judicial y el caso del Juicio por la Verdad de la Masacre de Napalp\u00ed<\/em><\/strong> Selene Luz Maciel Almir\u00f3n (UNNE)<\/li>\n<\/ul>\n<p>&nbsp;<\/p>\n<ul>\n<li><strong><em>Susana Ferreira, historia de una mujer en lucha<\/em><\/strong>. Severa Barrios (UNaM)<\/li>\n<\/ul>\n","protected":false},"excerpt":{"rendered":"<p>Transformaciones econ\u00f3micas en el circuito del T\u00e9 e implicancias para agricultores y trabajadores. Alejandro Daniel Oviedo (FHyCS\/UNaM) &nbsp; El genocidio de Las Mar\u00edas. Daniel Re (FHyCS\/UNaM) &nbsp; La persecuci\u00f3n pol\u00edtica en la UNaM durante la dictadura c\u00edvico-militar 1976\/83 y un acto de reparaci\u00f3n hist\u00f3rica. Javier Gortari (FHyCS\/UNaM) &nbsp; Finalidad del Proceso Judicial y el caso [&hellip;]<\/p>\n","protected":false},"author":6,"featured_media":0,"parent":0,"menu_order":0,"comment_status":"closed","ping_status":"closed","template":"jinvestigadores.php","meta":{"extendify_custom_stylesheet":""},"_links":{"self":[{"href":"https:\/\/www.fhycs.unam.edu.ar\/portada\/wp-json\/wp\/v2\/pages\/38722"}],"collection":[{"href":"https:\/\/www.fhycs.unam.edu.ar\/portada\/wp-json\/wp\/v2\/pages"}],"about":[{"href":"https:\/\/www.fhycs.unam.edu.ar\/portada\/wp-json\/wp\/v2\/types\/page"}],"author":[{"embeddable":true,"href":"https:\/\/www.fhycs.unam.edu.ar\/portada\/wp-json\/wp\/v2\/users\/6"}],"replies":[{"embeddable":true,"href":"https:\/\/www.fhycs.unam.edu.ar\/portada\/wp-json\/wp\/v2\/comments?post=38722"}],"version-history":[{"count":2,"href":"https:\/\/www.fhycs.unam.edu.ar\/portada\/wp-json\/wp\/v2\/pages\/38722\/revisions"}],"predecessor-version":[{"id":38820,"href":"https:\/\/www.fhycs.unam.edu.ar\/portada\/wp-json\/wp\/v2\/pages\/38722\/revisions\/38820"}],"wp:attachment":[{"href":"https:\/\/www.fhycs.unam.edu.ar\/portada\/wp-json\/wp\/v2\/media?parent=38722"}],"curies":[{"name":"wp","href":"https:\/\/api.w.org\/{rel}","templated":true}]}}