{"id":38724,"date":"2024-11-01T14:24:46","date_gmt":"2024-11-01T17:24:46","guid":{"rendered":"https:\/\/www.fhycs.unam.edu.ar\/portada\/?page_id=38724"},"modified":"2024-11-05T07:48:19","modified_gmt":"2024-11-05T10:48:19","slug":"gt-la-conflictividad-social-como-objeto-de-investigacion-experiencias-de-lucha-debates-teoricos-y-problemas-metodologicos","status":"publish","type":"page","link":"https:\/\/www.fhycs.unam.edu.ar\/portada\/gt-la-conflictividad-social-como-objeto-de-investigacion-experiencias-de-lucha-debates-teoricos-y-problemas-metodologicos\/","title":{"rendered":"GT-La conflictividad social como objeto de investigaci\u00f3n. Experiencias de lucha, debates te\u00f3ricos y problemas metodol\u00f3gicos"},"content":{"rendered":"<ul>\n<li><strong><em>\u201cEl movimiento estudiantil en los colegios secundarios de Las Heras (Santa Cruz) un an\u00e1lisis como sujeto colectivo emergente en respuesta a las manifestaciones de la Cuesti\u00f3n Social en 2024\u201d<\/em><\/strong>. Gabriela Elizabeth Romero (UNPA)<\/li>\n<\/ul>\n<p>&nbsp;<\/p>\n<ul>\n<li><strong><em>\u201cLa profundizaci\u00f3n de la precarizaci\u00f3n laboral en la docencia y las luchas por el salario. El Acampe Docente en Posadas: sus actores, discusiones e identificaciones\u201d. <\/em><\/strong><strong><em>\u00a0<\/em><\/strong>Cristian Emanuel Silva (FHyCS\/UNaM) y F\u00e1tima Lourdes Silva (FHyCS\/UNaM)<\/li>\n<\/ul>\n<p>&nbsp;<\/p>\n<ul>\n<li><strong><em>\u201cLa huelga tabacalera de 1973: organizaci\u00f3n y lucha de un campesinado en representaci\u00f3n\u201d.<\/em><\/strong> Javier R. A. Ferragut (FHyCS\/UNaM)<\/li>\n<\/ul>\n<p>&nbsp;<\/p>\n<ul>\n<li><strong><em>\u201cLa conflictividad por la tierra agr\u00edcola en Misiones como problema de investigaci\u00f3n\u201d. <\/em><\/strong>Sebasti\u00e1n Ram\u00edrez (FHyCS\/UNaM)<\/li>\n<\/ul>\n","protected":false},"excerpt":{"rendered":"<p>\u201cEl movimiento estudiantil en los colegios secundarios de Las Heras (Santa Cruz) un an\u00e1lisis como sujeto colectivo emergente en respuesta a las manifestaciones de la Cuesti\u00f3n Social en 2024\u201d. Gabriela Elizabeth Romero (UNPA) &nbsp; \u201cLa profundizaci\u00f3n de la precarizaci\u00f3n laboral en la docencia y las luchas por el salario. El Acampe Docente en Posadas: sus [&hellip;]<\/p>\n","protected":false},"author":6,"featured_media":0,"parent":0,"menu_order":0,"comment_status":"closed","ping_status":"closed","template":"jinvestigadores.php","meta":{"extendify_custom_stylesheet":""},"_links":{"self":[{"href":"https:\/\/www.fhycs.unam.edu.ar\/portada\/wp-json\/wp\/v2\/pages\/38724"}],"collection":[{"href":"https:\/\/www.fhycs.unam.edu.ar\/portada\/wp-json\/wp\/v2\/pages"}],"about":[{"href":"https:\/\/www.fhycs.unam.edu.ar\/portada\/wp-json\/wp\/v2\/types\/page"}],"author":[{"embeddable":true,"href":"https:\/\/www.fhycs.unam.edu.ar\/portada\/wp-json\/wp\/v2\/users\/6"}],"replies":[{"embeddable":true,"href":"https:\/\/www.fhycs.unam.edu.ar\/portada\/wp-json\/wp\/v2\/comments?post=38724"}],"version-history":[{"count":2,"href":"https:\/\/www.fhycs.unam.edu.ar\/portada\/wp-json\/wp\/v2\/pages\/38724\/revisions"}],"predecessor-version":[{"id":38821,"href":"https:\/\/www.fhycs.unam.edu.ar\/portada\/wp-json\/wp\/v2\/pages\/38724\/revisions\/38821"}],"wp:attachment":[{"href":"https:\/\/www.fhycs.unam.edu.ar\/portada\/wp-json\/wp\/v2\/media?parent=38724"}],"curies":[{"name":"wp","href":"https:\/\/api.w.org\/{rel}","templated":true}]}}