{"id":39063,"date":"2024-11-27T11:41:44","date_gmt":"2024-11-27T14:41:44","guid":{"rendered":"https:\/\/www.fhycs.unam.edu.ar\/portada\/?page_id=39063"},"modified":"2024-11-27T11:41:44","modified_gmt":"2024-11-27T14:41:44","slug":"una-propuesta-de-integracion-de-la-semioticas-y-la-investigacion-accion-educativa-en-el-marco-de-la-universidad-nacional-del-alto-uruguay","status":"publish","type":"page","link":"https:\/\/www.fhycs.unam.edu.ar\/portada\/una-propuesta-de-integracion-de-la-semioticas-y-la-investigacion-accion-educativa-en-el-marco-de-la-universidad-nacional-del-alto-uruguay\/","title":{"rendered":"Una propuesta de integraci\u00f3n de la Semi\u00f3ticas y la Investigaci\u00f3n-Acci\u00f3n educativa en el marco de la Universidad Nacional del Alto Uruguay"},"content":{"rendered":"<iframe src=\"\/\/docs.google.com\/viewer?url=https%3A%2F%2Fwww.fhycs.unam.edu.ar%2Fportada%2Fwp-content%2Fuploads%2F2024%2F11%2FRaasch-Maidana.pdf&hl=es&embedded=true\" class=\"gde-frame\" style=\"width:100%; height:500px; border: none;\" scrolling=\"no\"><\/iframe>\n<p class=\"gde-text\"><a href=\"https:\/\/www.fhycs.unam.edu.ar\/portada\/wp-content\/uploads\/2024\/11\/Raasch-Maidana.pdf\" class=\"gde-link\">Descargar (PDF, Desconocido)<\/a><\/p>\n","protected":false},"excerpt":{"rendered":"","protected":false},"author":6,"featured_media":0,"parent":0,"menu_order":0,"comment_status":"closed","ping_status":"closed","template":"","meta":{"extendify_custom_stylesheet":""},"_links":{"self":[{"href":"https:\/\/www.fhycs.unam.edu.ar\/portada\/wp-json\/wp\/v2\/pages\/39063"}],"collection":[{"href":"https:\/\/www.fhycs.unam.edu.ar\/portada\/wp-json\/wp\/v2\/pages"}],"about":[{"href":"https:\/\/www.fhycs.unam.edu.ar\/portada\/wp-json\/wp\/v2\/types\/page"}],"author":[{"embeddable":true,"href":"https:\/\/www.fhycs.unam.edu.ar\/portada\/wp-json\/wp\/v2\/users\/6"}],"replies":[{"embeddable":true,"href":"https:\/\/www.fhycs.unam.edu.ar\/portada\/wp-json\/wp\/v2\/comments?post=39063"}],"version-history":[{"count":1,"href":"https:\/\/www.fhycs.unam.edu.ar\/portada\/wp-json\/wp\/v2\/pages\/39063\/revisions"}],"predecessor-version":[{"id":39065,"href":"https:\/\/www.fhycs.unam.edu.ar\/portada\/wp-json\/wp\/v2\/pages\/39063\/revisions\/39065"}],"wp:attachment":[{"href":"https:\/\/www.fhycs.unam.edu.ar\/portada\/wp-json\/wp\/v2\/media?parent=39063"}],"curies":[{"name":"wp","href":"https:\/\/api.w.org\/{rel}","templated":true}]}}