{"id":39075,"date":"2024-11-27T11:52:55","date_gmt":"2024-11-27T14:52:55","guid":{"rendered":"https:\/\/www.fhycs.unam.edu.ar\/portada\/?page_id=39075"},"modified":"2024-11-27T11:52:55","modified_gmt":"2024-11-27T14:52:55","slug":"postulados-para-la-ensenanza-la-investigacion-la-extension-y-la-gestion-universitarias-en-fronteras-reflexiones-desde-la-lengua-en-uso","status":"publish","type":"page","link":"https:\/\/www.fhycs.unam.edu.ar\/portada\/postulados-para-la-ensenanza-la-investigacion-la-extension-y-la-gestion-universitarias-en-fronteras-reflexiones-desde-la-lengua-en-uso\/","title":{"rendered":"Postulados para la ense\u00f1anza, la investigaci\u00f3n, la extensi\u00f3n y la gesti\u00f3n universitarias en fronteras. Reflexiones desde la lengua en uso"},"content":{"rendered":"<iframe src=\"\/\/docs.google.com\/viewer?url=https%3A%2F%2Fwww.fhycs.unam.edu.ar%2Fportada%2Fwp-content%2Fuploads%2F2024%2F11%2FCasco-Alarcon.pdf&hl=es&embedded=true\" class=\"gde-frame\" style=\"width:100%; height:500px; border: none;\" scrolling=\"no\"><\/iframe>\n<p class=\"gde-text\"><a href=\"https:\/\/www.fhycs.unam.edu.ar\/portada\/wp-content\/uploads\/2024\/11\/Casco-Alarcon.pdf\" class=\"gde-link\">Descargar (PDF, Desconocido)<\/a><\/p>\n","protected":false},"excerpt":{"rendered":"","protected":false},"author":6,"featured_media":0,"parent":0,"menu_order":0,"comment_status":"closed","ping_status":"closed","template":"","meta":{"extendify_custom_stylesheet":""},"_links":{"self":[{"href":"https:\/\/www.fhycs.unam.edu.ar\/portada\/wp-json\/wp\/v2\/pages\/39075"}],"collection":[{"href":"https:\/\/www.fhycs.unam.edu.ar\/portada\/wp-json\/wp\/v2\/pages"}],"about":[{"href":"https:\/\/www.fhycs.unam.edu.ar\/portada\/wp-json\/wp\/v2\/types\/page"}],"author":[{"embeddable":true,"href":"https:\/\/www.fhycs.unam.edu.ar\/portada\/wp-json\/wp\/v2\/users\/6"}],"replies":[{"embeddable":true,"href":"https:\/\/www.fhycs.unam.edu.ar\/portada\/wp-json\/wp\/v2\/comments?post=39075"}],"version-history":[{"count":1,"href":"https:\/\/www.fhycs.unam.edu.ar\/portada\/wp-json\/wp\/v2\/pages\/39075\/revisions"}],"predecessor-version":[{"id":39077,"href":"https:\/\/www.fhycs.unam.edu.ar\/portada\/wp-json\/wp\/v2\/pages\/39075\/revisions\/39077"}],"wp:attachment":[{"href":"https:\/\/www.fhycs.unam.edu.ar\/portada\/wp-json\/wp\/v2\/media?parent=39075"}],"curies":[{"name":"wp","href":"https:\/\/api.w.org\/{rel}","templated":true}]}}