{"id":39116,"date":"2024-11-28T11:03:31","date_gmt":"2024-11-28T14:03:31","guid":{"rendered":"https:\/\/www.fhycs.unam.edu.ar\/portada\/?page_id=39116"},"modified":"2024-11-28T11:03:31","modified_gmt":"2024-11-28T14:03:31","slug":"presentacion-de-una-linea-de-investigacion-sobre-politicas-de-educacion-superior-en-la-unam-perspectivas-de-abordaje-de-las-violencias","status":"publish","type":"page","link":"https:\/\/www.fhycs.unam.edu.ar\/portada\/presentacion-de-una-linea-de-investigacion-sobre-politicas-de-educacion-superior-en-la-unam-perspectivas-de-abordaje-de-las-violencias\/","title":{"rendered":"Presentaci\u00f3n de una l\u00ednea de investigaci\u00f3n sobre pol\u00edticas de educaci\u00f3n superior en la UNaM: perspectivas de abordaje de las violencias"},"content":{"rendered":"<iframe src=\"\/\/docs.google.com\/viewer?url=https%3A%2F%2Fwww.fhycs.unam.edu.ar%2Fportada%2Fwp-content%2Fuploads%2F2024%2F11%2FMac-Lean-Eje-4-Psicologia-Social.pdf&hl=es&embedded=true\" class=\"gde-frame\" style=\"width:100%; height:500px; border: none;\" scrolling=\"no\"><\/iframe>\n<p class=\"gde-text\"><a href=\"https:\/\/www.fhycs.unam.edu.ar\/portada\/wp-content\/uploads\/2024\/11\/Mac-Lean-Eje-4-Psicologia-Social.pdf\" class=\"gde-link\">Descargar (PDF, Desconocido)<\/a><\/p>\n","protected":false},"excerpt":{"rendered":"","protected":false},"author":6,"featured_media":0,"parent":0,"menu_order":0,"comment_status":"closed","ping_status":"closed","template":"","meta":{"extendify_custom_stylesheet":""},"_links":{"self":[{"href":"https:\/\/www.fhycs.unam.edu.ar\/portada\/wp-json\/wp\/v2\/pages\/39116"}],"collection":[{"href":"https:\/\/www.fhycs.unam.edu.ar\/portada\/wp-json\/wp\/v2\/pages"}],"about":[{"href":"https:\/\/www.fhycs.unam.edu.ar\/portada\/wp-json\/wp\/v2\/types\/page"}],"author":[{"embeddable":true,"href":"https:\/\/www.fhycs.unam.edu.ar\/portada\/wp-json\/wp\/v2\/users\/6"}],"replies":[{"embeddable":true,"href":"https:\/\/www.fhycs.unam.edu.ar\/portada\/wp-json\/wp\/v2\/comments?post=39116"}],"version-history":[{"count":1,"href":"https:\/\/www.fhycs.unam.edu.ar\/portada\/wp-json\/wp\/v2\/pages\/39116\/revisions"}],"predecessor-version":[{"id":39118,"href":"https:\/\/www.fhycs.unam.edu.ar\/portada\/wp-json\/wp\/v2\/pages\/39116\/revisions\/39118"}],"wp:attachment":[{"href":"https:\/\/www.fhycs.unam.edu.ar\/portada\/wp-json\/wp\/v2\/media?parent=39116"}],"curies":[{"name":"wp","href":"https:\/\/api.w.org\/{rel}","templated":true}]}}