{"id":39215,"date":"2024-12-11T09:40:28","date_gmt":"2024-12-11T12:40:28","guid":{"rendered":"https:\/\/www.fhycs.unam.edu.ar\/portada\/?page_id=39215"},"modified":"2024-12-11T09:40:28","modified_gmt":"2024-12-11T12:40:28","slug":"abordajes-des-integrales-de-las-enfermedades-no-transmisibles-el-caso-de-la-atencion-y-el-cuidado-de-las-personas-la-diabetes-mellitus-tipo-2-y-o-hipertension-arterial-en-la-provincia-de-misiones-li","status":"publish","type":"page","link":"https:\/\/www.fhycs.unam.edu.ar\/portada\/abordajes-des-integrales-de-las-enfermedades-no-transmisibles-el-caso-de-la-atencion-y-el-cuidado-de-las-personas-la-diabetes-mellitus-tipo-2-y-o-hipertension-arterial-en-la-provincia-de-misiones-li\/","title":{"rendered":"Abordajes des-integrales de las enfermedades no transmisibles, el caso de la atenci\u00f3n y el cuidado de las personas la Diabetes Mellitus tipo 2 y\/o Hipertensi\u00f3n arterial en la provincia de Misiones: l\u00ednea de investigaci\u00f3n en construcci\u00f3n"},"content":{"rendered":"<iframe src=\"\/\/docs.google.com\/viewer?url=https%3A%2F%2Fwww.fhycs.unam.edu.ar%2Fportada%2Fwp-content%2Fuploads%2F2024%2F12%2F7.-Orlando-M.-F.-Viudes-S.-G.-Eje-1.-Acciones-Colectivas-de-Salud.pdf&hl=es&embedded=true\" class=\"gde-frame\" style=\"width:100%; height:500px; border: none;\" scrolling=\"no\"><\/iframe>\n<p class=\"gde-text\"><a href=\"https:\/\/www.fhycs.unam.edu.ar\/portada\/wp-content\/uploads\/2024\/12\/7.-Orlando-M.-F.-Viudes-S.-G.-Eje-1.-Acciones-Colectivas-de-Salud.pdf\" class=\"gde-link\">Descargar (PDF, Desconocido)<\/a><\/p>\n","protected":false},"excerpt":{"rendered":"","protected":false},"author":6,"featured_media":0,"parent":0,"menu_order":0,"comment_status":"closed","ping_status":"closed","template":"","meta":{"extendify_custom_stylesheet":""},"_links":{"self":[{"href":"https:\/\/www.fhycs.unam.edu.ar\/portada\/wp-json\/wp\/v2\/pages\/39215"}],"collection":[{"href":"https:\/\/www.fhycs.unam.edu.ar\/portada\/wp-json\/wp\/v2\/pages"}],"about":[{"href":"https:\/\/www.fhycs.unam.edu.ar\/portada\/wp-json\/wp\/v2\/types\/page"}],"author":[{"embeddable":true,"href":"https:\/\/www.fhycs.unam.edu.ar\/portada\/wp-json\/wp\/v2\/users\/6"}],"replies":[{"embeddable":true,"href":"https:\/\/www.fhycs.unam.edu.ar\/portada\/wp-json\/wp\/v2\/comments?post=39215"}],"version-history":[{"count":1,"href":"https:\/\/www.fhycs.unam.edu.ar\/portada\/wp-json\/wp\/v2\/pages\/39215\/revisions"}],"predecessor-version":[{"id":39217,"href":"https:\/\/www.fhycs.unam.edu.ar\/portada\/wp-json\/wp\/v2\/pages\/39215\/revisions\/39217"}],"wp:attachment":[{"href":"https:\/\/www.fhycs.unam.edu.ar\/portada\/wp-json\/wp\/v2\/media?parent=39215"}],"curies":[{"name":"wp","href":"https:\/\/api.w.org\/{rel}","templated":true}]}}