{"id":41115,"date":"2026-04-14T17:04:04","date_gmt":"2026-04-14T20:04:04","guid":{"rendered":"https:\/\/www.fhycs.unam.edu.ar\/portada\/?page_id=41115"},"modified":"2026-04-18T21:33:07","modified_gmt":"2026-04-19T00:33:07","slug":"delegacion-electoral","status":"publish","type":"page","link":"https:\/\/www.fhycs.unam.edu.ar\/portada\/delegacion-electoral\/","title":{"rendered":"Elecciones Generales &#8211; 2026"},"content":{"rendered":"\r\n<div class=\"wp-block-columns\">\r\n<div class=\"wp-block-column\">\r\n<p style=\"text-align: left;\" data-start=\"207\" data-end=\"963\">La Delegaci\u00f3n Electoral de la Facultad de Humanidades y Ciencias Sociales informa a la comunidad que se encuentra disponible el cronograma electoral, aprobado mediante la Ordenanza del Consejo Superior N\u00ba 001\/26, en el cual se detallan las distintas etapas del proceso de renovaci\u00f3n de autoridades, en virtud del vencimiento de los mandatos vigentes. Asimismo, se comunica que se encuentran publicadas la Disposici\u00f3n N\u00ba 447\/2026, mediante la cual se designan los miembros titulares y suplentes de la Junta Electoral de la FHyCS, y la Disposici\u00f3n N\u00ba 604\/2026, que introduce una modificaci\u00f3n en la anterior, consignando correctamente el nombre de uno de sus integrantes, as\u00ed como tambi\u00e9n los padrones provisorios correspondientes a cada uno de los claustros.<\/p>\r\n<p data-start=\"965\" data-end=\"1143\">Para la realizaci\u00f3n de consultas y la gesti\u00f3n de tr\u00e1mites relacionados con el padr\u00f3n electoral, se encuentra habilitado el correo electr\u00f3nico: <a class=\"decorated-link cursor-pointer\" href=\"mailto:delegacionelectoralfhycs@gmail.com\" rel=\"noopener\" data-start=\"1108\" data-end=\"1142\">delegacionelectoralfhycs@gmail.com<\/a><img loading=\"lazy\" class=\"size-medium wp-image-41192 aligncenter\" src=\"https:\/\/www.fhycs.unam.edu.ar\/portada\/wp-content\/uploads\/2026\/04\/fae453fb-7748-4ea4-88f2-c94b861230d9-300x300.jpeg\" alt=\"\" width=\"300\" height=\"300\" srcset=\"https:\/\/www.fhycs.unam.edu.ar\/portada\/wp-content\/uploads\/2026\/04\/fae453fb-7748-4ea4-88f2-c94b861230d9-300x300.jpeg 300w, https:\/\/www.fhycs.unam.edu.ar\/portada\/wp-content\/uploads\/2026\/04\/fae453fb-7748-4ea4-88f2-c94b861230d9.jpeg 1024w, https:\/\/www.fhycs.unam.edu.ar\/portada\/wp-content\/uploads\/2026\/04\/fae453fb-7748-4ea4-88f2-c94b861230d9-150x150.jpeg 150w, https:\/\/www.fhycs.unam.edu.ar\/portada\/wp-content\/uploads\/2026\/04\/fae453fb-7748-4ea4-88f2-c94b861230d9-768x768.jpeg 768w\" sizes=\"(max-width: 300px) 100vw, 300px\" \/><\/p>\r\n<h3 style=\"text-align: left;\"><span style=\"color: #0000ff;\">DOCUMENTACI\u00d3N ELECTORAL<\/span><\/h3>\r\n<h3><em>Cronograma Electoral 2026 &#8211; Ord. 001\/2026<\/em><\/h3>\r\n<iframe src=\"\/\/docs.google.com\/viewer?url=https%3A%2F%2Fwww.fhycs.unam.edu.ar%2Fportada%2Fwp-content%2Fuploads%2F2026%2F04%2FConvocatoria-y-Cronograma-Elecciones-2026-1-1.pdf&hl=es&embedded=true\" class=\"gde-frame\" style=\"width:100%; height:500px; border: none;\" scrolling=\"no\"><\/iframe>\n<p class=\"gde-text\"><a href=\"https:\/\/www.fhycs.unam.edu.ar\/portada\/wp-content\/uploads\/2026\/04\/Convocatoria-y-Cronograma-Elecciones-2026-1-1.pdf\" class=\"gde-link\">Descargar (PDF, Desconocido)<\/a><\/p>\r\n<\/div>\r\n<\/div>\r\n<p>&nbsp;<\/p>\r\n<div class=\"wp-block-columns\">\r\n<div class=\"wp-block-column\">\r\n<h3><em>Disposici\u00f3n FHyCS N\u00ba447\/26: Junta Electoral FHyCS<\/em><\/h3>\r\n<iframe src=\"\/\/docs.google.com\/viewer?url=https%3A%2F%2Fwww.fhycs.unam.edu.ar%2Fportada%2Fwp-content%2Fuploads%2F2026%2F04%2FDispo-447_2026-Junta-Electoral-FHyCS-1.pdf&hl=es&embedded=true\" class=\"gde-frame\" style=\"width:100%; height:500px; border: none;\" scrolling=\"no\"><\/iframe>\n<p class=\"gde-text\"><a href=\"https:\/\/www.fhycs.unam.edu.ar\/portada\/wp-content\/uploads\/2026\/04\/Dispo-447_2026-Junta-Electoral-FHyCS-1.pdf\" class=\"gde-link\">Descargar (PDF, Desconocido)<\/a><\/p>\r\n<\/div>\r\n<\/div>\r\n<p>&nbsp;<\/p>\r\n<div class=\"wp-block-columns\">\r\n<div class=\"wp-block-column\">\r\n<h3><em>Disposici\u00f3n FHyCS N\u00ba604\/26: Rectificaci\u00f3n Junta Electoral FHyCS<\/em><\/h3>\r\n<iframe src=\"\/\/docs.google.com\/viewer?url=https%3A%2F%2Fwww.fhycs.unam.edu.ar%2Fportada%2Fwp-content%2Fuploads%2F2026%2F04%2FDispo-604_2026-Rectificacion-Junta-Electoral-FHyCS.pdf&hl=es&embedded=true\" class=\"gde-frame\" style=\"width:100%; height:500px; border: none;\" scrolling=\"no\"><\/iframe>\n<p class=\"gde-text\"><a href=\"https:\/\/www.fhycs.unam.edu.ar\/portada\/wp-content\/uploads\/2026\/04\/Dispo-604_2026-Rectificacion-Junta-Electoral-FHyCS.pdf\" class=\"gde-link\">Descargar (PDF, Desconocido)<\/a><\/p>\r\n<\/div>\r\n<\/div>\r\n<div class=\"wp-block-columns\">\u00a0<\/div>\r\n<div class=\"wp-block-columns\">\r\n<h3 style=\"text-align: left;\"><span style=\"color: #0000ff;\">PADRONES PROVISORIOS &#8211; 2026<\/span><\/h3>\r\n<p>&nbsp;<\/p>\r\n<\/div>\r\n<div class=\"wp-block-columns\">\r\n<div class=\"wp-block-column\">\r\n<p><strong><span class=\"fontstyle0\">PADR\u00d3N PROVISORIO DOCENTE FHyCS-UNaM<\/span><\/strong><\/p>\r\n<iframe src=\"\/\/docs.google.com\/viewer?url=https%3A%2F%2Fwww.fhycs.unam.edu.ar%2Fportada%2Fwp-content%2Fuploads%2F2026%2F04%2FPADRON_PROVISORIO_DOCENTE_FACULTAD_DE_HUMANIDADES_y_CIENCIAS_SOCIALES-1.pdf&hl=es&embedded=true\" class=\"gde-frame\" style=\"width:100%; height:500px; border: none;\" scrolling=\"no\"><\/iframe>\n<p class=\"gde-text\"><a href=\"https:\/\/www.fhycs.unam.edu.ar\/portada\/wp-content\/uploads\/2026\/04\/PADRON_PROVISORIO_DOCENTE_FACULTAD_DE_HUMANIDADES_y_CIENCIAS_SOCIALES-1.pdf\" class=\"gde-link\">Descargar (PDF, Desconocido)<\/a><\/p>\r\n<\/div>\r\n<\/div>\r\n<p>&nbsp;<\/p>\r\n<div class=\"wp-block-columns\">\r\n<div class=\"wp-block-column\">\r\n<p><strong><span class=\"fontstyle0\">PADR\u00d3N PROVISORIO NODOCENTE FHyCS-UNaM<\/span><\/strong><\/p>\r\n<iframe src=\"\/\/docs.google.com\/viewer?url=https%3A%2F%2Fwww.fhycs.unam.edu.ar%2Fportada%2Fwp-content%2Fuploads%2F2026%2F04%2FPADRON_PROVISORIO_NODOCENTE_FACULTAD_DE_HUMANIDADES_y_CIENCIAS_SOCIALES-1.pdf&hl=es&embedded=true\" class=\"gde-frame\" style=\"width:100%; height:500px; border: none;\" scrolling=\"no\"><\/iframe>\n<p class=\"gde-text\"><a href=\"https:\/\/www.fhycs.unam.edu.ar\/portada\/wp-content\/uploads\/2026\/04\/PADRON_PROVISORIO_NODOCENTE_FACULTAD_DE_HUMANIDADES_y_CIENCIAS_SOCIALES-1.pdf\" class=\"gde-link\">Descargar (PDF, 37KB)<\/a><\/p>\r\n<\/div>\r\n<\/div>\r\n<p>&nbsp;<\/p>\r\n<div class=\"wp-block-columns\">\r\n<div class=\"wp-block-column\">\r\n<p><strong><span class=\"fontstyle0\">PADR\u00d3N PROVISORIO ESTUDIANTIL FHyCS-UNaM<\/span><\/strong><\/p>\r\n<iframe src=\"\/\/docs.google.com\/viewer?url=https%3A%2F%2Fwww.fhycs.unam.edu.ar%2Fportada%2Fwp-content%2Fuploads%2F2026%2F04%2FPADRON_PROVISORIO_ESTUDIANTIL_FACULTAD_DE_HUMANIDADES_y_CIENCIAS_SOCIALES-1.pdf&hl=es&embedded=true\" class=\"gde-frame\" style=\"width:100%; height:500px; border: none;\" scrolling=\"no\"><\/iframe>\n<p class=\"gde-text\"><a href=\"https:\/\/www.fhycs.unam.edu.ar\/portada\/wp-content\/uploads\/2026\/04\/PADRON_PROVISORIO_ESTUDIANTIL_FACULTAD_DE_HUMANIDADES_y_CIENCIAS_SOCIALES-1.pdf\" class=\"gde-link\">Descargar (PDF, Desconocido)<\/a><\/p>\r\n<\/div>\r\n<\/div>\r\n<p>&nbsp;<\/p>\r\n<div class=\"wp-block-columns\">\r\n<div class=\"wp-block-column\">\r\n<p><strong><span class=\"fontstyle0\">PADR\u00d3N PROVISORIO GRADUADOS FHyCS-UNaM<\/span><\/strong><\/p>\r\n<iframe src=\"\/\/docs.google.com\/viewer?url=https%3A%2F%2Fwww.fhycs.unam.edu.ar%2Fportada%2Fwp-content%2Fuploads%2F2026%2F04%2FPADRON_PROVISORIO_GRADUADOS_FACULTAD_DE_HUMANIDADES_y_CIENCIAS_SOCIALES-1.pdf&hl=es&embedded=true\" class=\"gde-frame\" style=\"width:100%; height:500px; border: none;\" scrolling=\"no\"><\/iframe>\n<p class=\"gde-text\"><a href=\"https:\/\/www.fhycs.unam.edu.ar\/portada\/wp-content\/uploads\/2026\/04\/PADRON_PROVISORIO_GRADUADOS_FACULTAD_DE_HUMANIDADES_y_CIENCIAS_SOCIALES-1.pdf\" class=\"gde-link\">Descargar (PDF, Desconocido)<\/a><\/p>\r\n<\/div>\r\n<\/div>\r\n<p>&nbsp;<\/p>\r\n<p>&nbsp;<\/p>\r\n<div class=\"wp-block-columns\">\r\n<div class=\"wp-block-column\">\r\n<p style=\"text-align: left;\" data-start=\"0\" data-end=\"673\"><br \/><br \/><\/p>\r\n<\/div>\r\n<p>&nbsp;<\/p>\r\n<\/div>\r\n","protected":false},"excerpt":{"rendered":"<p>La Delegaci\u00f3n Electoral de la Facultad de Humanidades y Ciencias Sociales informa a la comunidad que se encuentra disponible el cronograma electoral, aprobado mediante la Ordenanza del Consejo Superior N\u00ba 001\/26, en el cual se detallan las distintas etapas del proceso de renovaci\u00f3n de autoridades, en virtud del vencimiento de los mandatos vigentes. Asimismo, se [&hellip;]<\/p>\n","protected":false},"author":38,"featured_media":0,"parent":0,"menu_order":0,"comment_status":"closed","ping_status":"closed","template":"","meta":{"extendify_custom_stylesheet":""},"_links":{"self":[{"href":"https:\/\/www.fhycs.unam.edu.ar\/portada\/wp-json\/wp\/v2\/pages\/41115"}],"collection":[{"href":"https:\/\/www.fhycs.unam.edu.ar\/portada\/wp-json\/wp\/v2\/pages"}],"about":[{"href":"https:\/\/www.fhycs.unam.edu.ar\/portada\/wp-json\/wp\/v2\/types\/page"}],"author":[{"embeddable":true,"href":"https:\/\/www.fhycs.unam.edu.ar\/portada\/wp-json\/wp\/v2\/users\/38"}],"replies":[{"embeddable":true,"href":"https:\/\/www.fhycs.unam.edu.ar\/portada\/wp-json\/wp\/v2\/comments?post=41115"}],"version-history":[{"count":23,"href":"https:\/\/www.fhycs.unam.edu.ar\/portada\/wp-json\/wp\/v2\/pages\/41115\/revisions"}],"predecessor-version":[{"id":41210,"href":"https:\/\/www.fhycs.unam.edu.ar\/portada\/wp-json\/wp\/v2\/pages\/41115\/revisions\/41210"}],"wp:attachment":[{"href":"https:\/\/www.fhycs.unam.edu.ar\/portada\/wp-json\/wp\/v2\/media?parent=41115"}],"curies":[{"name":"wp","href":"https:\/\/api.w.org\/{rel}","templated":true}]}}