{"id":41134,"date":"2026-04-16T18:13:53","date_gmt":"2026-04-16T21:13:53","guid":{"rendered":"https:\/\/www.fhycs.unam.edu.ar\/portada\/?page_id=41134"},"modified":"2026-04-16T21:55:30","modified_gmt":"2026-04-17T00:55:30","slug":"cronograma-electoral-2026","status":"publish","type":"page","link":"https:\/\/www.fhycs.unam.edu.ar\/portada\/delegacion-electoral\/cronograma-electoral-2026\/","title":{"rendered":"PADRONES PROVISORIOS"},"content":{"rendered":"\n<p><figure class=\"wp-block-embed is-type-wp-embed is-provider-facultad-de-humanidades-y-ciencias-sociales-fhycs-unam wp-block-embed-facultad-de-humanidades-y-ciencias-sociales-fhycs-unam\">\n<div class=\"wp-block-embed__wrapper\">\n<ul>\n<li style=\"text-align: left;\"><span style=\"color: #3366ff;\"><strong><span class=\"fontstyle0\">PADR\u00d3N PROVISORIO DOCENTE FHyCS-UNaM<\/span><\/strong><\/span><\/li>\n<\/ul>\n<iframe src=\"\/\/docs.google.com\/viewer?url=https%3A%2F%2Fwww.fhycs.unam.edu.ar%2Fportada%2Fwp-content%2Fuploads%2F2026%2F04%2FPADRON_PROVISORIO_DOCENTE_FACULTAD_DE_HUMANIDADES_y_CIENCIAS_SOCIALES-1.pdf&hl=es&embedded=true\" class=\"gde-frame\" style=\"width:100%; height:500px; border: none;\" scrolling=\"no\"><\/iframe>\n<p class=\"gde-text\"><a href=\"https:\/\/www.fhycs.unam.edu.ar\/portada\/wp-content\/uploads\/2026\/04\/PADRON_PROVISORIO_DOCENTE_FACULTAD_DE_HUMANIDADES_y_CIENCIAS_SOCIALES-1.pdf\" class=\"gde-link\">Descargar (PDF, Desconocido)<\/a><\/p>\n<ul>\n<li><span style=\"color: #3366ff;\"><strong><span class=\"fontstyle0\">PADR\u00d3N PROVISORIO NODOCENTE FHyCS-UNaM<\/span><\/strong><\/span><\/li>\n<\/ul>\n<iframe src=\"\/\/docs.google.com\/viewer?url=https%3A%2F%2Fwww.fhycs.unam.edu.ar%2Fportada%2Fwp-content%2Fuploads%2F2026%2F04%2FPADRON_PROVISORIO_DOCENTE_FACULTAD_DE_HUMANIDADES_y_CIENCIAS_SOCIALES-1.pdf&hl=es&embedded=true\" class=\"gde-frame\" style=\"width:100%; height:500px; border: none;\" scrolling=\"no\"><\/iframe>\n<p class=\"gde-text\"><a href=\"https:\/\/www.fhycs.unam.edu.ar\/portada\/wp-content\/uploads\/2026\/04\/PADRON_PROVISORIO_DOCENTE_FACULTAD_DE_HUMANIDADES_y_CIENCIAS_SOCIALES-1.pdf\" class=\"gde-link\">Descargar (PDF, Desconocido)<\/a><\/p>\n<ul>\n<li><span style=\"color: #3366ff;\"><strong><span class=\"fontstyle0\">PADR\u00d3N PROVISORIO ESTUDIANTIL FHyCS-UNaM<\/span><\/strong><\/span><\/li>\n<\/ul>\n<iframe src=\"\/\/docs.google.com\/viewer?url=https%3A%2F%2Fwww.fhycs.unam.edu.ar%2Fportada%2Fwp-content%2Fuploads%2F2026%2F04%2FPADRON_PROVISORIO_ESTUDIANTIL_FACULTAD_DE_HUMANIDADES_y_CIENCIAS_SOCIALES-1.pdf&hl=es&embedded=true\" class=\"gde-frame\" style=\"width:100%; height:500px; border: none;\" scrolling=\"no\"><\/iframe>\n<p class=\"gde-text\"><a href=\"https:\/\/www.fhycs.unam.edu.ar\/portada\/wp-content\/uploads\/2026\/04\/PADRON_PROVISORIO_ESTUDIANTIL_FACULTAD_DE_HUMANIDADES_y_CIENCIAS_SOCIALES-1.pdf\" class=\"gde-link\">Descargar (PDF, Desconocido)<\/a><\/p>\n<ul>\n<li><span style=\"color: #3366ff;\"><strong><span class=\"fontstyle0\">PADR\u00d3N PROVISORIO GRADUADOS FHyCS-UNaM<\/span><\/strong><\/span><\/li>\n<\/ul>\n<iframe src=\"\/\/docs.google.com\/viewer?url=https%3A%2F%2Fwww.fhycs.unam.edu.ar%2Fportada%2Fwp-content%2Fuploads%2F2026%2F04%2FPADRON_PROVISORIO_GRADUADOS_FACULTAD_DE_HUMANIDADES_y_CIENCIAS_SOCIALES-1.pdf&hl=es&embedded=true\" class=\"gde-frame\" style=\"width:100%; height:500px; border: none;\" scrolling=\"no\"><\/iframe>\n<p class=\"gde-text\"><a href=\"https:\/\/www.fhycs.unam.edu.ar\/portada\/wp-content\/uploads\/2026\/04\/PADRON_PROVISORIO_GRADUADOS_FACULTAD_DE_HUMANIDADES_y_CIENCIAS_SOCIALES-1.pdf\" class=\"gde-link\">Descargar (PDF, Desconocido)<\/a><\/p>\n<\/div>\n<\/figure><\/p>\n\n\n\n<div class=\"wp-block-columns\">\n<div class=\"wp-block-column\">\u00a0<\/div>\n<\/div>\n","protected":false},"excerpt":{"rendered":"<p>PADR\u00d3N PROVISORIO DOCENTE FHyCS-UNaM PADR\u00d3N PROVISORIO NODOCENTE FHyCS-UNaM PADR\u00d3N PROVISORIO ESTUDIANTIL FHyCS-UNaM PADR\u00d3N PROVISORIO GRADUADOS FHyCS-UNaM \u00a0<\/p>\n","protected":false},"author":38,"featured_media":0,"parent":41115,"menu_order":3,"comment_status":"closed","ping_status":"closed","template":"","meta":{"extendify_custom_stylesheet":""},"_links":{"self":[{"href":"https:\/\/www.fhycs.unam.edu.ar\/portada\/wp-json\/wp\/v2\/pages\/41134"}],"collection":[{"href":"https:\/\/www.fhycs.unam.edu.ar\/portada\/wp-json\/wp\/v2\/pages"}],"about":[{"href":"https:\/\/www.fhycs.unam.edu.ar\/portada\/wp-json\/wp\/v2\/types\/page"}],"author":[{"embeddable":true,"href":"https:\/\/www.fhycs.unam.edu.ar\/portada\/wp-json\/wp\/v2\/users\/38"}],"replies":[{"embeddable":true,"href":"https:\/\/www.fhycs.unam.edu.ar\/portada\/wp-json\/wp\/v2\/comments?post=41134"}],"version-history":[{"count":13,"href":"https:\/\/www.fhycs.unam.edu.ar\/portada\/wp-json\/wp\/v2\/pages\/41134\/revisions"}],"predecessor-version":[{"id":41182,"href":"https:\/\/www.fhycs.unam.edu.ar\/portada\/wp-json\/wp\/v2\/pages\/41134\/revisions\/41182"}],"up":[{"embeddable":true,"href":"https:\/\/www.fhycs.unam.edu.ar\/portada\/wp-json\/wp\/v2\/pages\/41115"}],"wp:attachment":[{"href":"https:\/\/www.fhycs.unam.edu.ar\/portada\/wp-json\/wp\/v2\/media?parent=41134"}],"curies":[{"name":"wp","href":"https:\/\/api.w.org\/{rel}","templated":true}]}}