{"id":4683,"date":"2016-02-29T14:53:58","date_gmt":"2016-02-29T14:53:58","guid":{"rendered":"http:\/\/www.fhycs.unam.edu.ar\/portada\/?page_id=4683"},"modified":"2018-03-09T14:23:55","modified_gmt":"2018-03-09T17:23:55","slug":"diplomatura-en-gestion-del-desarrollo-sustentable","status":"publish","type":"page","link":"https:\/\/www.fhycs.unam.edu.ar\/portada\/diplomatura-en-gestion-del-desarrollo-sustentable\/","title":{"rendered":"Diplomatura en Gesti\u00f3n del Desarrollo Sustentable"},"content":{"rendered":"<table>\n<tbody>\n<tr>\n<td width=\"50%\">\n<table width=\"100%\">\n<tbody>\n<tr>\n<td style=\"text-align: justify;\"><strong>Tipo de Post\u00edtulo:<\/strong><\/td>\n<td style=\"text-align: justify;\">Actualizaci\u00f3n con opci\u00f3n a Especializaci\u00f3n y Diplomatura en Gesti\u00f3n del Desarrollo Sustentable<\/td>\n<\/tr>\n<tr>\n<td style=\"text-align: justify;\"><strong>Certificado que otorga: <\/strong><\/td>\n<td style=\"text-align: justify;\">Pos t\u00edtulo &#8211; Actualizaci\u00f3n Acad\u00e9mica<\/p>\n<p>Pos t\u00edtulo &#8211; Especializaci\u00f3n Superior<\/p>\n<p>Diplomatura Superior<\/td>\n<\/tr>\n<tr>\n<td style=\"text-align: justify;\"><strong>Coordinador Responsable: <\/strong><\/td>\n<td style=\"text-align: justify;\">Dr. Miguel \u00c1ngel Almir\u00f3n<\/td>\n<\/tr>\n<tr>\n<td style=\"text-align: justify;\"><strong>Correo electr\u00f3nico: <\/strong><\/td>\n<td style=\"text-align: justify;\"><span style=\"color: #5e5959;\"><a href=\"mailto:gestiondesarrollosustentable@gmail.com\">gestiondesarrollosustentable@gmail.com<\/a><\/span><\/td>\n<\/tr>\n<tr>\n<td style=\"text-align: justify;\"><strong>Requisitos de Admisi\u00f3n: <\/strong><\/td>\n<td style=\"text-align: justify;\">&#8211; Poseer t\u00edtulo Universitario o Terciario.<\/td>\n<\/tr>\n<tr>\n<td style=\"text-align: justify;\"><strong>Carga horaria total:<\/strong><\/td>\n<td style=\"text-align: justify;\">Pos t\u00edtulo &#8211; Actualizaci\u00f3n Acad\u00e9mica:<br \/>\nCarga horaria 200hs. Reloj. 1.80 pts.<br \/>\n(Duraci\u00f3n 5 meses)Pos t\u00edtulo &#8211; Especializaci\u00f3n Superior:<br \/>\nCarga Horaria 440 hs. Reloj 2.50 pts.<br \/>\n(Duraci\u00f3n 11 meses)Diplomatura Superior: Cargar Horaria<br \/>\n720 hs. Reloj 3 pts.<\/td>\n<\/tr>\n<tr>\n<td style=\"text-align: justify;\"><strong>Cursado:<\/strong><\/td>\n<td style=\"text-align: justify;\">Viernes de tarde y S\u00e1bados por la ma\u00f1ana, 2 veces al mes.<\/td>\n<\/tr>\n<\/tbody>\n<\/table>\n<p>&nbsp;<\/td>\n<td style=\"text-align: center;\" width=\"50%\"><img loading=\"lazy\" class=\"alignleft wp-image-4684 size-full\" src=\"https:\/\/www.fhycs.unam.edu.ar\/portada\/wp-content\/uploads\/2016\/02\/diplomatura-en-desarrollo-sustentable.jpg\" alt=\"\" width=\"400\" height=\"550\" srcset=\"https:\/\/www.fhycs.unam.edu.ar\/portada\/wp-content\/uploads\/2016\/02\/diplomatura-en-desarrollo-sustentable.jpg 400w, https:\/\/www.fhycs.unam.edu.ar\/portada\/wp-content\/uploads\/2016\/02\/diplomatura-en-desarrollo-sustentable-218x300.jpg 218w\" sizes=\"(max-width: 400px) 100vw, 400px\" \/><\/td>\n<\/tr>\n<\/tbody>\n<\/table>\n<h6>Cronograma de encuentros:<\/h6>\n<p><img loading=\"lazy\" class=\"alignleft wp-image-19407\" src=\"https:\/\/www.fhycs.unam.edu.ar\/portada\/wp-content\/uploads\/2018\/02\/Cronograma_POST\u00cdTULO_DESARROLLO_SUSTENTABLE-300x204.jpeg\" alt=\"\" width=\"453\" height=\"308\" srcset=\"https:\/\/www.fhycs.unam.edu.ar\/portada\/wp-content\/uploads\/2018\/02\/Cronograma_POST\u00cdTULO_DESARROLLO_SUSTENTABLE-300x204.jpeg 300w, https:\/\/www.fhycs.unam.edu.ar\/portada\/wp-content\/uploads\/2018\/02\/Cronograma_POST\u00cdTULO_DESARROLLO_SUSTENTABLE-768x521.jpeg 768w, https:\/\/www.fhycs.unam.edu.ar\/portada\/wp-content\/uploads\/2018\/02\/Cronograma_POST\u00cdTULO_DESARROLLO_SUSTENTABLE.jpeg 1024w\" sizes=\"(max-width: 453px) 100vw, 453px\" \/><\/p>\n<h6 style=\"text-align: justify;\">\u200bObjetivos<\/h6>\n<p style=\"text-align: justify;\">Capacitar profesionales a comprometidos con el desarrollo sustentable a nivel local, regional y global a trav\u00e9s del dise\u00f1o y operaci\u00f3n de estrategias que integren y promuevan valores culturales, saberes tradicionales, avances tecnol\u00f3gicos y cient\u00edficos encaminados a contribuir con el mejoramiento de la calidad de vida y condiciones del entorno social y ambiental en la escala que se desempe\u00f1en.<\/p>\n<p style=\"text-align: justify;\">Para m\u00e1s informaci\u00f3n podes consultar en el siguiente formulario: <a href=\"https:\/\/docs.google.com\/forms\/d\/1fpXfWL8k6RlITkHwTrXD_27xR3bvW1IumTF5dYPK_og\/viewform?c=0&amp;w=1\" target=\"_blank\" rel=\"noopener\">Clic aqu\u00ed<\/a>.<\/p>\n<h6 style=\"text-align: justify;\">Detalles:<\/h6>\n<p style=\"text-align: justify;\">Lugar: Aula 2, 2\u00b0 Piso Edificio Juan Figueredo (<a href=\"https:\/\/www.google.com\/maps?ll=-27.372184,-55.8954&amp;z=16&amp;t=m&amp;hl=en-US&amp;gl=AR&amp;mapclient=embed&amp;q=Col%C3%B3n+2368+N3301JFK+Posadas+Misi%C3%B3nes\" target=\"_blank\" rel=\"noopener\">Col\u00f3n 2368<\/a>) &#8211; Sede \u00fanica: Posadas.<\/p>\n<p style=\"text-align: justify;\">Inicio de clases: Viernes 2 de marzo.<\/p>\n<p style=\"text-align: justify;\">Valoraci\u00f3n: 1.8 Pts.<\/p>\n<h4 style=\"text-align: justify;\">Plan de estudio: <a href=\"https:\/\/www.fhycs.unam.edu.ar\/portada\/wp-content\/uploads\/2018\/03\/Proyecto-Gesti\u00f3n-del-Desarrollo-Sustentable.pdf\" target=\"_blank\" rel=\"noopener\">Ver completo aqu\u00ed (pdf)<\/a><\/h4>\n<h6 style=\"text-align: justify;\">Informes:<\/h6>\n<p>Direcci\u00f3n de Post\u00edtulos Docentes<\/p>\n<p style=\"text-align: justify;\">Secretar\u00eda de Extensi\u00f3n y Vinculaci\u00f3n Tecnol\u00f3gica de la FHyCS.<br \/>\nCalle Col\u00f3n 2368<\/p>\n<p style=\"text-align: justify;\">\u00a0Tel: 054-376-4434344 Interno: 138<\/p>\n","protected":false},"excerpt":{"rendered":"<p>Tipo de Post\u00edtulo: Actualizaci\u00f3n con opci\u00f3n a Especializaci\u00f3n y Diplomatura en Gesti\u00f3n del Desarrollo Sustentable Certificado que otorga: Pos t\u00edtulo &#8211; Actualizaci\u00f3n Acad\u00e9mica Pos t\u00edtulo &#8211; Especializaci\u00f3n Superior Diplomatura Superior Coordinador Responsable: Dr. Miguel \u00c1ngel Almir\u00f3n Correo electr\u00f3nico: gestiondesarrollosustentable@gmail.com Requisitos de Admisi\u00f3n: &#8211; Poseer t\u00edtulo Universitario o Terciario. Carga horaria total: Pos t\u00edtulo &#8211; Actualizaci\u00f3n [&hellip;]<\/p>\n","protected":false},"author":1,"featured_media":4686,"parent":0,"menu_order":0,"comment_status":"closed","ping_status":"closed","template":"","meta":{"extendify_custom_stylesheet":""},"_links":{"self":[{"href":"https:\/\/www.fhycs.unam.edu.ar\/portada\/wp-json\/wp\/v2\/pages\/4683"}],"collection":[{"href":"https:\/\/www.fhycs.unam.edu.ar\/portada\/wp-json\/wp\/v2\/pages"}],"about":[{"href":"https:\/\/www.fhycs.unam.edu.ar\/portada\/wp-json\/wp\/v2\/types\/page"}],"author":[{"embeddable":true,"href":"https:\/\/www.fhycs.unam.edu.ar\/portada\/wp-json\/wp\/v2\/users\/1"}],"replies":[{"embeddable":true,"href":"https:\/\/www.fhycs.unam.edu.ar\/portada\/wp-json\/wp\/v2\/comments?post=4683"}],"version-history":[{"count":16,"href":"https:\/\/www.fhycs.unam.edu.ar\/portada\/wp-json\/wp\/v2\/pages\/4683\/revisions"}],"predecessor-version":[{"id":25562,"href":"https:\/\/www.fhycs.unam.edu.ar\/portada\/wp-json\/wp\/v2\/pages\/4683\/revisions\/25562"}],"wp:featuredmedia":[{"embeddable":true,"href":"https:\/\/www.fhycs.unam.edu.ar\/portada\/wp-json\/wp\/v2\/media\/4686"}],"wp:attachment":[{"href":"https:\/\/www.fhycs.unam.edu.ar\/portada\/wp-json\/wp\/v2\/media?parent=4683"}],"curies":[{"name":"wp","href":"https:\/\/api.w.org\/{rel}","templated":true}]}}