{"id":5651,"date":"2016-04-12T21:08:42","date_gmt":"2016-04-12T21:08:42","guid":{"rendered":"http:\/\/www.fhycs.unam.edu.ar\/portada\/?page_id=5651"},"modified":"2016-06-19T00:33:18","modified_gmt":"2016-06-19T00:33:18","slug":"tramitacion-de-pago-de-titulos-de-postgrado","status":"publish","type":"page","link":"https:\/\/www.fhycs.unam.edu.ar\/portada\/tramitacion-de-pago-de-titulos-de-postgrado\/","title":{"rendered":"Tramitaci\u00f3n de Pago de T\u00edtulos de Postgrado"},"content":{"rendered":"<ul>\n<li><a href=\"https:\/\/www.fhycs.unam.edu.ar\/portada\/coneau-doctorado-en-administracion\/\">CONEAU &#8211; Dr. en Administraci\u00f3n<\/a><\/li>\n<li><a href=\"https:\/\/www.fhycs.unam.edu.ar\/portada\/coneau-doctorado-en-antropologia-social\/\">CONEAU &#8211; Dr. en Antropolog\u00eda<\/a><\/li>\n<li><a href=\"https:\/\/www.fhycs.unam.edu.ar\/portada\/coneau-doctorado-en-semiotica-unc\/\">CONEAU &#8211; Dr. en Semi\u00f3tica &#8211; UNC<\/a><\/li>\n<li><a href=\"https:\/\/www.fhycs.unam.edu.ar\/portada\/coneau-especializacion-en-didactica-y-curriculum\/\">CONEAU &#8211; Especializaci\u00f3n en Did\u00e1ctica y Curriculum<\/a><\/li>\n<li><a href=\"https:\/\/www.fhycs.unam.edu.ar\/portada\/coneau-especializacion-en-educacion-superior\/\">CONEAU &#8211; Especializaci\u00f3n en Educaci\u00f3n Superior<\/a><\/li>\n<li><a href=\"https:\/\/www.fhycs.unam.edu.ar\/portada\/coneau-maestria-en-antropologia-social\/\">CONEAU &#8211; Maestr\u00eda en Antropolog\u00eda Social<\/a><\/li>\n<li><a href=\"https:\/\/www.fhycs.unam.edu.ar\/portada\/coneau-maestria-en-docencia-universitaria\/\">CONEAU &#8211; Maestr\u00eda en Docencia Universitaria<\/a><\/li>\n<li><a href=\"https:\/\/www.fhycs.unam.edu.ar\/portada\/coneau-maestria-en-gerencia-y-administracion-de-programas-sociales\/\">CONEAU &#8211; Maestr\u00eda en Gerencia y Administraci\u00f3n de Programas Sociales<\/a><\/li>\n<li><a href=\"https:\/\/www.fhycs.unam.edu.ar\/portada\/coneau-maestria-en-politicas-sociales\/\">CONEAU &#8211; Maestr\u00eda en Pol\u00edticas Sociales<\/a><\/li>\n<li><a href=\"https:\/\/www.fhycs.unam.edu.ar\/portada\/coneau-maestria-en-semiotica-discursiva\/\">CONEAU &#8211; Maestr\u00eda en Semi\u00f3tica Discursiva<\/a><\/li>\n<li><a href=\"https:\/\/www.fhycs.unam.edu.ar\/portada\/hoja-de-ruta-requisitos-para-el-pago\/\">Hoja de Ruta &#8211; Requisitos para el Pago (Mestr\u00edas y Doctorados)<\/a><\/li>\n<li><a href=\"https:\/\/www.fhycs.unam.edu.ar\/portada\/resolucion-ministerial-dr-en-administracion\/\">Resoluci\u00f3n Ministerial Dr. en Administraci\u00f3n<\/a><\/li>\n<li><a href=\"https:\/\/www.fhycs.unam.edu.ar\/portada\/resolucion-ministerial-dr-en-antropologia-social\/\">Resoluci\u00f3n Ministerial Dr. en Antropolog\u00eda Social<\/a><\/li>\n<li><a href=\"https:\/\/www.fhycs.unam.edu.ar\/portada\/resolucion-ministerial-dr-en-semiotica-unc\/\">Resoluci\u00f3n Ministerial Dr. en Semi\u00f3tica UNC<\/a><\/li>\n<li><a href=\"https:\/\/www.fhycs.unam.edu.ar\/portada\/resolucion-ministerial-especialista-en-diseno-de-programas-sociales\/\">Resoluci\u00f3n Ministerial Especialista en Dise\u00f1o de Programas Sociales<\/a><\/li>\n<li><a href=\"https:\/\/www.fhycs.unam.edu.ar\/portada\/resolucion-ministerial-magister-en-administracion-y-contabilidad-publica\/\">Resoluci\u00f3n Ministerial Magister en Administraci\u00f3n y Contabilidad P\u00fablica<\/a><\/li>\n<li><a href=\"https:\/\/www.fhycs.unam.edu.ar\/portada\/resolucion-ministerial-magister-en-docencia-universitaria\/\">Resoluci\u00f3n Ministerial Magister en Docencia Universitaria<\/a><\/li>\n<li><a href=\"https:\/\/www.fhycs.unam.edu.ar\/portada\/resolucion-ministerial-magister-en-educacion-por-el-arte\/\">Resoluci\u00f3n Ministerial Magister en Educaci\u00f3n por el Arte<\/a><\/li>\n<\/ul>\n","protected":false},"excerpt":{"rendered":"<p>CONEAU &#8211; Dr. en Administraci\u00f3n CONEAU &#8211; Dr. en Antropolog\u00eda CONEAU &#8211; Dr. en Semi\u00f3tica &#8211; UNC CONEAU &#8211; Especializaci\u00f3n en Did\u00e1ctica y Curriculum CONEAU &#8211; Especializaci\u00f3n en Educaci\u00f3n Superior CONEAU &#8211; Maestr\u00eda en Antropolog\u00eda Social CONEAU &#8211; Maestr\u00eda en Docencia Universitaria CONEAU &#8211; Maestr\u00eda en Gerencia y Administraci\u00f3n de Programas Sociales CONEAU &#8211; Maestr\u00eda [&hellip;]<\/p>\n","protected":false},"author":1,"featured_media":0,"parent":0,"menu_order":0,"comment_status":"closed","ping_status":"closed","template":"secretarias.php","meta":{"extendify_custom_stylesheet":""},"_links":{"self":[{"href":"https:\/\/www.fhycs.unam.edu.ar\/portada\/wp-json\/wp\/v2\/pages\/5651"}],"collection":[{"href":"https:\/\/www.fhycs.unam.edu.ar\/portada\/wp-json\/wp\/v2\/pages"}],"about":[{"href":"https:\/\/www.fhycs.unam.edu.ar\/portada\/wp-json\/wp\/v2\/types\/page"}],"author":[{"embeddable":true,"href":"https:\/\/www.fhycs.unam.edu.ar\/portada\/wp-json\/wp\/v2\/users\/1"}],"replies":[{"embeddable":true,"href":"https:\/\/www.fhycs.unam.edu.ar\/portada\/wp-json\/wp\/v2\/comments?post=5651"}],"version-history":[{"count":10,"href":"https:\/\/www.fhycs.unam.edu.ar\/portada\/wp-json\/wp\/v2\/pages\/5651\/revisions"}],"predecessor-version":[{"id":6947,"href":"https:\/\/www.fhycs.unam.edu.ar\/portada\/wp-json\/wp\/v2\/pages\/5651\/revisions\/6947"}],"wp:attachment":[{"href":"https:\/\/www.fhycs.unam.edu.ar\/portada\/wp-json\/wp\/v2\/media?parent=5651"}],"curies":[{"name":"wp","href":"https:\/\/api.w.org\/{rel}","templated":true}]}}