{"id":5702,"date":"2016-04-12T21:30:08","date_gmt":"2016-04-12T21:30:08","guid":{"rendered":"http:\/\/www.fhycs.unam.edu.ar\/portada\/?page_id=5702"},"modified":"2016-04-12T21:30:08","modified_gmt":"2016-04-12T21:30:08","slug":"resolucion-ministerial-magister-en-administracion-y-contabilidad-publica","status":"publish","type":"page","link":"https:\/\/www.fhycs.unam.edu.ar\/portada\/resolucion-ministerial-magister-en-administracion-y-contabilidad-publica\/","title":{"rendered":"Resoluci\u00f3n Ministerial Magister en Administraci\u00f3n y Contabilidad P\u00fablica"},"content":{"rendered":"<iframe src=\"\/\/docs.google.com\/viewer?url=https%3A%2F%2Fwww.fhycs.unam.edu.ar%2Fportada%2Fwp-content%2Fuploads%2F2016%2F04%2FResol-min-Educ-Magister-en-Administracion-y-CP-6294.pdf&hl=es&embedded=true\" class=\"gde-frame\" style=\"width:100%; height:500px; border: none;\" scrolling=\"no\"><\/iframe>\n<p class=\"gde-text\"><a href=\"https:\/\/www.fhycs.unam.edu.ar\/portada\/wp-content\/uploads\/2016\/04\/Resol-min-Educ-Magister-en-Administracion-y-CP-6294.pdf\" class=\"gde-link\">Descargar (PDF, Desconocido)<\/a><\/p>\n","protected":false},"excerpt":{"rendered":"","protected":false},"author":1,"featured_media":0,"parent":0,"menu_order":0,"comment_status":"closed","ping_status":"closed","template":"","meta":{"extendify_custom_stylesheet":""},"_links":{"self":[{"href":"https:\/\/www.fhycs.unam.edu.ar\/portada\/wp-json\/wp\/v2\/pages\/5702"}],"collection":[{"href":"https:\/\/www.fhycs.unam.edu.ar\/portada\/wp-json\/wp\/v2\/pages"}],"about":[{"href":"https:\/\/www.fhycs.unam.edu.ar\/portada\/wp-json\/wp\/v2\/types\/page"}],"author":[{"embeddable":true,"href":"https:\/\/www.fhycs.unam.edu.ar\/portada\/wp-json\/wp\/v2\/users\/1"}],"replies":[{"embeddable":true,"href":"https:\/\/www.fhycs.unam.edu.ar\/portada\/wp-json\/wp\/v2\/comments?post=5702"}],"version-history":[{"count":1,"href":"https:\/\/www.fhycs.unam.edu.ar\/portada\/wp-json\/wp\/v2\/pages\/5702\/revisions"}],"predecessor-version":[{"id":5704,"href":"https:\/\/www.fhycs.unam.edu.ar\/portada\/wp-json\/wp\/v2\/pages\/5702\/revisions\/5704"}],"wp:attachment":[{"href":"https:\/\/www.fhycs.unam.edu.ar\/portada\/wp-json\/wp\/v2\/media?parent=5702"}],"curies":[{"name":"wp","href":"https:\/\/api.w.org\/{rel}","templated":true}]}}