{"id":7696,"date":"2016-07-29T02:14:08","date_gmt":"2016-07-29T02:14:08","guid":{"rendered":"http:\/\/www.fhycs.unam.edu.ar\/portada\/?page_id=7696"},"modified":"2022-08-03T11:46:11","modified_gmt":"2022-08-03T14:46:11","slug":"carrera-docente","status":"publish","type":"page","link":"https:\/\/www.fhycs.unam.edu.ar\/portada\/carrera-docente\/","title":{"rendered":"Carrera Docente"},"content":{"rendered":"<h1 class=\"p1\" style=\"padding-right: 10px; text-align: justify;\">Carrera Docente<\/h1>\n<p class=\"p1\" style=\"padding-right: 320px; text-align: justify;\">La Carrera Docente en la Facultad es un sistema de preservaci\u00f3n y mejoramiento de los recursos humanos docentes de la Universidad Nacional de Misiones. Se organiza a trav\u00e9s del ingreso, permanencia, formaci\u00f3n, perfeccionamiento, evaluaci\u00f3n, control de gesti\u00f3n y promoci\u00f3n.<\/p>\n<p class=\"p1\" style=\"padding-right: 320px; text-align: justify;\">Los profesores son responsables de proyectar, ejecutar, evaluar y actualizar la actividad acad\u00e9mica. Ellos promueven, dirigen, supervisan y orientan la generaci\u00f3n de conocimiento y la formaci\u00f3n integral de alumnos en cualquier etapa de estudio. Adem\u00e1s son responsables de la investigaci\u00f3n, de la extensi\u00f3n y servicios de la transferencia cient\u00edfico tecnol\u00f3gica y la formaci\u00f3n de recursos humanos.<\/p>\n<p class=\"p1\" style=\"padding-right: 320px; text-align: justify;\">Hay dos categor\u00edas de docentes: Profesores (titular, asociado o adjunto) y Auxiliar de Docencia (jefe de trabajos pr\u00e1cticos y ayudante de primera).<\/p>\n<p class=\"p1\" style=\"padding-right: 320px; text-align: justify;\">El ingreso a la carrera docente se hace a trav\u00e9s de un concurso abierto de antecedentes y oposici\u00f3n. La permanencia en la Carrera y estabilidad laboral, depender\u00e1 del mantenimiento, por parte del docente, de las condiciones de idoneidad y el cumplimiento de lo establecido en el R\u00e9gimen y en el Estatuto de la FHyCS.<\/p>\n<p><strong>Formularios:<\/strong><\/p>\n<p><a href=\"https:\/\/www.fhycs.unam.edu.ar\/portada\/wp-content\/uploads\/2022\/08\/1.-Formularios-de-Inscripcion-1.docx\">Formulario de solicitud de inscripci\u00f3n para presentaci\u00f3n a concursos p\u00fablicos<\/a><\/p>\n<div class=\"wp-block-file\"><a id=\"wp-block-file--media-8b820b81-4102-4533-beb2-abd17e457169\" href=\"https:\/\/www.fhycs.unam.edu.ar\/portada\/wp-content\/uploads\/2022\/08\/CURRICULUM-NORMALIZADO.doc\">CURRICULUM-NORMALIZADO<\/a><a class=\"wp-block-file__button\" href=\"https:\/\/www.fhycs.unam.edu.ar\/portada\/wp-content\/uploads\/2022\/08\/CURRICULUM-NORMALIZADO.doc\" download=\"\" aria-describedby=\"wp-block-file--media-8b820b81-4102-4533-beb2-abd17e457169\">Descarga<\/a><\/div>\n<p><!-- \/wp:file --><\/p>\n<p><!-- wp:file {\"id\":33848,\"href\":\"https:\/\/www.fhycs.unam.edu.ar\/portada\/wp-content\/uploads\/2022\/08\/Plan-de-Actividades-ENSENANZA-INVESTIGACION-y-EXTENSION.doc\"} --><\/p>\n<div class=\"wp-block-file\"><a id=\"wp-block-file--media-00d45ba6-ced4-46ff-acbf-8bd544779faa\" href=\"https:\/\/www.fhycs.unam.edu.ar\/portada\/wp-content\/uploads\/2022\/08\/Plan-de-Actividades-ENSENANZA-INVESTIGACION-y-EXTENSION.doc\">Plan-de-Actividades-ENSENANZA-INVESTIGACION-y-EXTENSION<\/a><a class=\"wp-block-file__button\" href=\"https:\/\/www.fhycs.unam.edu.ar\/portada\/wp-content\/uploads\/2022\/08\/Plan-de-Actividades-ENSENANZA-INVESTIGACION-y-EXTENSION.doc\" download=\"\" aria-describedby=\"wp-block-file--media-00d45ba6-ced4-46ff-acbf-8bd544779faa\">Descarga<\/a><\/div>\n<p><!-- \/wp:file --><\/p>\n<p><!-- wp:file {\"id\":33849,\"href\":\"https:\/\/www.fhycs.unam.edu.ar\/portada\/wp-content\/uploads\/2022\/08\/Plan-de-Actividades-ENSENANZA-E-INVESTIGACION.doc\"} --><\/p>\n<div class=\"wp-block-file\"><a id=\"wp-block-file--media-9088debb-c92b-486b-91a3-a94de8218f5d\" href=\"https:\/\/www.fhycs.unam.edu.ar\/portada\/wp-content\/uploads\/2022\/08\/Plan-de-Actividades-ENSENANZA-E-INVESTIGACION.doc\">Plan-de-Actividades-ENSENANZA-E-INVESTIGACION<\/a><a class=\"wp-block-file__button\" href=\"https:\/\/www.fhycs.unam.edu.ar\/portada\/wp-content\/uploads\/2022\/08\/Plan-de-Actividades-ENSENANZA-E-INVESTIGACION.doc\" download=\"\" aria-describedby=\"wp-block-file--media-9088debb-c92b-486b-91a3-a94de8218f5d\">Descarga<\/a><\/div>\n<p><!-- \/wp:file --><\/p>\n<p><!-- wp:file {\"id\":33850,\"href\":\"https:\/\/www.fhycs.unam.edu.ar\/portada\/wp-content\/uploads\/2022\/08\/Plan-de-Actividades-ENSENANZA-y-EXTENSION.doc\"} --><\/p>\n<div class=\"wp-block-file\"><a id=\"wp-block-file--media-cc9b90dd-89c5-4db8-99f3-dc71a6ec499f\" href=\"https:\/\/www.fhycs.unam.edu.ar\/portada\/wp-content\/uploads\/2022\/08\/Plan-de-Actividades-ENSENANZA-y-EXTENSION.doc\">Plan-de-Actividades-ENSENANZA-y-EXTENSION<\/a><a class=\"wp-block-file__button\" href=\"https:\/\/www.fhycs.unam.edu.ar\/portada\/wp-content\/uploads\/2022\/08\/Plan-de-Actividades-ENSENANZA-y-EXTENSION.doc\" download=\"\" aria-describedby=\"wp-block-file--media-cc9b90dd-89c5-4db8-99f3-dc71a6ec499f\">Descarga<\/a><\/div>\n<p><!-- \/wp:file --><\/p>\n<p><a href=\"https:\/\/www.fhycs.unam.edu.ar\/portada\/wp-content\/uploads\/2018\/04\/6.-Guia-y-Formulario_-Proyecto-de-Investigacion.doc\" target=\"_blank\" rel=\"noopener\">Gu\u00eda y formulario de PROYECTOS DE INVESTIGACI\u00d3N<\/a><\/p>\n<div class=\"wp-block-file\"><a id=\"wp-block-file--media-5d00706d-bbcb-4a6b-9bde-1c664435c6b9\" href=\"https:\/\/www.fhycs.unam.edu.ar\/portada\/wp-content\/uploads\/2022\/08\/Guia-y-FormularioPROYECTOS-DE-EXTENSION.doc\">Guia-y-FormularioPROYECTOS DE EXTENSION<\/a><a class=\"wp-block-file__button\" href=\"https:\/\/www.fhycs.unam.edu.ar\/portada\/wp-content\/uploads\/2022\/08\/Guia-y-FormularioPROYECTOS-DE-EXTENSION.doc\" download=\"\" aria-describedby=\"wp-block-file--media-5d00706d-bbcb-4a6b-9bde-1c664435c6b9\">Descarga<\/a><\/div>\n<p><!-- \/wp:file --><\/p>\n<p><!-- wp:file {\"id\":33852,\"href\":\"https:\/\/www.fhycs.unam.edu.ar\/portada\/wp-content\/uploads\/2022\/08\/7.-PROGRAMA-2022-1.docx\"} --><\/p>\n<div class=\"wp-block-file\"><a id=\"wp-block-file--media-e8ffffc8-eb90-4176-8bbf-54ab38d91145\" href=\"https:\/\/www.fhycs.unam.edu.ar\/portada\/wp-content\/uploads\/2022\/08\/7.-PROGRAMA-2022-1.docx\">Formulario para la presentaci\u00f3n de PROGRAMA TE\u00d3RICO DE LA ASIGNATURA-2022<\/a><a class=\"wp-block-file__button\" href=\"https:\/\/www.fhycs.unam.edu.ar\/portada\/wp-content\/uploads\/2022\/08\/7.-PROGRAMA-2022-1.docx\" download=\"\" aria-describedby=\"wp-block-file--media-e8ffffc8-eb90-4176-8bbf-54ab38d91145\">Descarga<\/a><\/div>\n<p><!-- \/wp:file --><\/p>\n<p><!-- wp:file {\"id\":33853,\"href\":\"https:\/\/www.fhycs.unam.edu.ar\/portada\/wp-content\/uploads\/2022\/08\/7.1-PROGRAMA-de-TP2022.docx\"} --><\/p>\n<div class=\"wp-block-file\"><a id=\"wp-block-file--media-20b3c5bd-424a-4603-a343-dbab597d02af\" href=\"https:\/\/www.fhycs.unam.edu.ar\/portada\/wp-content\/uploads\/2022\/08\/7.1-PROGRAMA-de-TP2022.docx\">Formulario para la presentaci\u00f3n de PROGRAMA de TRABAJOS PR\u00c1CTICOS DE LA ASIGNATURA-2022<\/a><a class=\"wp-block-file__button\" href=\"https:\/\/www.fhycs.unam.edu.ar\/portada\/wp-content\/uploads\/2022\/08\/7.1-PROGRAMA-de-TP2022.docx\" download=\"\" aria-describedby=\"wp-block-file--media-20b3c5bd-424a-4603-a343-dbab597d02af\">Descarga<\/a><\/div>\n<p><!-- \/wp:file --><\/p>\n<p><!-- wp:paragraph --><\/p>\n<p><!-- \/wp:paragraph --><\/p>\n<p><!-- wp:paragraph --><\/p>\n<p><!-- \/wp:paragraph --><\/p>\n\n<!-- wp:paragraph -->\n<p><\/p>\n<!-- \/wp:paragraph -->","protected":false},"excerpt":{"rendered":"<p>Carrera Docente La Carrera Docente en la Facultad es un sistema de preservaci\u00f3n y mejoramiento de los recursos humanos docentes de la Universidad Nacional de Misiones. Se organiza a trav\u00e9s del ingreso, permanencia, formaci\u00f3n, perfeccionamiento, evaluaci\u00f3n, control de gesti\u00f3n y promoci\u00f3n. Los profesores son responsables de proyectar, ejecutar, evaluar y actualizar la actividad acad\u00e9mica. Ellos [&hellip;]<\/p>\n","protected":false},"author":1,"featured_media":0,"parent":0,"menu_order":0,"comment_status":"closed","ping_status":"closed","template":"secretaria_academica.php","meta":{"extendify_custom_stylesheet":""},"_links":{"self":[{"href":"https:\/\/www.fhycs.unam.edu.ar\/portada\/wp-json\/wp\/v2\/pages\/7696"}],"collection":[{"href":"https:\/\/www.fhycs.unam.edu.ar\/portada\/wp-json\/wp\/v2\/pages"}],"about":[{"href":"https:\/\/www.fhycs.unam.edu.ar\/portada\/wp-json\/wp\/v2\/types\/page"}],"author":[{"embeddable":true,"href":"https:\/\/www.fhycs.unam.edu.ar\/portada\/wp-json\/wp\/v2\/users\/1"}],"replies":[{"embeddable":true,"href":"https:\/\/www.fhycs.unam.edu.ar\/portada\/wp-json\/wp\/v2\/comments?post=7696"}],"version-history":[{"count":17,"href":"https:\/\/www.fhycs.unam.edu.ar\/portada\/wp-json\/wp\/v2\/pages\/7696\/revisions"}],"predecessor-version":[{"id":33862,"href":"https:\/\/www.fhycs.unam.edu.ar\/portada\/wp-json\/wp\/v2\/pages\/7696\/revisions\/33862"}],"wp:attachment":[{"href":"https:\/\/www.fhycs.unam.edu.ar\/portada\/wp-json\/wp\/v2\/media?parent=7696"}],"curies":[{"name":"wp","href":"https:\/\/api.w.org\/{rel}","templated":true}]}}