{"id":7708,"date":"2016-07-29T02:25:40","date_gmt":"2016-07-29T02:25:40","guid":{"rendered":"http:\/\/www.fhycs.unam.edu.ar\/portada\/?page_id=7708"},"modified":"2026-03-13T09:46:44","modified_gmt":"2026-03-13T12:46:44","slug":"concursos","status":"publish","type":"page","link":"https:\/\/www.fhycs.unam.edu.ar\/portada\/concursos\/","title":{"rendered":"Concursos Docentes"},"content":{"rendered":"<h3 style=\"text-align: justify;\">Concursos<\/h3>\n<p style=\"text-align: justify; padding-right: 350px;\">Un concurso abierto de antecedentes y oposici\u00f3n es la forma de ingresar a la\u00a0<a href=\"https:\/\/www.fhycs.unam.edu.ar\/portada\/carrera-docente\/\" target=\"_blank\" rel=\"noopener\">carrera docente<\/a>. La permanencia en la Carrera y estabilidad laboral, depender\u00e1 del mantenimiento, por parte del docente, de las condiciones de idoneidad y el cumplimiento de lo establecido en el R\u00e9gimen y en el Estatuto de la FHyCS. Hay dos categor\u00edas de docentes: Profesores (titular, asociado o adjunto) y Auxiliar de Docencia (jefe de trabajos pr\u00e1cticos y ayudante de primera).<\/p>\n<h2 style=\"text-align: justify; padding-right: 350px;\">Normativa<\/h2>\n<ul>\n<li><strong><a href=\"https:\/\/www.fhycs.unam.edu.ar\/portada\/estatuto-universidad-nacional-de-misiones\/\" target=\"_blank\" rel=\"noopener\">Estatuto de la Universidad Nacional de Misiones<\/a><\/strong><\/li>\n<li><strong><a href=\"https:\/\/www.fhycs.unam.edu.ar\/portada\/art-1-carrera-docente\/\" target=\"_blank\" rel=\"noopener\">R\u00e9gimen General de Carrera Docente\u00a0(Ord. 082\/17)\u00a0<\/a><\/strong><\/li>\n<li><strong><a href=\"https:\/\/www.fhycs.unam.edu.ar\/portada\/wp-content\/uploads\/2025\/12\/Ordenanza-CS-N%C2%B0-051-25-REGIMEN-GENERAL-DE-CONCURSOS-PARA-LA-PROVISION-DE-CARGOS-DOCENTES_compressed-1.pdf\" target=\"_blank\" rel=\"noopener\">R\u00e9gimen General de Concursos Docentes\u00a0<\/a><a href=\"https:\/\/www.fhycs.unam.edu.ar\/portada\/wp-content\/uploads\/2025\/12\/Ordenanza-CS-N%C2%B0-051-25-REGIMEN-GENERAL-DE-CONCURSOS-PARA-LA-PROVISION-DE-CARGOS-DOCENTES_compressed-1.pdf\" target=\"_blank\" rel=\"noopener\">(Ord. 051\/25)<\/a><\/strong><\/li>\n<li><strong><a href=\"https:\/\/www.fhycs.unam.edu.ar\/portada\/wp-content\/uploads\/2026\/03\/Resolucion-107-13-Reglamento-Interno-de-Concursos.pdf\">Reglamento Interno de Concursos (Res. CD 107\/13)<\/a><\/strong><\/li>\n<li><strong><a href=\"https:\/\/www.fhycs.unam.edu.ar\/portada\/wp-content\/uploads\/2026\/03\/Resolucion-056-03-Reglamento-de-Actividades-de-Extension_compressed.pdf\" target=\"_blank\" rel=\"noopener\">Reglamento de Actividades de Extensi\u00f3n (Ord. 056\/03)<\/a><\/strong><\/li>\n<li><strong><a href=\"https:\/\/www.fhycs.unam.edu.ar\/portada\/wp-content\/uploads\/2026\/03\/RESOLUCION-063-19-Programa-de-Curricularizacion-de-las-PRACTICAS-SOCIALES-EDUCATIVAS_PSE.pdf\">Programa de Curricularizaci\u00f3n de las Pr\u00e1cticas Sociales Educativas_PSE (Ord. 063-19)<\/a><\/strong><\/li>\n<li><strong><a href=\"https:\/\/www.fhycs.unam.edu.ar\/portada\/wp-content\/uploads\/2026\/03\/ORDENANZA-082-16-Reglamento-de-Actividades-de-Ciencia-y-Tecnologia.pdf\" target=\"_blank\" rel=\"noopener\">Reglamento de Actividades de Ciencia y Tecnolog\u00eda (Ord. 082-16)\u00a0<\/a><\/strong><\/li>\n<\/ul>\n<table>\n<tbody>\n<tr>\n<td width=\"414\"><\/td>\n<\/tr>\n<tr>\n<td width=\"414\"><strong>Formularios<\/strong><\/td>\n<\/tr>\n<tr>\n<td width=\"414\"><a href=\"https:\/\/www.fhycs.unam.edu.ar\/portada\/wp-content\/uploads\/2026\/03\/1.-Instructivo-para-Inscripcion-a-Concursos-Docentes.docx\" target=\"_blank\" rel=\"noopener\">1. Instructivo para Inscripci\u00f3n a Concursos Docentes<\/a><\/td>\n<\/tr>\n<tr>\n<td width=\"414\"><a href=\"https:\/\/www.fhycs.unam.edu.ar\/portada\/wp-content\/uploads\/2026\/03\/2.-Formulario-Solicitud-de-Inscripcion.docx\" target=\"_blank\" rel=\"noopener\">2. Formulario Solicitud de Inscripci\u00f3n<\/a><\/td>\n<\/tr>\n<tr>\n<td width=\"414\"><a href=\"https:\/\/www.fhycs.unam.edu.ar\/portada\/wp-content\/uploads\/2026\/03\/3.-FOTOCOPIA-DNI.docx\" target=\"_blank\" rel=\"noopener\">3. FOTOCOPIA DNI<\/a><\/td>\n<\/tr>\n<tr>\n<td width=\"414\"><a href=\"https:\/\/www.fhycs.unam.edu.ar\/portada\/wp-content\/uploads\/2026\/03\/4.-CURRICULUM-NORMALIZADO.doc\" target=\"_blank\" rel=\"noopener\">4.CURRICULUM NORMALIZADO<\/a><\/td>\n<\/tr>\n<tr>\n<td width=\"414\"><a href=\"https:\/\/www.fhycs.unam.edu.ar\/portada\/wp-content\/uploads\/2026\/03\/5.-a.Anexo-II.A-Plan-de-Actividades-ENSENANZA-INVESTIGACION-y-EXTENSION.doc\" target=\"_blank\" rel=\"noopener\">5.a.Anexo II.A Plan de Actividades ENSE\u00d1ANZA INVESTIGACI\u00d3N y EXTENSI\u00d3N<\/a><\/td>\n<\/tr>\n<tr>\n<td width=\"414\"><a href=\"https:\/\/www.fhycs.unam.edu.ar\/portada\/wp-content\/uploads\/2026\/03\/5.-b.Anexo-II.B-Plan-de-Actividades-ENSENANZA-E-INVESTIGACION.doc\" target=\"_blank\" rel=\"noopener\">5.b. Anexo II.B Plan de Actividades ENSE\u00d1ANZA E INVESTIGACI\u00d3N<\/a><\/td>\n<\/tr>\n<tr>\n<td width=\"414\"><a href=\"https:\/\/www.fhycs.unam.edu.ar\/portada\/wp-content\/uploads\/2026\/03\/5.-c.Anexo-II.C-Plan-de-Actividades-ENSENANZA-y-EXTENSION.doc\" target=\"_blank\" rel=\"noopener\">5.c.Anexo II.C Plan de Actividades ENSE\u00d1ANZA y EXTENSION<\/a><\/td>\n<\/tr>\n<tr>\n<td width=\"414\"><a href=\"https:\/\/www.fhycs.unam.edu.ar\/portada\/wp-content\/uploads\/2026\/03\/5.-c.Anexo-II.C-Plan-de-Actividades-ENSENANZA-y-EXTENSION.doc\" target=\"_blank\" rel=\"noopener\">6.GUIA Y FORMULARIO PROYECTO DE INVESTIGACION<\/a><\/td>\n<\/tr>\n<tr>\n<td width=\"414\"><a href=\"https:\/\/www.fhycs.unam.edu.ar\/portada\/wp-content\/uploads\/2026\/03\/7.-GUIA-Y-FORMULARIO-PROYECTOS-DE-EXTENSION.doc\" target=\"_blank\" rel=\"noopener\">7.GUIA Y FORMULARIO PROYECTOS DE EXTENSI\u00d3N<\/a><\/td>\n<\/tr>\n<tr>\n<td width=\"414\"><a href=\"https:\/\/www.fhycs.unam.edu.ar\/portada\/wp-content\/uploads\/2026\/03\/8.-MODELO-DE-PROGRAMA-2026.docx\" target=\"_blank\" rel=\"noopener\">8.MODELO DE PROGRAMA 2026<\/a><\/td>\n<\/tr>\n<tr>\n<td width=\"414\"><a href=\"https:\/\/www.fhycs.unam.edu.ar\/portada\/wp-content\/uploads\/2026\/03\/8.1-MODELO-DE-PROGRAMA-de-TP-2026.docx\" target=\"_blank\" rel=\"noopener\">8.1.MODELO DE PROGRAMA de TP 2026<\/a><\/td>\n<\/tr>\n<tr>\n<td width=\"414\"><a href=\"https:\/\/www.fhycs.unam.edu.ar\/portada\/wp-content\/uploads\/2026\/03\/9.-Declaracion-Jurada-2026.docx\" target=\"_blank\" rel=\"noopener\">9.Declaraci\u00f3n Jurada 2026<\/a><\/td>\n<\/tr>\n<\/tbody>\n<\/table>\n<blockquote>\n<h3>Llamados a concursos marzo 2026<\/h3>\n<p>Convocado por Disposici\u00f3n <a href=\"https:\/\/www.fhycs.unam.edu.ar\/portada\/wp-content\/uploads\/2026\/03\/Disposicion-364_Marzo.pdf\" target=\"_blank\" rel=\"noopener\">N\u00ba 364\/26<\/a><\/p><\/blockquote>\n<p>1- Llamado a concurso p\u00fablico, abierto de antecedentes y oposici\u00f3n para la cobertura de 1 (un) cargo regular de Profesor titular, dedicaci\u00f3n simple para la asignatura &#8220;Teor\u00edas Antropol\u00f3gicas y Sociol\u00f3gicas Contempor\u00e1neas&#8221; con afectaci\u00f3n a Teor\u00eda Sociol\u00f3gica que se dictan para la carrera de Lic. en Antropolog\u00eda Social.<\/p>\n<p><a href=\"https:\/\/www.fhycs.unam.edu.ar\/portada\/wp-content\/uploads\/2026\/03\/Programa-de-TEORIAS-ANTROPOLOGICAS-Y-SOCIOLOGICAS-CONTEMPORANEAS_compressed.pdf\" target=\"_blank\" rel=\"noopener\">PROGRAMA DE LA ASIGNATURA<\/a> &#8211; <a href=\"https:\/\/www.fhycs.unam.edu.ar\/portada\/licenciatura-en-antropologia-social\/\" target=\"_blank\" rel=\"noopener\">PLAN DE ESTUDIOS DE LA CARRERA<\/a> &#8211; <a href=\"https:\/\/www.fhycs.unam.edu.ar\/portada\/wp-content\/uploads\/2026\/03\/RESOL-027-26-Teorias-Antropologias-y-Sociologicas-Contemporaneas.pdf\" target=\"_blank\" rel=\"noopener\">Res. CD\u00a0 N\u00ba027\/26<\/a><\/p>\n<p>FORMULARIO DE INSCRIPCI\u00d3N <a href=\"https:\/\/docs.google.com\/forms\/d\/e\/1FAIpQLSdCyfGO4WitVFcjKCCnBp5c12e1E3kuK1S0yCVhA6xWO6modA\/viewform?pli=1\" target=\"_blank\" rel=\"noopener\">ACCESO<\/a><\/p>\n<hr \/>\n<p>2- Llamado a concurso p\u00fablico, abierto de antecedentes y oposici\u00f3n para la cobertura de 1 (un) cargo regular de Profesor titular, dedicaci\u00f3n simple para la asignatura &#8220;Tecnolog\u00eda&#8221; con afectaci\u00f3n a &#8220;Did\u00e1ctica General&#8221; que se dictan para la carrera de Prof. en Educaci\u00f3n Especial.<\/p>\n<p><a href=\"https:\/\/www.fhycs.unam.edu.ar\/portada\/wp-content\/uploads\/2026\/03\/Pragrama-de-TECNOLOGIA.pdf\" target=\"_blank\" rel=\"noopener\">PROGRAMA DE LA ASIGNATURA<\/a> &#8211;<a href=\"https:\/\/www.fhycs.unam.edu.ar\/portada\/departamento-de-educacion-especial\/\" target=\"_blank\" rel=\"noopener\"> PLAN DE ESTUDIOS DE LA CARRERA<\/a> &#8211; <a href=\"https:\/\/www.fhycs.unam.edu.ar\/portada\/wp-content\/uploads\/2026\/03\/RESOL-026-26-Tecnologia-con-af-a-Didactica-General.pdf\" target=\"_blank\" rel=\"noopener\">Res. CD\u00a0 N\u00ba026\/26<\/a><\/p>\n<p>FORMULARIO DE INSCRIPCI\u00d3N <a href=\"https:\/\/docs.google.com\/forms\/d\/e\/1FAIpQLScVlwFKuxi3LtScl0XkGvdH1UdO0rOCReoU1EYYdqxqVDUdpA\/viewform?usp=publish-editor\" target=\"_blank\" rel=\"noopener\">ACCESO<\/a><\/p>\n<hr \/>\n<p>3- Llamado a concurso p\u00fablico, abierto de antecedentes y oposici\u00f3n para la cobertura de 1 (un) cargo regular de Profesor Adjunto, dedicaci\u00f3n simple para la asignatura &#8220;Pedagog\u00eda Especial&#8221; que se dicta para la carrera de Prof. en Educaci\u00f3n Especial.<\/p>\n<p><a href=\"https:\/\/www.fhycs.unam.edu.ar\/portada\/wp-content\/uploads\/2026\/03\/Programa-de-PEDAGOGIA-ESPECIAL.pdf\" target=\"_blank\" rel=\"noopener\">PROGRAMA DE LA ASIGNATURA<\/a> &#8211; <a href=\"https:\/\/www.fhycs.unam.edu.ar\/portada\/departamento-de-educacion-especial\/\" target=\"_blank\" rel=\"noopener\">PLAN DE ESTUDIOS DE LA CARRERA<\/a> &#8211; <a href=\"https:\/\/www.fhycs.unam.edu.ar\/portada\/wp-content\/uploads\/2026\/03\/RESOL-025-26-Pedagogia-Especial.pdf\" target=\"_blank\" rel=\"noopener\">Res. CD\u00a0 N\u00ba025\/26<\/a><\/p>\n<p>FORMULARIO DE INSCRIPCI\u00d3N <a href=\"https:\/\/docs.google.com\/forms\/d\/e\/1FAIpQLSd7wqPnPwKb97MwuJ75ppFktZ-oGIEK5v-z0MaTNVf0cyL9Kw\/viewform?usp=publish-editor\" target=\"_blank\" rel=\"noopener\">ACCESO<\/a><\/p>\n<hr \/>\n<p>4- Llamado a concurso p\u00fablico, abierto de antecedentes y oposici\u00f3n para la cobertura de 1 (un) cargo regular de Profesor Jefe de Trabajos Pr\u00e1cticos, dedicaci\u00f3n simple para la asignatura &#8220;Microeconom\u00eda&#8221; con afectaci\u00f3n a &#8220;An\u00e1lisis de las variables Macroecon\u00f3micas&#8221; que se dictan para la carrera de Prof. en Ciencias Econ\u00f3micas&#8221;.<\/p>\n<p><a href=\"https:\/\/www.fhycs.unam.edu.ar\/portada\/wp-content\/uploads\/2026\/03\/Programa-de-MICROECONOMIA.pdf\" target=\"_blank\" rel=\"noopener\">PROGRAMA DE LA ASIGNATURA<\/a> &#8211; <a href=\"https:\/\/www.fhycs.unam.edu.ar\/portada\/profesorado-en-ciencias-economicas\/\" target=\"_blank\" rel=\"noopener\">PLAN DE ESTUDIOS DE LA CARRERA<\/a> &#8211; <a href=\"https:\/\/www.fhycs.unam.edu.ar\/portada\/wp-content\/uploads\/2026\/03\/RESOL-024-26-Microeconomia-con-af-a-Analisis-de-las-Variables-Macroeconomicas.pdf\" target=\"_blank\" rel=\"noopener\">Res. CD N\u00ba024\/26<\/a><\/p>\n<p>FORMULARIO DE INSCRIPCI\u00d3N <a href=\"https:\/\/docs.google.com\/forms\/d\/e\/1FAIpQLSd-n90ScNy3wVCihb9um8_0XbCmmLH8uwLAuos3T0PpEIxngw\/viewform?usp=publish-editor\" target=\"_blank\" rel=\"noopener\">ACCESO<\/a><\/p>\n","protected":false},"excerpt":{"rendered":"<p>Concursos Un concurso abierto de antecedentes y oposici\u00f3n es la forma de ingresar a la\u00a0carrera docente. La permanencia en la Carrera y estabilidad laboral, depender\u00e1 del mantenimiento, por parte del docente, de las condiciones de idoneidad y el cumplimiento de lo establecido en el R\u00e9gimen y en el Estatuto de la FHyCS. Hay dos categor\u00edas [&hellip;]<\/p>\n","protected":false},"author":10,"featured_media":0,"parent":0,"menu_order":0,"comment_status":"closed","ping_status":"closed","template":"secretaria_academica.php","meta":{"extendify_custom_stylesheet":""},"_links":{"self":[{"href":"https:\/\/www.fhycs.unam.edu.ar\/portada\/wp-json\/wp\/v2\/pages\/7708"}],"collection":[{"href":"https:\/\/www.fhycs.unam.edu.ar\/portada\/wp-json\/wp\/v2\/pages"}],"about":[{"href":"https:\/\/www.fhycs.unam.edu.ar\/portada\/wp-json\/wp\/v2\/types\/page"}],"author":[{"embeddable":true,"href":"https:\/\/www.fhycs.unam.edu.ar\/portada\/wp-json\/wp\/v2\/users\/10"}],"replies":[{"embeddable":true,"href":"https:\/\/www.fhycs.unam.edu.ar\/portada\/wp-json\/wp\/v2\/comments?post=7708"}],"version-history":[{"count":18,"href":"https:\/\/www.fhycs.unam.edu.ar\/portada\/wp-json\/wp\/v2\/pages\/7708\/revisions"}],"predecessor-version":[{"id":40999,"href":"https:\/\/www.fhycs.unam.edu.ar\/portada\/wp-json\/wp\/v2\/pages\/7708\/revisions\/40999"}],"wp:attachment":[{"href":"https:\/\/www.fhycs.unam.edu.ar\/portada\/wp-json\/wp\/v2\/media?parent=7708"}],"curies":[{"name":"wp","href":"https:\/\/api.w.org\/{rel}","templated":true}]}}