{"id":7873,"date":"2016-08-03T10:22:32","date_gmt":"2016-08-03T10:22:32","guid":{"rendered":"http:\/\/www.fhycs.unam.edu.ar\/portada\/?page_id=7873"},"modified":"2016-08-03T10:22:32","modified_gmt":"2016-08-03T10:22:32","slug":"programa-seminario-rol-del-estado-en-las-politicas-publicas-de-america-latina","status":"publish","type":"page","link":"https:\/\/www.fhycs.unam.edu.ar\/portada\/programa-seminario-rol-del-estado-en-las-politicas-publicas-de-america-latina\/","title":{"rendered":"Programa Seminario Rol del Estado en las Pol\u00edticas P\u00fablicas de Am\u00e9rica Latina"},"content":{"rendered":"<iframe src=\"\/\/docs.google.com\/viewer?url=https%3A%2F%2Fwww.fhycs.unam.edu.ar%2Fportada%2Fwp-content%2Fuploads%2F2016%2F08%2FPrograma-Seminario-Rol-del-Estado-en-las-Politicas-Publicas.pdf&hl=es&embedded=true\" class=\"gde-frame\" style=\"width:100%; height:500px; border: none;\" scrolling=\"no\"><\/iframe>\n<p class=\"gde-text\"><a href=\"https:\/\/www.fhycs.unam.edu.ar\/portada\/wp-content\/uploads\/2016\/08\/Programa-Seminario-Rol-del-Estado-en-las-Politicas-Publicas.pdf\" class=\"gde-link\">Descargar (PDF, Desconocido)<\/a><\/p>\n","protected":false},"excerpt":{"rendered":"","protected":false},"author":6,"featured_media":0,"parent":0,"menu_order":0,"comment_status":"closed","ping_status":"closed","template":"","meta":{"extendify_custom_stylesheet":""},"_links":{"self":[{"href":"https:\/\/www.fhycs.unam.edu.ar\/portada\/wp-json\/wp\/v2\/pages\/7873"}],"collection":[{"href":"https:\/\/www.fhycs.unam.edu.ar\/portada\/wp-json\/wp\/v2\/pages"}],"about":[{"href":"https:\/\/www.fhycs.unam.edu.ar\/portada\/wp-json\/wp\/v2\/types\/page"}],"author":[{"embeddable":true,"href":"https:\/\/www.fhycs.unam.edu.ar\/portada\/wp-json\/wp\/v2\/users\/6"}],"replies":[{"embeddable":true,"href":"https:\/\/www.fhycs.unam.edu.ar\/portada\/wp-json\/wp\/v2\/comments?post=7873"}],"version-history":[{"count":1,"href":"https:\/\/www.fhycs.unam.edu.ar\/portada\/wp-json\/wp\/v2\/pages\/7873\/revisions"}],"predecessor-version":[{"id":7875,"href":"https:\/\/www.fhycs.unam.edu.ar\/portada\/wp-json\/wp\/v2\/pages\/7873\/revisions\/7875"}],"wp:attachment":[{"href":"https:\/\/www.fhycs.unam.edu.ar\/portada\/wp-json\/wp\/v2\/media?parent=7873"}],"curies":[{"name":"wp","href":"https:\/\/api.w.org\/{rel}","templated":true}]}}