{"id":790,"date":"2015-06-08T15:01:08","date_gmt":"2015-06-08T15:01:08","guid":{"rendered":"http:\/\/www.fhycs.unam.edu.ar\/portada\/?page_id=790"},"modified":"2024-04-08T12:06:43","modified_gmt":"2024-04-08T15:06:43","slug":"direccion-de-postitulos-docentes","status":"publish","type":"page","link":"https:\/\/www.fhycs.unam.edu.ar\/portada\/direccion-de-postitulos-docentes\/","title":{"rendered":"Direcci\u00f3n de Post\u00edtulos Docentes"},"content":{"rendered":"<p><!-- inicio contenido --><\/p>\n<table style=\"height: 41px; width: 534px;\" width=\"534\">\n<tbody>\n<tr>\n<td style=\"width: 524px;\">\n<h4 style=\"text-align: center;\">D\u00edas y Horarios de atenci\u00f3n:<\/h4>\n<p style=\"text-align: center;\">Lunes a Viernes de 8:00 a 19:00 hs<\/p>\n<\/td>\n<\/tr>\n<tr style=\"height: 130px;\">\n<td style=\"width: 524px; height: 130px;\">\n<h4 style=\"text-align: center;\">Contacto General:<\/h4>\n<p style=\"text-align: center;\">Direcci\u00f3n: Col\u00f3n 2368<\/p>\n<div style=\"text-align: center;\">Para inscripciones e informaci\u00f3n en general:<\/div>\n<div style=\"text-align: center;\">correo electr\u00f3nico <a href=\"mailto:dirpostitulosfhycs@gmail.com\" target=\"_blank\" rel=\"noopener\">dirpostitulosfhycs@gmail.com<\/a><\/div>\n<div style=\"text-align: center;\"><img loading=\"lazy\" class=\"wp-image-37466 alignnone\" src=\"https:\/\/www.fhycs.unam.edu.ar\/portada\/wp-content\/uploads\/2024\/04\/pngtree-whatsapp-icon-png-image_3584844-300x300.jpg\" alt=\"\" width=\"39\" height=\"39\" srcset=\"https:\/\/www.fhycs.unam.edu.ar\/portada\/wp-content\/uploads\/2024\/04\/pngtree-whatsapp-icon-png-image_3584844-300x300.jpg 300w, https:\/\/www.fhycs.unam.edu.ar\/portada\/wp-content\/uploads\/2024\/04\/pngtree-whatsapp-icon-png-image_3584844-1024x1024.jpg 1024w, https:\/\/www.fhycs.unam.edu.ar\/portada\/wp-content\/uploads\/2024\/04\/pngtree-whatsapp-icon-png-image_3584844-150x150.jpg 150w, https:\/\/www.fhycs.unam.edu.ar\/portada\/wp-content\/uploads\/2024\/04\/pngtree-whatsapp-icon-png-image_3584844-768x768.jpg 768w, https:\/\/www.fhycs.unam.edu.ar\/portada\/wp-content\/uploads\/2024\/04\/pngtree-whatsapp-icon-png-image_3584844.jpg 1200w\" sizes=\"(max-width: 39px) 100vw, 39px\" \/><\/div>\n<div style=\"text-align: center;\">WhatsApp solo para certificaciones 3765103787 (Nilson Claudia).<\/div>\n<\/td>\n<\/tr>\n<\/tbody>\n<\/table>\n<p><!-- fin del contenido --><\/p>\n<table align=\"left\">\n<tbody>\n<tr>\n<td style=\"text-align: justify;\">La <strong>Direcci\u00f3n de Post\u00edtulos Docente<\/strong> entiende todo lo relacionado con los trayectos de formaci\u00f3n que acrediten la profundizaci\u00f3n y actualizaci\u00f3n sistem\u00e1tica de conocimientos en formaci\u00f3n docente que constituyen parte de una propuesta acad\u00e9mica de formaci\u00f3n posterior a la formaci\u00f3n inicial. Est\u00e1n destinados a egresados de carreras de formaci\u00f3n docente de instituciones de educaci\u00f3n superior no universitaria y universitaria, de acuerdo a la Ordenanza HCS N\u00ba 062\/10 y la Resoluci\u00f3n CFE N\u00ba 117\/10.<\/td>\n<\/tr>\n<\/tbody>\n<\/table>\n<p>&nbsp;<\/p>\n","protected":false},"excerpt":{"rendered":"<p>D\u00edas y Horarios de atenci\u00f3n: Lunes a Viernes de 8:00 a 19:00 hs Contacto General: Direcci\u00f3n: Col\u00f3n 2368 Para inscripciones e informaci\u00f3n en general: correo electr\u00f3nico dirpostitulosfhycs@gmail.com WhatsApp solo para certificaciones 3765103787 (Nilson Claudia). La Direcci\u00f3n de Post\u00edtulos Docente entiende todo lo relacionado con los trayectos de formaci\u00f3n que acrediten la profundizaci\u00f3n y actualizaci\u00f3n sistem\u00e1tica [&hellip;]<\/p>\n","protected":false},"author":10,"featured_media":0,"parent":0,"menu_order":0,"comment_status":"open","ping_status":"open","template":"secretaria_postitulo.php","meta":{"extendify_custom_stylesheet":""},"_links":{"self":[{"href":"https:\/\/www.fhycs.unam.edu.ar\/portada\/wp-json\/wp\/v2\/pages\/790"}],"collection":[{"href":"https:\/\/www.fhycs.unam.edu.ar\/portada\/wp-json\/wp\/v2\/pages"}],"about":[{"href":"https:\/\/www.fhycs.unam.edu.ar\/portada\/wp-json\/wp\/v2\/types\/page"}],"author":[{"embeddable":true,"href":"https:\/\/www.fhycs.unam.edu.ar\/portada\/wp-json\/wp\/v2\/users\/10"}],"replies":[{"embeddable":true,"href":"https:\/\/www.fhycs.unam.edu.ar\/portada\/wp-json\/wp\/v2\/comments?post=790"}],"version-history":[{"count":78,"href":"https:\/\/www.fhycs.unam.edu.ar\/portada\/wp-json\/wp\/v2\/pages\/790\/revisions"}],"predecessor-version":[{"id":37468,"href":"https:\/\/www.fhycs.unam.edu.ar\/portada\/wp-json\/wp\/v2\/pages\/790\/revisions\/37468"}],"wp:attachment":[{"href":"https:\/\/www.fhycs.unam.edu.ar\/portada\/wp-json\/wp\/v2\/media?parent=790"}],"curies":[{"name":"wp","href":"https:\/\/api.w.org\/{rel}","templated":true}]}}