{"id":803,"date":"2015-06-08T15:34:21","date_gmt":"2015-06-08T15:34:21","guid":{"rendered":"http:\/\/www.fhycs.unam.edu.ar\/portada\/?page_id=803"},"modified":"2024-09-18T10:58:38","modified_gmt":"2024-09-18T13:58:38","slug":"postitulos-vigentes2024","status":"publish","type":"page","link":"https:\/\/www.fhycs.unam.edu.ar\/portada\/postitulos-vigentes2024\/","title":{"rendered":"Post\u00edtulos vigentes"},"content":{"rendered":"<h3><img class=\"wp-image-1275 size-full aligncenter\" src=\"https:\/\/www.fhycs.unam.edu.ar\/portada\/wp-content\/uploads\/2015\/06\/vgentes.jpg\" alt=\"\" width=\"100%\" srcset=\"https:\/\/www.fhycs.unam.edu.ar\/portada\/wp-content\/uploads\/2015\/06\/vgentes.jpg 800w, https:\/\/www.fhycs.unam.edu.ar\/portada\/wp-content\/uploads\/2015\/06\/vgentes-300x38.jpg 300w\" sizes=\"(max-width: 800px) 100vw, 800px\" \/><\/h3>\n<table width=\"688\">\n<tbody>\n<tr>\n<td width=\"196\"><strong>\u00a0<\/strong><\/p>\n<p><strong>Post\u00edtulos <\/strong><\/td>\n<td width=\"76\"><strong>\u00a0<\/strong><\/p>\n<p><strong>Director\/a<\/strong><\/td>\n<td width=\"76\"><strong>Resol. FHyCS N\u00b0<\/strong><\/td>\n<td width=\"85\"><strong>N\u00b0 de Resoluci\u00f3n Ministerial<\/strong><\/td>\n<td width=\"95\"><strong>Sede de cursado. Inicio <\/strong><\/td>\n<td width=\"66\"><strong>\u00a0<\/strong><\/p>\n<p><strong>Horarios<\/strong><\/td>\n<td width=\"94\"><strong>Fecha de inscripci\u00f3n <\/strong><\/td>\n<\/tr>\n<tr>\n<td width=\"196\"><a href=\"https:\/\/www.fhycs.unam.edu.ar\/portada\/diplomatura-superior-en-practicas-educativas-y-ensenanzas-situadas-en-contextos-complejos\/\" target=\"_blank\" rel=\"noopener\">Diplomatura Superior en Practicas Educativas y Ense\u00f1anza Situada en contextos Complejos<\/a><\/td>\n<td width=\"76\">&nbsp;<\/p>\n<p>Dr. Cesar Bondar<\/td>\n<td width=\"76\">&nbsp;<\/p>\n<p>&nbsp;<\/p>\n<p>002\/24<\/td>\n<td width=\"85\">&nbsp;<\/p>\n<p>&nbsp;<\/p>\n<p>041\/24<\/td>\n<td width=\"95\">&nbsp;<\/p>\n<p><strong>Posadas<\/strong><\/p>\n<p><strong>Arist\u00f3bulo<\/strong><\/td>\n<td width=\"66\"><\/td>\n<td width=\"94\">&nbsp;<\/p>\n<p>&nbsp;<\/p>\n<p>03\/04 al 03\/05<\/td>\n<\/tr>\n<tr>\n<td width=\"196\"><a href=\"https:\/\/www.fhycs.unam.edu.ar\/portada\/especializacion-y-diplomatura-en-thanatodidactica-didactica-de-la-muerte-en-la-educacion-formal-2\/\" target=\"_blank\" rel=\"noopener\">Diplomatura Superior en Thanatodidactica: Did\u00e1ctica de la muerte en la Educaci\u00f3n Formal<\/a><\/td>\n<td width=\"76\">&nbsp;<\/p>\n<p>Dr. Cesar Bondar<\/td>\n<td width=\"76\">003\/24<\/td>\n<td width=\"85\">042\/24<\/td>\n<td width=\"95\">&nbsp;<\/p>\n<p><strong>Posadas<\/strong><\/p>\n<p><strong>Arist\u00f3bulo<\/strong><\/td>\n<td width=\"66\"><\/td>\n<td width=\"94\">03\/04 al 03\/05<\/td>\n<\/tr>\n<tr>\n<td width=\"196\"><a href=\"https:\/\/www.fhycs.unam.edu.ar\/portada\/diplomatura-superior-innovacion-de-las-tics-en-la-educacion\/\" target=\"_blank\" rel=\"noopener\">Diplomatura Superior Innovaci\u00f3n de las TICS en la Educaci\u00f3n<\/a><\/td>\n<td width=\"76\">&nbsp;<\/p>\n<p>Lic. Carlos Balustra<\/td>\n<td width=\"76\">004\/24<\/td>\n<td width=\"85\">043\/24<\/td>\n<td width=\"95\"><strong>Campo grande<\/strong><\/p>\n<p><strong>Posadas<\/strong><\/p>\n<p><strong>Alem<\/strong><\/p>\n<p><strong>Wanda<\/strong><\/p>\n<p><strong>Apostoles<\/strong><\/td>\n<td width=\"66\"><\/td>\n<td width=\"94\">03\/04 al 03\/05<\/td>\n<\/tr>\n<tr>\n<td width=\"196\"><a href=\"https:\/\/www.fhycs.unam.edu.ar\/portada\/actualizacion-academica-abordaje-preventivo-en-consumos-problematicos-y-adicciones-en-el-ambito-escolar\/\" target=\"_blank\" rel=\"noopener\">Actualizaci\u00f3n Acad\u00e9mica en Abordaje Preventivo en Consumos Problem\u00e1ticos y Adicciones en el \u00c1mbito Escolar<\/a><\/td>\n<td width=\"76\">&nbsp;<\/p>\n<p>Mgter. Rosana Ben\u00edtez<\/td>\n<td width=\"76\">005\/24<\/td>\n<td width=\"85\">044\/24<\/td>\n<td width=\"95\"><strong>\u00a0<\/strong><\/p>\n<p><strong>Posadas<\/strong><\/td>\n<td width=\"66\"><\/td>\n<td width=\"94\">03\/04 al 03\/05<\/td>\n<\/tr>\n<tr>\n<td width=\"196\">Diplomatura Superior Hacia una Did\u00e1ctica de la Literatura en PLE<\/td>\n<td width=\"76\">&nbsp;<\/p>\n<p>Mgter.\u00a0 Carolina Lovera<\/td>\n<td width=\"76\">006\/24<\/td>\n<td width=\"85\">045\/24<\/td>\n<td width=\"95\"><strong>\u00a0<\/strong><\/p>\n<p><strong>Posadas<\/strong><\/td>\n<td width=\"66\"><\/td>\n<td width=\"94\">03\/04 al 03\/05<\/td>\n<\/tr>\n<tr>\n<td width=\"196\">Diplomatura Superior en Lengua y Matem\u00e1ticas en Articulaci\u00f3n nivel inicial y unidad Pedag\u00f3gica<\/td>\n<td width=\"76\">&nbsp;<\/p>\n<p>Mgter. Alejandra\u00a0 Dejesus<\/td>\n<td width=\"76\">007\/24<\/td>\n<td width=\"85\">046\/24<\/td>\n<td width=\"95\"><strong>\u00a0<\/strong><\/p>\n<p><strong>Posadas<\/strong><\/td>\n<td width=\"66\"><\/td>\n<td width=\"94\">03\/04 al 03\/05<\/td>\n<\/tr>\n<tr>\n<td rowspan=\"4\" width=\"196\">Especializaci\u00f3n y Diplomatura Superior en Folcklore y Culturas Populares.<\/td>\n<td rowspan=\"4\" width=\"76\">Doc. Cesar Iv\u00e1n Bondar<\/td>\n<td width=\"76\"><\/td>\n<td width=\"85\"><strong>\u00a0<\/strong><\/td>\n<td width=\"95\"><strong>ALEM<\/strong><\/td>\n<td width=\"66\">En curso<\/td>\n<td width=\"94\">INSCRIPCI\u00d3N CERRADO<\/td>\n<\/tr>\n<tr>\n<td width=\"76\">090\/23<\/td>\n<td width=\"85\">252\/23<\/td>\n<td width=\"95\"><strong>ARISTOBULO<\/strong><\/td>\n<td width=\"66\">En curso<\/td>\n<td width=\"94\">INSCRIPCI\u00d3N CERRADO<\/td>\n<\/tr>\n<tr>\n<td width=\"76\"><strong>\u00a0<\/strong><\/td>\n<td width=\"85\"><strong>\u00a0<\/strong><\/td>\n<td width=\"95\"><strong>POSADAS<\/strong><\/td>\n<td width=\"66\">En curso<\/td>\n<td width=\"94\">INSCRIPCI\u00d3N CERRADO<\/td>\n<\/tr>\n<tr>\n<td width=\"76\"><strong>\u00a0<\/strong><\/td>\n<td width=\"85\"><strong>\u00a0<\/strong><\/td>\n<td width=\"95\"><strong>San IGNACIO<\/strong><\/td>\n<td width=\"66\"><strong>\u00a0<\/strong>En curso<\/td>\n<td width=\"94\">INSCRIPCI\u00d3N CERRADO<\/td>\n<\/tr>\n<tr>\n<td width=\"196\">Diplomatura Superior en Diversidad e Inclusi\u00f3n Educativa, Social y Cultural.<\/td>\n<td width=\"76\">Prof. Esp. Lucia Schleich<\/td>\n<td width=\"76\">464\/23<\/td>\n<td width=\"85\"><\/td>\n<td width=\"95\"><strong>\u00a0<\/strong><\/p>\n<p><strong>Posadas<\/strong><\/td>\n<td width=\"66\"><\/td>\n<td width=\"94\">10\/06 al 07\/07<\/td>\n<\/tr>\n<tr>\n<td width=\"196\"><a href=\"https:\/\/www.fhycs.unam.edu.ar\/portada\/diplomatura-superior-innovacion-de-las-tics-en-la-educacion\/\" target=\"_blank\" rel=\"noopener\">Diplomatura Superor en Ense\u00f1anza de la Matem\u00e1tica Inclusiva. Planificar e Intervenir con Atenci\u00f3n a la Diversidad<\/a><\/td>\n<td width=\"76\">Mgter. Margarita del Carmen Ben\u00edtez<\/td>\n<td width=\"76\">362\/23<\/td>\n<td width=\"85\">039\/24<\/td>\n<td width=\"95\"><strong>\u00a0<\/strong><strong>Posadas<\/strong><\/td>\n<td width=\"66\"><\/td>\n<td width=\"94\">03\/04 al 03\/05<\/td>\n<\/tr>\n<\/tbody>\n<\/table>\n<p>&nbsp;<\/p>\n<iframe src=\"\/\/docs.google.com\/viewer?url=https%3A%2F%2Fwww.fhycs.unam.edu.ar%2Fportada%2Fwp-content%2Fuploads%2F2024%2F09%2FListado-de-proyectos-vigentes-2024-1.pdf&hl=es&embedded=true\" class=\"gde-frame\" style=\"width:100%; height:500px; border: none;\" scrolling=\"no\"><\/iframe>\n<p class=\"gde-text\"><a href=\"https:\/\/www.fhycs.unam.edu.ar\/portada\/wp-content\/uploads\/2024\/09\/Listado-de-proyectos-vigentes-2024-1.pdf\" class=\"gde-link\">Descargar (PDF, Desconocido)<\/a><\/p>\n<table id=\"tmenu\" width=\"260\" align=\"right\"><\/table>\n","protected":false},"excerpt":{"rendered":"<p>\u00a0 Post\u00edtulos \u00a0 Director\/a Resol. FHyCS N\u00b0 N\u00b0 de Resoluci\u00f3n Ministerial Sede de cursado. Inicio \u00a0 Horarios Fecha de inscripci\u00f3n Diplomatura Superior en Practicas Educativas y Ense\u00f1anza Situada en contextos Complejos &nbsp; Dr. Cesar Bondar &nbsp; &nbsp; 002\/24 &nbsp; &nbsp; 041\/24 &nbsp; Posadas Arist\u00f3bulo &nbsp; &nbsp; 03\/04 al 03\/05 Diplomatura Superior en Thanatodidactica: Did\u00e1ctica de [&hellip;]<\/p>\n","protected":false},"author":10,"featured_media":12195,"parent":0,"menu_order":0,"comment_status":"open","ping_status":"open","template":"page-sintitular.php","meta":{"extendify_custom_stylesheet":""},"_links":{"self":[{"href":"https:\/\/www.fhycs.unam.edu.ar\/portada\/wp-json\/wp\/v2\/pages\/803"}],"collection":[{"href":"https:\/\/www.fhycs.unam.edu.ar\/portada\/wp-json\/wp\/v2\/pages"}],"about":[{"href":"https:\/\/www.fhycs.unam.edu.ar\/portada\/wp-json\/wp\/v2\/types\/page"}],"author":[{"embeddable":true,"href":"https:\/\/www.fhycs.unam.edu.ar\/portada\/wp-json\/wp\/v2\/users\/10"}],"replies":[{"embeddable":true,"href":"https:\/\/www.fhycs.unam.edu.ar\/portada\/wp-json\/wp\/v2\/comments?post=803"}],"version-history":[{"count":126,"href":"https:\/\/www.fhycs.unam.edu.ar\/portada\/wp-json\/wp\/v2\/pages\/803\/revisions"}],"predecessor-version":[{"id":38342,"href":"https:\/\/www.fhycs.unam.edu.ar\/portada\/wp-json\/wp\/v2\/pages\/803\/revisions\/38342"}],"wp:featuredmedia":[{"embeddable":true,"href":"https:\/\/www.fhycs.unam.edu.ar\/portada\/wp-json\/wp\/v2\/media\/12195"}],"wp:attachment":[{"href":"https:\/\/www.fhycs.unam.edu.ar\/portada\/wp-json\/wp\/v2\/media?parent=803"}],"curies":[{"name":"wp","href":"https:\/\/api.w.org\/{rel}","templated":true}]}}