{"id":825,"date":"2015-06-08T16:32:32","date_gmt":"2015-06-08T16:32:32","guid":{"rendered":"http:\/\/www.fhycs.unam.edu.ar\/portada\/?page_id=825"},"modified":"2025-03-26T10:18:12","modified_gmt":"2025-03-26T13:18:12","slug":"sec-extension","status":"publish","type":"page","link":"https:\/\/www.fhycs.unam.edu.ar\/portada\/sec-extension\/","title":{"rendered":"Secretar\u00eda de Extensi\u00f3n y Vinculaci\u00f3n Tecnol\u00f3gica"},"content":{"rendered":"<table style=\"text-align: center;\" width=\"65%\" align=\"left\">\n<tbody>\n<tr>\n<td>\n<h3><img loading=\"lazy\" class=\"wp-image-38335 size-medium aligncenter\" src=\"https:\/\/www.fhycs.unam.edu.ar\/portada\/wp-content\/uploads\/2024\/09\/neli-y-eva-e1726661358907-300x297.jpg\" alt=\"\" width=\"300\" height=\"297\" srcset=\"https:\/\/www.fhycs.unam.edu.ar\/portada\/wp-content\/uploads\/2024\/09\/neli-y-eva-e1726661358907-300x297.jpg 300w, https:\/\/www.fhycs.unam.edu.ar\/portada\/wp-content\/uploads\/2024\/09\/neli-y-eva-e1726661358907-1024x1015.jpg 1024w, https:\/\/www.fhycs.unam.edu.ar\/portada\/wp-content\/uploads\/2024\/09\/neli-y-eva-e1726661358907-150x150.jpg 150w, https:\/\/www.fhycs.unam.edu.ar\/portada\/wp-content\/uploads\/2024\/09\/neli-y-eva-e1726661358907-768x761.jpg 768w, https:\/\/www.fhycs.unam.edu.ar\/portada\/wp-content\/uploads\/2024\/09\/neli-y-eva-e1726661358907.jpg 1168w\" sizes=\"(max-width: 300px) 100vw, 300px\" \/><\/h3>\n<h3 style=\"text-align: center;\"><strong>Secretaria Esp. N\u00e9lida Gonz\u00e1lez<\/strong><\/h3>\n<h3 style=\"text-align: center;\"><strong>Secretaria Adjunta Esp. Eva Muguerza<\/strong><\/h3>\n<\/td>\n<\/tr>\n<tr>\n<td>\n<h4 style=\"text-align: center;\">Directora Administrativa<\/h4>\n<h3 style=\"text-align: center;\">Lic. Myriam Raquel Chupiak<\/h3>\n<p>Correo:<a href=\"mailto:myriam.chk@gmail.com\">myriam.chk@gmail.com<\/a><\/td>\n<\/tr>\n<tr>\n<td>\n<h4 style=\"text-align: center;\">Contacto General:<\/h4>\n<p>Direcci\u00f3n: Col\u00f3n 2368- Planta Baja<\/p>\n<p><strong>\u00c1rea Administrativa\/Econ\u00f3mico Financiero y Despacho<\/strong><br \/>\n<a href=\"mailto:despacho.extensionfhycs@gmail.com\">despacho.extensionfhycs@gmail.com<\/a><\/p>\n<p>Coordinadora: TGU-Abogada Natalia E. Ben\u00edtez<\/p>\n<p>Federico Nelli<\/p>\n<p><strong>\u00c1rea de Comunicaci\u00f3n:<\/strong><\/p>\n<p><a href=\"mailto:boletinfhycs@gmail.com\">boletinfhycs@gmail.com<\/a><\/p>\n<p>Coordinador: Lic. Marcos Aurelio Tassi<\/p>\n<p>Hern\u00e1n B\u00e1ez Pini<\/p>\n<p><strong>\u00c1rea Convenios y Pasant\u00edas<\/strong><\/p>\n<p><a href=\"mailto:conveniosypasantiasfhycs@gmail.com\">conveniosypasantiasfhycs@gmail.com<\/a><\/p>\n<p>Coordinadora: Licenciada &#8211; TGU Patricia I. Acasuso<\/p>\n<p><strong>\u00c1rea Post\u00edtulos Docente y Programas y Especiales<\/strong><\/p>\n<p>Coordinadora: Claudia E. Nilson<\/p>\n<p>Cecilia Sosa<\/p>\n<p>dirpostitulo@gmail.com<\/p>\n<p><strong>Visite nuestra revista Tekoh\u00e1:\u00a0<a href=\"http:\/\/tekoharevistafhycs.blogspot.com.ar\/\" target=\"_blank\" rel=\"noopener noreferrer\">http:\/\/tekoharevistafhycs.blogspot.com.ar\/<\/a><\/strong><\/td>\n<\/tr>\n<tr>\n<td>\n<p style=\"text-align: left;\">La<strong> Extensi\u00f3n Universitaria<\/strong> constituye la instancia de interacci\u00f3n entre la Universidad y la Comunidad, a trav\u00e9s de acciones y aportes que contribuyan al mejoramiento de la calidad de vida. Las actividades de Extensi\u00f3n, forman parte de las tareas sustantivas de la Universidad P\u00fablica. teniendo un car\u00e1cter eminentemente social y educativo, de mutua retroalimentaci\u00f3n entre la comunidad y la Universidad.<\/p>\n<\/td>\n<\/tr>\n<\/tbody>\n<\/table>\n<p><!-- fin del contenido --><\/p>\n<table style=\"height: 35px;\" width=\"670\" align=\"left\">\n<tbody>\n<tr>\n<td style=\"text-align: justify;\"><\/td>\n<\/tr>\n<\/tbody>\n<\/table>\n","protected":false},"excerpt":{"rendered":"<p>Secretaria Esp. N\u00e9lida Gonz\u00e1lez Secretaria Adjunta Esp. Eva Muguerza Directora Administrativa Lic. Myriam Raquel Chupiak Correo:myriam.chk@gmail.com Contacto General: Direcci\u00f3n: Col\u00f3n 2368- Planta Baja \u00c1rea Administrativa\/Econ\u00f3mico Financiero y Despacho despacho.extensionfhycs@gmail.com Coordinadora: TGU-Abogada Natalia E. Ben\u00edtez Federico Nelli \u00c1rea de Comunicaci\u00f3n: boletinfhycs@gmail.com Coordinador: Lic. Marcos Aurelio Tassi Hern\u00e1n B\u00e1ez Pini \u00c1rea Convenios y Pasant\u00edas conveniosypasantiasfhycs@gmail.com Coordinadora: Licenciada [&hellip;]<\/p>\n","protected":false},"author":10,"featured_media":0,"parent":0,"menu_order":0,"comment_status":"open","ping_status":"open","template":"secretaria_extension.php","meta":{"extendify_custom_stylesheet":""},"_links":{"self":[{"href":"https:\/\/www.fhycs.unam.edu.ar\/portada\/wp-json\/wp\/v2\/pages\/825"}],"collection":[{"href":"https:\/\/www.fhycs.unam.edu.ar\/portada\/wp-json\/wp\/v2\/pages"}],"about":[{"href":"https:\/\/www.fhycs.unam.edu.ar\/portada\/wp-json\/wp\/v2\/types\/page"}],"author":[{"embeddable":true,"href":"https:\/\/www.fhycs.unam.edu.ar\/portada\/wp-json\/wp\/v2\/users\/10"}],"replies":[{"embeddable":true,"href":"https:\/\/www.fhycs.unam.edu.ar\/portada\/wp-json\/wp\/v2\/comments?post=825"}],"version-history":[{"count":96,"href":"https:\/\/www.fhycs.unam.edu.ar\/portada\/wp-json\/wp\/v2\/pages\/825\/revisions"}],"predecessor-version":[{"id":39629,"href":"https:\/\/www.fhycs.unam.edu.ar\/portada\/wp-json\/wp\/v2\/pages\/825\/revisions\/39629"}],"wp:attachment":[{"href":"https:\/\/www.fhycs.unam.edu.ar\/portada\/wp-json\/wp\/v2\/media?parent=825"}],"curies":[{"name":"wp","href":"https:\/\/api.w.org\/{rel}","templated":true}]}}