{"id":939,"date":"2015-06-12T15:42:59","date_gmt":"2015-06-12T15:42:59","guid":{"rendered":"http:\/\/www.fhycs.unam.edu.ar\/portada\/?page_id=939"},"modified":"2015-07-27T13:33:16","modified_gmt":"2015-07-27T13:33:16","slug":"postitulo-diplomatura-en-economia-administracion-y-sistema-de-informacion-contable","status":"publish","type":"page","link":"https:\/\/www.fhycs.unam.edu.ar\/portada\/postitulo-diplomatura-en-economia-administracion-y-sistema-de-informacion-contable\/","title":{"rendered":"Post\u00edtulo \u201cDiplomatura en Econom\u00eda, Administraci\u00f3n y Sistema de Informaci\u00f3n Contable\u201d"},"content":{"rendered":"<table>\n<tbody>\n<tr>\n<td width=\"50%\">\n<table width=\"100%\">\n<tbody>\n<tr>\n<td><strong>Tipo de Post\u00edtulo:<\/strong><\/td>\n<td>Especializaci\u00f3n Superior. 600 hs reloj.<\/td>\n<\/tr>\n<tr>\n<td><strong>Certificado que otorga: <\/strong><\/td>\n<td>\u201cCertificado de Aprobaci\u00f3n de la Diplomatura en Econom\u00eda, Administraci\u00f3n y Sistema de Informaci\u00f3n Contable\u201d<\/td>\n<\/tr>\n<tr>\n<td><strong>Coordinador Responsable: <\/strong><\/td>\n<td><span style=\"color: #5e5959;\">Prof. Silvia Hauser<\/span><\/td>\n<\/tr>\n<tr>\n<td><strong>Correo electr\u00f3nico: <\/strong><\/td>\n<td><span style=\"color: #5e5959;\"><a href=\"mailto:silestehau@gmail.com\">silestehau@gmail.com<\/a><\/span><\/td>\n<\/tr>\n<tr>\n<td><strong>Requisitos de Admisi\u00f3n: <\/strong><\/td>\n<td>Acreditar la Aprobaci\u00f3n de la ACTUALIZACI\u00d3N Acad\u00e9mica y la ESPECIALIZACI\u00d3N Superior en Econom\u00eda y Administraci\u00f3n, con orientaci\u00f3n en Gesti\u00f3n Impositiva, Previsional y Laboral y en Proyectos de Inversi\u00f3n.<\/td>\n<\/tr>\n<tr>\n<td><strong>Carga horaria total:<\/strong><\/td>\n<td><u>Carga horaria total<\/u>: 600 horas reloj. Actualizaci\u00f3n Acad\u00e9mica: 200 horas reloj. Trayecto de Especializaci\u00f3n: 200 horas reloj. Acad\u00e9mica del\u00a0Trayecto a la Diplomatura: 200 horas reloj.<\/td>\n<\/tr>\n<tr>\n<td><strong>Cursado:<\/strong><\/td>\n<td>Es Bimodal: Presencial y Semi-presencial. Nueve m\u00f3dulos de la Actualizaci\u00f3n &#8211; Especializaci\u00f3n y dos nuevos para la Diplomatura con cursado presencial y semi presencial, los d\u00edas s\u00e1bados de 8 a 18 hs. Los m\u00f3dulos se desarrollar\u00e1n en dos encuentros presenciales y dos semipresenciales. En simult\u00e1neo a los Encuentros se trabajar\u00e1 en el Proyecto Final, en los Proyectos de acci\u00f3n y en el taller para la elaboraci\u00f3n de la Tesina. ( La carga horaria semi-presencial comprende el desarrollo y resoluci\u00f3n de actividades domiciliarias. Las mismas se coordinar\u00e1n v\u00eda Internet \u2013aula virtual-, correo electr\u00f3nico, con tutores espec\u00edficos.)<\/td>\n<\/tr>\n<\/tbody>\n<\/table>\n<p>&nbsp;<\/td>\n<td style=\"text-align: center;\" width=\"50%\">\n<h6><img loading=\"lazy\" class=\"aligncenter size-full wp-image-943\" src=\"https:\/\/www.fhycs.unam.edu.ar\/portada\/wp-content\/uploads\/2015\/06\/diplomatura_en_economia.jpg\" alt=\"diplomatura_en_economia\" width=\"400\" height=\"550\" \/><\/h6>\n<\/td>\n<\/tr>\n<\/tbody>\n<\/table>\n<table width=\"50%\" align=\"right\">\n<tbody>\n<tr>\n<td style=\"text-align: center;\" width=\"100%\">\n<h6>Proyecto<\/h6>\n<h6><\/h6>\n<h6><iframe loading=\"lazy\" src=\"https:\/\/www.slideshare.net\/slideshow\/embed_code\/key\/ndpQ3WEfzS8IPo\" width=\"100%\" height=\"550\" frameborder=\"1\" marginwidth=\"0\" marginheight=\"0\" scrolling=\"no\" align=\"right\"><\/iframe><\/h6>\n<\/td>\n<\/tr>\n<\/tbody>\n<\/table>\n<h6>\u00a0Fundamentaci\u00f3n<\/h6>\n<p style=\"text-align: justify;\">Los cambios producidos en el sistema educativo en general y en la formaci\u00f3n docente y el conocimiento cient\u00edfico en particular, han generado nuevos compromisos por parte de las instituciones encargadas de la formaci\u00f3n docente, tal es el caso de la carrera de Profesorado en Ciencias Econ\u00f3micas.<\/p>\n<p style=\"text-align: justify;\">Posibilitar un mejor posicionamiento del profesional en educaci\u00f3n implica brindar mayor sustento te\u00f3rico y metodol\u00f3gico, cuestiones que se exteriorizan en este programa de formaci\u00f3n docente orientado a la profundizaci\u00f3n y actualizaci\u00f3n de contenidos disciplinares y estrategias pedag\u00f3gicas, ya abordados en el primer tramo de este post\u00edtulo.<\/p>\n<p style=\"text-align: justify;\">Esta propuesta pretende re-significar la tarea profesional y educativa del profesor en Ciencias Econ\u00f3micas, y mejorar su desempe\u00f1o laboral.<\/p>\n<p style=\"text-align: justify;\">Este Programa de Formaci\u00f3n aborda dimensiones que integren los nuevos lineamientos curriculares del campo disciplinar de las Ciencias Econ\u00f3micas, las nuevas tecnolog\u00edas de gesti\u00f3n, y su implementaci\u00f3n en las diferentes propuestas de la Nueva Educaci\u00f3n Media.<\/p>\n<p style=\"text-align: justify;\">Desde esta perspectiva, el desarrollo de los m\u00f3dulos est\u00e1 orientado a brindar herramientas te\u00f3ricas-metodol\u00f3gicas que permitan al docente producir, discutir y transferir conocimientos cient\u00edficos-tecnol\u00f3gicos en el contexto \u00e1ulico.<\/p>\n<p>En el marco de implementaci\u00f3n de la Ley de Educaci\u00f3n Nacional N\u00ba 26.206, se propone esta Diplomatura a fin de profundizar y articular aspectos did\u00e1cticos-metodol\u00f3gicos con la especificidad, y las innovaciones generadas a nivel epist\u00e9mico y curricular, tomando los siguientes ejes:<\/p>\n<ul>\n<li><strong>Econom\u00eda Pol\u00edtica y Social.<br \/>\n<\/strong><\/li>\n<li><strong>Administraci\u00f3n y Gesti\u00f3n de las Organizaciones.<\/strong><\/li>\n<li><strong>Sistema Contable, Legislaci\u00f3n impositiva y previsional. <\/strong><\/li>\n<li><strong>Comercio Exterior.<br \/>\n<\/strong><\/li>\n<li><strong>Las NTIC&#8217;s Recursos Did\u00e1cticos.<\/strong><\/li>\n<li><strong>Gesti\u00f3n Bancaria y Financiera.<br \/>\n<\/strong><\/li>\n<\/ul>\n<p>&nbsp;<\/p>\n<h6>Cronograma<\/h6>\n<h5>\u00a0&#8220;Especializaci\u00f3n Superior en Econom\u00eda y Administraci\u00f3n&#8221;<\/h5>\n<p>&nbsp;<\/p>\n<table>\n<tbody>\n<tr>\n<td><\/td>\n<td style=\"text-align: center;\" colspan=\"3\">Abril<\/td>\n<td style=\"text-align: center;\" colspan=\"4\">Mayo<\/td>\n<td style=\"text-align: center;\" colspan=\"5\">Junio<\/td>\n<td style=\"text-align: center;\" colspan=\"3\">Julio<\/td>\n<td style=\"text-align: center;\" colspan=\"4\">Agosto<\/td>\n<td style=\"text-align: center;\" colspan=\"4\">Septiembre<\/td>\n<\/tr>\n<tr>\n<td>M\u00f3dulos<\/td>\n<td style=\"text-align: center;\">14<\/td>\n<td style=\"text-align: center;\">21<\/td>\n<td style=\"text-align: center;\">28<\/td>\n<td style=\"text-align: center;\">05<\/td>\n<td style=\"text-align: center;\">12<\/td>\n<td style=\"text-align: center;\">19<\/td>\n<td style=\"text-align: center;\">26<\/td>\n<td style=\"text-align: center;\">02<\/td>\n<td style=\"text-align: center;\">09<\/td>\n<td style=\"text-align: center;\">16<\/td>\n<td style=\"text-align: center;\">23<\/td>\n<td style=\"text-align: center;\">30<\/td>\n<td style=\"text-align: center;\">07<\/td>\n<td style=\"text-align: center;\">21<\/td>\n<td style=\"text-align: center;\">28<\/td>\n<td style=\"text-align: center;\">04<\/td>\n<td style=\"text-align: center;\">11<\/td>\n<td style=\"text-align: center;\">18<\/td>\n<td style=\"text-align: center;\">25<\/td>\n<td style=\"text-align: center;\">01<\/td>\n<td style=\"text-align: center;\">08<\/td>\n<td style=\"text-align: center;\">15<\/td>\n<td style=\"text-align: center;\">22<\/td>\n<\/tr>\n<tr>\n<td><a style=\"cursor: default;\" title=\"Econom\u00eda Pol\u00edtica y Social\">M\u00f3dulo I<\/a><\/td>\n<td style=\"text-align: center;\">\u2022<\/td>\n<td style=\"text-align: center;\"><\/td>\n<td style=\"text-align: center;\">\u2022<\/td>\n<td style=\"text-align: center;\"><\/td>\n<td style=\"text-align: center;\"><\/td>\n<td style=\"text-align: center;\"><\/td>\n<td style=\"text-align: center;\"><\/td>\n<td style=\"text-align: center;\"><\/td>\n<td style=\"text-align: center;\"><\/td>\n<td style=\"text-align: center;\"><\/td>\n<td style=\"text-align: center;\"><\/td>\n<td style=\"text-align: center;\"><\/td>\n<td style=\"text-align: center;\"><\/td>\n<td style=\"text-align: center;\"><\/td>\n<td style=\"text-align: center;\"><\/td>\n<td style=\"text-align: center;\"><\/td>\n<td style=\"text-align: center;\"><\/td>\n<td style=\"text-align: center;\"><\/td>\n<td style=\"text-align: center;\"><\/td>\n<td style=\"text-align: center;\"><\/td>\n<td style=\"text-align: center;\"><\/td>\n<td style=\"text-align: center;\"><\/td>\n<td style=\"text-align: center;\"><\/td>\n<\/tr>\n<tr>\n<td><a style=\"cursor: default;\" title=\"Administraci\u00f3n y Gesti\u00f3n de las Organizaciones\">M\u00f3dulo II<\/a><\/td>\n<td style=\"text-align: center;\"><\/td>\n<td style=\"text-align: center;\"><\/td>\n<td style=\"text-align: center;\"><\/td>\n<td style=\"text-align: center;\"><\/td>\n<td style=\"text-align: center;\">\u2022<\/td>\n<td style=\"text-align: center;\"><\/td>\n<td style=\"text-align: center;\">\u2022<\/td>\n<td style=\"text-align: center;\"><\/td>\n<td style=\"text-align: center;\"><\/td>\n<td style=\"text-align: center;\"><\/td>\n<td style=\"text-align: center;\"><\/td>\n<td style=\"text-align: center;\"><\/td>\n<td style=\"text-align: center;\"><\/td>\n<td style=\"text-align: center;\"><\/td>\n<td style=\"text-align: center;\"><\/td>\n<td style=\"text-align: center;\"><\/td>\n<td style=\"text-align: center;\"><\/td>\n<td style=\"text-align: center;\"><\/td>\n<td style=\"text-align: center;\"><\/td>\n<td style=\"text-align: center;\"><\/td>\n<td style=\"text-align: center;\"><\/td>\n<td style=\"text-align: center;\"><\/td>\n<td style=\"text-align: center;\"><\/td>\n<\/tr>\n<tr>\n<td><a style=\"cursor: default;\" title=\"Sistema Contable Impositivo\">M\u00f3dulo III<\/a><\/td>\n<td style=\"text-align: center;\"><\/td>\n<td style=\"text-align: center;\"><\/td>\n<td style=\"text-align: center;\"><\/td>\n<td style=\"text-align: center;\"><\/td>\n<td style=\"text-align: center;\"><\/td>\n<td style=\"text-align: center;\"><\/td>\n<td style=\"text-align: center;\"><\/td>\n<td style=\"text-align: center;\"><\/td>\n<td style=\"text-align: center;\">\u2022<\/td>\n<td style=\"text-align: center;\"><\/td>\n<td style=\"text-align: center;\">\u2022<\/td>\n<td style=\"text-align: center;\"><\/td>\n<td style=\"text-align: center;\"><\/td>\n<td style=\"text-align: center;\"><\/td>\n<td style=\"text-align: center;\"><\/td>\n<td style=\"text-align: center;\"><\/td>\n<td style=\"text-align: center;\"><\/td>\n<td style=\"text-align: center;\"><\/td>\n<td style=\"text-align: center;\"><\/td>\n<td style=\"text-align: center;\"><\/td>\n<td style=\"text-align: center;\"><\/td>\n<td style=\"text-align: center;\"><\/td>\n<td style=\"text-align: center;\"><\/td>\n<\/tr>\n<tr>\n<td><a style=\"cursor: default;\" title=\"Sistema Contable y Previsional\">M\u00f3dulo IV<\/a><\/td>\n<td style=\"text-align: center;\"><\/td>\n<td style=\"text-align: center;\"><\/td>\n<td style=\"text-align: center;\"><\/td>\n<td style=\"text-align: center;\"><\/td>\n<td style=\"text-align: center;\"><\/td>\n<td style=\"text-align: center;\"><\/td>\n<td style=\"text-align: center;\"><\/td>\n<td style=\"text-align: center;\"><\/td>\n<td style=\"text-align: center;\"><\/td>\n<td style=\"text-align: center;\"><\/td>\n<td style=\"text-align: center;\"><\/td>\n<td style=\"text-align: center;\"><\/td>\n<td style=\"text-align: center;\">\u2022<\/td>\n<td style=\"text-align: center;\"><\/td>\n<td style=\"text-align: center;\">\u2022<\/td>\n<td style=\"text-align: center;\"><\/td>\n<td style=\"text-align: center;\"><\/td>\n<td style=\"text-align: center;\"><\/td>\n<td style=\"text-align: center;\"><\/td>\n<td style=\"text-align: center;\"><\/td>\n<td style=\"text-align: center;\"><\/td>\n<td style=\"text-align: center;\"><\/td>\n<td style=\"text-align: center;\"><\/td>\n<\/tr>\n<tr>\n<td><a style=\"cursor: default;\" title=\"Recursos Did\u00e1cticos Digitales. Las NTIC&#96;s\">M\u00f3dulo V<\/a><\/td>\n<td style=\"text-align: center;\"><\/td>\n<td style=\"text-align: center;\"><\/td>\n<td style=\"text-align: center;\"><\/td>\n<td style=\"text-align: center;\"><\/td>\n<td style=\"text-align: center;\"><\/td>\n<td style=\"text-align: center;\"><\/td>\n<td style=\"text-align: center;\"><\/td>\n<td style=\"text-align: center;\"><\/td>\n<td style=\"text-align: center;\"><\/td>\n<td style=\"text-align: center;\"><\/td>\n<td style=\"text-align: center;\"><\/td>\n<td style=\"text-align: center;\"><\/td>\n<td style=\"text-align: center;\"><\/td>\n<td style=\"text-align: center;\"><\/td>\n<td style=\"text-align: center;\"><\/td>\n<td style=\"text-align: center;\"><\/td>\n<td style=\"text-align: center;\">\u2022<\/td>\n<td style=\"text-align: center;\"><\/td>\n<td style=\"text-align: center;\">\u2022<\/td>\n<td style=\"text-align: center;\"><\/td>\n<td style=\"text-align: center;\">\u2022<\/td>\n<td style=\"text-align: center;\"><\/td>\n<td style=\"text-align: center;\"><\/td>\n<\/tr>\n<tr>\n<td><a style=\"cursor: default;\" title=\"Proyectos de Acci\u00f3n\">Proyectos<\/a><\/td>\n<td style=\"text-align: center;\"><\/td>\n<td style=\"text-align: center;\"><\/td>\n<td style=\"text-align: center;\"><\/td>\n<td style=\"text-align: center;\"><\/td>\n<td style=\"text-align: center;\"><\/td>\n<td style=\"text-align: center;\"><\/td>\n<td style=\"text-align: center;\"><\/td>\n<td style=\"text-align: center;\"><\/td>\n<td style=\"text-align: center;\"><\/td>\n<td style=\"text-align: center;\"><\/td>\n<td style=\"text-align: center;\"><\/td>\n<td style=\"text-align: center;\"><\/td>\n<td style=\"text-align: center;\"><\/td>\n<td style=\"text-align: center;\"><\/td>\n<td style=\"text-align: center;\"><\/td>\n<td style=\"text-align: center;\"><\/td>\n<td style=\"text-align: center;\"><\/td>\n<td style=\"text-align: center;\"><\/td>\n<td style=\"text-align: center;\"><\/td>\n<td style=\"text-align: center;\"><\/td>\n<td style=\"text-align: center;\"><\/td>\n<td style=\"text-align: center;\">\u2022<\/td>\n<td style=\"text-align: center;\">\u2022<\/td>\n<\/tr>\n<\/tbody>\n<\/table>\n<p>&nbsp;<\/p>\n<h5 style=\"text-align: left;\">M\u00f3dulos Diplomatura en Econom\u00eda, Administraci\u00f3n y Sistema de Informaci\u00f3n Contable<\/h5>\n<table>\n<tbody>\n<tr>\n<td><\/td>\n<td style=\"text-align: center;\" colspan=\"3\">SEP<\/td>\n<td style=\"text-align: center;\" colspan=\"5\">OCT<\/td>\n<td style=\"text-align: center;\" colspan=\"4\">NOV<\/td>\n<td style=\"text-align: center;\">DIC<\/td>\n<\/tr>\n<tr>\n<td style=\"text-align: center;\">M\u00f3dulos<\/td>\n<td style=\"text-align: center;\">05<\/td>\n<td style=\"text-align: center;\">19<\/td>\n<td style=\"text-align: center;\">26<\/td>\n<td style=\"text-align: center;\">03<\/td>\n<td style=\"text-align: center;\">10<\/td>\n<td style=\"text-align: center;\">17<\/td>\n<td style=\"text-align: center;\">24<\/td>\n<td style=\"text-align: center;\">31<\/td>\n<td style=\"text-align: center;\">07<\/td>\n<td style=\"text-align: center;\">14<\/td>\n<td style=\"text-align: center;\">21<\/td>\n<td style=\"text-align: center;\">28<\/td>\n<td style=\"text-align: center;\">05<\/td>\n<\/tr>\n<tr>\n<td style=\"text-align: center;\">Sistema ContableImpositivo<\/td>\n<td style=\"text-align: center;\">\u2022<\/td>\n<td style=\"text-align: center;\">\u2022<\/td>\n<td style=\"text-align: center;\"><\/td>\n<td style=\"text-align: center;\">\u2022<\/td>\n<td style=\"text-align: center;\"><\/td>\n<td style=\"text-align: center;\">\u2022<\/td>\n<td style=\"text-align: center;\"><\/td>\n<td style=\"text-align: center;\"><\/td>\n<td style=\"text-align: center;\"><\/td>\n<td style=\"text-align: center;\"><\/td>\n<td style=\"text-align: center;\"><\/td>\n<td style=\"text-align: center;\"><\/td>\n<td style=\"text-align: center;\"><\/td>\n<\/tr>\n<tr>\n<td style=\"text-align: center;\">Sistema ContablePrevisional<\/td>\n<td style=\"text-align: center;\"><\/td>\n<td style=\"text-align: center;\"><\/td>\n<td style=\"text-align: center;\"><\/td>\n<td style=\"text-align: center;\"><\/td>\n<td style=\"text-align: center;\"><\/td>\n<td style=\"text-align: center;\"><\/td>\n<td style=\"text-align: center;\">\u2022<\/td>\n<td style=\"text-align: center;\"><\/td>\n<td style=\"text-align: center;\">\u2022<\/td>\n<td style=\"text-align: center;\"><\/td>\n<td style=\"text-align: center;\">\u2022<\/td>\n<td style=\"text-align: center;\"><\/td>\n<td style=\"text-align: center;\">\u2022<\/td>\n<\/tr>\n<\/tbody>\n<\/table>\n<p>&nbsp;<\/p>\n","protected":false},"excerpt":{"rendered":"<p>Tipo de Post\u00edtulo: Especializaci\u00f3n Superior. 600 hs reloj. Certificado que otorga: \u201cCertificado de Aprobaci\u00f3n de la Diplomatura en Econom\u00eda, Administraci\u00f3n y Sistema de Informaci\u00f3n Contable\u201d Coordinador Responsable: Prof. Silvia Hauser Correo electr\u00f3nico: silestehau@gmail.com Requisitos de Admisi\u00f3n: Acreditar la Aprobaci\u00f3n de la ACTUALIZACI\u00d3N Acad\u00e9mica y la ESPECIALIZACI\u00d3N Superior en Econom\u00eda y Administraci\u00f3n, con orientaci\u00f3n en Gesti\u00f3n [&hellip;]<\/p>\n","protected":false},"author":1,"featured_media":0,"parent":0,"menu_order":0,"comment_status":"open","ping_status":"open","template":"","meta":{"extendify_custom_stylesheet":""},"_links":{"self":[{"href":"https:\/\/www.fhycs.unam.edu.ar\/portada\/wp-json\/wp\/v2\/pages\/939"}],"collection":[{"href":"https:\/\/www.fhycs.unam.edu.ar\/portada\/wp-json\/wp\/v2\/pages"}],"about":[{"href":"https:\/\/www.fhycs.unam.edu.ar\/portada\/wp-json\/wp\/v2\/types\/page"}],"author":[{"embeddable":true,"href":"https:\/\/www.fhycs.unam.edu.ar\/portada\/wp-json\/wp\/v2\/users\/1"}],"replies":[{"embeddable":true,"href":"https:\/\/www.fhycs.unam.edu.ar\/portada\/wp-json\/wp\/v2\/comments?post=939"}],"version-history":[{"count":55,"href":"https:\/\/www.fhycs.unam.edu.ar\/portada\/wp-json\/wp\/v2\/pages\/939\/revisions"}],"predecessor-version":[{"id":1808,"href":"https:\/\/www.fhycs.unam.edu.ar\/portada\/wp-json\/wp\/v2\/pages\/939\/revisions\/1808"}],"wp:attachment":[{"href":"https:\/\/www.fhycs.unam.edu.ar\/portada\/wp-json\/wp\/v2\/media?parent=939"}],"curies":[{"name":"wp","href":"https:\/\/api.w.org\/{rel}","templated":true}]}}